{"id":1836,"date":"2024-07-03T11:29:01","date_gmt":"2024-07-03T11:29:01","guid":{"rendered":"https:\/\/remosa.es\/?post_type=product&#038;p=1836"},"modified":"2026-02-26T12:23:39","modified_gmt":"2026-02-26T12:23:39","slug":"cantonera-sate-pvc-malla-fibra-vidrio","status":"publish","type":"product","link":"https:\/\/remosa.es\/ca\/product\/cantonera-sate-pvc-malla-fibra-vidrio\/","title":{"rendered":"Cantonera SATE PVC + malla fibra vidrio"},"content":{"rendered":"<p>Cantonera SATE PVC + malla fibra vidrio<\/p>\n<p>Perfiles angulares, guardavivos o conocidos tambi\u00e9n como cantoneras, especiales para el Sistema de Aislamiento T\u00e9rmico exterior con placas<\/p>\n<p>En cuanto a materiales pueden ver la gama disponible en las diversas opciones como Aluminio, Aluminio + malla fibra vidrio y PVC + malla fibra vidrio<\/p>\n<p>Tambi\u00e9n disponemos de los modelos pre-cortado para la confecci\u00f3n de curvas o arcos, as\u00ed como un modelo presentado en 1 \u00fanica tira de 25 o 50 ml enrollado en plano, que permite adaptarse a cualquier medida de \u00e1ngulo.<\/p>\n<p>Adem\u00e1s de las esquinas, en la zona de ventanas, tambi\u00e9n se colocan estos esquineros de PVC en combinaci\u00f3n con otros perfiles como pueden ser los modelos de\u00a0<strong>goter\u00f3n<\/strong>,\u00a0<strong>l\u00edmite<\/strong>\u00a0y\u00a0<strong>marco ventana<\/strong><\/p>\n<h4><span style=\"color: #800000;\"><strong><a style=\"color: #800000;\" href=\"https:\/\/youtu.be\/d1EPI70M4og\" target=\"_blank\" rel=\"noopener\">Video Cantonera SATE Protektor<\/a><\/strong><\/span><\/h4>\n<p>&nbsp;<\/p>","protected":false},"excerpt":{"rendered":"<p><strong>Cantonera SATE PVC + malla fibra vidrio<\/strong><\/p>\n<p>Protege las aristas del sistema SATE ayudando\u00a0 as\u00ed a formar cantos perfectos.<\/p>\n<p>Disponible para angulos rectos, angulos variables, formaci\u00f3n de arcos\/curvas.<\/p>\n<p>Tambien con canto arista\u00a0<span style=\"color: #0000ff;\"><a style=\"color: #0000ff;\" href=\"https:\/\/remosa.es\/ca\/product\/cantonera-arista-oculta-para-sate-en-pvc-malla\/\" target=\"_blank\" rel=\"noopener\">Cantonera SATE Arista<\/a><\/span>\u00a0 o en aluminio\u00a0<span style=\"color: #0000ff;\"><a style=\"color: #0000ff;\" href=\"https:\/\/remosa.es\/ca\/product\/cantoneras-alumino-sate\/\" target=\"_blank\" rel=\"noopener\">Cantonera SATE Aluminio<\/a><\/span><\/p>","protected":false},"featured_media":2025,"comment_status":"open","ping_status":"closed","template":"","meta":[],"product_cat":[122,124,315,232],"product_tag":[],"class_list":{"0":"post-1836","1":"product","2":"type-product","3":"status-publish","4":"has-post-thumbnail","6":"product_cat-aislamiento","7":"product_cat-perfiles-sate","8":"product_cat-esquineros","9":"product_cat-perfileria","11":"first","12":"instock","13":"shipping-taxable","14":"purchasable","15":"product-type-variable"},"yoast_head":"<!-- This site is optimized with the Yoast SEO Premium plugin v22.7 (Yoast SEO v22.8) - https:\/\/yoast.com\/wordpress\/plugins\/seo\/ -->\n<title>Cantonera SATE PVC + malla fibra vidrio - Remosa<\/title>\n<meta name=\"description\" content=\"Esquinero - Cantonera SATE PVC + malla fibra vidrio. Disponible tambien para angulos variables y para formaci\u00f3n de arcos\/curvas.\" \/>\n<meta name=\"robots\" content=\"index, follow, max-snippet:-1, max-image-preview:large, max-video-preview:-1\" \/>\n<link rel=\"canonical\" href=\"https:\/\/remosa.es\/ca\/product\/cantonera-sate-pvc-malla-fibra-vidrio\/\" \/>\n<meta property=\"og:locale\" content=\"ca_ES\" \/>\n<meta property=\"og:type\" content=\"article\" \/>\n<meta property=\"og:title\" content=\"Cantonera SATE PVC + malla fibra vidrio\" \/>\n<meta property=\"og:description\" content=\"Esquinero - Cantonera SATE PVC + malla fibra vidrio. Disponible tambien para angulos variables y para formaci\u00f3n de arcos\/curvas.\" \/>\n<meta property=\"og:url\" content=\"https:\/\/remosa.es\/ca\/product\/cantonera-sate-pvc-malla-fibra-vidrio\/\" \/>\n<meta property=\"og:site_name\" content=\"Remosa\" \/>\n<meta property=\"article:modified_time\" content=\"2026-02-26T12:23:39+00:00\" \/>\n<meta property=\"og:image\" content=\"https:\/\/remosa.es\/wp-content\/uploads\/2025\/02\/ais115-2025.jpg\" \/>\n\t<meta property=\"og:image:width\" content=\"924\" \/>\n\t<meta property=\"og:image:height\" content=\"924\" \/>\n\t<meta property=\"og:image:type\" content=\"image\/jpeg\" \/>\n<meta name=\"twitter:card\" content=\"summary_large_image\" \/>\n<meta name=\"twitter:label1\" content=\"Temps estimat de lectura\" \/>\n\t<meta name=\"twitter:data1\" content=\"1 minut\" \/>\n<script type=\"application\/ld+json\" class=\"yoast-schema-graph\">{\"@context\":\"https:\/\/schema.org\",\"@graph\":[{\"@type\":\"WebPage\",\"@id\":\"https:\/\/remosa.es\/producto\/cantonera-sate-pvc-malla-fibra-vidrio\/\",\"url\":\"https:\/\/remosa.es\/producto\/cantonera-sate-pvc-malla-fibra-vidrio\/\",\"name\":\"Cantonera SATE PVC + malla fibra vidrio - Remosa\",\"isPartOf\":{\"@id\":\"https:\/\/remosa.es\/#website\"},\"primaryImageOfPage\":{\"@id\":\"https:\/\/remosa.es\/producto\/cantonera-sate-pvc-malla-fibra-vidrio\/#primaryimage\"},\"image\":{\"@id\":\"https:\/\/remosa.es\/producto\/cantonera-sate-pvc-malla-fibra-vidrio\/#primaryimage\"},\"thumbnailUrl\":\"https:\/\/remosa.es\/wp-content\/uploads\/2025\/02\/ais115-2025.jpg\",\"datePublished\":\"2024-07-03T11:29:01+00:00\",\"dateModified\":\"2026-02-26T12:23:39+00:00\",\"description\":\"Esquinero - Cantonera SATE PVC + malla fibra vidrio. Disponible tambien para angulos variables y para formaci\u00f3n de arcos\/curvas.\",\"breadcrumb\":{\"@id\":\"https:\/\/remosa.es\/producto\/cantonera-sate-pvc-malla-fibra-vidrio\/#breadcrumb\"},\"inLanguage\":\"ca\",\"potentialAction\":[{\"@type\":\"ReadAction\",\"target\":[\"https:\/\/remosa.es\/producto\/cantonera-sate-pvc-malla-fibra-vidrio\/\"]}]},{\"@type\":\"ImageObject\",\"inLanguage\":\"ca\",\"@id\":\"https:\/\/remosa.es\/producto\/cantonera-sate-pvc-malla-fibra-vidrio\/#primaryimage\",\"url\":\"https:\/\/remosa.es\/wp-content\/uploads\/2025\/02\/ais115-2025.jpg\",\"contentUrl\":\"https:\/\/remosa.es\/wp-content\/uploads\/2025\/02\/ais115-2025.jpg\",\"width\":924,\"height\":924},{\"@type\":\"BreadcrumbList\",\"@id\":\"https:\/\/remosa.es\/producto\/cantonera-sate-pvc-malla-fibra-vidrio\/#breadcrumb\",\"itemListElement\":[{\"@type\":\"ListItem\",\"position\":1,\"name\":\"Portada\",\"item\":\"https:\/\/remosa.es\/\"},{\"@type\":\"ListItem\",\"position\":2,\"name\":\"Productos\",\"item\":\"https:\/\/remosa.es\/productos\/\"},{\"@type\":\"ListItem\",\"position\":3,\"name\":\"Cantonera SATE PVC + malla fibra vidrio\"}]},{\"@type\":\"WebSite\",\"@id\":\"https:\/\/remosa.es\/#website\",\"url\":\"https:\/\/remosa.es\/\",\"name\":\"Remosa\",\"description\":\"Tu empresa de material de construcci\u00f3n\",\"publisher\":{\"@id\":\"https:\/\/remosa.es\/#organization\"},\"potentialAction\":[{\"@type\":\"SearchAction\",\"target\":{\"@type\":\"EntryPoint\",\"urlTemplate\":\"https:\/\/remosa.es\/?s={search_term_string}\"},\"query-input\":\"required name=search_term_string\"}],\"inLanguage\":\"ca\"},{\"@type\":\"Organization\",\"@id\":\"https:\/\/remosa.es\/#organization\",\"name\":\"Remosa\",\"url\":\"https:\/\/remosa.es\/\",\"logo\":{\"@type\":\"ImageObject\",\"inLanguage\":\"ca\",\"@id\":\"https:\/\/remosa.es\/#\/schema\/logo\/image\/\",\"url\":\"https:\/\/remosa.es\/wp-content\/uploads\/2023\/12\/cropped-remosa-logo-trans-1.png\",\"contentUrl\":\"https:\/\/remosa.es\/wp-content\/uploads\/2023\/12\/cropped-remosa-logo-trans-1.png\",\"width\":209,\"height\":88,\"caption\":\"Remosa\"},\"image\":{\"@id\":\"https:\/\/remosa.es\/#\/schema\/logo\/image\/\"}}]}<\/script>\n<!-- \/ Yoast SEO Premium plugin. -->","yoast_head_json":{"title":"Cantonera SATE PVC + malla fibra vidrio - Remosa","description":"Esquinero - Cantonera SATE PVC + malla fibra vidrio. Disponible tambien para angulos variables y para formaci\u00f3n de arcos\/curvas.","robots":{"index":"index","follow":"follow","max-snippet":"max-snippet:-1","max-image-preview":"max-image-preview:large","max-video-preview":"max-video-preview:-1"},"canonical":"https:\/\/remosa.es\/ca\/product\/cantonera-sate-pvc-malla-fibra-vidrio\/","og_locale":"ca_ES","og_type":"article","og_title":"Cantonera SATE PVC + malla fibra vidrio","og_description":"Esquinero - Cantonera SATE PVC + malla fibra vidrio. Disponible tambien para angulos variables y para formaci\u00f3n de arcos\/curvas.","og_url":"https:\/\/remosa.es\/ca\/product\/cantonera-sate-pvc-malla-fibra-vidrio\/","og_site_name":"Remosa","article_modified_time":"2026-02-26T12:23:39+00:00","og_image":[{"width":924,"height":924,"url":"https:\/\/remosa.es\/wp-content\/uploads\/2025\/02\/ais115-2025.jpg","type":"image\/jpeg"}],"twitter_card":"summary_large_image","twitter_misc":{"Temps estimat de lectura":"1 minut"},"schema":{"@context":"https:\/\/schema.org","@graph":[{"@type":"WebPage","@id":"https:\/\/remosa.es\/producto\/cantonera-sate-pvc-malla-fibra-vidrio\/","url":"https:\/\/remosa.es\/producto\/cantonera-sate-pvc-malla-fibra-vidrio\/","name":"Cantonera SATE PVC + malla fibra vidrio - Remosa","isPartOf":{"@id":"https:\/\/remosa.es\/#website"},"primaryImageOfPage":{"@id":"https:\/\/remosa.es\/producto\/cantonera-sate-pvc-malla-fibra-vidrio\/#primaryimage"},"image":{"@id":"https:\/\/remosa.es\/producto\/cantonera-sate-pvc-malla-fibra-vidrio\/#primaryimage"},"thumbnailUrl":"https:\/\/remosa.es\/wp-content\/uploads\/2025\/02\/ais115-2025.jpg","datePublished":"2024-07-03T11:29:01+00:00","dateModified":"2026-02-26T12:23:39+00:00","description":"Esquinero - Cantonera SATE PVC + malla fibra vidrio. Disponible tambien para angulos variables y para formaci\u00f3n de arcos\/curvas.","breadcrumb":{"@id":"https:\/\/remosa.es\/producto\/cantonera-sate-pvc-malla-fibra-vidrio\/#breadcrumb"},"inLanguage":"ca","potentialAction":[{"@type":"ReadAction","target":["https:\/\/remosa.es\/producto\/cantonera-sate-pvc-malla-fibra-vidrio\/"]}]},{"@type":"ImageObject","inLanguage":"ca","@id":"https:\/\/remosa.es\/producto\/cantonera-sate-pvc-malla-fibra-vidrio\/#primaryimage","url":"https:\/\/remosa.es\/wp-content\/uploads\/2025\/02\/ais115-2025.jpg","contentUrl":"https:\/\/remosa.es\/wp-content\/uploads\/2025\/02\/ais115-2025.jpg","width":924,"height":924},{"@type":"BreadcrumbList","@id":"https:\/\/remosa.es\/producto\/cantonera-sate-pvc-malla-fibra-vidrio\/#breadcrumb","itemListElement":[{"@type":"ListItem","position":1,"name":"Portada","item":"https:\/\/remosa.es\/"},{"@type":"ListItem","position":2,"name":"Productos","item":"https:\/\/remosa.es\/productos\/"},{"@type":"ListItem","position":3,"name":"Cantonera SATE PVC + malla fibra vidrio"}]},{"@type":"WebSite","@id":"https:\/\/remosa.es\/#website","url":"https:\/\/remosa.es\/","name":"Remosa","description":"Tu empresa de material de construcci\u00f3n","publisher":{"@id":"https:\/\/remosa.es\/#organization"},"potentialAction":[{"@type":"SearchAction","target":{"@type":"EntryPoint","urlTemplate":"https:\/\/remosa.es\/?s={search_term_string}"},"query-input":"required name=search_term_string"}],"inLanguage":"ca"},{"@type":"Organization","@id":"https:\/\/remosa.es\/#organization","name":"Remosa","url":"https:\/\/remosa.es\/","logo":{"@type":"ImageObject","inLanguage":"ca","@id":"https:\/\/remosa.es\/#\/schema\/logo\/image\/","url":"https:\/\/remosa.es\/wp-content\/uploads\/2023\/12\/cropped-remosa-logo-trans-1.png","contentUrl":"https:\/\/remosa.es\/wp-content\/uploads\/2023\/12\/cropped-remosa-logo-trans-1.png","width":209,"height":88,"caption":"Remosa"},"image":{"@id":"https:\/\/remosa.es\/#\/schema\/logo\/image\/"}}]}},"_links":{"self":[{"href":"https:\/\/remosa.es\/ca\/wp-json\/wp\/v2\/product\/1836","targetHints":{"allow":["GET"]}}],"collection":[{"href":"https:\/\/remosa.es\/ca\/wp-json\/wp\/v2\/product"}],"about":[{"href":"https:\/\/remosa.es\/ca\/wp-json\/wp\/v2\/types\/product"}],"replies":[{"embeddable":true,"href":"https:\/\/remosa.es\/ca\/wp-json\/wp\/v2\/comments?post=1836"}],"version-history":[{"count":8,"href":"https:\/\/remosa.es\/ca\/wp-json\/wp\/v2\/product\/1836\/revisions"}],"predecessor-version":[{"id":2105,"href":"https:\/\/remosa.es\/ca\/wp-json\/wp\/v2\/product\/1836\/revisions\/2105"}],"wp:featuredmedia":[{"embeddable":true,"href":"https:\/\/remosa.es\/ca\/wp-json\/wp\/v2\/media\/2025"}],"wp:attachment":[{"href":"https:\/\/remosa.es\/ca\/wp-json\/wp\/v2\/media?parent=1836"}],"wp:term":[{"taxonomy":"product_cat","embeddable":true,"href":"https:\/\/remosa.es\/ca\/wp-json\/wp\/v2\/product_cat?post=1836"},{"taxonomy":"product_tag","embeddable":true,"href":"https:\/\/remosa.es\/ca\/wp-json\/wp\/v2\/product_tag?post=1836"}],"curies":[{"name":"wp","href":"https:\/\/api.w.org\/{rel}","templated":true}]}}