{"id":1863,"date":"2024-07-04T10:54:49","date_gmt":"2024-07-04T10:54:49","guid":{"rendered":"https:\/\/remosa.es\/?post_type=product&#038;p=1863"},"modified":"2026-02-26T12:23:22","modified_gmt":"2026-02-26T12:23:22","slug":"perfil-esquina-arco-sate-pvc-malla","status":"publish","type":"product","link":"https:\/\/remosa.es\/ca\/product\/perfil-esquina-arco-sate-pvc-malla\/","title":{"rendered":"Perfil esquina ARCO SATE pvc + malla"},"content":{"rendered":"<h5>Perfil esquina ARCO SATE pvc + malla<\/h5>\n<p>Perfiles angulares, guardavivos o conocidos tambi\u00e9n como cantoneras, especiales para el Sistema de Aislamiento T\u00e9rmico exterior con placas<\/p>\n<p>En cuanto a materiales pueden ver la gama disponible en las diversas opciones como Aluminio, Aluminio + malla fibra vidrio y PVC + malla fibra vidrio<\/p>\n<p>Esta cantonera se presenta <span style=\"color: #0000ff;\">pre-cortada<\/span> para la confecci\u00f3n de curvas o arcos<\/p>\n<p>Adem\u00e1s de las esquinas, en la zona de ventanas, tambi\u00e9n se colocan estos esquineros de PVC en combinaci\u00f3n con otros perfiles como pueden ser los modelos de\u00a0<strong>goter\u00f3n<\/strong>,\u00a0<strong>l\u00edmite<\/strong>\u00a0y\u00a0<strong>marco ventana<\/strong><\/p>\n<h4><span style=\"color: #800000;\"><strong><a style=\"color: #800000;\" href=\"https:\/\/youtu.be\/d1EPI70M4og\" target=\"_blank\" rel=\"noopener\">Video Cantonera SATE Protektor<\/a><\/strong><\/span><\/h4>","protected":false},"excerpt":{"rendered":"<h5>Perfil esquina ARCO SATE pvc + malla<\/h5>\n<p>Protege las aristas del sistema SATE ayudando\u00a0 as\u00ed a formar cantos perfectos en arcos o curvas.<\/p>\n<p>Tambien con canto arista\u00a0<span style=\"color: #0000ff;\"><a style=\"color: #0000ff;\" href=\"https:\/\/remosa.es\/ca\/product\/cantonera-arista-oculta-para-sate-en-pvc-malla\/\" target=\"_blank\" rel=\"noopener\">Cantonera SATE Arista<\/a><\/span>\u00a0 o en aluminio\u00a0<span style=\"color: #0000ff;\"><a style=\"color: #0000ff;\" href=\"https:\/\/remosa.es\/ca\/product\/cantoneras-alumino-sate\/\" target=\"_blank\" rel=\"noopener\">Cantonera SATE Aluminio<\/a><\/span><\/p>\n<p>&nbsp;<\/p>","protected":false},"featured_media":884,"comment_status":"open","ping_status":"closed","template":"","meta":[],"product_cat":[122,124,315,232],"product_tag":[],"class_list":{"0":"post-1863","1":"product","2":"type-product","3":"status-publish","4":"has-post-thumbnail","6":"product_cat-aislamiento","7":"product_cat-perfiles-sate","8":"product_cat-esquineros","9":"product_cat-perfileria","11":"first","12":"instock","13":"shipping-taxable","14":"purchasable","15":"product-type-variable"},"yoast_head":"<!-- This site is optimized with the Yoast SEO Premium plugin v22.7 (Yoast SEO v22.8) - https:\/\/yoast.com\/wordpress\/plugins\/seo\/ -->\n<title>Perfil esquina ARCO SATE pvc + malla - Remosa<\/title>\n<meta name=\"description\" content=\"Perfil esquina ARCO SATE pvc + malla. Una de las alas se presenta pre-cortada para la formaci\u00f3n de arcos en Sistemas de Aislamiento T\u00e9rmico Exterior\" \/>\n<meta name=\"robots\" content=\"index, follow, max-snippet:-1, max-image-preview:large, max-video-preview:-1\" \/>\n<link rel=\"canonical\" href=\"https:\/\/remosa.es\/ca\/product\/perfil-esquina-arco-sate-pvc-malla\/\" \/>\n<meta property=\"og:locale\" content=\"ca_ES\" \/>\n<meta property=\"og:type\" content=\"article\" \/>\n<meta property=\"og:title\" content=\"Perfil esquina ARCO SATE pvc + malla\" \/>\n<meta property=\"og:description\" content=\"Perfil esquina ARCO SATE pvc + malla. Una de las alas se presenta pre-cortada para la formaci\u00f3n de arcos en Sistemas de Aislamiento T\u00e9rmico Exterior\" \/>\n<meta property=\"og:url\" content=\"https:\/\/remosa.es\/ca\/product\/perfil-esquina-arco-sate-pvc-malla\/\" \/>\n<meta property=\"og:site_name\" content=\"Remosa\" \/>\n<meta property=\"article:modified_time\" content=\"2026-02-26T12:23:22+00:00\" \/>\n<meta property=\"og:image\" content=\"https:\/\/remosa.es\/wp-content\/uploads\/2024\/03\/AIS229.jpg\" \/>\n\t<meta property=\"og:image:width\" content=\"443\" \/>\n\t<meta property=\"og:image:height\" content=\"652\" \/>\n\t<meta property=\"og:image:type\" content=\"image\/jpeg\" \/>\n<meta name=\"twitter:card\" content=\"summary_large_image\" \/>\n<meta name=\"twitter:label1\" content=\"Temps estimat de lectura\" \/>\n\t<meta name=\"twitter:data1\" content=\"1 minut\" \/>\n<script type=\"application\/ld+json\" class=\"yoast-schema-graph\">{\"@context\":\"https:\/\/schema.org\",\"@graph\":[{\"@type\":\"WebPage\",\"@id\":\"https:\/\/remosa.es\/producto\/perfil-esquina-arco-sate-pvc-malla\/\",\"url\":\"https:\/\/remosa.es\/producto\/perfil-esquina-arco-sate-pvc-malla\/\",\"name\":\"Perfil esquina ARCO SATE pvc + malla - Remosa\",\"isPartOf\":{\"@id\":\"https:\/\/remosa.es\/#website\"},\"primaryImageOfPage\":{\"@id\":\"https:\/\/remosa.es\/producto\/perfil-esquina-arco-sate-pvc-malla\/#primaryimage\"},\"image\":{\"@id\":\"https:\/\/remosa.es\/producto\/perfil-esquina-arco-sate-pvc-malla\/#primaryimage\"},\"thumbnailUrl\":\"https:\/\/remosa.es\/wp-content\/uploads\/2024\/03\/AIS229.jpg\",\"datePublished\":\"2024-07-04T10:54:49+00:00\",\"dateModified\":\"2026-02-26T12:23:22+00:00\",\"description\":\"Perfil esquina ARCO SATE pvc + malla. Una de las alas se presenta pre-cortada para la formaci\u00f3n de arcos en Sistemas de Aislamiento T\u00e9rmico Exterior\",\"breadcrumb\":{\"@id\":\"https:\/\/remosa.es\/producto\/perfil-esquina-arco-sate-pvc-malla\/#breadcrumb\"},\"inLanguage\":\"ca\",\"potentialAction\":[{\"@type\":\"ReadAction\",\"target\":[\"https:\/\/remosa.es\/producto\/perfil-esquina-arco-sate-pvc-malla\/\"]}]},{\"@type\":\"ImageObject\",\"inLanguage\":\"ca\",\"@id\":\"https:\/\/remosa.es\/producto\/perfil-esquina-arco-sate-pvc-malla\/#primaryimage\",\"url\":\"https:\/\/remosa.es\/wp-content\/uploads\/2024\/03\/AIS229.jpg\",\"contentUrl\":\"https:\/\/remosa.es\/wp-content\/uploads\/2024\/03\/AIS229.jpg\",\"width\":443,\"height\":652,\"caption\":\"Cantonera SATE PVC + malla\"},{\"@type\":\"BreadcrumbList\",\"@id\":\"https:\/\/remosa.es\/producto\/perfil-esquina-arco-sate-pvc-malla\/#breadcrumb\",\"itemListElement\":[{\"@type\":\"ListItem\",\"position\":1,\"name\":\"Portada\",\"item\":\"https:\/\/remosa.es\/\"},{\"@type\":\"ListItem\",\"position\":2,\"name\":\"Productos\",\"item\":\"https:\/\/remosa.es\/productos\/\"},{\"@type\":\"ListItem\",\"position\":3,\"name\":\"Perfil esquina ARCO SATE pvc + malla\"}]},{\"@type\":\"WebSite\",\"@id\":\"https:\/\/remosa.es\/#website\",\"url\":\"https:\/\/remosa.es\/\",\"name\":\"Remosa\",\"description\":\"Tu empresa de material de construcci\u00f3n\",\"publisher\":{\"@id\":\"https:\/\/remosa.es\/#organization\"},\"potentialAction\":[{\"@type\":\"SearchAction\",\"target\":{\"@type\":\"EntryPoint\",\"urlTemplate\":\"https:\/\/remosa.es\/?s={search_term_string}\"},\"query-input\":\"required name=search_term_string\"}],\"inLanguage\":\"ca\"},{\"@type\":\"Organization\",\"@id\":\"https:\/\/remosa.es\/#organization\",\"name\":\"Remosa\",\"url\":\"https:\/\/remosa.es\/\",\"logo\":{\"@type\":\"ImageObject\",\"inLanguage\":\"ca\",\"@id\":\"https:\/\/remosa.es\/#\/schema\/logo\/image\/\",\"url\":\"https:\/\/remosa.es\/wp-content\/uploads\/2023\/12\/cropped-remosa-logo-trans-1.png\",\"contentUrl\":\"https:\/\/remosa.es\/wp-content\/uploads\/2023\/12\/cropped-remosa-logo-trans-1.png\",\"width\":209,\"height\":88,\"caption\":\"Remosa\"},\"image\":{\"@id\":\"https:\/\/remosa.es\/#\/schema\/logo\/image\/\"}}]}<\/script>\n<!-- \/ Yoast SEO Premium plugin. -->","yoast_head_json":{"title":"Perfil esquina ARCO SATE pvc + malla - Remosa","description":"Perfil esquina ARCO SATE pvc + malla. Una de las alas se presenta pre-cortada para la formaci\u00f3n de arcos en Sistemas de Aislamiento T\u00e9rmico Exterior","robots":{"index":"index","follow":"follow","max-snippet":"max-snippet:-1","max-image-preview":"max-image-preview:large","max-video-preview":"max-video-preview:-1"},"canonical":"https:\/\/remosa.es\/ca\/product\/perfil-esquina-arco-sate-pvc-malla\/","og_locale":"ca_ES","og_type":"article","og_title":"Perfil esquina ARCO SATE pvc + malla","og_description":"Perfil esquina ARCO SATE pvc + malla. Una de las alas se presenta pre-cortada para la formaci\u00f3n de arcos en Sistemas de Aislamiento T\u00e9rmico Exterior","og_url":"https:\/\/remosa.es\/ca\/product\/perfil-esquina-arco-sate-pvc-malla\/","og_site_name":"Remosa","article_modified_time":"2026-02-26T12:23:22+00:00","og_image":[{"width":443,"height":652,"url":"https:\/\/remosa.es\/wp-content\/uploads\/2024\/03\/AIS229.jpg","type":"image\/jpeg"}],"twitter_card":"summary_large_image","twitter_misc":{"Temps estimat de lectura":"1 minut"},"schema":{"@context":"https:\/\/schema.org","@graph":[{"@type":"WebPage","@id":"https:\/\/remosa.es\/producto\/perfil-esquina-arco-sate-pvc-malla\/","url":"https:\/\/remosa.es\/producto\/perfil-esquina-arco-sate-pvc-malla\/","name":"Perfil esquina ARCO SATE pvc + malla - Remosa","isPartOf":{"@id":"https:\/\/remosa.es\/#website"},"primaryImageOfPage":{"@id":"https:\/\/remosa.es\/producto\/perfil-esquina-arco-sate-pvc-malla\/#primaryimage"},"image":{"@id":"https:\/\/remosa.es\/producto\/perfil-esquina-arco-sate-pvc-malla\/#primaryimage"},"thumbnailUrl":"https:\/\/remosa.es\/wp-content\/uploads\/2024\/03\/AIS229.jpg","datePublished":"2024-07-04T10:54:49+00:00","dateModified":"2026-02-26T12:23:22+00:00","description":"Perfil esquina ARCO SATE pvc + malla. Una de las alas se presenta pre-cortada para la formaci\u00f3n de arcos en Sistemas de Aislamiento T\u00e9rmico Exterior","breadcrumb":{"@id":"https:\/\/remosa.es\/producto\/perfil-esquina-arco-sate-pvc-malla\/#breadcrumb"},"inLanguage":"ca","potentialAction":[{"@type":"ReadAction","target":["https:\/\/remosa.es\/producto\/perfil-esquina-arco-sate-pvc-malla\/"]}]},{"@type":"ImageObject","inLanguage":"ca","@id":"https:\/\/remosa.es\/producto\/perfil-esquina-arco-sate-pvc-malla\/#primaryimage","url":"https:\/\/remosa.es\/wp-content\/uploads\/2024\/03\/AIS229.jpg","contentUrl":"https:\/\/remosa.es\/wp-content\/uploads\/2024\/03\/AIS229.jpg","width":443,"height":652,"caption":"Cantonera SATE PVC + malla"},{"@type":"BreadcrumbList","@id":"https:\/\/remosa.es\/producto\/perfil-esquina-arco-sate-pvc-malla\/#breadcrumb","itemListElement":[{"@type":"ListItem","position":1,"name":"Portada","item":"https:\/\/remosa.es\/"},{"@type":"ListItem","position":2,"name":"Productos","item":"https:\/\/remosa.es\/productos\/"},{"@type":"ListItem","position":3,"name":"Perfil esquina ARCO SATE pvc + malla"}]},{"@type":"WebSite","@id":"https:\/\/remosa.es\/#website","url":"https:\/\/remosa.es\/","name":"Remosa","description":"Tu empresa de material de construcci\u00f3n","publisher":{"@id":"https:\/\/remosa.es\/#organization"},"potentialAction":[{"@type":"SearchAction","target":{"@type":"EntryPoint","urlTemplate":"https:\/\/remosa.es\/?s={search_term_string}"},"query-input":"required name=search_term_string"}],"inLanguage":"ca"},{"@type":"Organization","@id":"https:\/\/remosa.es\/#organization","name":"Remosa","url":"https:\/\/remosa.es\/","logo":{"@type":"ImageObject","inLanguage":"ca","@id":"https:\/\/remosa.es\/#\/schema\/logo\/image\/","url":"https:\/\/remosa.es\/wp-content\/uploads\/2023\/12\/cropped-remosa-logo-trans-1.png","contentUrl":"https:\/\/remosa.es\/wp-content\/uploads\/2023\/12\/cropped-remosa-logo-trans-1.png","width":209,"height":88,"caption":"Remosa"},"image":{"@id":"https:\/\/remosa.es\/#\/schema\/logo\/image\/"}}]}},"_links":{"self":[{"href":"https:\/\/remosa.es\/ca\/wp-json\/wp\/v2\/product\/1863","targetHints":{"allow":["GET"]}}],"collection":[{"href":"https:\/\/remosa.es\/ca\/wp-json\/wp\/v2\/product"}],"about":[{"href":"https:\/\/remosa.es\/ca\/wp-json\/wp\/v2\/types\/product"}],"replies":[{"embeddable":true,"href":"https:\/\/remosa.es\/ca\/wp-json\/wp\/v2\/comments?post=1863"}],"version-history":[{"count":3,"href":"https:\/\/remosa.es\/ca\/wp-json\/wp\/v2\/product\/1863\/revisions"}],"predecessor-version":[{"id":2107,"href":"https:\/\/remosa.es\/ca\/wp-json\/wp\/v2\/product\/1863\/revisions\/2107"}],"wp:featuredmedia":[{"embeddable":true,"href":"https:\/\/remosa.es\/ca\/wp-json\/wp\/v2\/media\/884"}],"wp:attachment":[{"href":"https:\/\/remosa.es\/ca\/wp-json\/wp\/v2\/media?parent=1863"}],"wp:term":[{"taxonomy":"product_cat","embeddable":true,"href":"https:\/\/remosa.es\/ca\/wp-json\/wp\/v2\/product_cat?post=1863"},{"taxonomy":"product_tag","embeddable":true,"href":"https:\/\/remosa.es\/ca\/wp-json\/wp\/v2\/product_tag?post=1863"}],"curies":[{"name":"wp","href":"https:\/\/api.w.org\/{rel}","templated":true}]}}