{"id":1961,"date":"2025-01-27T10:29:20","date_gmt":"2025-01-27T10:29:20","guid":{"rendered":"https:\/\/remosa.es\/?post_type=product&#038;p=1961"},"modified":"2026-04-17T09:49:47","modified_gmt":"2026-04-17T09:49:47","slug":"mallatex-75sp-malla-fibra-vidrio-impermeabilizacion","status":"publish","type":"product","link":"https:\/\/remosa.es\/ca\/product\/mallatex-75sp-malla-fibra-vidrio-impermeabilizacion\/","title":{"rendered":"Mallatex 75SP &#8211; Malla fibra vidrio impermeabilizaci\u00f3n"},"content":{"rendered":"<h5>Mallatex 75SP &#8211; Malla fibra vidrio impermeabilizaci\u00f3n<\/h5>\n<p><strong>MALLATEX\u00ae 75SP <\/strong>\u00a0 son las ideales para armar las pinturas de cubiertas, por su gran adaptaci\u00f3n.<\/p>\n<p>Malla en las que el apresto se le aplica por puntos, lo que le confiere a diferencia del resto de mallas, una gran adaptabilidad a las superficies donde se aplica, siendo especialmente indicada para la colocaci\u00f3n con pinturas el\u00e1sticas de cubiertas.<\/p>\n<p>Los modelos\u00a0<strong>MALLATEX\u00ae 29 P y MALLA 12P\u00a0<\/strong> se utilizan en aplicaciones de pinturas de pavimentos.<\/p>","protected":false},"excerpt":{"rendered":"<h5>Mallatex 75SP &#8211; Malla fibra vidrio impermeabilizaci\u00f3n<\/h5>\n<p>Ideales para armar las pinturas de cubiertas gracias a su gran adaptaci\u00f3n<\/p>","protected":false},"featured_media":2280,"comment_status":"open","ping_status":"closed","template":"","meta":[],"product_cat":[95,28,71],"product_tag":[275],"class_list":{"0":"post-1961","1":"product","2":"type-product","3":"status-publish","4":"has-post-thumbnail","6":"product_cat-cubierta","7":"product_cat-mallatex","8":"product_cat-impermeabilizacion-pintura","9":"product_tag-mallatex","11":"first","12":"instock","13":"shipping-taxable","14":"purchasable","15":"product-type-simple"},"yoast_head":"<!-- This site is optimized with the Yoast SEO Premium plugin v22.7 (Yoast SEO v22.8) - https:\/\/yoast.com\/wordpress\/plugins\/seo\/ -->\n<title>Mallatex 75SP - Malla fibra vidrio impermeabilizaci\u00f3n - Remosa<\/title>\n<meta name=\"description\" content=\"Mallatex 75SP - Malla fibra vidrio impermeabilizaci\u00f3n. Ideales para armar las pinturas de cubiertas, por su gran adaptaci\u00f3n.\" \/>\n<meta name=\"robots\" content=\"index, follow, max-snippet:-1, max-image-preview:large, max-video-preview:-1\" \/>\n<link rel=\"canonical\" href=\"https:\/\/remosa.es\/ca\/product\/mallatex-75sp-malla-fibra-vidrio-impermeabilizacion\/\" \/>\n<meta property=\"og:locale\" content=\"ca_ES\" \/>\n<meta property=\"og:type\" content=\"article\" \/>\n<meta property=\"og:title\" content=\"Mallatex 75SP - Malla fibra vidrio impermeabilizaci\u00f3n\" \/>\n<meta property=\"og:description\" content=\"Mallatex 75SP - Malla fibra vidrio impermeabilizaci\u00f3n. Ideales para armar las pinturas de cubiertas, por su gran adaptaci\u00f3n.\" \/>\n<meta property=\"og:url\" content=\"https:\/\/remosa.es\/ca\/product\/mallatex-75sp-malla-fibra-vidrio-impermeabilizacion\/\" \/>\n<meta property=\"og:site_name\" content=\"Remosa\" \/>\n<meta property=\"article:modified_time\" content=\"2026-04-17T09:49:47+00:00\" \/>\n<meta property=\"og:image\" content=\"https:\/\/remosa.es\/wp-content\/uploads\/2025\/01\/MA083-1.jpg\" \/>\n\t<meta property=\"og:image:width\" content=\"1200\" \/>\n\t<meta property=\"og:image:height\" content=\"1201\" \/>\n\t<meta property=\"og:image:type\" content=\"image\/jpeg\" \/>\n<meta name=\"twitter:card\" content=\"summary_large_image\" \/>\n<meta name=\"twitter:label1\" content=\"Temps estimat de lectura\" \/>\n\t<meta name=\"twitter:data1\" content=\"1 minut\" \/>\n<script type=\"application\/ld+json\" class=\"yoast-schema-graph\">{\"@context\":\"https:\/\/schema.org\",\"@graph\":[{\"@type\":\"WebPage\",\"@id\":\"https:\/\/remosa.es\/producto\/mallatex-75sp-malla-fibra-vidrio-impermeabilizacion\/\",\"url\":\"https:\/\/remosa.es\/producto\/mallatex-75sp-malla-fibra-vidrio-impermeabilizacion\/\",\"name\":\"Mallatex 75SP - Malla fibra vidrio impermeabilizaci\u00f3n - Remosa\",\"isPartOf\":{\"@id\":\"https:\/\/remosa.es\/#website\"},\"primaryImageOfPage\":{\"@id\":\"https:\/\/remosa.es\/producto\/mallatex-75sp-malla-fibra-vidrio-impermeabilizacion\/#primaryimage\"},\"image\":{\"@id\":\"https:\/\/remosa.es\/producto\/mallatex-75sp-malla-fibra-vidrio-impermeabilizacion\/#primaryimage\"},\"thumbnailUrl\":\"https:\/\/remosa.es\/wp-content\/uploads\/2025\/01\/MA083-1.jpg\",\"datePublished\":\"2025-01-27T10:29:20+00:00\",\"dateModified\":\"2026-04-17T09:49:47+00:00\",\"description\":\"Mallatex 75SP - Malla fibra vidrio impermeabilizaci\u00f3n. Ideales para armar las pinturas de cubiertas, por su gran adaptaci\u00f3n.\",\"breadcrumb\":{\"@id\":\"https:\/\/remosa.es\/producto\/mallatex-75sp-malla-fibra-vidrio-impermeabilizacion\/#breadcrumb\"},\"inLanguage\":\"ca\",\"potentialAction\":[{\"@type\":\"ReadAction\",\"target\":[\"https:\/\/remosa.es\/producto\/mallatex-75sp-malla-fibra-vidrio-impermeabilizacion\/\"]}]},{\"@type\":\"ImageObject\",\"inLanguage\":\"ca\",\"@id\":\"https:\/\/remosa.es\/producto\/mallatex-75sp-malla-fibra-vidrio-impermeabilizacion\/#primaryimage\",\"url\":\"https:\/\/remosa.es\/wp-content\/uploads\/2025\/01\/MA083-1.jpg\",\"contentUrl\":\"https:\/\/remosa.es\/wp-content\/uploads\/2025\/01\/MA083-1.jpg\",\"width\":1200,\"height\":1201,\"caption\":\"MALLATEX 75SP\"},{\"@type\":\"BreadcrumbList\",\"@id\":\"https:\/\/remosa.es\/producto\/mallatex-75sp-malla-fibra-vidrio-impermeabilizacion\/#breadcrumb\",\"itemListElement\":[{\"@type\":\"ListItem\",\"position\":1,\"name\":\"Portada\",\"item\":\"https:\/\/remosa.es\/\"},{\"@type\":\"ListItem\",\"position\":2,\"name\":\"Productos\",\"item\":\"https:\/\/remosa.es\/productos\/\"},{\"@type\":\"ListItem\",\"position\":3,\"name\":\"Mallatex 75SP &#8211; Malla fibra vidrio impermeabilizaci\u00f3n\"}]},{\"@type\":\"WebSite\",\"@id\":\"https:\/\/remosa.es\/#website\",\"url\":\"https:\/\/remosa.es\/\",\"name\":\"Remosa\",\"description\":\"Tu empresa de material de construcci\u00f3n\",\"publisher\":{\"@id\":\"https:\/\/remosa.es\/#organization\"},\"potentialAction\":[{\"@type\":\"SearchAction\",\"target\":{\"@type\":\"EntryPoint\",\"urlTemplate\":\"https:\/\/remosa.es\/?s={search_term_string}\"},\"query-input\":\"required name=search_term_string\"}],\"inLanguage\":\"ca\"},{\"@type\":\"Organization\",\"@id\":\"https:\/\/remosa.es\/#organization\",\"name\":\"Remosa\",\"url\":\"https:\/\/remosa.es\/\",\"logo\":{\"@type\":\"ImageObject\",\"inLanguage\":\"ca\",\"@id\":\"https:\/\/remosa.es\/#\/schema\/logo\/image\/\",\"url\":\"https:\/\/remosa.es\/wp-content\/uploads\/2023\/12\/cropped-remosa-logo-trans-1.png\",\"contentUrl\":\"https:\/\/remosa.es\/wp-content\/uploads\/2023\/12\/cropped-remosa-logo-trans-1.png\",\"width\":209,\"height\":88,\"caption\":\"Remosa\"},\"image\":{\"@id\":\"https:\/\/remosa.es\/#\/schema\/logo\/image\/\"}}]}<\/script>\n<!-- \/ Yoast SEO Premium plugin. -->","yoast_head_json":{"title":"Mallatex 75SP - Malla fibra vidrio impermeabilizaci\u00f3n - Remosa","description":"Mallatex 75SP - Malla fibra vidrio impermeabilizaci\u00f3n. Ideales para armar las pinturas de cubiertas, por su gran adaptaci\u00f3n.","robots":{"index":"index","follow":"follow","max-snippet":"max-snippet:-1","max-image-preview":"max-image-preview:large","max-video-preview":"max-video-preview:-1"},"canonical":"https:\/\/remosa.es\/ca\/product\/mallatex-75sp-malla-fibra-vidrio-impermeabilizacion\/","og_locale":"ca_ES","og_type":"article","og_title":"Mallatex 75SP - Malla fibra vidrio impermeabilizaci\u00f3n","og_description":"Mallatex 75SP - Malla fibra vidrio impermeabilizaci\u00f3n. Ideales para armar las pinturas de cubiertas, por su gran adaptaci\u00f3n.","og_url":"https:\/\/remosa.es\/ca\/product\/mallatex-75sp-malla-fibra-vidrio-impermeabilizacion\/","og_site_name":"Remosa","article_modified_time":"2026-04-17T09:49:47+00:00","og_image":[{"width":1200,"height":1201,"url":"https:\/\/remosa.es\/wp-content\/uploads\/2025\/01\/MA083-1.jpg","type":"image\/jpeg"}],"twitter_card":"summary_large_image","twitter_misc":{"Temps estimat de lectura":"1 minut"},"schema":{"@context":"https:\/\/schema.org","@graph":[{"@type":"WebPage","@id":"https:\/\/remosa.es\/producto\/mallatex-75sp-malla-fibra-vidrio-impermeabilizacion\/","url":"https:\/\/remosa.es\/producto\/mallatex-75sp-malla-fibra-vidrio-impermeabilizacion\/","name":"Mallatex 75SP - Malla fibra vidrio impermeabilizaci\u00f3n - Remosa","isPartOf":{"@id":"https:\/\/remosa.es\/#website"},"primaryImageOfPage":{"@id":"https:\/\/remosa.es\/producto\/mallatex-75sp-malla-fibra-vidrio-impermeabilizacion\/#primaryimage"},"image":{"@id":"https:\/\/remosa.es\/producto\/mallatex-75sp-malla-fibra-vidrio-impermeabilizacion\/#primaryimage"},"thumbnailUrl":"https:\/\/remosa.es\/wp-content\/uploads\/2025\/01\/MA083-1.jpg","datePublished":"2025-01-27T10:29:20+00:00","dateModified":"2026-04-17T09:49:47+00:00","description":"Mallatex 75SP - Malla fibra vidrio impermeabilizaci\u00f3n. Ideales para armar las pinturas de cubiertas, por su gran adaptaci\u00f3n.","breadcrumb":{"@id":"https:\/\/remosa.es\/producto\/mallatex-75sp-malla-fibra-vidrio-impermeabilizacion\/#breadcrumb"},"inLanguage":"ca","potentialAction":[{"@type":"ReadAction","target":["https:\/\/remosa.es\/producto\/mallatex-75sp-malla-fibra-vidrio-impermeabilizacion\/"]}]},{"@type":"ImageObject","inLanguage":"ca","@id":"https:\/\/remosa.es\/producto\/mallatex-75sp-malla-fibra-vidrio-impermeabilizacion\/#primaryimage","url":"https:\/\/remosa.es\/wp-content\/uploads\/2025\/01\/MA083-1.jpg","contentUrl":"https:\/\/remosa.es\/wp-content\/uploads\/2025\/01\/MA083-1.jpg","width":1200,"height":1201,"caption":"MALLATEX 75SP"},{"@type":"BreadcrumbList","@id":"https:\/\/remosa.es\/producto\/mallatex-75sp-malla-fibra-vidrio-impermeabilizacion\/#breadcrumb","itemListElement":[{"@type":"ListItem","position":1,"name":"Portada","item":"https:\/\/remosa.es\/"},{"@type":"ListItem","position":2,"name":"Productos","item":"https:\/\/remosa.es\/productos\/"},{"@type":"ListItem","position":3,"name":"Mallatex 75SP &#8211; Malla fibra vidrio impermeabilizaci\u00f3n"}]},{"@type":"WebSite","@id":"https:\/\/remosa.es\/#website","url":"https:\/\/remosa.es\/","name":"Remosa","description":"Tu empresa de material de construcci\u00f3n","publisher":{"@id":"https:\/\/remosa.es\/#organization"},"potentialAction":[{"@type":"SearchAction","target":{"@type":"EntryPoint","urlTemplate":"https:\/\/remosa.es\/?s={search_term_string}"},"query-input":"required name=search_term_string"}],"inLanguage":"ca"},{"@type":"Organization","@id":"https:\/\/remosa.es\/#organization","name":"Remosa","url":"https:\/\/remosa.es\/","logo":{"@type":"ImageObject","inLanguage":"ca","@id":"https:\/\/remosa.es\/#\/schema\/logo\/image\/","url":"https:\/\/remosa.es\/wp-content\/uploads\/2023\/12\/cropped-remosa-logo-trans-1.png","contentUrl":"https:\/\/remosa.es\/wp-content\/uploads\/2023\/12\/cropped-remosa-logo-trans-1.png","width":209,"height":88,"caption":"Remosa"},"image":{"@id":"https:\/\/remosa.es\/#\/schema\/logo\/image\/"}}]}},"_links":{"self":[{"href":"https:\/\/remosa.es\/ca\/wp-json\/wp\/v2\/product\/1961","targetHints":{"allow":["GET"]}}],"collection":[{"href":"https:\/\/remosa.es\/ca\/wp-json\/wp\/v2\/product"}],"about":[{"href":"https:\/\/remosa.es\/ca\/wp-json\/wp\/v2\/types\/product"}],"replies":[{"embeddable":true,"href":"https:\/\/remosa.es\/ca\/wp-json\/wp\/v2\/comments?post=1961"}],"version-history":[{"count":3,"href":"https:\/\/remosa.es\/ca\/wp-json\/wp\/v2\/product\/1961\/revisions"}],"predecessor-version":[{"id":2180,"href":"https:\/\/remosa.es\/ca\/wp-json\/wp\/v2\/product\/1961\/revisions\/2180"}],"wp:featuredmedia":[{"embeddable":true,"href":"https:\/\/remosa.es\/ca\/wp-json\/wp\/v2\/media\/2280"}],"wp:attachment":[{"href":"https:\/\/remosa.es\/ca\/wp-json\/wp\/v2\/media?parent=1961"}],"wp:term":[{"taxonomy":"product_cat","embeddable":true,"href":"https:\/\/remosa.es\/ca\/wp-json\/wp\/v2\/product_cat?post=1961"},{"taxonomy":"product_tag","embeddable":true,"href":"https:\/\/remosa.es\/ca\/wp-json\/wp\/v2\/product_tag?post=1961"}],"curies":[{"name":"wp","href":"https:\/\/api.w.org\/{rel}","templated":true}]}}