{"id":1966,"date":"2025-01-27T10:53:59","date_gmt":"2025-01-27T10:53:59","guid":{"rendered":"https:\/\/remosa.es\/?post_type=product&#038;p=1966"},"modified":"2026-04-17T09:45:07","modified_gmt":"2026-04-17T09:45:07","slug":"malla-de-fibra-de-vidrio-ar-para-pavimentos","status":"publish","type":"product","link":"https:\/\/remosa.es\/ca\/product\/malla-de-fibra-de-vidrio-ar-para-pavimentos\/","title":{"rendered":"Malla de fibra de vidrio AR para pavimentos"},"content":{"rendered":"<h5>Malla de fibra de vidrio AR para pavimentos<\/h5>\n<p>MALLATEX\u00ae AR La malla formada con fibras de vidrio AR, esta es una fibra especial tratada con Zirconio.<\/p>\n<p>Este tratamiento consigue que la fibra de vidrio sea resistente a los \u00e1lcalis por si sola, lo que la hace id\u00f3nea en los refuerzos de mortero y hormig\u00f3n.<\/p>\n<p>En comparaci\u00f3n con el resto de mallas de fibra de vidrio, esta gama \u201cAR\u201d mantiene sus caracter\u00edsticas de resistencia a pesar del tiempo y condiciones del soporte.<\/p>\n<p>Por lo general este tipo de malla se presenta con una luz de malla mayor a las habituales en mortero, para que sea m\u00e1s adecuada en aplicaciones de hormig\u00f3n.<\/p>\n<p>Las mallas fabricadas con fibras de vidrio \u201cAR\u201d no aportan mayores resistencias mec\u00e1nicas que sus equivalentes de fibras \u201cE\u201d. Esto es debido a que esta resistencia viene dada por la cantidad de fibra que forma el tejido, no por el tipo de fibra.<\/p>\n<p>Las mallas de fibra de vidrio AR ser\u00e1n es m\u00e1s resistentes a los \u00e1lcalis, en el tiempo, o dicho de otra manera, mantienen su resistencia m\u00e1s tiempo.<\/p>\n<p>En las fibras de vidrio tipo E y C(*), al migrar los recubrimientos pl\u00e1sticos que les protegen, acaban siendo atacadas por los \u00e1lcalis a consecuencia del paso del tiempo y por influencia de humedad, lo que ocasiona que la esta, vaya perdiendo sus resistencias mec\u00e1nicas.<\/p>\n<p>Nuestras mallas AR tambi\u00e9n reciben un recubrimiento pl\u00e1stico adicional, antialcalino, que adem\u00e1s de mayor protecci\u00f3n evitan que se desmallen en la aplicaci\u00f3n.<\/p>\n<p><strong>CARACTERISTICAS \u2013 VENTAJAS<\/strong><\/p>\n<p>En pavimentos, comparando las mallas de fibra de vidrio AR con la armadura met\u00e1lica o \u201cmallazo\u201d presenta grandes ventajas:<\/p>\n<ul>\n<li>Facilidad de manipulaci\u00f3n = ahorro en tiempo de colocaci\u00f3n<\/li>\n<li>Menor peso y dimensiones = Menor coste de transporte y mejor manipulaci\u00f3n.<\/li>\n<li>Posibilidad de grosores inferiores de pavimento<\/li>\n<li>No guarda memoria de forma<\/li>\n<li>Gran resistencia a la tracci\u00f3n<\/li>\n<li>Flexible, facilidad de corte<\/li>\n<li>No se oxida<\/li>\n<\/ul>","protected":false},"excerpt":{"rendered":"<p>Tambien se aplica en pavimentos, llegando a sustituir al mallazo en obras de rehabilitaci\u00f3n, por aportar resistencia sin a\u00f1adir apenas peso al forjado, as\u00ed como su comodidad de aplicaci\u00f3n y manipulaci\u00f3n.<\/p>\n<p>Disponemos de 2 modelos standad para suministro inmediato :<\/p>\n<p><strong>MALLATEX\u00ae<\/strong>\u00a0AR25\/220\u00a0 : 25 x 25 mm \u2013 220 g\/m2<\/p>\n<p><strong>MALLATEX\u00ae<\/strong>\u00a0AR37\/130\u00a0 : 37 x 34 mm \u2013 130 g\/m2<\/p>\n<p>Bajo pedido se pueden suministrar otros modelos, consultar.<\/p>","protected":false},"featured_media":1267,"comment_status":"open","ping_status":"closed","template":"","meta":[],"product_cat":[28,72],"product_tag":[274,284,275],"class_list":{"0":"post-1966","1":"product","2":"type-product","3":"status-publish","4":"has-post-thumbnail","6":"product_cat-mallatex","7":"product_cat-asfalto-pavimentos","8":"product_tag-malla-ar","9":"product_tag-malla-pavimento","10":"product_tag-mallatex","12":"first","13":"instock","14":"shipping-taxable","15":"purchasable","16":"product-type-variable"},"yoast_head":"<!-- This site is optimized with the Yoast SEO Premium plugin v22.7 (Yoast SEO v22.8) - https:\/\/yoast.com\/wordpress\/plugins\/seo\/ -->\n<title>Malla de fibra de vidrio AR para pavimentos - Remosa<\/title>\n<meta name=\"description\" content=\"Malla de fibra de vidrio AR para pavimentos. Este tratamiento consigue que la fibra de vidrio sea resistente a los \u00e1lcalis por si sola\" \/>\n<meta name=\"robots\" content=\"index, follow, max-snippet:-1, max-image-preview:large, max-video-preview:-1\" \/>\n<link rel=\"canonical\" href=\"https:\/\/remosa.es\/ca\/product\/malla-de-fibra-de-vidrio-ar-para-pavimentos\/\" \/>\n<meta property=\"og:locale\" content=\"ca_ES\" \/>\n<meta property=\"og:type\" content=\"article\" \/>\n<meta property=\"og:title\" content=\"Malla de fibra de vidrio AR para pavimentos\" \/>\n<meta property=\"og:description\" content=\"Malla de fibra de vidrio AR para pavimentos. Este tratamiento consigue que la fibra de vidrio sea resistente a los \u00e1lcalis por si sola\" \/>\n<meta property=\"og:url\" content=\"https:\/\/remosa.es\/ca\/product\/malla-de-fibra-de-vidrio-ar-para-pavimentos\/\" \/>\n<meta property=\"og:site_name\" content=\"Remosa\" \/>\n<meta property=\"article:modified_time\" content=\"2026-04-17T09:45:07+00:00\" \/>\n<meta property=\"og:image\" content=\"https:\/\/remosa.es\/wp-content\/uploads\/2024\/01\/MA038-2.jpg\" \/>\n\t<meta property=\"og:image:width\" content=\"924\" \/>\n\t<meta property=\"og:image:height\" content=\"924\" \/>\n\t<meta property=\"og:image:type\" content=\"image\/jpeg\" \/>\n<meta name=\"twitter:card\" content=\"summary_large_image\" \/>\n<meta name=\"twitter:label1\" content=\"Temps estimat de lectura\" \/>\n\t<meta name=\"twitter:data1\" content=\"2 minuts\" \/>\n<script type=\"application\/ld+json\" class=\"yoast-schema-graph\">{\"@context\":\"https:\/\/schema.org\",\"@graph\":[{\"@type\":\"WebPage\",\"@id\":\"https:\/\/remosa.es\/producto\/malla-de-fibra-de-vidrio-ar-para-pavimentos\/\",\"url\":\"https:\/\/remosa.es\/producto\/malla-de-fibra-de-vidrio-ar-para-pavimentos\/\",\"name\":\"Malla de fibra de vidrio AR para pavimentos - Remosa\",\"isPartOf\":{\"@id\":\"https:\/\/remosa.es\/#website\"},\"primaryImageOfPage\":{\"@id\":\"https:\/\/remosa.es\/producto\/malla-de-fibra-de-vidrio-ar-para-pavimentos\/#primaryimage\"},\"image\":{\"@id\":\"https:\/\/remosa.es\/producto\/malla-de-fibra-de-vidrio-ar-para-pavimentos\/#primaryimage\"},\"thumbnailUrl\":\"https:\/\/remosa.es\/wp-content\/uploads\/2024\/01\/MA038-2.jpg\",\"datePublished\":\"2025-01-27T10:53:59+00:00\",\"dateModified\":\"2026-04-17T09:45:07+00:00\",\"description\":\"Malla de fibra de vidrio AR para pavimentos. Este tratamiento consigue que la fibra de vidrio sea resistente a los \u00e1lcalis por si sola\",\"breadcrumb\":{\"@id\":\"https:\/\/remosa.es\/producto\/malla-de-fibra-de-vidrio-ar-para-pavimentos\/#breadcrumb\"},\"inLanguage\":\"ca\",\"potentialAction\":[{\"@type\":\"ReadAction\",\"target\":[\"https:\/\/remosa.es\/producto\/malla-de-fibra-de-vidrio-ar-para-pavimentos\/\"]}]},{\"@type\":\"ImageObject\",\"inLanguage\":\"ca\",\"@id\":\"https:\/\/remosa.es\/producto\/malla-de-fibra-de-vidrio-ar-para-pavimentos\/#primaryimage\",\"url\":\"https:\/\/remosa.es\/wp-content\/uploads\/2024\/01\/MA038-2.jpg\",\"contentUrl\":\"https:\/\/remosa.es\/wp-content\/uploads\/2024\/01\/MA038-2.jpg\",\"width\":924,\"height\":924,\"caption\":\"{\\\"fte_image_ids\\\":[],\\\"remix_data\\\":[],\\\"source_tags\\\":[],\\\"source_ids\\\":[],\\\"source_ids_track\\\":[],\\\"origin\\\":\\\"unknown\\\",\\\"total_draw_time\\\":0,\\\"total_draw_actions\\\":0,\\\"layers_used\\\":0,\\\"brushes_used\\\":0,\\\"photos_added\\\":0,\\\"total_editor_actions\\\":[],\\\"tools_used\\\":{\\\"crop\\\":1},\\\"is_sticker\\\":false,\\\"edited_since_last_sticker_save\\\":true,\\\"containsFTESticker\\\":false}\"},{\"@type\":\"BreadcrumbList\",\"@id\":\"https:\/\/remosa.es\/producto\/malla-de-fibra-de-vidrio-ar-para-pavimentos\/#breadcrumb\",\"itemListElement\":[{\"@type\":\"ListItem\",\"position\":1,\"name\":\"Portada\",\"item\":\"https:\/\/remosa.es\/\"},{\"@type\":\"ListItem\",\"position\":2,\"name\":\"Productos\",\"item\":\"https:\/\/remosa.es\/productos\/\"},{\"@type\":\"ListItem\",\"position\":3,\"name\":\"Malla de fibra de vidrio AR para pavimentos\"}]},{\"@type\":\"WebSite\",\"@id\":\"https:\/\/remosa.es\/#website\",\"url\":\"https:\/\/remosa.es\/\",\"name\":\"Remosa\",\"description\":\"Tu empresa de material de construcci\u00f3n\",\"publisher\":{\"@id\":\"https:\/\/remosa.es\/#organization\"},\"potentialAction\":[{\"@type\":\"SearchAction\",\"target\":{\"@type\":\"EntryPoint\",\"urlTemplate\":\"https:\/\/remosa.es\/?s={search_term_string}\"},\"query-input\":\"required name=search_term_string\"}],\"inLanguage\":\"ca\"},{\"@type\":\"Organization\",\"@id\":\"https:\/\/remosa.es\/#organization\",\"name\":\"Remosa\",\"url\":\"https:\/\/remosa.es\/\",\"logo\":{\"@type\":\"ImageObject\",\"inLanguage\":\"ca\",\"@id\":\"https:\/\/remosa.es\/#\/schema\/logo\/image\/\",\"url\":\"https:\/\/remosa.es\/wp-content\/uploads\/2023\/12\/cropped-remosa-logo-trans-1.png\",\"contentUrl\":\"https:\/\/remosa.es\/wp-content\/uploads\/2023\/12\/cropped-remosa-logo-trans-1.png\",\"width\":209,\"height\":88,\"caption\":\"Remosa\"},\"image\":{\"@id\":\"https:\/\/remosa.es\/#\/schema\/logo\/image\/\"}}]}<\/script>\n<!-- \/ Yoast SEO Premium plugin. -->","yoast_head_json":{"title":"Malla de fibra de vidrio AR para pavimentos - Remosa","description":"Malla de fibra de vidrio AR para pavimentos. Este tratamiento consigue que la fibra de vidrio sea resistente a los \u00e1lcalis por si sola","robots":{"index":"index","follow":"follow","max-snippet":"max-snippet:-1","max-image-preview":"max-image-preview:large","max-video-preview":"max-video-preview:-1"},"canonical":"https:\/\/remosa.es\/ca\/product\/malla-de-fibra-de-vidrio-ar-para-pavimentos\/","og_locale":"ca_ES","og_type":"article","og_title":"Malla de fibra de vidrio AR para pavimentos","og_description":"Malla de fibra de vidrio AR para pavimentos. Este tratamiento consigue que la fibra de vidrio sea resistente a los \u00e1lcalis por si sola","og_url":"https:\/\/remosa.es\/ca\/product\/malla-de-fibra-de-vidrio-ar-para-pavimentos\/","og_site_name":"Remosa","article_modified_time":"2026-04-17T09:45:07+00:00","og_image":[{"width":924,"height":924,"url":"https:\/\/remosa.es\/wp-content\/uploads\/2024\/01\/MA038-2.jpg","type":"image\/jpeg"}],"twitter_card":"summary_large_image","twitter_misc":{"Temps estimat de lectura":"2 minuts"},"schema":{"@context":"https:\/\/schema.org","@graph":[{"@type":"WebPage","@id":"https:\/\/remosa.es\/producto\/malla-de-fibra-de-vidrio-ar-para-pavimentos\/","url":"https:\/\/remosa.es\/producto\/malla-de-fibra-de-vidrio-ar-para-pavimentos\/","name":"Malla de fibra de vidrio AR para pavimentos - Remosa","isPartOf":{"@id":"https:\/\/remosa.es\/#website"},"primaryImageOfPage":{"@id":"https:\/\/remosa.es\/producto\/malla-de-fibra-de-vidrio-ar-para-pavimentos\/#primaryimage"},"image":{"@id":"https:\/\/remosa.es\/producto\/malla-de-fibra-de-vidrio-ar-para-pavimentos\/#primaryimage"},"thumbnailUrl":"https:\/\/remosa.es\/wp-content\/uploads\/2024\/01\/MA038-2.jpg","datePublished":"2025-01-27T10:53:59+00:00","dateModified":"2026-04-17T09:45:07+00:00","description":"Malla de fibra de vidrio AR para pavimentos. Este tratamiento consigue que la fibra de vidrio sea resistente a los \u00e1lcalis por si sola","breadcrumb":{"@id":"https:\/\/remosa.es\/producto\/malla-de-fibra-de-vidrio-ar-para-pavimentos\/#breadcrumb"},"inLanguage":"ca","potentialAction":[{"@type":"ReadAction","target":["https:\/\/remosa.es\/producto\/malla-de-fibra-de-vidrio-ar-para-pavimentos\/"]}]},{"@type":"ImageObject","inLanguage":"ca","@id":"https:\/\/remosa.es\/producto\/malla-de-fibra-de-vidrio-ar-para-pavimentos\/#primaryimage","url":"https:\/\/remosa.es\/wp-content\/uploads\/2024\/01\/MA038-2.jpg","contentUrl":"https:\/\/remosa.es\/wp-content\/uploads\/2024\/01\/MA038-2.jpg","width":924,"height":924,"caption":"{\"fte_image_ids\":[],\"remix_data\":[],\"source_tags\":[],\"source_ids\":[],\"source_ids_track\":[],\"origin\":\"unknown\",\"total_draw_time\":0,\"total_draw_actions\":0,\"layers_used\":0,\"brushes_used\":0,\"photos_added\":0,\"total_editor_actions\":[],\"tools_used\":{\"crop\":1},\"is_sticker\":false,\"edited_since_last_sticker_save\":true,\"containsFTESticker\":false}"},{"@type":"BreadcrumbList","@id":"https:\/\/remosa.es\/producto\/malla-de-fibra-de-vidrio-ar-para-pavimentos\/#breadcrumb","itemListElement":[{"@type":"ListItem","position":1,"name":"Portada","item":"https:\/\/remosa.es\/"},{"@type":"ListItem","position":2,"name":"Productos","item":"https:\/\/remosa.es\/productos\/"},{"@type":"ListItem","position":3,"name":"Malla de fibra de vidrio AR para pavimentos"}]},{"@type":"WebSite","@id":"https:\/\/remosa.es\/#website","url":"https:\/\/remosa.es\/","name":"Remosa","description":"Tu empresa de material de construcci\u00f3n","publisher":{"@id":"https:\/\/remosa.es\/#organization"},"potentialAction":[{"@type":"SearchAction","target":{"@type":"EntryPoint","urlTemplate":"https:\/\/remosa.es\/?s={search_term_string}"},"query-input":"required name=search_term_string"}],"inLanguage":"ca"},{"@type":"Organization","@id":"https:\/\/remosa.es\/#organization","name":"Remosa","url":"https:\/\/remosa.es\/","logo":{"@type":"ImageObject","inLanguage":"ca","@id":"https:\/\/remosa.es\/#\/schema\/logo\/image\/","url":"https:\/\/remosa.es\/wp-content\/uploads\/2023\/12\/cropped-remosa-logo-trans-1.png","contentUrl":"https:\/\/remosa.es\/wp-content\/uploads\/2023\/12\/cropped-remosa-logo-trans-1.png","width":209,"height":88,"caption":"Remosa"},"image":{"@id":"https:\/\/remosa.es\/#\/schema\/logo\/image\/"}}]}},"_links":{"self":[{"href":"https:\/\/remosa.es\/ca\/wp-json\/wp\/v2\/product\/1966","targetHints":{"allow":["GET"]}}],"collection":[{"href":"https:\/\/remosa.es\/ca\/wp-json\/wp\/v2\/product"}],"about":[{"href":"https:\/\/remosa.es\/ca\/wp-json\/wp\/v2\/types\/product"}],"replies":[{"embeddable":true,"href":"https:\/\/remosa.es\/ca\/wp-json\/wp\/v2\/comments?post=1966"}],"version-history":[{"count":3,"href":"https:\/\/remosa.es\/ca\/wp-json\/wp\/v2\/product\/1966\/revisions"}],"predecessor-version":[{"id":2125,"href":"https:\/\/remosa.es\/ca\/wp-json\/wp\/v2\/product\/1966\/revisions\/2125"}],"wp:featuredmedia":[{"embeddable":true,"href":"https:\/\/remosa.es\/ca\/wp-json\/wp\/v2\/media\/1267"}],"wp:attachment":[{"href":"https:\/\/remosa.es\/ca\/wp-json\/wp\/v2\/media?parent=1966"}],"wp:term":[{"taxonomy":"product_cat","embeddable":true,"href":"https:\/\/remosa.es\/ca\/wp-json\/wp\/v2\/product_cat?post=1966"},{"taxonomy":"product_tag","embeddable":true,"href":"https:\/\/remosa.es\/ca\/wp-json\/wp\/v2\/product_tag?post=1966"}],"curies":[{"name":"wp","href":"https:\/\/api.w.org\/{rel}","templated":true}]}}