{"id":2158,"date":"2025-03-27T10:46:53","date_gmt":"2025-03-27T10:46:53","guid":{"rendered":"https:\/\/remosa.es\/?post_type=product&#038;p=2158"},"modified":"2026-02-26T12:22:52","modified_gmt":"2026-02-26T12:22:52","slug":"perfil-pvc-transicion-zocalo-sate","status":"publish","type":"product","link":"https:\/\/remosa.es\/ca\/product\/perfil-pvc-transicion-zocalo-sate\/","title":{"rendered":"Perfil PVC Transici\u00f3n z\u00f3calo SATE"},"content":{"rendered":"<h5>Perfil PVC Transici\u00f3n z\u00f3calo SATE<\/h5>\n<p>Perfil de PVC Blanco cn malla de fibra de vidrio resistente a los \u00e1lcalis y certificada ETAG 004 para la transici\u00f3n entre diferentes espesores de aislamiento o para z\u00f3calos.<\/p>","protected":false},"excerpt":{"rendered":"<h5>Perfil PVC Transici\u00f3n z\u00f3calo SATE<\/h5>\n<p><strong><span style=\"color: #ff0000;\">NOVEDAD!<\/span><\/strong><\/p>\n<p>Perfil de PVC Blanco cn malla de fibra de vidrio resistente a los \u00e1lcalis y certificada ETAG 004 para la transici\u00f3n entre diferentes espesores de aislamiento o para z\u00f3calos.<\/p>\n<p><a href=\"https:\/\/remosa.es\/wp-content\/uploads\/2025\/03\/FO-PERFILES-Transicion-Zocalo.pdf\">FO PERFILES Transici\u00f3n Z\u00f3calo<\/a><\/p>","protected":false},"featured_media":2162,"comment_status":"open","ping_status":"closed","template":"","meta":[],"product_cat":[122,124,314,232],"product_tag":[],"class_list":{"0":"post-2158","1":"product","2":"type-product","3":"status-publish","4":"has-post-thumbnail","6":"product_cat-aislamiento","7":"product_cat-perfiles-sate","8":"product_cat-despiece","9":"product_cat-perfileria","11":"first","12":"instock","13":"shipping-taxable","14":"purchasable","15":"product-type-simple"},"yoast_head":"<!-- This site is optimized with the Yoast SEO Premium plugin v22.7 (Yoast SEO v22.8) - https:\/\/yoast.com\/wordpress\/plugins\/seo\/ -->\n<title>Perfil PVC Transici\u00f3n z\u00f3calo SATE - Remosa<\/title>\n<meta name=\"description\" content=\"NOVEDAD! Perfil PVC Transici\u00f3n z\u00f3calo SATE. Perfil de PVC BLANCO + malla de fibra de vidrio con recubrimiento antialcalis.\" \/>\n<meta name=\"robots\" content=\"index, follow, max-snippet:-1, max-image-preview:large, max-video-preview:-1\" \/>\n<link rel=\"canonical\" href=\"https:\/\/remosa.es\/ca\/product\/perfil-pvc-transicion-zocalo-sate\/\" \/>\n<meta property=\"og:locale\" content=\"ca_ES\" \/>\n<meta property=\"og:type\" content=\"article\" \/>\n<meta property=\"og:title\" content=\"Perfil PVC Transici\u00f3n z\u00f3calo SATE\" \/>\n<meta property=\"og:description\" content=\"NOVEDAD! Perfil PVC Transici\u00f3n z\u00f3calo SATE. Perfil de PVC BLANCO + malla de fibra de vidrio con recubrimiento antialcalis.\" \/>\n<meta property=\"og:url\" content=\"https:\/\/remosa.es\/ca\/product\/perfil-pvc-transicion-zocalo-sate\/\" \/>\n<meta property=\"og:site_name\" content=\"Remosa\" \/>\n<meta property=\"article:modified_time\" content=\"2026-02-26T12:22:52+00:00\" \/>\n<meta property=\"og:image\" content=\"https:\/\/remosa.es\/wp-content\/uploads\/2025\/03\/AIS-64010-Goteron-id-640100_wdvs_pvc_uebergangsprofil_keramik-b9ad4101-95ef199d.jpg\" \/>\n\t<meta property=\"og:image:width\" content=\"1200\" \/>\n\t<meta property=\"og:image:height\" content=\"1200\" \/>\n\t<meta property=\"og:image:type\" content=\"image\/jpeg\" \/>\n<meta name=\"twitter:card\" content=\"summary_large_image\" \/>\n<meta name=\"twitter:label1\" content=\"Temps estimat de lectura\" \/>\n\t<meta name=\"twitter:data1\" content=\"1 minut\" \/>\n<script type=\"application\/ld+json\" class=\"yoast-schema-graph\">{\"@context\":\"https:\/\/schema.org\",\"@graph\":[{\"@type\":\"WebPage\",\"@id\":\"https:\/\/remosa.es\/producto\/perfil-pvc-transicion-zocalo-sate\/\",\"url\":\"https:\/\/remosa.es\/producto\/perfil-pvc-transicion-zocalo-sate\/\",\"name\":\"Perfil PVC Transici\u00f3n z\u00f3calo SATE - Remosa\",\"isPartOf\":{\"@id\":\"https:\/\/remosa.es\/#website\"},\"primaryImageOfPage\":{\"@id\":\"https:\/\/remosa.es\/producto\/perfil-pvc-transicion-zocalo-sate\/#primaryimage\"},\"image\":{\"@id\":\"https:\/\/remosa.es\/producto\/perfil-pvc-transicion-zocalo-sate\/#primaryimage\"},\"thumbnailUrl\":\"https:\/\/remosa.es\/wp-content\/uploads\/2025\/03\/AIS-64010-Goteron-id-640100_wdvs_pvc_uebergangsprofil_keramik-b9ad4101-95ef199d.jpg\",\"datePublished\":\"2025-03-27T10:46:53+00:00\",\"dateModified\":\"2026-02-26T12:22:52+00:00\",\"description\":\"NOVEDAD! Perfil PVC Transici\u00f3n z\u00f3calo SATE. Perfil de PVC BLANCO + malla de fibra de vidrio con recubrimiento antialcalis.\",\"breadcrumb\":{\"@id\":\"https:\/\/remosa.es\/producto\/perfil-pvc-transicion-zocalo-sate\/#breadcrumb\"},\"inLanguage\":\"ca\",\"potentialAction\":[{\"@type\":\"ReadAction\",\"target\":[\"https:\/\/remosa.es\/producto\/perfil-pvc-transicion-zocalo-sate\/\"]}]},{\"@type\":\"ImageObject\",\"inLanguage\":\"ca\",\"@id\":\"https:\/\/remosa.es\/producto\/perfil-pvc-transicion-zocalo-sate\/#primaryimage\",\"url\":\"https:\/\/remosa.es\/wp-content\/uploads\/2025\/03\/AIS-64010-Goteron-id-640100_wdvs_pvc_uebergangsprofil_keramik-b9ad4101-95ef199d.jpg\",\"contentUrl\":\"https:\/\/remosa.es\/wp-content\/uploads\/2025\/03\/AIS-64010-Goteron-id-640100_wdvs_pvc_uebergangsprofil_keramik-b9ad4101-95ef199d.jpg\",\"width\":1200,\"height\":1200,\"caption\":\"PERFIL DE TRANSICI\u00d3N Z\u00d3CALO\"},{\"@type\":\"BreadcrumbList\",\"@id\":\"https:\/\/remosa.es\/producto\/perfil-pvc-transicion-zocalo-sate\/#breadcrumb\",\"itemListElement\":[{\"@type\":\"ListItem\",\"position\":1,\"name\":\"Portada\",\"item\":\"https:\/\/remosa.es\/\"},{\"@type\":\"ListItem\",\"position\":2,\"name\":\"Productos\",\"item\":\"https:\/\/remosa.es\/productos\/\"},{\"@type\":\"ListItem\",\"position\":3,\"name\":\"Perfil PVC Transici\u00f3n z\u00f3calo SATE\"}]},{\"@type\":\"WebSite\",\"@id\":\"https:\/\/remosa.es\/#website\",\"url\":\"https:\/\/remosa.es\/\",\"name\":\"Remosa\",\"description\":\"Tu empresa de material de construcci\u00f3n\",\"publisher\":{\"@id\":\"https:\/\/remosa.es\/#organization\"},\"potentialAction\":[{\"@type\":\"SearchAction\",\"target\":{\"@type\":\"EntryPoint\",\"urlTemplate\":\"https:\/\/remosa.es\/?s={search_term_string}\"},\"query-input\":\"required name=search_term_string\"}],\"inLanguage\":\"ca\"},{\"@type\":\"Organization\",\"@id\":\"https:\/\/remosa.es\/#organization\",\"name\":\"Remosa\",\"url\":\"https:\/\/remosa.es\/\",\"logo\":{\"@type\":\"ImageObject\",\"inLanguage\":\"ca\",\"@id\":\"https:\/\/remosa.es\/#\/schema\/logo\/image\/\",\"url\":\"https:\/\/remosa.es\/wp-content\/uploads\/2023\/12\/cropped-remosa-logo-trans-1.png\",\"contentUrl\":\"https:\/\/remosa.es\/wp-content\/uploads\/2023\/12\/cropped-remosa-logo-trans-1.png\",\"width\":209,\"height\":88,\"caption\":\"Remosa\"},\"image\":{\"@id\":\"https:\/\/remosa.es\/#\/schema\/logo\/image\/\"}}]}<\/script>\n<!-- \/ Yoast SEO Premium plugin. -->","yoast_head_json":{"title":"Perfil PVC Transici\u00f3n z\u00f3calo SATE - Remosa","description":"NOVEDAD! Perfil PVC Transici\u00f3n z\u00f3calo SATE. Perfil de PVC BLANCO + malla de fibra de vidrio con recubrimiento antialcalis.","robots":{"index":"index","follow":"follow","max-snippet":"max-snippet:-1","max-image-preview":"max-image-preview:large","max-video-preview":"max-video-preview:-1"},"canonical":"https:\/\/remosa.es\/ca\/product\/perfil-pvc-transicion-zocalo-sate\/","og_locale":"ca_ES","og_type":"article","og_title":"Perfil PVC Transici\u00f3n z\u00f3calo SATE","og_description":"NOVEDAD! Perfil PVC Transici\u00f3n z\u00f3calo SATE. Perfil de PVC BLANCO + malla de fibra de vidrio con recubrimiento antialcalis.","og_url":"https:\/\/remosa.es\/ca\/product\/perfil-pvc-transicion-zocalo-sate\/","og_site_name":"Remosa","article_modified_time":"2026-02-26T12:22:52+00:00","og_image":[{"width":1200,"height":1200,"url":"https:\/\/remosa.es\/wp-content\/uploads\/2025\/03\/AIS-64010-Goteron-id-640100_wdvs_pvc_uebergangsprofil_keramik-b9ad4101-95ef199d.jpg","type":"image\/jpeg"}],"twitter_card":"summary_large_image","twitter_misc":{"Temps estimat de lectura":"1 minut"},"schema":{"@context":"https:\/\/schema.org","@graph":[{"@type":"WebPage","@id":"https:\/\/remosa.es\/producto\/perfil-pvc-transicion-zocalo-sate\/","url":"https:\/\/remosa.es\/producto\/perfil-pvc-transicion-zocalo-sate\/","name":"Perfil PVC Transici\u00f3n z\u00f3calo SATE - Remosa","isPartOf":{"@id":"https:\/\/remosa.es\/#website"},"primaryImageOfPage":{"@id":"https:\/\/remosa.es\/producto\/perfil-pvc-transicion-zocalo-sate\/#primaryimage"},"image":{"@id":"https:\/\/remosa.es\/producto\/perfil-pvc-transicion-zocalo-sate\/#primaryimage"},"thumbnailUrl":"https:\/\/remosa.es\/wp-content\/uploads\/2025\/03\/AIS-64010-Goteron-id-640100_wdvs_pvc_uebergangsprofil_keramik-b9ad4101-95ef199d.jpg","datePublished":"2025-03-27T10:46:53+00:00","dateModified":"2026-02-26T12:22:52+00:00","description":"NOVEDAD! Perfil PVC Transici\u00f3n z\u00f3calo SATE. Perfil de PVC BLANCO + malla de fibra de vidrio con recubrimiento antialcalis.","breadcrumb":{"@id":"https:\/\/remosa.es\/producto\/perfil-pvc-transicion-zocalo-sate\/#breadcrumb"},"inLanguage":"ca","potentialAction":[{"@type":"ReadAction","target":["https:\/\/remosa.es\/producto\/perfil-pvc-transicion-zocalo-sate\/"]}]},{"@type":"ImageObject","inLanguage":"ca","@id":"https:\/\/remosa.es\/producto\/perfil-pvc-transicion-zocalo-sate\/#primaryimage","url":"https:\/\/remosa.es\/wp-content\/uploads\/2025\/03\/AIS-64010-Goteron-id-640100_wdvs_pvc_uebergangsprofil_keramik-b9ad4101-95ef199d.jpg","contentUrl":"https:\/\/remosa.es\/wp-content\/uploads\/2025\/03\/AIS-64010-Goteron-id-640100_wdvs_pvc_uebergangsprofil_keramik-b9ad4101-95ef199d.jpg","width":1200,"height":1200,"caption":"PERFIL DE TRANSICI\u00d3N Z\u00d3CALO"},{"@type":"BreadcrumbList","@id":"https:\/\/remosa.es\/producto\/perfil-pvc-transicion-zocalo-sate\/#breadcrumb","itemListElement":[{"@type":"ListItem","position":1,"name":"Portada","item":"https:\/\/remosa.es\/"},{"@type":"ListItem","position":2,"name":"Productos","item":"https:\/\/remosa.es\/productos\/"},{"@type":"ListItem","position":3,"name":"Perfil PVC Transici\u00f3n z\u00f3calo SATE"}]},{"@type":"WebSite","@id":"https:\/\/remosa.es\/#website","url":"https:\/\/remosa.es\/","name":"Remosa","description":"Tu empresa de material de construcci\u00f3n","publisher":{"@id":"https:\/\/remosa.es\/#organization"},"potentialAction":[{"@type":"SearchAction","target":{"@type":"EntryPoint","urlTemplate":"https:\/\/remosa.es\/?s={search_term_string}"},"query-input":"required name=search_term_string"}],"inLanguage":"ca"},{"@type":"Organization","@id":"https:\/\/remosa.es\/#organization","name":"Remosa","url":"https:\/\/remosa.es\/","logo":{"@type":"ImageObject","inLanguage":"ca","@id":"https:\/\/remosa.es\/#\/schema\/logo\/image\/","url":"https:\/\/remosa.es\/wp-content\/uploads\/2023\/12\/cropped-remosa-logo-trans-1.png","contentUrl":"https:\/\/remosa.es\/wp-content\/uploads\/2023\/12\/cropped-remosa-logo-trans-1.png","width":209,"height":88,"caption":"Remosa"},"image":{"@id":"https:\/\/remosa.es\/#\/schema\/logo\/image\/"}}]}},"_links":{"self":[{"href":"https:\/\/remosa.es\/ca\/wp-json\/wp\/v2\/product\/2158","targetHints":{"allow":["GET"]}}],"collection":[{"href":"https:\/\/remosa.es\/ca\/wp-json\/wp\/v2\/product"}],"about":[{"href":"https:\/\/remosa.es\/ca\/wp-json\/wp\/v2\/types\/product"}],"replies":[{"embeddable":true,"href":"https:\/\/remosa.es\/ca\/wp-json\/wp\/v2\/comments?post=2158"}],"version-history":[{"count":1,"href":"https:\/\/remosa.es\/ca\/wp-json\/wp\/v2\/product\/2158\/revisions"}],"predecessor-version":[{"id":2161,"href":"https:\/\/remosa.es\/ca\/wp-json\/wp\/v2\/product\/2158\/revisions\/2161"}],"wp:featuredmedia":[{"embeddable":true,"href":"https:\/\/remosa.es\/ca\/wp-json\/wp\/v2\/media\/2162"}],"wp:attachment":[{"href":"https:\/\/remosa.es\/ca\/wp-json\/wp\/v2\/media?parent=2158"}],"wp:term":[{"taxonomy":"product_cat","embeddable":true,"href":"https:\/\/remosa.es\/ca\/wp-json\/wp\/v2\/product_cat?post=2158"},{"taxonomy":"product_tag","embeddable":true,"href":"https:\/\/remosa.es\/ca\/wp-json\/wp\/v2\/product_tag?post=2158"}],"curies":[{"name":"wp","href":"https:\/\/api.w.org\/{rel}","templated":true}]}}