{"id":2167,"date":"2025-03-27T11:12:14","date_gmt":"2025-03-27T11:12:14","guid":{"rendered":"https:\/\/remosa.es\/?post_type=product&#038;p=2167"},"modified":"2026-02-26T12:22:46","modified_gmt":"2026-02-26T12:22:46","slug":"perfil-rincon-pvc-malla-fibra-vidrio","status":"publish","type":"product","link":"https:\/\/remosa.es\/ca\/product\/perfil-rincon-pvc-malla-fibra-vidrio\/","title":{"rendered":"Perfil Rinc\u00f3n PVC + malla fibra vidrio"},"content":{"rendered":"<h5>Perfil Rinc\u00f3n PVC + malla fibra vidrio<\/h5>\n<p>Perfil de \u00e1ngulo variable con el pvc cortado en el centro, permitiendo as\u00ed la formaci\u00f3n de rincones o cantos de angulos variables.<\/p>\n<p>Se presenta enrollado en largos de 25ml.<\/p>\n<p>&nbsp;<\/p>","protected":false},"excerpt":{"rendered":"<h5>Perfil Rinc\u00f3n PVC + malla fibra vidrio<\/h5>\n<p>Perfil de \u00e1ngulo variable con el pvc cortado en el centro, permitiendo as\u00ed la formaci\u00f3n de rincones o cantos de angulos variables.<\/p>\n<p><strong>Caja de 25 ml<\/strong><\/p>\n<p>&nbsp;<\/p>","protected":false},"featured_media":2173,"comment_status":"open","ping_status":"closed","template":"","meta":[],"product_cat":[122,124,315,232],"product_tag":[287],"class_list":{"0":"post-2167","1":"product","2":"type-product","3":"status-publish","4":"has-post-thumbnail","6":"product_cat-aislamiento","7":"product_cat-perfiles-sate","8":"product_cat-esquineros","9":"product_cat-perfileria","10":"product_tag-perfil-para-rincon","12":"first","13":"instock","14":"shipping-taxable","15":"purchasable","16":"product-type-simple"},"yoast_head":"<!-- This site is optimized with the Yoast SEO Premium plugin v22.7 (Yoast SEO v22.8) - https:\/\/yoast.com\/wordpress\/plugins\/seo\/ -->\n<title>Perfil Rinc\u00f3n PVC + malla fibra vidrio - Remosa<\/title>\n<meta name=\"description\" content=\"Perfil para rinc\u00f3n PVC + malla fibra vidrio con recubrimiento antialcalino. Para la formaci\u00f3n de \u00e1ngulos variables o rincones.\" \/>\n<meta name=\"robots\" content=\"index, follow, max-snippet:-1, max-image-preview:large, max-video-preview:-1\" \/>\n<link rel=\"canonical\" href=\"https:\/\/remosa.es\/ca\/product\/perfil-rincon-pvc-malla-fibra-vidrio\/\" \/>\n<meta property=\"og:locale\" content=\"ca_ES\" \/>\n<meta property=\"og:type\" content=\"article\" \/>\n<meta property=\"og:title\" content=\"Perfil Rinc\u00f3n PVC + malla fibra vidrio\" \/>\n<meta property=\"og:description\" content=\"Perfil para rinc\u00f3n PVC + malla fibra vidrio con recubrimiento antialcalino. Para la formaci\u00f3n de \u00e1ngulos variables o rincones.\" \/>\n<meta property=\"og:url\" content=\"https:\/\/remosa.es\/ca\/product\/perfil-rincon-pvc-malla-fibra-vidrio\/\" \/>\n<meta property=\"og:site_name\" content=\"Remosa\" \/>\n<meta property=\"article:modified_time\" content=\"2026-02-26T12:22:46+00:00\" \/>\n<meta property=\"og:image\" content=\"https:\/\/remosa.es\/wp-content\/uploads\/2025\/03\/ais253-1-e1743498667899.jpeg\" \/>\n\t<meta property=\"og:image:width\" content=\"400\" \/>\n\t<meta property=\"og:image:height\" content=\"400\" \/>\n\t<meta property=\"og:image:type\" content=\"image\/jpeg\" \/>\n<meta name=\"twitter:card\" content=\"summary_large_image\" \/>\n<meta name=\"twitter:label1\" content=\"Temps estimat de lectura\" \/>\n\t<meta name=\"twitter:data1\" content=\"1 minut\" \/>\n<script type=\"application\/ld+json\" class=\"yoast-schema-graph\">{\"@context\":\"https:\/\/schema.org\",\"@graph\":[{\"@type\":\"WebPage\",\"@id\":\"https:\/\/remosa.es\/producto\/perfil-rincon-pvc-malla-fibra-vidrio\/\",\"url\":\"https:\/\/remosa.es\/producto\/perfil-rincon-pvc-malla-fibra-vidrio\/\",\"name\":\"Perfil Rinc\u00f3n PVC + malla fibra vidrio - Remosa\",\"isPartOf\":{\"@id\":\"https:\/\/remosa.es\/#website\"},\"primaryImageOfPage\":{\"@id\":\"https:\/\/remosa.es\/producto\/perfil-rincon-pvc-malla-fibra-vidrio\/#primaryimage\"},\"image\":{\"@id\":\"https:\/\/remosa.es\/producto\/perfil-rincon-pvc-malla-fibra-vidrio\/#primaryimage\"},\"thumbnailUrl\":\"https:\/\/remosa.es\/wp-content\/uploads\/2025\/03\/ais253-1-e1743498667899.jpeg\",\"datePublished\":\"2025-03-27T11:12:14+00:00\",\"dateModified\":\"2026-02-26T12:22:46+00:00\",\"description\":\"Perfil para rinc\u00f3n PVC + malla fibra vidrio con recubrimiento antialcalino. Para la formaci\u00f3n de \u00e1ngulos variables o rincones.\",\"breadcrumb\":{\"@id\":\"https:\/\/remosa.es\/producto\/perfil-rincon-pvc-malla-fibra-vidrio\/#breadcrumb\"},\"inLanguage\":\"ca\",\"potentialAction\":[{\"@type\":\"ReadAction\",\"target\":[\"https:\/\/remosa.es\/producto\/perfil-rincon-pvc-malla-fibra-vidrio\/\"]}]},{\"@type\":\"ImageObject\",\"inLanguage\":\"ca\",\"@id\":\"https:\/\/remosa.es\/producto\/perfil-rincon-pvc-malla-fibra-vidrio\/#primaryimage\",\"url\":\"https:\/\/remosa.es\/wp-content\/uploads\/2025\/03\/ais253-1-e1743498667899.jpeg\",\"contentUrl\":\"https:\/\/remosa.es\/wp-content\/uploads\/2025\/03\/ais253-1-e1743498667899.jpeg\",\"width\":400,\"height\":400,\"caption\":\"PERFIL RINCON PVC + MALLA\"},{\"@type\":\"BreadcrumbList\",\"@id\":\"https:\/\/remosa.es\/producto\/perfil-rincon-pvc-malla-fibra-vidrio\/#breadcrumb\",\"itemListElement\":[{\"@type\":\"ListItem\",\"position\":1,\"name\":\"Portada\",\"item\":\"https:\/\/remosa.es\/\"},{\"@type\":\"ListItem\",\"position\":2,\"name\":\"Productos\",\"item\":\"https:\/\/remosa.es\/productos\/\"},{\"@type\":\"ListItem\",\"position\":3,\"name\":\"Perfil Rinc\u00f3n PVC + malla fibra vidrio\"}]},{\"@type\":\"WebSite\",\"@id\":\"https:\/\/remosa.es\/#website\",\"url\":\"https:\/\/remosa.es\/\",\"name\":\"Remosa\",\"description\":\"Tu empresa de material de construcci\u00f3n\",\"publisher\":{\"@id\":\"https:\/\/remosa.es\/#organization\"},\"potentialAction\":[{\"@type\":\"SearchAction\",\"target\":{\"@type\":\"EntryPoint\",\"urlTemplate\":\"https:\/\/remosa.es\/?s={search_term_string}\"},\"query-input\":\"required name=search_term_string\"}],\"inLanguage\":\"ca\"},{\"@type\":\"Organization\",\"@id\":\"https:\/\/remosa.es\/#organization\",\"name\":\"Remosa\",\"url\":\"https:\/\/remosa.es\/\",\"logo\":{\"@type\":\"ImageObject\",\"inLanguage\":\"ca\",\"@id\":\"https:\/\/remosa.es\/#\/schema\/logo\/image\/\",\"url\":\"https:\/\/remosa.es\/wp-content\/uploads\/2023\/12\/cropped-remosa-logo-trans-1.png\",\"contentUrl\":\"https:\/\/remosa.es\/wp-content\/uploads\/2023\/12\/cropped-remosa-logo-trans-1.png\",\"width\":209,\"height\":88,\"caption\":\"Remosa\"},\"image\":{\"@id\":\"https:\/\/remosa.es\/#\/schema\/logo\/image\/\"}}]}<\/script>\n<!-- \/ Yoast SEO Premium plugin. -->","yoast_head_json":{"title":"Perfil Rinc\u00f3n PVC + malla fibra vidrio - Remosa","description":"Perfil para rinc\u00f3n PVC + malla fibra vidrio con recubrimiento antialcalino. Para la formaci\u00f3n de \u00e1ngulos variables o rincones.","robots":{"index":"index","follow":"follow","max-snippet":"max-snippet:-1","max-image-preview":"max-image-preview:large","max-video-preview":"max-video-preview:-1"},"canonical":"https:\/\/remosa.es\/ca\/product\/perfil-rincon-pvc-malla-fibra-vidrio\/","og_locale":"ca_ES","og_type":"article","og_title":"Perfil Rinc\u00f3n PVC + malla fibra vidrio","og_description":"Perfil para rinc\u00f3n PVC + malla fibra vidrio con recubrimiento antialcalino. Para la formaci\u00f3n de \u00e1ngulos variables o rincones.","og_url":"https:\/\/remosa.es\/ca\/product\/perfil-rincon-pvc-malla-fibra-vidrio\/","og_site_name":"Remosa","article_modified_time":"2026-02-26T12:22:46+00:00","og_image":[{"width":400,"height":400,"url":"https:\/\/remosa.es\/wp-content\/uploads\/2025\/03\/ais253-1-e1743498667899.jpeg","type":"image\/jpeg"}],"twitter_card":"summary_large_image","twitter_misc":{"Temps estimat de lectura":"1 minut"},"schema":{"@context":"https:\/\/schema.org","@graph":[{"@type":"WebPage","@id":"https:\/\/remosa.es\/producto\/perfil-rincon-pvc-malla-fibra-vidrio\/","url":"https:\/\/remosa.es\/producto\/perfil-rincon-pvc-malla-fibra-vidrio\/","name":"Perfil Rinc\u00f3n PVC + malla fibra vidrio - Remosa","isPartOf":{"@id":"https:\/\/remosa.es\/#website"},"primaryImageOfPage":{"@id":"https:\/\/remosa.es\/producto\/perfil-rincon-pvc-malla-fibra-vidrio\/#primaryimage"},"image":{"@id":"https:\/\/remosa.es\/producto\/perfil-rincon-pvc-malla-fibra-vidrio\/#primaryimage"},"thumbnailUrl":"https:\/\/remosa.es\/wp-content\/uploads\/2025\/03\/ais253-1-e1743498667899.jpeg","datePublished":"2025-03-27T11:12:14+00:00","dateModified":"2026-02-26T12:22:46+00:00","description":"Perfil para rinc\u00f3n PVC + malla fibra vidrio con recubrimiento antialcalino. Para la formaci\u00f3n de \u00e1ngulos variables o rincones.","breadcrumb":{"@id":"https:\/\/remosa.es\/producto\/perfil-rincon-pvc-malla-fibra-vidrio\/#breadcrumb"},"inLanguage":"ca","potentialAction":[{"@type":"ReadAction","target":["https:\/\/remosa.es\/producto\/perfil-rincon-pvc-malla-fibra-vidrio\/"]}]},{"@type":"ImageObject","inLanguage":"ca","@id":"https:\/\/remosa.es\/producto\/perfil-rincon-pvc-malla-fibra-vidrio\/#primaryimage","url":"https:\/\/remosa.es\/wp-content\/uploads\/2025\/03\/ais253-1-e1743498667899.jpeg","contentUrl":"https:\/\/remosa.es\/wp-content\/uploads\/2025\/03\/ais253-1-e1743498667899.jpeg","width":400,"height":400,"caption":"PERFIL RINCON PVC + MALLA"},{"@type":"BreadcrumbList","@id":"https:\/\/remosa.es\/producto\/perfil-rincon-pvc-malla-fibra-vidrio\/#breadcrumb","itemListElement":[{"@type":"ListItem","position":1,"name":"Portada","item":"https:\/\/remosa.es\/"},{"@type":"ListItem","position":2,"name":"Productos","item":"https:\/\/remosa.es\/productos\/"},{"@type":"ListItem","position":3,"name":"Perfil Rinc\u00f3n PVC + malla fibra vidrio"}]},{"@type":"WebSite","@id":"https:\/\/remosa.es\/#website","url":"https:\/\/remosa.es\/","name":"Remosa","description":"Tu empresa de material de construcci\u00f3n","publisher":{"@id":"https:\/\/remosa.es\/#organization"},"potentialAction":[{"@type":"SearchAction","target":{"@type":"EntryPoint","urlTemplate":"https:\/\/remosa.es\/?s={search_term_string}"},"query-input":"required name=search_term_string"}],"inLanguage":"ca"},{"@type":"Organization","@id":"https:\/\/remosa.es\/#organization","name":"Remosa","url":"https:\/\/remosa.es\/","logo":{"@type":"ImageObject","inLanguage":"ca","@id":"https:\/\/remosa.es\/#\/schema\/logo\/image\/","url":"https:\/\/remosa.es\/wp-content\/uploads\/2023\/12\/cropped-remosa-logo-trans-1.png","contentUrl":"https:\/\/remosa.es\/wp-content\/uploads\/2023\/12\/cropped-remosa-logo-trans-1.png","width":209,"height":88,"caption":"Remosa"},"image":{"@id":"https:\/\/remosa.es\/#\/schema\/logo\/image\/"}}]}},"_links":{"self":[{"href":"https:\/\/remosa.es\/ca\/wp-json\/wp\/v2\/product\/2167","targetHints":{"allow":["GET"]}}],"collection":[{"href":"https:\/\/remosa.es\/ca\/wp-json\/wp\/v2\/product"}],"about":[{"href":"https:\/\/remosa.es\/ca\/wp-json\/wp\/v2\/types\/product"}],"replies":[{"embeddable":true,"href":"https:\/\/remosa.es\/ca\/wp-json\/wp\/v2\/comments?post=2167"}],"version-history":[{"count":3,"href":"https:\/\/remosa.es\/ca\/wp-json\/wp\/v2\/product\/2167\/revisions"}],"predecessor-version":[{"id":2176,"href":"https:\/\/remosa.es\/ca\/wp-json\/wp\/v2\/product\/2167\/revisions\/2176"}],"wp:featuredmedia":[{"embeddable":true,"href":"https:\/\/remosa.es\/ca\/wp-json\/wp\/v2\/media\/2173"}],"wp:attachment":[{"href":"https:\/\/remosa.es\/ca\/wp-json\/wp\/v2\/media?parent=2167"}],"wp:term":[{"taxonomy":"product_cat","embeddable":true,"href":"https:\/\/remosa.es\/ca\/wp-json\/wp\/v2\/product_cat?post=2167"},{"taxonomy":"product_tag","embeddable":true,"href":"https:\/\/remosa.es\/ca\/wp-json\/wp\/v2\/product_tag?post=2167"}],"curies":[{"name":"wp","href":"https:\/\/api.w.org\/{rel}","templated":true}]}}