{"id":2377,"date":"2025-11-06T09:32:09","date_gmt":"2025-11-06T09:32:09","guid":{"rendered":"https:\/\/remosa.es\/?post_type=product&#038;p=2377"},"modified":"2025-11-12T12:02:27","modified_gmt":"2025-11-12T12:02:27","slug":"placa-xps-sate","status":"publish","type":"product","link":"https:\/\/remosa.es\/ca\/product\/placa-xps-sate\/","title":{"rendered":"PLACA XPS SATE"},"content":{"rendered":"<h3><strong>PLACA XPS SATE<\/strong><\/h3>\n<p><b>SopraXPS<\/b><b>\u00a0CB<\/b>\u00a0es el recomendado para el aislamiento t\u00e9rmico de fachadas por el exterior (sistema SATE) y el aislamiento de los frentes de forjado y pilares, evitando de este modo p\u00e9rdidas t\u00e9rmicas. La superficie rugosa del producto\u00a0<b>Sopra<\/b><b>XPS<\/b><b>\u00a0CB<\/b>\u00a0asegura su fijaci\u00f3n.<\/p>\n<p><b>APLICACI\u00d3N<\/b><\/p>\n<ul>\n<li>Sistemas de fachadas con Aislamiento T\u00e9rmico por el Exterior (SATE).<\/li>\n<li>Para resolver puentes t\u00e9rmicos en elementos estructurales de fachada y huecos de ventanas o puertas.<\/li>\n<li><b>SopraXPS CB<\/b>\u00a0es el \u00fanico producto de la gama\u00a0SopraXPS\u00a0adecuado para ser adheridas superficies verticales y luego revestidas con acabados continuos de mortero o discontinuos de aplacado cer\u00e1mico o p\u00e9treo , debido a su superficie rugosa, sin piel.<\/li>\n<\/ul>\n<p><b>VENTAJAS<\/b><\/p>\n<ul>\n<li>Alto poder aislante.\u00a0Mejora de la eficiencia energ\u00e9tica, ya que permiten un gran ahorro de energ\u00eda. Ideal para\u00a0<i>casas pasivas<\/i>\u00a0o\u00a0<i>edificios de consumo casi nulo (nZEB)<\/i>.<\/li>\n<li>C\u00e9lula cerrada: Absorci\u00f3n de agua pr\u00e1cticamente nula, esencial para el uso como aislamiento exterior.<\/li>\n<li>Elevada durabilidad.<\/li>\n<li>Gran resistencia a la compresi\u00f3n, que permite su aplicaci\u00f3n en solicitaciones mec\u00e1nicas elevadas.<\/li>\n<li>Paneles de gran rigidez y poco peso.<\/li>\n<li>La superficie rugosa permite el revestimiento posterior con capas protectoras ejecutadas con morteros especiales, tipo SATE.<\/li>\n<li>Puede utilizarse dentro de un amplio margen de temperaturas; de -50\u00baC hasta +75\u00baC.<\/li>\n<li>Alta resistencia a los ciclos de hielo-deshielo.<\/li>\n<li>Fabricado sin CFC&#8217;s, HCFC&#8217;s, HFC&#8217;s ni HBCD&#8217;s.<\/li>\n<\/ul>\n<p><b>PUESTA EN OBRA &#8211; FACHADA SATE:<\/b><\/p>\n<ul>\n<li>Verificar compatibilidad de todos los materiales que intervienen en el sistema.<\/li>\n<li>Comprobar que el muro soporte no presenta grandes irregularidades, y no sobresale el mortero de las llagas del ladrillo.<\/li>\n<li>Se fijar\u00e1n las planchas\u00a0<b>SopraXPS CB<\/b>\u00a0correctamente al muro soporte, bien con adhesivo en m\u00e1s de un 80% de la superficie, o bien con fijaci\u00f3n mec\u00e1nica tipo\u00a0<b>Fijaciones PT-H<\/b>\u00a0y adhesivo, siguiendo las recomendaciones contenidas en la gu\u00eda ETAG 004 en caso de sistemas SATE con acabado continuo de mortero, o gu\u00eda EAD 040287-00-0404 en caso de sistemas SATE con acabado discontinuo de aplacado cer\u00e1mico o p\u00e9treo.<\/li>\n<li>Las planchas\u00a0<b>SopraXPS CB<\/b>\u00a0se colocan de abajo hacia arriba, en filas horizontales y con juntas contrapeadas (al tresbolillo) en las filas sucesivas, encajadas a tope, evitando que colmate el adhesivo.<\/li>\n<li>Comprobar la planimetr\u00eda con la regla de nivel.<\/li>\n<li>Colocar piezas enteras o medias en esquinas para evitar usar trozos peque\u00f1os.<\/li>\n<li>Revestir, a continuaci\u00f3n, con sistema continuo de mortero o discontinuo de aplacado seg\u00fan indicaciones del fabricante.<\/li>\n<\/ul>","protected":false},"excerpt":{"rendered":"<h5>Aislamiento t\u00e9rmico ideal para los sistemas de aislamiento por el exterior (SATE) y puentes t\u00e9rmicos. Es un panel r\u00edgido de poliestireno extruido (XPS) de superficie rugosa y mecanizado lateral recto.<\/h5>\n<p><span style=\"color: #0000ff;\" data-mce-style=\"color: #0000ff;\"><strong><a style=\"color: #0000ff;\" href=\"https:\/\/remosa.es\/ca\/product\/placa-eps-sate\/\" target=\"_blank\" rel=\"noopener\" data-mce-href=\"https:\/\/remosa.es\/producto\/placa-eps-sate\/\" data-mce-style=\"color: #0000ff;\">Placas de EPS para Aislamiento de Fachada<\/a><\/strong><\/span><\/p>","protected":false},"featured_media":2380,"comment_status":"open","ping_status":"closed","template":"","meta":[],"product_cat":[122,123],"product_tag":[302,303,301],"class_list":{"0":"post-2377","1":"product","2":"type-product","3":"status-publish","4":"has-post-thumbnail","6":"product_cat-aislamiento","7":"product_cat-aislante","8":"product_tag-aislamiento-termico","9":"product_tag-xps-para-zocalo","10":"product_tag-xps-sate","12":"first","13":"instock","14":"shipping-taxable","15":"purchasable","16":"product-type-variable"},"yoast_head":"<!-- This site is optimized with the Yoast SEO Premium plugin v22.7 (Yoast SEO v22.8) - https:\/\/yoast.com\/wordpress\/plugins\/seo\/ -->\n<title>PLACA XPS SATE - Remosa<\/title>\n<meta name=\"description\" content=\"PLACA EPS Juntas SATE. Placas de 10 mm para relleno o para juntas en los Sistemas de Aislamiento Exterior (SATE) con EPS.\" \/>\n<meta name=\"robots\" content=\"index, follow, max-snippet:-1, max-image-preview:large, max-video-preview:-1\" \/>\n<link rel=\"canonical\" href=\"https:\/\/remosa.es\/ca\/product\/placa-xps-sate\/\" \/>\n<meta property=\"og:locale\" content=\"ca_ES\" \/>\n<meta property=\"og:type\" content=\"article\" \/>\n<meta property=\"og:title\" content=\"PLACA XPS SATE\" \/>\n<meta property=\"og:description\" content=\"PLACA EPS Juntas SATE. Placas de 10 mm para relleno o para juntas en los Sistemas de Aislamiento Exterior (SATE) con EPS.\" \/>\n<meta property=\"og:url\" content=\"https:\/\/remosa.es\/ca\/product\/placa-xps-sate\/\" \/>\n<meta property=\"og:site_name\" content=\"Remosa\" \/>\n<meta property=\"article:modified_time\" content=\"2025-11-12T12:02:27+00:00\" \/>\n<meta property=\"og:image\" content=\"https:\/\/remosa.es\/wp-content\/uploads\/2025\/11\/AIS284.webp\" \/>\n\t<meta property=\"og:image:width\" content=\"901\" \/>\n\t<meta property=\"og:image:height\" content=\"500\" \/>\n\t<meta property=\"og:image:type\" content=\"image\/webp\" \/>\n<meta name=\"twitter:card\" content=\"summary_large_image\" \/>\n<meta name=\"twitter:label1\" content=\"Temps estimat de lectura\" \/>\n\t<meta name=\"twitter:data1\" content=\"2 minuts\" \/>\n<script type=\"application\/ld+json\" class=\"yoast-schema-graph\">{\"@context\":\"https:\/\/schema.org\",\"@graph\":[{\"@type\":\"WebPage\",\"@id\":\"https:\/\/remosa.es\/producto\/placa-xps-sate\/\",\"url\":\"https:\/\/remosa.es\/producto\/placa-xps-sate\/\",\"name\":\"PLACA XPS SATE - Remosa\",\"isPartOf\":{\"@id\":\"https:\/\/remosa.es\/#website\"},\"primaryImageOfPage\":{\"@id\":\"https:\/\/remosa.es\/producto\/placa-xps-sate\/#primaryimage\"},\"image\":{\"@id\":\"https:\/\/remosa.es\/producto\/placa-xps-sate\/#primaryimage\"},\"thumbnailUrl\":\"https:\/\/remosa.es\/wp-content\/uploads\/2025\/11\/AIS284-e1762422724994.webp\",\"datePublished\":\"2025-11-06T09:32:09+00:00\",\"dateModified\":\"2025-11-12T12:02:27+00:00\",\"description\":\"PLACA EPS Juntas SATE. Placas de 10 mm para relleno o para juntas en los Sistemas de Aislamiento Exterior (SATE) con EPS.\",\"breadcrumb\":{\"@id\":\"https:\/\/remosa.es\/producto\/placa-xps-sate\/#breadcrumb\"},\"inLanguage\":\"ca\",\"potentialAction\":[{\"@type\":\"ReadAction\",\"target\":[\"https:\/\/remosa.es\/producto\/placa-xps-sate\/\"]}]},{\"@type\":\"ImageObject\",\"inLanguage\":\"ca\",\"@id\":\"https:\/\/remosa.es\/producto\/placa-xps-sate\/#primaryimage\",\"url\":\"https:\/\/remosa.es\/wp-content\/uploads\/2025\/11\/AIS284-e1762422724994.webp\",\"contentUrl\":\"https:\/\/remosa.es\/wp-content\/uploads\/2025\/11\/AIS284-e1762422724994.webp\",\"width\":277,\"height\":277,\"caption\":\"SOPREMA XPS SATE\"},{\"@type\":\"BreadcrumbList\",\"@id\":\"https:\/\/remosa.es\/producto\/placa-xps-sate\/#breadcrumb\",\"itemListElement\":[{\"@type\":\"ListItem\",\"position\":1,\"name\":\"Portada\",\"item\":\"https:\/\/remosa.es\/\"},{\"@type\":\"ListItem\",\"position\":2,\"name\":\"Productos\",\"item\":\"https:\/\/remosa.es\/productos\/\"},{\"@type\":\"ListItem\",\"position\":3,\"name\":\"PLACA XPS SATE\"}]},{\"@type\":\"WebSite\",\"@id\":\"https:\/\/remosa.es\/#website\",\"url\":\"https:\/\/remosa.es\/\",\"name\":\"Remosa\",\"description\":\"Tu empresa de material de construcci\u00f3n\",\"publisher\":{\"@id\":\"https:\/\/remosa.es\/#organization\"},\"potentialAction\":[{\"@type\":\"SearchAction\",\"target\":{\"@type\":\"EntryPoint\",\"urlTemplate\":\"https:\/\/remosa.es\/?s={search_term_string}\"},\"query-input\":\"required name=search_term_string\"}],\"inLanguage\":\"ca\"},{\"@type\":\"Organization\",\"@id\":\"https:\/\/remosa.es\/#organization\",\"name\":\"Remosa\",\"url\":\"https:\/\/remosa.es\/\",\"logo\":{\"@type\":\"ImageObject\",\"inLanguage\":\"ca\",\"@id\":\"https:\/\/remosa.es\/#\/schema\/logo\/image\/\",\"url\":\"https:\/\/remosa.es\/wp-content\/uploads\/2023\/12\/cropped-remosa-logo-trans-1.png\",\"contentUrl\":\"https:\/\/remosa.es\/wp-content\/uploads\/2023\/12\/cropped-remosa-logo-trans-1.png\",\"width\":209,\"height\":88,\"caption\":\"Remosa\"},\"image\":{\"@id\":\"https:\/\/remosa.es\/#\/schema\/logo\/image\/\"}}]}<\/script>\n<!-- \/ Yoast SEO Premium plugin. -->","yoast_head_json":{"title":"PLACA XPS SATE - Remosa","description":"PLACA EPS Juntas SATE. Placas de 10 mm para relleno o para juntas en los Sistemas de Aislamiento Exterior (SATE) con EPS.","robots":{"index":"index","follow":"follow","max-snippet":"max-snippet:-1","max-image-preview":"max-image-preview:large","max-video-preview":"max-video-preview:-1"},"canonical":"https:\/\/remosa.es\/ca\/product\/placa-xps-sate\/","og_locale":"ca_ES","og_type":"article","og_title":"PLACA XPS SATE","og_description":"PLACA EPS Juntas SATE. Placas de 10 mm para relleno o para juntas en los Sistemas de Aislamiento Exterior (SATE) con EPS.","og_url":"https:\/\/remosa.es\/ca\/product\/placa-xps-sate\/","og_site_name":"Remosa","article_modified_time":"2025-11-12T12:02:27+00:00","og_image":[{"width":901,"height":500,"url":"https:\/\/remosa.es\/wp-content\/uploads\/2025\/11\/AIS284.webp","type":"image\/webp"}],"twitter_card":"summary_large_image","twitter_misc":{"Temps estimat de lectura":"2 minuts"},"schema":{"@context":"https:\/\/schema.org","@graph":[{"@type":"WebPage","@id":"https:\/\/remosa.es\/producto\/placa-xps-sate\/","url":"https:\/\/remosa.es\/producto\/placa-xps-sate\/","name":"PLACA XPS SATE - Remosa","isPartOf":{"@id":"https:\/\/remosa.es\/#website"},"primaryImageOfPage":{"@id":"https:\/\/remosa.es\/producto\/placa-xps-sate\/#primaryimage"},"image":{"@id":"https:\/\/remosa.es\/producto\/placa-xps-sate\/#primaryimage"},"thumbnailUrl":"https:\/\/remosa.es\/wp-content\/uploads\/2025\/11\/AIS284-e1762422724994.webp","datePublished":"2025-11-06T09:32:09+00:00","dateModified":"2025-11-12T12:02:27+00:00","description":"PLACA EPS Juntas SATE. Placas de 10 mm para relleno o para juntas en los Sistemas de Aislamiento Exterior (SATE) con EPS.","breadcrumb":{"@id":"https:\/\/remosa.es\/producto\/placa-xps-sate\/#breadcrumb"},"inLanguage":"ca","potentialAction":[{"@type":"ReadAction","target":["https:\/\/remosa.es\/producto\/placa-xps-sate\/"]}]},{"@type":"ImageObject","inLanguage":"ca","@id":"https:\/\/remosa.es\/producto\/placa-xps-sate\/#primaryimage","url":"https:\/\/remosa.es\/wp-content\/uploads\/2025\/11\/AIS284-e1762422724994.webp","contentUrl":"https:\/\/remosa.es\/wp-content\/uploads\/2025\/11\/AIS284-e1762422724994.webp","width":277,"height":277,"caption":"SOPREMA XPS SATE"},{"@type":"BreadcrumbList","@id":"https:\/\/remosa.es\/producto\/placa-xps-sate\/#breadcrumb","itemListElement":[{"@type":"ListItem","position":1,"name":"Portada","item":"https:\/\/remosa.es\/"},{"@type":"ListItem","position":2,"name":"Productos","item":"https:\/\/remosa.es\/productos\/"},{"@type":"ListItem","position":3,"name":"PLACA XPS SATE"}]},{"@type":"WebSite","@id":"https:\/\/remosa.es\/#website","url":"https:\/\/remosa.es\/","name":"Remosa","description":"Tu empresa de material de construcci\u00f3n","publisher":{"@id":"https:\/\/remosa.es\/#organization"},"potentialAction":[{"@type":"SearchAction","target":{"@type":"EntryPoint","urlTemplate":"https:\/\/remosa.es\/?s={search_term_string}"},"query-input":"required name=search_term_string"}],"inLanguage":"ca"},{"@type":"Organization","@id":"https:\/\/remosa.es\/#organization","name":"Remosa","url":"https:\/\/remosa.es\/","logo":{"@type":"ImageObject","inLanguage":"ca","@id":"https:\/\/remosa.es\/#\/schema\/logo\/image\/","url":"https:\/\/remosa.es\/wp-content\/uploads\/2023\/12\/cropped-remosa-logo-trans-1.png","contentUrl":"https:\/\/remosa.es\/wp-content\/uploads\/2023\/12\/cropped-remosa-logo-trans-1.png","width":209,"height":88,"caption":"Remosa"},"image":{"@id":"https:\/\/remosa.es\/#\/schema\/logo\/image\/"}}]}},"_links":{"self":[{"href":"https:\/\/remosa.es\/ca\/wp-json\/wp\/v2\/product\/2377","targetHints":{"allow":["GET"]}}],"collection":[{"href":"https:\/\/remosa.es\/ca\/wp-json\/wp\/v2\/product"}],"about":[{"href":"https:\/\/remosa.es\/ca\/wp-json\/wp\/v2\/types\/product"}],"replies":[{"embeddable":true,"href":"https:\/\/remosa.es\/ca\/wp-json\/wp\/v2\/comments?post=2377"}],"version-history":[{"count":2,"href":"https:\/\/remosa.es\/ca\/wp-json\/wp\/v2\/product\/2377\/revisions"}],"predecessor-version":[{"id":2382,"href":"https:\/\/remosa.es\/ca\/wp-json\/wp\/v2\/product\/2377\/revisions\/2382"}],"wp:featuredmedia":[{"embeddable":true,"href":"https:\/\/remosa.es\/ca\/wp-json\/wp\/v2\/media\/2380"}],"wp:attachment":[{"href":"https:\/\/remosa.es\/ca\/wp-json\/wp\/v2\/media?parent=2377"}],"wp:term":[{"taxonomy":"product_cat","embeddable":true,"href":"https:\/\/remosa.es\/ca\/wp-json\/wp\/v2\/product_cat?post=2377"},{"taxonomy":"product_tag","embeddable":true,"href":"https:\/\/remosa.es\/ca\/wp-json\/wp\/v2\/product_tag?post=2377"}],"curies":[{"name":"wp","href":"https:\/\/api.w.org\/{rel}","templated":true}]}}