{"id":2431,"date":"2026-02-13T10:19:54","date_gmt":"2026-02-13T10:19:54","guid":{"rendered":"https:\/\/remosa.es\/?post_type=product&#038;p=2431"},"modified":"2026-02-26T12:22:31","modified_gmt":"2026-02-26T12:22:31","slug":"perfil-conexion-remate-marco-ventana-sate-antracita","status":"publish","type":"product","link":"https:\/\/remosa.es\/ca\/product\/perfil-conexion-remate-marco-ventana-sate-antracita\/","title":{"rendered":"Perfil Conexi\u00f3n Remate marco ventana SATE &#8211; Antracita &#8211;"},"content":{"rendered":"<p>Perfil Conexi\u00f3n Remate marco ventana SATE &#8211; Antracita &#8211;<\/p>\n<p>Perfil de conexi\u00f3n para unir el SATE al marco de la ventana. Con leng\u00fceta con adhesivo para la proteci\u00f3n de ventanas, permitiendo as\u00ed un acabado perfecto<\/p>\n<p><span style=\"color: #0000ff;\"><a style=\"color: #0000ff;\" href=\"https:\/\/remosa.es\/wp-content\/uploads\/2025\/01\/FO-PERFILES-VENTANA-Ene.25.pdf\" target=\"_blank\" rel=\"noopener\">Catalogo Ventanas SATE<\/a><\/span><\/p>\n<p><iframe title=\"Kombi Laibungsprofil (Artikel-Nr. 646900)\" width=\"1220\" height=\"686\" src=\"https:\/\/www.youtube.com\/embed\/hPhXS4JaJjE?feature=oembed\" frameborder=\"0\" allow=\"accelerometer; autoplay; clipboard-write; encrypted-media; gyroscope; picture-in-picture; web-share\" referrerpolicy=\"strict-origin-when-cross-origin\" allowfullscreen><\/iframe><\/p>\n<p>&nbsp;<\/p>","protected":false},"excerpt":{"rendered":"<p>Perfil Conexi\u00f3n Remate marco ventana SATE<\/p>\n<p>En color antracita para una combinaci\u00f3n perfecta con los marcos de ventanas.<\/p>\n<p>Perfil de conexi\u00f3n para unir el SATE al marco de la ventana. Con leng\u00fceta con adhesivo para la proteci\u00f3n de ventanas, permitiendo as\u00ed un acabado perfecto<\/p>\n<p><span style=\"color: #0000ff;\"><a style=\"color: #0000ff;\" href=\"https:\/\/remosa.es\/wp-content\/uploads\/2025\/01\/FO-PERFILES-VENTANA-Ene.25.pdf\" target=\"_blank\" rel=\"noopener\">Catalogo Ventanas SATE<\/a><\/span><\/p>\n<p><span style=\"color: #0000ff;\"><strong><a style=\"color: #0000ff;\" href=\"https:\/\/www.youtube.com\/watch?v=hPhXS4JaJjE\" target=\"_blank\" rel=\"noopener\">Video Perfil Conexi\u00f3n Ventana<\/a><\/strong><\/span><\/p>","protected":false},"featured_media":2434,"comment_status":"open","ping_status":"closed","template":"","meta":[],"product_cat":[122,124,311,232],"product_tag":[],"class_list":{"0":"post-2431","1":"product","2":"type-product","3":"status-publish","4":"has-post-thumbnail","6":"product_cat-aislamiento","7":"product_cat-perfiles-sate","8":"product_cat-conexion-marco-ventana","9":"product_cat-perfileria","11":"first","12":"instock","13":"shipping-taxable","14":"purchasable","15":"product-type-variable"},"yoast_head":"<!-- This site is optimized with the Yoast SEO Premium plugin v22.7 (Yoast SEO v22.8) - https:\/\/yoast.com\/wordpress\/plugins\/seo\/ -->\n<title>Perfil Conexi\u00f3n Remate marco ventana SATE - Antracita - Remosa<\/title>\n<meta name=\"description\" content=\"Perfil Conexi\u00f3n Remate marco ventana SATE . Perfil que permite un acabado perfecto y limpio gracias al adhesivo para protecci\u00f3n. Color Antracita\" \/>\n<meta name=\"robots\" content=\"index, follow, max-snippet:-1, max-image-preview:large, max-video-preview:-1\" \/>\n<link rel=\"canonical\" href=\"https:\/\/remosa.es\/ca\/product\/perfil-conexion-remate-marco-ventana-sate-antracita\/\" \/>\n<meta property=\"og:locale\" content=\"ca_ES\" \/>\n<meta property=\"og:type\" content=\"article\" \/>\n<meta property=\"og:title\" content=\"Perfil Conexi\u00f3n Remate marco ventana SATE - Antracita -\" \/>\n<meta property=\"og:description\" content=\"Perfil Conexi\u00f3n Remate marco ventana SATE . Perfil que permite un acabado perfecto y limpio gracias al adhesivo para protecci\u00f3n. Color Antracita\" \/>\n<meta property=\"og:url\" content=\"https:\/\/remosa.es\/ca\/product\/perfil-conexion-remate-marco-ventana-sate-antracita\/\" \/>\n<meta property=\"og:site_name\" content=\"Remosa\" \/>\n<meta property=\"article:modified_time\" content=\"2026-02-26T12:22:31+00:00\" \/>\n<meta property=\"og:image\" content=\"https:\/\/remosa.es\/wp-content\/uploads\/2026\/02\/AIS323.jpg\" \/>\n\t<meta property=\"og:image:width\" content=\"280\" \/>\n\t<meta property=\"og:image:height\" content=\"280\" \/>\n\t<meta property=\"og:image:type\" content=\"image\/jpeg\" \/>\n<meta name=\"twitter:card\" content=\"summary_large_image\" \/>\n<meta name=\"twitter:label1\" content=\"Temps estimat de lectura\" \/>\n\t<meta name=\"twitter:data1\" content=\"1 minut\" \/>\n<script type=\"application\/ld+json\" class=\"yoast-schema-graph\">{\"@context\":\"https:\/\/schema.org\",\"@graph\":[{\"@type\":\"WebPage\",\"@id\":\"https:\/\/remosa.es\/producto\/perfil-conexion-remate-marco-ventana-sate-antracita\/\",\"url\":\"https:\/\/remosa.es\/producto\/perfil-conexion-remate-marco-ventana-sate-antracita\/\",\"name\":\"Perfil Conexi\u00f3n Remate marco ventana SATE - Antracita - Remosa\",\"isPartOf\":{\"@id\":\"https:\/\/remosa.es\/#website\"},\"primaryImageOfPage\":{\"@id\":\"https:\/\/remosa.es\/producto\/perfil-conexion-remate-marco-ventana-sate-antracita\/#primaryimage\"},\"image\":{\"@id\":\"https:\/\/remosa.es\/producto\/perfil-conexion-remate-marco-ventana-sate-antracita\/#primaryimage\"},\"thumbnailUrl\":\"https:\/\/remosa.es\/wp-content\/uploads\/2026\/02\/AIS323.jpg\",\"datePublished\":\"2026-02-13T10:19:54+00:00\",\"dateModified\":\"2026-02-26T12:22:31+00:00\",\"description\":\"Perfil Conexi\u00f3n Remate marco ventana SATE . Perfil que permite un acabado perfecto y limpio gracias al adhesivo para protecci\u00f3n. Color Antracita\",\"breadcrumb\":{\"@id\":\"https:\/\/remosa.es\/producto\/perfil-conexion-remate-marco-ventana-sate-antracita\/#breadcrumb\"},\"inLanguage\":\"ca\",\"potentialAction\":[{\"@type\":\"ReadAction\",\"target\":[\"https:\/\/remosa.es\/producto\/perfil-conexion-remate-marco-ventana-sate-antracita\/\"]}]},{\"@type\":\"ImageObject\",\"inLanguage\":\"ca\",\"@id\":\"https:\/\/remosa.es\/producto\/perfil-conexion-remate-marco-ventana-sate-antracita\/#primaryimage\",\"url\":\"https:\/\/remosa.es\/wp-content\/uploads\/2026\/02\/AIS323.jpg\",\"contentUrl\":\"https:\/\/remosa.es\/wp-content\/uploads\/2026\/02\/AIS323.jpg\",\"width\":280,\"height\":280,\"caption\":\"Remate Ventana Antracita\"},{\"@type\":\"BreadcrumbList\",\"@id\":\"https:\/\/remosa.es\/producto\/perfil-conexion-remate-marco-ventana-sate-antracita\/#breadcrumb\",\"itemListElement\":[{\"@type\":\"ListItem\",\"position\":1,\"name\":\"Portada\",\"item\":\"https:\/\/remosa.es\/\"},{\"@type\":\"ListItem\",\"position\":2,\"name\":\"Productos\",\"item\":\"https:\/\/remosa.es\/productos\/\"},{\"@type\":\"ListItem\",\"position\":3,\"name\":\"Perfil Conexi\u00f3n Remate marco ventana SATE &#8211; Antracita &#8211;\"}]},{\"@type\":\"WebSite\",\"@id\":\"https:\/\/remosa.es\/#website\",\"url\":\"https:\/\/remosa.es\/\",\"name\":\"Remosa\",\"description\":\"Tu empresa de material de construcci\u00f3n\",\"publisher\":{\"@id\":\"https:\/\/remosa.es\/#organization\"},\"potentialAction\":[{\"@type\":\"SearchAction\",\"target\":{\"@type\":\"EntryPoint\",\"urlTemplate\":\"https:\/\/remosa.es\/?s={search_term_string}\"},\"query-input\":\"required name=search_term_string\"}],\"inLanguage\":\"ca\"},{\"@type\":\"Organization\",\"@id\":\"https:\/\/remosa.es\/#organization\",\"name\":\"Remosa\",\"url\":\"https:\/\/remosa.es\/\",\"logo\":{\"@type\":\"ImageObject\",\"inLanguage\":\"ca\",\"@id\":\"https:\/\/remosa.es\/#\/schema\/logo\/image\/\",\"url\":\"https:\/\/remosa.es\/wp-content\/uploads\/2023\/12\/cropped-remosa-logo-trans-1.png\",\"contentUrl\":\"https:\/\/remosa.es\/wp-content\/uploads\/2023\/12\/cropped-remosa-logo-trans-1.png\",\"width\":209,\"height\":88,\"caption\":\"Remosa\"},\"image\":{\"@id\":\"https:\/\/remosa.es\/#\/schema\/logo\/image\/\"}}]}<\/script>\n<!-- \/ Yoast SEO Premium plugin. -->","yoast_head_json":{"title":"Perfil Conexi\u00f3n Remate marco ventana SATE - Antracita - Remosa","description":"Perfil Conexi\u00f3n Remate marco ventana SATE . Perfil que permite un acabado perfecto y limpio gracias al adhesivo para protecci\u00f3n. Color Antracita","robots":{"index":"index","follow":"follow","max-snippet":"max-snippet:-1","max-image-preview":"max-image-preview:large","max-video-preview":"max-video-preview:-1"},"canonical":"https:\/\/remosa.es\/ca\/product\/perfil-conexion-remate-marco-ventana-sate-antracita\/","og_locale":"ca_ES","og_type":"article","og_title":"Perfil Conexi\u00f3n Remate marco ventana SATE - Antracita -","og_description":"Perfil Conexi\u00f3n Remate marco ventana SATE . Perfil que permite un acabado perfecto y limpio gracias al adhesivo para protecci\u00f3n. Color Antracita","og_url":"https:\/\/remosa.es\/ca\/product\/perfil-conexion-remate-marco-ventana-sate-antracita\/","og_site_name":"Remosa","article_modified_time":"2026-02-26T12:22:31+00:00","og_image":[{"width":280,"height":280,"url":"https:\/\/remosa.es\/wp-content\/uploads\/2026\/02\/AIS323.jpg","type":"image\/jpeg"}],"twitter_card":"summary_large_image","twitter_misc":{"Temps estimat de lectura":"1 minut"},"schema":{"@context":"https:\/\/schema.org","@graph":[{"@type":"WebPage","@id":"https:\/\/remosa.es\/producto\/perfil-conexion-remate-marco-ventana-sate-antracita\/","url":"https:\/\/remosa.es\/producto\/perfil-conexion-remate-marco-ventana-sate-antracita\/","name":"Perfil Conexi\u00f3n Remate marco ventana SATE - Antracita - Remosa","isPartOf":{"@id":"https:\/\/remosa.es\/#website"},"primaryImageOfPage":{"@id":"https:\/\/remosa.es\/producto\/perfil-conexion-remate-marco-ventana-sate-antracita\/#primaryimage"},"image":{"@id":"https:\/\/remosa.es\/producto\/perfil-conexion-remate-marco-ventana-sate-antracita\/#primaryimage"},"thumbnailUrl":"https:\/\/remosa.es\/wp-content\/uploads\/2026\/02\/AIS323.jpg","datePublished":"2026-02-13T10:19:54+00:00","dateModified":"2026-02-26T12:22:31+00:00","description":"Perfil Conexi\u00f3n Remate marco ventana SATE . Perfil que permite un acabado perfecto y limpio gracias al adhesivo para protecci\u00f3n. Color Antracita","breadcrumb":{"@id":"https:\/\/remosa.es\/producto\/perfil-conexion-remate-marco-ventana-sate-antracita\/#breadcrumb"},"inLanguage":"ca","potentialAction":[{"@type":"ReadAction","target":["https:\/\/remosa.es\/producto\/perfil-conexion-remate-marco-ventana-sate-antracita\/"]}]},{"@type":"ImageObject","inLanguage":"ca","@id":"https:\/\/remosa.es\/producto\/perfil-conexion-remate-marco-ventana-sate-antracita\/#primaryimage","url":"https:\/\/remosa.es\/wp-content\/uploads\/2026\/02\/AIS323.jpg","contentUrl":"https:\/\/remosa.es\/wp-content\/uploads\/2026\/02\/AIS323.jpg","width":280,"height":280,"caption":"Remate Ventana Antracita"},{"@type":"BreadcrumbList","@id":"https:\/\/remosa.es\/producto\/perfil-conexion-remate-marco-ventana-sate-antracita\/#breadcrumb","itemListElement":[{"@type":"ListItem","position":1,"name":"Portada","item":"https:\/\/remosa.es\/"},{"@type":"ListItem","position":2,"name":"Productos","item":"https:\/\/remosa.es\/productos\/"},{"@type":"ListItem","position":3,"name":"Perfil Conexi\u00f3n Remate marco ventana SATE &#8211; Antracita &#8211;"}]},{"@type":"WebSite","@id":"https:\/\/remosa.es\/#website","url":"https:\/\/remosa.es\/","name":"Remosa","description":"Tu empresa de material de construcci\u00f3n","publisher":{"@id":"https:\/\/remosa.es\/#organization"},"potentialAction":[{"@type":"SearchAction","target":{"@type":"EntryPoint","urlTemplate":"https:\/\/remosa.es\/?s={search_term_string}"},"query-input":"required name=search_term_string"}],"inLanguage":"ca"},{"@type":"Organization","@id":"https:\/\/remosa.es\/#organization","name":"Remosa","url":"https:\/\/remosa.es\/","logo":{"@type":"ImageObject","inLanguage":"ca","@id":"https:\/\/remosa.es\/#\/schema\/logo\/image\/","url":"https:\/\/remosa.es\/wp-content\/uploads\/2023\/12\/cropped-remosa-logo-trans-1.png","contentUrl":"https:\/\/remosa.es\/wp-content\/uploads\/2023\/12\/cropped-remosa-logo-trans-1.png","width":209,"height":88,"caption":"Remosa"},"image":{"@id":"https:\/\/remosa.es\/#\/schema\/logo\/image\/"}}]}},"_links":{"self":[{"href":"https:\/\/remosa.es\/ca\/wp-json\/wp\/v2\/product\/2431","targetHints":{"allow":["GET"]}}],"collection":[{"href":"https:\/\/remosa.es\/ca\/wp-json\/wp\/v2\/product"}],"about":[{"href":"https:\/\/remosa.es\/ca\/wp-json\/wp\/v2\/types\/product"}],"replies":[{"embeddable":true,"href":"https:\/\/remosa.es\/ca\/wp-json\/wp\/v2\/comments?post=2431"}],"version-history":[{"count":1,"href":"https:\/\/remosa.es\/ca\/wp-json\/wp\/v2\/product\/2431\/revisions"}],"predecessor-version":[{"id":2436,"href":"https:\/\/remosa.es\/ca\/wp-json\/wp\/v2\/product\/2431\/revisions\/2436"}],"wp:featuredmedia":[{"embeddable":true,"href":"https:\/\/remosa.es\/ca\/wp-json\/wp\/v2\/media\/2434"}],"wp:attachment":[{"href":"https:\/\/remosa.es\/ca\/wp-json\/wp\/v2\/media?parent=2431"}],"wp:term":[{"taxonomy":"product_cat","embeddable":true,"href":"https:\/\/remosa.es\/ca\/wp-json\/wp\/v2\/product_cat?post=2431"},{"taxonomy":"product_tag","embeddable":true,"href":"https:\/\/remosa.es\/ca\/wp-json\/wp\/v2\/product_tag?post=2431"}],"curies":[{"name":"wp","href":"https:\/\/api.w.org\/{rel}","templated":true}]}}