{"id":2455,"date":"2026-02-26T12:32:26","date_gmt":"2026-02-26T12:32:26","guid":{"rendered":"https:\/\/remosa.es\/?post_type=product&#038;p=2455"},"modified":"2026-02-26T12:45:38","modified_gmt":"2026-02-26T12:45:38","slug":"junta-de-dilatacion-plana-grande-fachada-sate","status":"publish","type":"product","link":"https:\/\/remosa.es\/ca\/product\/junta-de-dilatacion-plana-grande-fachada-sate\/","title":{"rendered":"Junta de dilataci\u00f3n plana Grande fachada SATE"},"content":{"rendered":"<h4>Junta de dilataci\u00f3n fachada SATE<\/h4>\n<p>Junta de dilataci\u00f3n SATE verticales o llamada tambi\u00e9n Junta de Trabajo en fachada<\/p>\n<p>Formada por un perfil de PVC r\u00edgido con zona interior de PVC blando, con malla de fibra de vidrio \u00e1lcali resistente para el tratamiento de juntas de dilataci\u00f3n verticales y planas en fachadas con sistemas de aislamiento t\u00e9rmico por el exterior<\/p>\n<p>Perfil de remate de las juntas de dilataci\u00f3n en los sistemas de aislamiento t\u00e9rmico con placas SATE en modelos diferenciados seg\u00fan su colocaci\u00f3n en plano modelo\u00a0<strong>3035\u00a0<\/strong>o en rinc\u00f3n modelo\u00a0<strong>3036,\u00a0<\/strong>con absorci\u00f3n de movimiento:. +\/- 5 mm, formados por una parte r\u00edgida de PVC blanco + parte central blanda para mejor adaptabilidad + malla de fibra de vidrio en ambos lado.<\/p>\n<h4>TAMBIEN PARA RINCONES:<\/h4>\n<p>El modelo\u00a0<strong>37531<\/strong>\u00a0a diferencia de los dem\u00e1s modelos, se puede emplear indistintamente en junta plana\u00a0 o\u00a0 en junta de rinc\u00f3n.<\/p>\n<p>Este tiene una Junta de movimiento de PVC, apta para superficies y esquinas interiores de hasta 90\u00ba y una absorci\u00f3n de movimiento: +\/\u20131 mm<\/p>\n<p>En Acero Inoxidable disponemos de la referencia\u00a0<strong>2320<\/strong>\u00a0 para juntas de +5\/-2 mm, se presenta sin la malla de fibra de vidrio, solo disponible bajo pedido<\/p>","protected":false},"excerpt":{"rendered":"<p>Perfil de PVC + MALLA para formar juntas de dilataci\u00f3n verticales en fachada<\/p>\n<p>Sistema Aislamiento T\u00e9rmico Exterior (SATE)<\/p>\n<p><span style=\"color: #3366ff;\"><strong><a style=\"color: #3366ff;\" href=\"https:\/\/remosa.es\/ca\/producte\/junta-de-dilatacion-acero-galvanizado-pvc\/\">Junta dilatacion fachada<\/a><\/strong><\/span><\/p>","protected":false},"featured_media":2460,"comment_status":"open","ping_status":"closed","template":"","meta":[],"product_cat":[122,124,312,232],"product_tag":[],"class_list":{"0":"post-2455","1":"product","2":"type-product","3":"status-publish","4":"has-post-thumbnail","6":"product_cat-aislamiento","7":"product_cat-perfiles-sate","8":"product_cat-junta-de-dilaltacion","9":"product_cat-perfileria","11":"first","12":"instock","13":"shipping-taxable","14":"purchasable","15":"product-type-variable"},"yoast_head":"<!-- This site is optimized with the Yoast SEO Premium plugin v22.7 (Yoast SEO v22.8) - https:\/\/yoast.com\/wordpress\/plugins\/seo\/ -->\n<title>Junta de dilataci\u00f3n plana Grande fachada SATE - Remosa<\/title>\n<meta name=\"description\" content=\"Junta de dilataci\u00f3n para sistema aislamiento t\u00e9rmico en fachada (SATE). En PVC con malla de fibra de vidrio con certificado ETAG\" \/>\n<meta name=\"robots\" content=\"index, follow, max-snippet:-1, max-image-preview:large, max-video-preview:-1\" \/>\n<link rel=\"canonical\" href=\"https:\/\/remosa.es\/ca\/product\/junta-de-dilatacion-plana-grande-fachada-sate\/\" \/>\n<meta property=\"og:locale\" content=\"ca_ES\" \/>\n<meta property=\"og:type\" content=\"article\" \/>\n<meta property=\"og:title\" content=\"Junta de dilataci\u00f3n plana Grande fachada SATE\" \/>\n<meta property=\"og:description\" content=\"Junta de dilataci\u00f3n para sistema aislamiento t\u00e9rmico en fachada (SATE). En PVC con malla de fibra de vidrio con certificado ETAG\" \/>\n<meta property=\"og:url\" content=\"https:\/\/remosa.es\/ca\/product\/junta-de-dilatacion-plana-grande-fachada-sate\/\" \/>\n<meta property=\"og:site_name\" content=\"Remosa\" \/>\n<meta property=\"article:modified_time\" content=\"2026-02-26T12:45:38+00:00\" \/>\n<meta property=\"og:image\" content=\"https:\/\/remosa.es\/wp-content\/uploads\/2026\/02\/AIS142.jpg\" \/>\n\t<meta property=\"og:image:width\" content=\"773\" \/>\n\t<meta property=\"og:image:height\" content=\"773\" \/>\n\t<meta property=\"og:image:type\" content=\"image\/jpeg\" \/>\n<meta name=\"twitter:card\" content=\"summary_large_image\" \/>\n<meta name=\"twitter:label1\" content=\"Temps estimat de lectura\" \/>\n\t<meta name=\"twitter:data1\" content=\"2 minuts\" \/>\n<script type=\"application\/ld+json\" class=\"yoast-schema-graph\">{\"@context\":\"https:\/\/schema.org\",\"@graph\":[{\"@type\":\"WebPage\",\"@id\":\"https:\/\/remosa.es\/producto\/junta-de-dilatacion-plana-grande-fachada-sate\/\",\"url\":\"https:\/\/remosa.es\/producto\/junta-de-dilatacion-plana-grande-fachada-sate\/\",\"name\":\"Junta de dilataci\u00f3n plana Grande fachada SATE - Remosa\",\"isPartOf\":{\"@id\":\"https:\/\/remosa.es\/#website\"},\"primaryImageOfPage\":{\"@id\":\"https:\/\/remosa.es\/producto\/junta-de-dilatacion-plana-grande-fachada-sate\/#primaryimage\"},\"image\":{\"@id\":\"https:\/\/remosa.es\/producto\/junta-de-dilatacion-plana-grande-fachada-sate\/#primaryimage\"},\"thumbnailUrl\":\"https:\/\/remosa.es\/wp-content\/uploads\/2026\/02\/AIS142.jpg\",\"datePublished\":\"2026-02-26T12:32:26+00:00\",\"dateModified\":\"2026-02-26T12:45:38+00:00\",\"description\":\"Junta de dilataci\u00f3n para sistema aislamiento t\u00e9rmico en fachada (SATE). En PVC con malla de fibra de vidrio con certificado ETAG\",\"breadcrumb\":{\"@id\":\"https:\/\/remosa.es\/producto\/junta-de-dilatacion-plana-grande-fachada-sate\/#breadcrumb\"},\"inLanguage\":\"ca\",\"potentialAction\":[{\"@type\":\"ReadAction\",\"target\":[\"https:\/\/remosa.es\/producto\/junta-de-dilatacion-plana-grande-fachada-sate\/\"]}]},{\"@type\":\"ImageObject\",\"inLanguage\":\"ca\",\"@id\":\"https:\/\/remosa.es\/producto\/junta-de-dilatacion-plana-grande-fachada-sate\/#primaryimage\",\"url\":\"https:\/\/remosa.es\/wp-content\/uploads\/2026\/02\/AIS142.jpg\",\"contentUrl\":\"https:\/\/remosa.es\/wp-content\/uploads\/2026\/02\/AIS142.jpg\",\"width\":773,\"height\":773},{\"@type\":\"BreadcrumbList\",\"@id\":\"https:\/\/remosa.es\/producto\/junta-de-dilatacion-plana-grande-fachada-sate\/#breadcrumb\",\"itemListElement\":[{\"@type\":\"ListItem\",\"position\":1,\"name\":\"Portada\",\"item\":\"https:\/\/remosa.es\/\"},{\"@type\":\"ListItem\",\"position\":2,\"name\":\"Productos\",\"item\":\"https:\/\/remosa.es\/productos\/\"},{\"@type\":\"ListItem\",\"position\":3,\"name\":\"Junta de dilataci\u00f3n plana Grande fachada SATE\"}]},{\"@type\":\"WebSite\",\"@id\":\"https:\/\/remosa.es\/#website\",\"url\":\"https:\/\/remosa.es\/\",\"name\":\"Remosa\",\"description\":\"Tu empresa de material de construcci\u00f3n\",\"publisher\":{\"@id\":\"https:\/\/remosa.es\/#organization\"},\"potentialAction\":[{\"@type\":\"SearchAction\",\"target\":{\"@type\":\"EntryPoint\",\"urlTemplate\":\"https:\/\/remosa.es\/?s={search_term_string}\"},\"query-input\":\"required name=search_term_string\"}],\"inLanguage\":\"ca\"},{\"@type\":\"Organization\",\"@id\":\"https:\/\/remosa.es\/#organization\",\"name\":\"Remosa\",\"url\":\"https:\/\/remosa.es\/\",\"logo\":{\"@type\":\"ImageObject\",\"inLanguage\":\"ca\",\"@id\":\"https:\/\/remosa.es\/#\/schema\/logo\/image\/\",\"url\":\"https:\/\/remosa.es\/wp-content\/uploads\/2023\/12\/cropped-remosa-logo-trans-1.png\",\"contentUrl\":\"https:\/\/remosa.es\/wp-content\/uploads\/2023\/12\/cropped-remosa-logo-trans-1.png\",\"width\":209,\"height\":88,\"caption\":\"Remosa\"},\"image\":{\"@id\":\"https:\/\/remosa.es\/#\/schema\/logo\/image\/\"}}]}<\/script>\n<!-- \/ Yoast SEO Premium plugin. -->","yoast_head_json":{"title":"Junta de dilataci\u00f3n plana Grande fachada SATE - Remosa","description":"Junta de dilataci\u00f3n para sistema aislamiento t\u00e9rmico en fachada (SATE). En PVC con malla de fibra de vidrio con certificado ETAG","robots":{"index":"index","follow":"follow","max-snippet":"max-snippet:-1","max-image-preview":"max-image-preview:large","max-video-preview":"max-video-preview:-1"},"canonical":"https:\/\/remosa.es\/ca\/product\/junta-de-dilatacion-plana-grande-fachada-sate\/","og_locale":"ca_ES","og_type":"article","og_title":"Junta de dilataci\u00f3n plana Grande fachada SATE","og_description":"Junta de dilataci\u00f3n para sistema aislamiento t\u00e9rmico en fachada (SATE). En PVC con malla de fibra de vidrio con certificado ETAG","og_url":"https:\/\/remosa.es\/ca\/product\/junta-de-dilatacion-plana-grande-fachada-sate\/","og_site_name":"Remosa","article_modified_time":"2026-02-26T12:45:38+00:00","og_image":[{"width":773,"height":773,"url":"https:\/\/remosa.es\/wp-content\/uploads\/2026\/02\/AIS142.jpg","type":"image\/jpeg"}],"twitter_card":"summary_large_image","twitter_misc":{"Temps estimat de lectura":"2 minuts"},"schema":{"@context":"https:\/\/schema.org","@graph":[{"@type":"WebPage","@id":"https:\/\/remosa.es\/producto\/junta-de-dilatacion-plana-grande-fachada-sate\/","url":"https:\/\/remosa.es\/producto\/junta-de-dilatacion-plana-grande-fachada-sate\/","name":"Junta de dilataci\u00f3n plana Grande fachada SATE - Remosa","isPartOf":{"@id":"https:\/\/remosa.es\/#website"},"primaryImageOfPage":{"@id":"https:\/\/remosa.es\/producto\/junta-de-dilatacion-plana-grande-fachada-sate\/#primaryimage"},"image":{"@id":"https:\/\/remosa.es\/producto\/junta-de-dilatacion-plana-grande-fachada-sate\/#primaryimage"},"thumbnailUrl":"https:\/\/remosa.es\/wp-content\/uploads\/2026\/02\/AIS142.jpg","datePublished":"2026-02-26T12:32:26+00:00","dateModified":"2026-02-26T12:45:38+00:00","description":"Junta de dilataci\u00f3n para sistema aislamiento t\u00e9rmico en fachada (SATE). En PVC con malla de fibra de vidrio con certificado ETAG","breadcrumb":{"@id":"https:\/\/remosa.es\/producto\/junta-de-dilatacion-plana-grande-fachada-sate\/#breadcrumb"},"inLanguage":"ca","potentialAction":[{"@type":"ReadAction","target":["https:\/\/remosa.es\/producto\/junta-de-dilatacion-plana-grande-fachada-sate\/"]}]},{"@type":"ImageObject","inLanguage":"ca","@id":"https:\/\/remosa.es\/producto\/junta-de-dilatacion-plana-grande-fachada-sate\/#primaryimage","url":"https:\/\/remosa.es\/wp-content\/uploads\/2026\/02\/AIS142.jpg","contentUrl":"https:\/\/remosa.es\/wp-content\/uploads\/2026\/02\/AIS142.jpg","width":773,"height":773},{"@type":"BreadcrumbList","@id":"https:\/\/remosa.es\/producto\/junta-de-dilatacion-plana-grande-fachada-sate\/#breadcrumb","itemListElement":[{"@type":"ListItem","position":1,"name":"Portada","item":"https:\/\/remosa.es\/"},{"@type":"ListItem","position":2,"name":"Productos","item":"https:\/\/remosa.es\/productos\/"},{"@type":"ListItem","position":3,"name":"Junta de dilataci\u00f3n plana Grande fachada SATE"}]},{"@type":"WebSite","@id":"https:\/\/remosa.es\/#website","url":"https:\/\/remosa.es\/","name":"Remosa","description":"Tu empresa de material de construcci\u00f3n","publisher":{"@id":"https:\/\/remosa.es\/#organization"},"potentialAction":[{"@type":"SearchAction","target":{"@type":"EntryPoint","urlTemplate":"https:\/\/remosa.es\/?s={search_term_string}"},"query-input":"required name=search_term_string"}],"inLanguage":"ca"},{"@type":"Organization","@id":"https:\/\/remosa.es\/#organization","name":"Remosa","url":"https:\/\/remosa.es\/","logo":{"@type":"ImageObject","inLanguage":"ca","@id":"https:\/\/remosa.es\/#\/schema\/logo\/image\/","url":"https:\/\/remosa.es\/wp-content\/uploads\/2023\/12\/cropped-remosa-logo-trans-1.png","contentUrl":"https:\/\/remosa.es\/wp-content\/uploads\/2023\/12\/cropped-remosa-logo-trans-1.png","width":209,"height":88,"caption":"Remosa"},"image":{"@id":"https:\/\/remosa.es\/#\/schema\/logo\/image\/"}}]}},"_links":{"self":[{"href":"https:\/\/remosa.es\/ca\/wp-json\/wp\/v2\/product\/2455","targetHints":{"allow":["GET"]}}],"collection":[{"href":"https:\/\/remosa.es\/ca\/wp-json\/wp\/v2\/product"}],"about":[{"href":"https:\/\/remosa.es\/ca\/wp-json\/wp\/v2\/types\/product"}],"replies":[{"embeddable":true,"href":"https:\/\/remosa.es\/ca\/wp-json\/wp\/v2\/comments?post=2455"}],"version-history":[{"count":1,"href":"https:\/\/remosa.es\/ca\/wp-json\/wp\/v2\/product\/2455\/revisions"}],"predecessor-version":[{"id":2461,"href":"https:\/\/remosa.es\/ca\/wp-json\/wp\/v2\/product\/2455\/revisions\/2461"}],"wp:featuredmedia":[{"embeddable":true,"href":"https:\/\/remosa.es\/ca\/wp-json\/wp\/v2\/media\/2460"}],"wp:attachment":[{"href":"https:\/\/remosa.es\/ca\/wp-json\/wp\/v2\/media?parent=2455"}],"wp:term":[{"taxonomy":"product_cat","embeddable":true,"href":"https:\/\/remosa.es\/ca\/wp-json\/wp\/v2\/product_cat?post=2455"},{"taxonomy":"product_tag","embeddable":true,"href":"https:\/\/remosa.es\/ca\/wp-json\/wp\/v2\/product_tag?post=2455"}],"curies":[{"name":"wp","href":"https:\/\/api.w.org\/{rel}","templated":true}]}}