{"id":2486,"date":"2026-03-05T10:49:57","date_gmt":"2026-03-05T10:49:57","guid":{"rendered":"https:\/\/remosa.es\/?post_type=product&#038;p=2486"},"modified":"2026-03-05T11:01:34","modified_gmt":"2026-03-05T11:01:34","slug":"perfil-goteron-oculto","status":"publish","type":"product","link":"https:\/\/remosa.es\/ca\/product\/perfil-goteron-oculto\/","title":{"rendered":"Perfil Goter\u00f3n Oculto 10mm"},"content":{"rendered":"<h4>Perfil Goter\u00f3n Oculto 10mm<\/h4>\n<h4>Arranque con goter\u00f3n de PVC + malla de fibra de vidrio<\/h4>\n<p>Arranque con goter\u00f3n de PVC + malla de fibra de vidrio, tambi\u00e9n conocido como \u00abPerfil Goter\u00f3n \u00f3 Perfil Vierteaguas\u00bb son perfiles especiales para la perfecta, limpia y adem\u00e1s f\u00e1cil formaci\u00f3n del goter\u00f3n de evacuaci\u00f3n de agua de lluvia, en los dinteles de puertas y ventanas,\u00a0 tanto en rehabilitaci\u00f3n con sistemas de Aislamiento t\u00e9rmico exterior (SATE) como en rehabilitaci\u00f3n con morteros convencionales y monocapa.<\/p>","protected":false},"excerpt":{"rendered":"<p>Perfil de PVC + MALLA para formar goter\u00f3n de evacuaci\u00f3n de agua en los dinteles de puertas y ventanas.<\/p>","protected":false},"featured_media":2490,"comment_status":"open","ping_status":"closed","template":"","meta":[],"product_cat":[232,233],"product_tag":[317],"class_list":{"0":"post-2486","1":"product","2":"type-product","3":"status-publish","4":"has-post-thumbnail","6":"product_cat-perfileria","7":"product_cat-exterior","8":"product_tag-perfil-goteron","10":"first","11":"instock","12":"shipping-taxable","13":"purchasable","14":"product-type-variable","15":"has-default-attributes"},"yoast_head":"<!-- This site is optimized with the Yoast SEO Premium plugin v22.7 (Yoast SEO v22.8) - https:\/\/yoast.com\/wordpress\/plugins\/seo\/ -->\n<title>Perfil Goter\u00f3n Oculto 10mm - Remosa<\/title>\n<meta name=\"description\" content=\"Perfil Goter\u00f3n de PVC + MALLA de fibra de vidrio. Para formar goter\u00f3n de evacuaci\u00f3n de agua en los dinteles de puertas y ventanas.\" \/>\n<meta name=\"robots\" content=\"index, follow, max-snippet:-1, max-image-preview:large, max-video-preview:-1\" \/>\n<link rel=\"canonical\" href=\"https:\/\/remosa.es\/ca\/product\/perfil-goteron-oculto\/\" \/>\n<meta property=\"og:locale\" content=\"ca_ES\" \/>\n<meta property=\"og:type\" content=\"article\" \/>\n<meta property=\"og:title\" content=\"Perfil Goter\u00f3n Oculto 10mm\" \/>\n<meta property=\"og:description\" content=\"Perfil Goter\u00f3n de PVC + MALLA de fibra de vidrio. Para formar goter\u00f3n de evacuaci\u00f3n de agua en los dinteles de puertas y ventanas.\" \/>\n<meta property=\"og:url\" content=\"https:\/\/remosa.es\/ca\/product\/perfil-goteron-oculto\/\" \/>\n<meta property=\"og:site_name\" content=\"Remosa\" \/>\n<meta property=\"article:modified_time\" content=\"2026-03-05T11:01:34+00:00\" \/>\n<meta property=\"og:image\" content=\"https:\/\/remosa.es\/wp-content\/uploads\/2026\/03\/PEW207-1.jpg\" \/>\n\t<meta property=\"og:image:width\" content=\"550\" \/>\n\t<meta property=\"og:image:height\" content=\"556\" \/>\n\t<meta property=\"og:image:type\" content=\"image\/jpeg\" \/>\n<meta name=\"twitter:card\" content=\"summary_large_image\" \/>\n<meta name=\"twitter:label1\" content=\"Temps estimat de lectura\" \/>\n\t<meta name=\"twitter:data1\" content=\"1 minut\" \/>\n<script type=\"application\/ld+json\" class=\"yoast-schema-graph\">{\"@context\":\"https:\/\/schema.org\",\"@graph\":[{\"@type\":\"WebPage\",\"@id\":\"https:\/\/remosa.es\/producto\/perfil-goteron-oculto\/\",\"url\":\"https:\/\/remosa.es\/producto\/perfil-goteron-oculto\/\",\"name\":\"Perfil Goter\u00f3n Oculto 10mm - Remosa\",\"isPartOf\":{\"@id\":\"https:\/\/remosa.es\/#website\"},\"primaryImageOfPage\":{\"@id\":\"https:\/\/remosa.es\/producto\/perfil-goteron-oculto\/#primaryimage\"},\"image\":{\"@id\":\"https:\/\/remosa.es\/producto\/perfil-goteron-oculto\/#primaryimage\"},\"thumbnailUrl\":\"https:\/\/remosa.es\/wp-content\/uploads\/2026\/03\/PEW207-1.jpg\",\"datePublished\":\"2026-03-05T10:49:57+00:00\",\"dateModified\":\"2026-03-05T11:01:34+00:00\",\"description\":\"Perfil Goter\u00f3n de PVC + MALLA de fibra de vidrio. Para formar goter\u00f3n de evacuaci\u00f3n de agua en los dinteles de puertas y ventanas.\",\"breadcrumb\":{\"@id\":\"https:\/\/remosa.es\/producto\/perfil-goteron-oculto\/#breadcrumb\"},\"inLanguage\":\"ca\",\"potentialAction\":[{\"@type\":\"ReadAction\",\"target\":[\"https:\/\/remosa.es\/producto\/perfil-goteron-oculto\/\"]}]},{\"@type\":\"ImageObject\",\"inLanguage\":\"ca\",\"@id\":\"https:\/\/remosa.es\/producto\/perfil-goteron-oculto\/#primaryimage\",\"url\":\"https:\/\/remosa.es\/wp-content\/uploads\/2026\/03\/PEW207-1.jpg\",\"contentUrl\":\"https:\/\/remosa.es\/wp-content\/uploads\/2026\/03\/PEW207-1.jpg\",\"width\":550,\"height\":556,\"caption\":\"649201\"},{\"@type\":\"BreadcrumbList\",\"@id\":\"https:\/\/remosa.es\/producto\/perfil-goteron-oculto\/#breadcrumb\",\"itemListElement\":[{\"@type\":\"ListItem\",\"position\":1,\"name\":\"Portada\",\"item\":\"https:\/\/remosa.es\/\"},{\"@type\":\"ListItem\",\"position\":2,\"name\":\"Productos\",\"item\":\"https:\/\/remosa.es\/productos\/\"},{\"@type\":\"ListItem\",\"position\":3,\"name\":\"Perfil Goter\u00f3n Oculto 10mm\"}]},{\"@type\":\"WebSite\",\"@id\":\"https:\/\/remosa.es\/#website\",\"url\":\"https:\/\/remosa.es\/\",\"name\":\"Remosa\",\"description\":\"Tu empresa de material de construcci\u00f3n\",\"publisher\":{\"@id\":\"https:\/\/remosa.es\/#organization\"},\"potentialAction\":[{\"@type\":\"SearchAction\",\"target\":{\"@type\":\"EntryPoint\",\"urlTemplate\":\"https:\/\/remosa.es\/?s={search_term_string}\"},\"query-input\":\"required name=search_term_string\"}],\"inLanguage\":\"ca\"},{\"@type\":\"Organization\",\"@id\":\"https:\/\/remosa.es\/#organization\",\"name\":\"Remosa\",\"url\":\"https:\/\/remosa.es\/\",\"logo\":{\"@type\":\"ImageObject\",\"inLanguage\":\"ca\",\"@id\":\"https:\/\/remosa.es\/#\/schema\/logo\/image\/\",\"url\":\"https:\/\/remosa.es\/wp-content\/uploads\/2023\/12\/cropped-remosa-logo-trans-1.png\",\"contentUrl\":\"https:\/\/remosa.es\/wp-content\/uploads\/2023\/12\/cropped-remosa-logo-trans-1.png\",\"width\":209,\"height\":88,\"caption\":\"Remosa\"},\"image\":{\"@id\":\"https:\/\/remosa.es\/#\/schema\/logo\/image\/\"}}]}<\/script>\n<!-- \/ Yoast SEO Premium plugin. -->","yoast_head_json":{"title":"Perfil Goter\u00f3n Oculto 10mm - Remosa","description":"Perfil Goter\u00f3n de PVC + MALLA de fibra de vidrio. Para formar goter\u00f3n de evacuaci\u00f3n de agua en los dinteles de puertas y ventanas.","robots":{"index":"index","follow":"follow","max-snippet":"max-snippet:-1","max-image-preview":"max-image-preview:large","max-video-preview":"max-video-preview:-1"},"canonical":"https:\/\/remosa.es\/ca\/product\/perfil-goteron-oculto\/","og_locale":"ca_ES","og_type":"article","og_title":"Perfil Goter\u00f3n Oculto 10mm","og_description":"Perfil Goter\u00f3n de PVC + MALLA de fibra de vidrio. Para formar goter\u00f3n de evacuaci\u00f3n de agua en los dinteles de puertas y ventanas.","og_url":"https:\/\/remosa.es\/ca\/product\/perfil-goteron-oculto\/","og_site_name":"Remosa","article_modified_time":"2026-03-05T11:01:34+00:00","og_image":[{"width":550,"height":556,"url":"https:\/\/remosa.es\/wp-content\/uploads\/2026\/03\/PEW207-1.jpg","type":"image\/jpeg"}],"twitter_card":"summary_large_image","twitter_misc":{"Temps estimat de lectura":"1 minut"},"schema":{"@context":"https:\/\/schema.org","@graph":[{"@type":"WebPage","@id":"https:\/\/remosa.es\/producto\/perfil-goteron-oculto\/","url":"https:\/\/remosa.es\/producto\/perfil-goteron-oculto\/","name":"Perfil Goter\u00f3n Oculto 10mm - Remosa","isPartOf":{"@id":"https:\/\/remosa.es\/#website"},"primaryImageOfPage":{"@id":"https:\/\/remosa.es\/producto\/perfil-goteron-oculto\/#primaryimage"},"image":{"@id":"https:\/\/remosa.es\/producto\/perfil-goteron-oculto\/#primaryimage"},"thumbnailUrl":"https:\/\/remosa.es\/wp-content\/uploads\/2026\/03\/PEW207-1.jpg","datePublished":"2026-03-05T10:49:57+00:00","dateModified":"2026-03-05T11:01:34+00:00","description":"Perfil Goter\u00f3n de PVC + MALLA de fibra de vidrio. Para formar goter\u00f3n de evacuaci\u00f3n de agua en los dinteles de puertas y ventanas.","breadcrumb":{"@id":"https:\/\/remosa.es\/producto\/perfil-goteron-oculto\/#breadcrumb"},"inLanguage":"ca","potentialAction":[{"@type":"ReadAction","target":["https:\/\/remosa.es\/producto\/perfil-goteron-oculto\/"]}]},{"@type":"ImageObject","inLanguage":"ca","@id":"https:\/\/remosa.es\/producto\/perfil-goteron-oculto\/#primaryimage","url":"https:\/\/remosa.es\/wp-content\/uploads\/2026\/03\/PEW207-1.jpg","contentUrl":"https:\/\/remosa.es\/wp-content\/uploads\/2026\/03\/PEW207-1.jpg","width":550,"height":556,"caption":"649201"},{"@type":"BreadcrumbList","@id":"https:\/\/remosa.es\/producto\/perfil-goteron-oculto\/#breadcrumb","itemListElement":[{"@type":"ListItem","position":1,"name":"Portada","item":"https:\/\/remosa.es\/"},{"@type":"ListItem","position":2,"name":"Productos","item":"https:\/\/remosa.es\/productos\/"},{"@type":"ListItem","position":3,"name":"Perfil Goter\u00f3n Oculto 10mm"}]},{"@type":"WebSite","@id":"https:\/\/remosa.es\/#website","url":"https:\/\/remosa.es\/","name":"Remosa","description":"Tu empresa de material de construcci\u00f3n","publisher":{"@id":"https:\/\/remosa.es\/#organization"},"potentialAction":[{"@type":"SearchAction","target":{"@type":"EntryPoint","urlTemplate":"https:\/\/remosa.es\/?s={search_term_string}"},"query-input":"required name=search_term_string"}],"inLanguage":"ca"},{"@type":"Organization","@id":"https:\/\/remosa.es\/#organization","name":"Remosa","url":"https:\/\/remosa.es\/","logo":{"@type":"ImageObject","inLanguage":"ca","@id":"https:\/\/remosa.es\/#\/schema\/logo\/image\/","url":"https:\/\/remosa.es\/wp-content\/uploads\/2023\/12\/cropped-remosa-logo-trans-1.png","contentUrl":"https:\/\/remosa.es\/wp-content\/uploads\/2023\/12\/cropped-remosa-logo-trans-1.png","width":209,"height":88,"caption":"Remosa"},"image":{"@id":"https:\/\/remosa.es\/#\/schema\/logo\/image\/"}}]}},"_links":{"self":[{"href":"https:\/\/remosa.es\/ca\/wp-json\/wp\/v2\/product\/2486","targetHints":{"allow":["GET"]}}],"collection":[{"href":"https:\/\/remosa.es\/ca\/wp-json\/wp\/v2\/product"}],"about":[{"href":"https:\/\/remosa.es\/ca\/wp-json\/wp\/v2\/types\/product"}],"replies":[{"embeddable":true,"href":"https:\/\/remosa.es\/ca\/wp-json\/wp\/v2\/comments?post=2486"}],"version-history":[{"count":3,"href":"https:\/\/remosa.es\/ca\/wp-json\/wp\/v2\/product\/2486\/revisions"}],"predecessor-version":[{"id":2493,"href":"https:\/\/remosa.es\/ca\/wp-json\/wp\/v2\/product\/2486\/revisions\/2493"}],"wp:featuredmedia":[{"embeddable":true,"href":"https:\/\/remosa.es\/ca\/wp-json\/wp\/v2\/media\/2490"}],"wp:attachment":[{"href":"https:\/\/remosa.es\/ca\/wp-json\/wp\/v2\/media?parent=2486"}],"wp:term":[{"taxonomy":"product_cat","embeddable":true,"href":"https:\/\/remosa.es\/ca\/wp-json\/wp\/v2\/product_cat?post=2486"},{"taxonomy":"product_tag","embeddable":true,"href":"https:\/\/remosa.es\/ca\/wp-json\/wp\/v2\/product_tag?post=2486"}],"curies":[{"name":"wp","href":"https:\/\/api.w.org\/{rel}","templated":true}]}}