{"id":496,"date":"2024-01-29T10:37:18","date_gmt":"2024-01-29T10:37:18","guid":{"rendered":"https:\/\/remosa.w3bcn.es\/?post_type=product&#038;p=496"},"modified":"2026-04-17T09:39:33","modified_gmt":"2026-04-17T09:39:33","slug":"malla-refuerzo-de-fibra-de-vidrio-para-sate","status":"publish","type":"product","link":"https:\/\/remosa.es\/ca\/product\/malla-refuerzo-de-fibra-de-vidrio-para-sate\/","title":{"rendered":"Malla Refuerzo de fibra de vidrio para SATE"},"content":{"rendered":"<h5>Malla Refuerzo de fibra de vidrio para SATE<\/h5>\n<p>MALLATEX\u00ae antivand\u00e1lica para sistemas de aislamiento t\u00e9rmico exterior, a diferencia de la malla general, esta se coloca en las zonas bajas de la fachada proclives a golpes, como refuerzo del sistema SATE<\/p>\n<p>Esta malla no ha de sustituir la malla general, sino que se ha de colocar sobre ella, para darse mayor resistencia a los golpes y as\u00ed evitar las marcas.<\/p>","protected":false},"excerpt":{"rendered":"<h5>Malla Refuerzo de fibra de vidrio para SATE<\/h5>\n<p>Mallas de fibra de vidrio E con recubrimiento antialcalino para reforzar las zonas mas proclives a golpes en los Sistemas de Aislamiento T\u00e9rmico Exterior (SATE \u2013 ETICS)<\/p>\n<p>MALLATEX\u00ae Antivand\u00e1lica<\/p>\n<p>Mallas disponibles en 710 g, 480 g, y 320 g, seg\u00fan necesidades de obra<\/p>\n<p>Tambi\u00e9n se utilizan en revestimientos que precisan una gran resistencia.<\/p>","protected":false},"featured_media":565,"comment_status":"open","ping_status":"closed","template":"","meta":[],"product_cat":[122,262,28,60],"product_tag":[],"class_list":{"0":"post-496","1":"product","2":"type-product","3":"status-publish","4":"has-post-thumbnail","6":"product_cat-aislamiento","7":"product_cat-mallatex-sate","8":"product_cat-mallatex","9":"product_cat-aislamiento-sate","11":"first","12":"instock","13":"shipping-taxable","14":"purchasable","15":"product-type-variable"},"yoast_head":"<!-- This site is optimized with the Yoast SEO Premium plugin v22.7 (Yoast SEO v22.8) - https:\/\/yoast.com\/wordpress\/plugins\/seo\/ -->\n<title>Malla Refuerzo de fibra de vidrio para SATE - Remosa<\/title>\n<meta name=\"description\" content=\"Malla Refuerzo de fibra de vidrio para SATE. Para el z\u00f3calo de edificios, protegiendo as\u00ed las zonas m\u00e1s proclives a recibir golpes\" \/>\n<meta name=\"robots\" content=\"index, follow, max-snippet:-1, max-image-preview:large, max-video-preview:-1\" \/>\n<link rel=\"canonical\" href=\"https:\/\/remosa.es\/ca\/product\/malla-refuerzo-de-fibra-de-vidrio-para-sate\/\" \/>\n<meta property=\"og:locale\" content=\"ca_ES\" \/>\n<meta property=\"og:type\" content=\"article\" \/>\n<meta property=\"og:title\" content=\"Malla Refuerzo de fibra de vidrio para SATE\" \/>\n<meta property=\"og:description\" content=\"Malla Refuerzo de fibra de vidrio para SATE. Para el z\u00f3calo de edificios, protegiendo as\u00ed las zonas m\u00e1s proclives a recibir golpes\" \/>\n<meta property=\"og:url\" content=\"https:\/\/remosa.es\/ca\/product\/malla-refuerzo-de-fibra-de-vidrio-para-sate\/\" \/>\n<meta property=\"og:site_name\" content=\"Remosa\" \/>\n<meta property=\"article:modified_time\" content=\"2026-04-17T09:39:33+00:00\" \/>\n<meta property=\"og:image\" content=\"https:\/\/remosa.es\/wp-content\/uploads\/2024\/01\/AIS137.jpg\" \/>\n\t<meta property=\"og:image:width\" content=\"924\" \/>\n\t<meta property=\"og:image:height\" content=\"924\" \/>\n\t<meta property=\"og:image:type\" content=\"image\/jpeg\" \/>\n<meta name=\"twitter:card\" content=\"summary_large_image\" \/>\n<meta name=\"twitter:label1\" content=\"Temps estimat de lectura\" \/>\n\t<meta name=\"twitter:data1\" content=\"1 minut\" \/>\n<script type=\"application\/ld+json\" class=\"yoast-schema-graph\">{\"@context\":\"https:\/\/schema.org\",\"@graph\":[{\"@type\":\"WebPage\",\"@id\":\"https:\/\/remosa.es\/producto\/malla-refuerzo-de-fibra-de-vidrio-para-sate\/\",\"url\":\"https:\/\/remosa.es\/producto\/malla-refuerzo-de-fibra-de-vidrio-para-sate\/\",\"name\":\"Malla Refuerzo de fibra de vidrio para SATE - Remosa\",\"isPartOf\":{\"@id\":\"https:\/\/remosa.es\/#website\"},\"primaryImageOfPage\":{\"@id\":\"https:\/\/remosa.es\/producto\/malla-refuerzo-de-fibra-de-vidrio-para-sate\/#primaryimage\"},\"image\":{\"@id\":\"https:\/\/remosa.es\/producto\/malla-refuerzo-de-fibra-de-vidrio-para-sate\/#primaryimage\"},\"thumbnailUrl\":\"https:\/\/remosa.es\/wp-content\/uploads\/2024\/01\/AIS137.jpg\",\"datePublished\":\"2024-01-29T10:37:18+00:00\",\"dateModified\":\"2026-04-17T09:39:33+00:00\",\"description\":\"Malla Refuerzo de fibra de vidrio para SATE. Para el z\u00f3calo de edificios, protegiendo as\u00ed las zonas m\u00e1s proclives a recibir golpes\",\"breadcrumb\":{\"@id\":\"https:\/\/remosa.es\/producto\/malla-refuerzo-de-fibra-de-vidrio-para-sate\/#breadcrumb\"},\"inLanguage\":\"ca\",\"potentialAction\":[{\"@type\":\"ReadAction\",\"target\":[\"https:\/\/remosa.es\/producto\/malla-refuerzo-de-fibra-de-vidrio-para-sate\/\"]}]},{\"@type\":\"ImageObject\",\"inLanguage\":\"ca\",\"@id\":\"https:\/\/remosa.es\/producto\/malla-refuerzo-de-fibra-de-vidrio-para-sate\/#primaryimage\",\"url\":\"https:\/\/remosa.es\/wp-content\/uploads\/2024\/01\/AIS137.jpg\",\"contentUrl\":\"https:\/\/remosa.es\/wp-content\/uploads\/2024\/01\/AIS137.jpg\",\"width\":924,\"height\":924,\"caption\":\"Malla Refuerzo de fibra de vidrio para SATE\"},{\"@type\":\"BreadcrumbList\",\"@id\":\"https:\/\/remosa.es\/producto\/malla-refuerzo-de-fibra-de-vidrio-para-sate\/#breadcrumb\",\"itemListElement\":[{\"@type\":\"ListItem\",\"position\":1,\"name\":\"Portada\",\"item\":\"https:\/\/remosa.es\/\"},{\"@type\":\"ListItem\",\"position\":2,\"name\":\"Productos\",\"item\":\"https:\/\/remosa.es\/productos\/\"},{\"@type\":\"ListItem\",\"position\":3,\"name\":\"Malla Refuerzo de fibra de vidrio para SATE\"}]},{\"@type\":\"WebSite\",\"@id\":\"https:\/\/remosa.es\/#website\",\"url\":\"https:\/\/remosa.es\/\",\"name\":\"Remosa\",\"description\":\"Tu empresa de material de construcci\u00f3n\",\"publisher\":{\"@id\":\"https:\/\/remosa.es\/#organization\"},\"potentialAction\":[{\"@type\":\"SearchAction\",\"target\":{\"@type\":\"EntryPoint\",\"urlTemplate\":\"https:\/\/remosa.es\/?s={search_term_string}\"},\"query-input\":\"required name=search_term_string\"}],\"inLanguage\":\"ca\"},{\"@type\":\"Organization\",\"@id\":\"https:\/\/remosa.es\/#organization\",\"name\":\"Remosa\",\"url\":\"https:\/\/remosa.es\/\",\"logo\":{\"@type\":\"ImageObject\",\"inLanguage\":\"ca\",\"@id\":\"https:\/\/remosa.es\/#\/schema\/logo\/image\/\",\"url\":\"https:\/\/remosa.es\/wp-content\/uploads\/2023\/12\/cropped-remosa-logo-trans-1.png\",\"contentUrl\":\"https:\/\/remosa.es\/wp-content\/uploads\/2023\/12\/cropped-remosa-logo-trans-1.png\",\"width\":209,\"height\":88,\"caption\":\"Remosa\"},\"image\":{\"@id\":\"https:\/\/remosa.es\/#\/schema\/logo\/image\/\"}}]}<\/script>\n<!-- \/ Yoast SEO Premium plugin. -->","yoast_head_json":{"title":"Malla Refuerzo de fibra de vidrio para SATE - Remosa","description":"Malla Refuerzo de fibra de vidrio para SATE. Para el z\u00f3calo de edificios, protegiendo as\u00ed las zonas m\u00e1s proclives a recibir golpes","robots":{"index":"index","follow":"follow","max-snippet":"max-snippet:-1","max-image-preview":"max-image-preview:large","max-video-preview":"max-video-preview:-1"},"canonical":"https:\/\/remosa.es\/ca\/product\/malla-refuerzo-de-fibra-de-vidrio-para-sate\/","og_locale":"ca_ES","og_type":"article","og_title":"Malla Refuerzo de fibra de vidrio para SATE","og_description":"Malla Refuerzo de fibra de vidrio para SATE. Para el z\u00f3calo de edificios, protegiendo as\u00ed las zonas m\u00e1s proclives a recibir golpes","og_url":"https:\/\/remosa.es\/ca\/product\/malla-refuerzo-de-fibra-de-vidrio-para-sate\/","og_site_name":"Remosa","article_modified_time":"2026-04-17T09:39:33+00:00","og_image":[{"width":924,"height":924,"url":"https:\/\/remosa.es\/wp-content\/uploads\/2024\/01\/AIS137.jpg","type":"image\/jpeg"}],"twitter_card":"summary_large_image","twitter_misc":{"Temps estimat de lectura":"1 minut"},"schema":{"@context":"https:\/\/schema.org","@graph":[{"@type":"WebPage","@id":"https:\/\/remosa.es\/producto\/malla-refuerzo-de-fibra-de-vidrio-para-sate\/","url":"https:\/\/remosa.es\/producto\/malla-refuerzo-de-fibra-de-vidrio-para-sate\/","name":"Malla Refuerzo de fibra de vidrio para SATE - Remosa","isPartOf":{"@id":"https:\/\/remosa.es\/#website"},"primaryImageOfPage":{"@id":"https:\/\/remosa.es\/producto\/malla-refuerzo-de-fibra-de-vidrio-para-sate\/#primaryimage"},"image":{"@id":"https:\/\/remosa.es\/producto\/malla-refuerzo-de-fibra-de-vidrio-para-sate\/#primaryimage"},"thumbnailUrl":"https:\/\/remosa.es\/wp-content\/uploads\/2024\/01\/AIS137.jpg","datePublished":"2024-01-29T10:37:18+00:00","dateModified":"2026-04-17T09:39:33+00:00","description":"Malla Refuerzo de fibra de vidrio para SATE. Para el z\u00f3calo de edificios, protegiendo as\u00ed las zonas m\u00e1s proclives a recibir golpes","breadcrumb":{"@id":"https:\/\/remosa.es\/producto\/malla-refuerzo-de-fibra-de-vidrio-para-sate\/#breadcrumb"},"inLanguage":"ca","potentialAction":[{"@type":"ReadAction","target":["https:\/\/remosa.es\/producto\/malla-refuerzo-de-fibra-de-vidrio-para-sate\/"]}]},{"@type":"ImageObject","inLanguage":"ca","@id":"https:\/\/remosa.es\/producto\/malla-refuerzo-de-fibra-de-vidrio-para-sate\/#primaryimage","url":"https:\/\/remosa.es\/wp-content\/uploads\/2024\/01\/AIS137.jpg","contentUrl":"https:\/\/remosa.es\/wp-content\/uploads\/2024\/01\/AIS137.jpg","width":924,"height":924,"caption":"Malla Refuerzo de fibra de vidrio para SATE"},{"@type":"BreadcrumbList","@id":"https:\/\/remosa.es\/producto\/malla-refuerzo-de-fibra-de-vidrio-para-sate\/#breadcrumb","itemListElement":[{"@type":"ListItem","position":1,"name":"Portada","item":"https:\/\/remosa.es\/"},{"@type":"ListItem","position":2,"name":"Productos","item":"https:\/\/remosa.es\/productos\/"},{"@type":"ListItem","position":3,"name":"Malla Refuerzo de fibra de vidrio para SATE"}]},{"@type":"WebSite","@id":"https:\/\/remosa.es\/#website","url":"https:\/\/remosa.es\/","name":"Remosa","description":"Tu empresa de material de construcci\u00f3n","publisher":{"@id":"https:\/\/remosa.es\/#organization"},"potentialAction":[{"@type":"SearchAction","target":{"@type":"EntryPoint","urlTemplate":"https:\/\/remosa.es\/?s={search_term_string}"},"query-input":"required name=search_term_string"}],"inLanguage":"ca"},{"@type":"Organization","@id":"https:\/\/remosa.es\/#organization","name":"Remosa","url":"https:\/\/remosa.es\/","logo":{"@type":"ImageObject","inLanguage":"ca","@id":"https:\/\/remosa.es\/#\/schema\/logo\/image\/","url":"https:\/\/remosa.es\/wp-content\/uploads\/2023\/12\/cropped-remosa-logo-trans-1.png","contentUrl":"https:\/\/remosa.es\/wp-content\/uploads\/2023\/12\/cropped-remosa-logo-trans-1.png","width":209,"height":88,"caption":"Remosa"},"image":{"@id":"https:\/\/remosa.es\/#\/schema\/logo\/image\/"}}]}},"_links":{"self":[{"href":"https:\/\/remosa.es\/ca\/wp-json\/wp\/v2\/product\/496","targetHints":{"allow":["GET"]}}],"collection":[{"href":"https:\/\/remosa.es\/ca\/wp-json\/wp\/v2\/product"}],"about":[{"href":"https:\/\/remosa.es\/ca\/wp-json\/wp\/v2\/types\/product"}],"replies":[{"embeddable":true,"href":"https:\/\/remosa.es\/ca\/wp-json\/wp\/v2\/comments?post=496"}],"version-history":[{"count":3,"href":"https:\/\/remosa.es\/ca\/wp-json\/wp\/v2\/product\/496\/revisions"}],"predecessor-version":[{"id":2196,"href":"https:\/\/remosa.es\/ca\/wp-json\/wp\/v2\/product\/496\/revisions\/2196"}],"wp:featuredmedia":[{"embeddable":true,"href":"https:\/\/remosa.es\/ca\/wp-json\/wp\/v2\/media\/565"}],"wp:attachment":[{"href":"https:\/\/remosa.es\/ca\/wp-json\/wp\/v2\/media?parent=496"}],"wp:term":[{"taxonomy":"product_cat","embeddable":true,"href":"https:\/\/remosa.es\/ca\/wp-json\/wp\/v2\/product_cat?post=496"},{"taxonomy":"product_tag","embeddable":true,"href":"https:\/\/remosa.es\/ca\/wp-json\/wp\/v2\/product_tag?post=496"}],"curies":[{"name":"wp","href":"https:\/\/api.w.org\/{rel}","templated":true}]}}