{"id":509,"date":"2024-01-29T11:29:22","date_gmt":"2024-01-29T11:29:22","guid":{"rendered":"https:\/\/remosa.w3bcn.es\/?post_type=product&#038;p=509"},"modified":"2026-04-17T09:43:51","modified_gmt":"2026-04-17T09:43:51","slug":"malla-de-fibra-de-vidrio-para-morteros-revocos-200-g","status":"publish","type":"product","link":"https:\/\/remosa.es\/ca\/product\/malla-de-fibra-de-vidrio-para-morteros-revocos-200-g\/","title":{"rendered":"Malla de fibra de vidrio para morteros-revocos 200 g"},"content":{"rendered":"<h5>Malla de fibra de vidrio para morteros-revocos 200 g<\/h5>\n<p><strong>Presentaci\u00f3n : Rollo de 50&#215;1 = 50m2<\/strong><\/p>\n<p>&nbsp;<\/p>\n<p>Mallas de fibra de vidrio \u201cE\u201d para morteros-revocos, con recubrimiento antialcalino para evitar que le ataquen los \u00e1lcalis del cemento.<\/p>\n<p>Las mallas de fibra de vidrio, Mallatex,\u00a0 se utilizan para prevenir la aparici\u00f3n de fisuras y grietas en morteros<\/p>\n<p>Tambi\u00e9n disponemos de mallas confeccionadas con fibra de vidrio tipo \u201cAR\u201d\u00a0 denominadas\u00a0 MALLATEX\u00ae AR. Este tipo especial de fibra de vidrio \u201cAR\u201d\u00a0 se caracteriza por ser resistente a los \u00e1lcalis al estar tratada con Zirconio, por lo tanto est\u00e1n recomendadas sobre todo para armados de hormig\u00f3n entre otras aplicaciones, tambi\u00e9n llevan un recubrimiento pl\u00e1stico adicional para evitar que se desmallen.\u00a0<a href=\"https:\/\/remosa.es\/ca\/product\/malla-de-fibra-de-vidrio-ar-para-morteros\/\" target=\"_blank\" rel=\"noopener\">Mallatex AR<\/a><\/p>\n<p>&nbsp;<\/p>\n<p>Para atender a sus necesidades de resistencia, disponemos de una gran variedad de modelos con diferentes gramajes y luz de malla, en primer lugar las de origen europeo que van desde la MALLATEX\u00ae 10A (azul) de 90 gr a los m\u00e1s de 200 gr \u00a0de MALLATEX\u00ae 10B (blanca) \u00a0sin olvidar adem\u00e1s, la m\u00e1s conocida y con m\u00e1s a\u00f1os en el mercado nacional, nuestra<strong>\u00a0MALLATEX\u00ae 10 A \/ 150,<\/strong>\u00a0 por ser con la que comenzamos a comercializar nuestra marca\u00a0<strong>MALLATEX\u00ae<\/strong>\u00a0a principios de los a\u00f1os 80 y como resultado dio el nombre por el que se conocen hoy las mallas de fibra de vidrio en construcci\u00f3n.<\/p>\n<h5>Como aplicar las mallas para enfoscados<\/h5>\n<p>En relaci\u00f3n a su colocaci\u00f3n, es muy importante que la malla quede siempre embebida entre 2 capas del material a armar, formando as\u00ed un solo cuerpo. Sobre todo, prestar especial atenci\u00f3n en los puntos m\u00e1s susceptibles a agrietarse, como son la uni\u00f3n de ladrillo con forjado. Tambi\u00e9n los pilares y los encuentros con marcos de puertas y ventanas son proclives a sufrir las grietas en morteros con lo que deberemos de reforzar sin duda \u00e9stas zonas.<\/p>\n<p>Puede acceder a nuestro cat\u00e1logo completo en el siguiente enlace :<\/p>\n<p><strong><span style=\"color: #0000ff;\"><a style=\"color: #0000ff;\" href=\"https:\/\/remosa.es\/wp-content\/uploads\/2025\/01\/FO-MALLATEX-Ene.25.pdf\" target=\"_blank\" rel=\"noopener\">Folleto Mallatex 2025<\/a><\/span><\/strong><\/p>\n<p>&nbsp;<\/p>","protected":false},"excerpt":{"rendered":"<p>MALLATEX\u00ae\u00a0 La malla de fibra de vidrio que evita las grietas en el mortero. Gran gama de mallas de fibra de vidrio E para armar todo tipo de morteros. Fabricaci\u00f3n Europea de nuestras Mallas de 210 g, 150 g, 130 g, 110 g, 90 g.<\/p>\n<p><span style=\"color: #0000ff;\"><a style=\"color: #0000ff;\" href=\"https:\/\/remosa.es\/wp-content\/uploads\/2025\/01\/FO-MALLATEX-Ene.25.pdf\" target=\"_blank\" rel=\"noopener\">Folleto Mallatex 2025<\/a><\/span><\/p>","protected":false},"featured_media":576,"comment_status":"open","ping_status":"closed","template":"","meta":[],"product_cat":[69],"product_tag":[],"class_list":{"0":"post-509","1":"product","2":"type-product","3":"status-publish","4":"has-post-thumbnail","6":"product_cat-morteros","8":"first","9":"instock","10":"shipping-taxable","11":"purchasable","12":"product-type-variable"},"yoast_head":"<!-- This site is optimized with the Yoast SEO Premium plugin v22.7 (Yoast SEO v22.8) - https:\/\/yoast.com\/wordpress\/plugins\/seo\/ -->\n<title>Malla de fibra de vidrio para morteros-revocos 200 g - Remosa<\/title>\n<meta name=\"description\" content=\"Mallas de fibra de vidrio MALLATEX desde 90g\/m2 a 200 - 220 g\/m2 para armado de morteros. Previene la aparici\u00f3n de fisuras y grietas\" \/>\n<meta name=\"robots\" content=\"index, follow, max-snippet:-1, max-image-preview:large, max-video-preview:-1\" \/>\n<link rel=\"canonical\" href=\"https:\/\/remosa.es\/ca\/product\/malla-de-fibra-de-vidrio-para-morteros-revocos-200-g\/\" \/>\n<meta property=\"og:locale\" content=\"ca_ES\" \/>\n<meta property=\"og:type\" content=\"article\" \/>\n<meta property=\"og:title\" content=\"Malla de fibra de vidrio para morteros-revocos 200 g\" \/>\n<meta property=\"og:description\" content=\"Mallas de fibra de vidrio MALLATEX desde 90g\/m2 a 200 - 220 g\/m2 para armado de morteros. Previene la aparici\u00f3n de fisuras y grietas\" \/>\n<meta property=\"og:url\" content=\"https:\/\/remosa.es\/ca\/product\/malla-de-fibra-de-vidrio-para-morteros-revocos-200-g\/\" \/>\n<meta property=\"og:site_name\" content=\"Remosa\" \/>\n<meta property=\"article:modified_time\" content=\"2026-04-17T09:43:51+00:00\" \/>\n<meta property=\"og:image\" content=\"https:\/\/remosa.es\/wp-content\/uploads\/2024\/01\/MA028-2.jpg\" \/>\n\t<meta property=\"og:image:width\" content=\"924\" \/>\n\t<meta property=\"og:image:height\" content=\"924\" \/>\n\t<meta property=\"og:image:type\" content=\"image\/jpeg\" \/>\n<meta name=\"twitter:card\" content=\"summary_large_image\" \/>\n<meta name=\"twitter:label1\" content=\"Temps estimat de lectura\" \/>\n\t<meta name=\"twitter:data1\" content=\"2 minuts\" \/>\n<script type=\"application\/ld+json\" class=\"yoast-schema-graph\">{\"@context\":\"https:\/\/schema.org\",\"@graph\":[{\"@type\":\"WebPage\",\"@id\":\"https:\/\/remosa.es\/producto\/malla-de-fibra-de-vidrio-para-morteros-revocos-200-g\/\",\"url\":\"https:\/\/remosa.es\/producto\/malla-de-fibra-de-vidrio-para-morteros-revocos-200-g\/\",\"name\":\"Malla de fibra de vidrio para morteros-revocos 200 g - Remosa\",\"isPartOf\":{\"@id\":\"https:\/\/remosa.es\/#website\"},\"primaryImageOfPage\":{\"@id\":\"https:\/\/remosa.es\/producto\/malla-de-fibra-de-vidrio-para-morteros-revocos-200-g\/#primaryimage\"},\"image\":{\"@id\":\"https:\/\/remosa.es\/producto\/malla-de-fibra-de-vidrio-para-morteros-revocos-200-g\/#primaryimage\"},\"thumbnailUrl\":\"https:\/\/remosa.es\/wp-content\/uploads\/2024\/01\/MA028-2.jpg\",\"datePublished\":\"2024-01-29T11:29:22+00:00\",\"dateModified\":\"2026-04-17T09:43:51+00:00\",\"description\":\"Mallas de fibra de vidrio MALLATEX desde 90g\/m2 a 200 - 220 g\/m2 para armado de morteros. Previene la aparici\u00f3n de fisuras y grietas\",\"breadcrumb\":{\"@id\":\"https:\/\/remosa.es\/producto\/malla-de-fibra-de-vidrio-para-morteros-revocos-200-g\/#breadcrumb\"},\"inLanguage\":\"ca\",\"potentialAction\":[{\"@type\":\"ReadAction\",\"target\":[\"https:\/\/remosa.es\/producto\/malla-de-fibra-de-vidrio-para-morteros-revocos-200-g\/\"]}]},{\"@type\":\"ImageObject\",\"inLanguage\":\"ca\",\"@id\":\"https:\/\/remosa.es\/producto\/malla-de-fibra-de-vidrio-para-morteros-revocos-200-g\/#primaryimage\",\"url\":\"https:\/\/remosa.es\/wp-content\/uploads\/2024\/01\/MA028-2.jpg\",\"contentUrl\":\"https:\/\/remosa.es\/wp-content\/uploads\/2024\/01\/MA028-2.jpg\",\"width\":924,\"height\":924,\"caption\":\"Malla fibra vidrio 200 - 220g\"},{\"@type\":\"BreadcrumbList\",\"@id\":\"https:\/\/remosa.es\/producto\/malla-de-fibra-de-vidrio-para-morteros-revocos-200-g\/#breadcrumb\",\"itemListElement\":[{\"@type\":\"ListItem\",\"position\":1,\"name\":\"Portada\",\"item\":\"https:\/\/remosa.es\/\"},{\"@type\":\"ListItem\",\"position\":2,\"name\":\"Productos\",\"item\":\"https:\/\/remosa.es\/productos\/\"},{\"@type\":\"ListItem\",\"position\":3,\"name\":\"Malla de fibra de vidrio para morteros-revocos 200 g\"}]},{\"@type\":\"WebSite\",\"@id\":\"https:\/\/remosa.es\/#website\",\"url\":\"https:\/\/remosa.es\/\",\"name\":\"Remosa\",\"description\":\"Tu empresa de material de construcci\u00f3n\",\"publisher\":{\"@id\":\"https:\/\/remosa.es\/#organization\"},\"potentialAction\":[{\"@type\":\"SearchAction\",\"target\":{\"@type\":\"EntryPoint\",\"urlTemplate\":\"https:\/\/remosa.es\/?s={search_term_string}\"},\"query-input\":\"required name=search_term_string\"}],\"inLanguage\":\"ca\"},{\"@type\":\"Organization\",\"@id\":\"https:\/\/remosa.es\/#organization\",\"name\":\"Remosa\",\"url\":\"https:\/\/remosa.es\/\",\"logo\":{\"@type\":\"ImageObject\",\"inLanguage\":\"ca\",\"@id\":\"https:\/\/remosa.es\/#\/schema\/logo\/image\/\",\"url\":\"https:\/\/remosa.es\/wp-content\/uploads\/2023\/12\/cropped-remosa-logo-trans-1.png\",\"contentUrl\":\"https:\/\/remosa.es\/wp-content\/uploads\/2023\/12\/cropped-remosa-logo-trans-1.png\",\"width\":209,\"height\":88,\"caption\":\"Remosa\"},\"image\":{\"@id\":\"https:\/\/remosa.es\/#\/schema\/logo\/image\/\"}}]}<\/script>\n<!-- \/ Yoast SEO Premium plugin. -->","yoast_head_json":{"title":"Malla de fibra de vidrio para morteros-revocos 200 g - Remosa","description":"Mallas de fibra de vidrio MALLATEX desde 90g\/m2 a 200 - 220 g\/m2 para armado de morteros. Previene la aparici\u00f3n de fisuras y grietas","robots":{"index":"index","follow":"follow","max-snippet":"max-snippet:-1","max-image-preview":"max-image-preview:large","max-video-preview":"max-video-preview:-1"},"canonical":"https:\/\/remosa.es\/ca\/product\/malla-de-fibra-de-vidrio-para-morteros-revocos-200-g\/","og_locale":"ca_ES","og_type":"article","og_title":"Malla de fibra de vidrio para morteros-revocos 200 g","og_description":"Mallas de fibra de vidrio MALLATEX desde 90g\/m2 a 200 - 220 g\/m2 para armado de morteros. Previene la aparici\u00f3n de fisuras y grietas","og_url":"https:\/\/remosa.es\/ca\/product\/malla-de-fibra-de-vidrio-para-morteros-revocos-200-g\/","og_site_name":"Remosa","article_modified_time":"2026-04-17T09:43:51+00:00","og_image":[{"width":924,"height":924,"url":"https:\/\/remosa.es\/wp-content\/uploads\/2024\/01\/MA028-2.jpg","type":"image\/jpeg"}],"twitter_card":"summary_large_image","twitter_misc":{"Temps estimat de lectura":"2 minuts"},"schema":{"@context":"https:\/\/schema.org","@graph":[{"@type":"WebPage","@id":"https:\/\/remosa.es\/producto\/malla-de-fibra-de-vidrio-para-morteros-revocos-200-g\/","url":"https:\/\/remosa.es\/producto\/malla-de-fibra-de-vidrio-para-morteros-revocos-200-g\/","name":"Malla de fibra de vidrio para morteros-revocos 200 g - Remosa","isPartOf":{"@id":"https:\/\/remosa.es\/#website"},"primaryImageOfPage":{"@id":"https:\/\/remosa.es\/producto\/malla-de-fibra-de-vidrio-para-morteros-revocos-200-g\/#primaryimage"},"image":{"@id":"https:\/\/remosa.es\/producto\/malla-de-fibra-de-vidrio-para-morteros-revocos-200-g\/#primaryimage"},"thumbnailUrl":"https:\/\/remosa.es\/wp-content\/uploads\/2024\/01\/MA028-2.jpg","datePublished":"2024-01-29T11:29:22+00:00","dateModified":"2026-04-17T09:43:51+00:00","description":"Mallas de fibra de vidrio MALLATEX desde 90g\/m2 a 200 - 220 g\/m2 para armado de morteros. Previene la aparici\u00f3n de fisuras y grietas","breadcrumb":{"@id":"https:\/\/remosa.es\/producto\/malla-de-fibra-de-vidrio-para-morteros-revocos-200-g\/#breadcrumb"},"inLanguage":"ca","potentialAction":[{"@type":"ReadAction","target":["https:\/\/remosa.es\/producto\/malla-de-fibra-de-vidrio-para-morteros-revocos-200-g\/"]}]},{"@type":"ImageObject","inLanguage":"ca","@id":"https:\/\/remosa.es\/producto\/malla-de-fibra-de-vidrio-para-morteros-revocos-200-g\/#primaryimage","url":"https:\/\/remosa.es\/wp-content\/uploads\/2024\/01\/MA028-2.jpg","contentUrl":"https:\/\/remosa.es\/wp-content\/uploads\/2024\/01\/MA028-2.jpg","width":924,"height":924,"caption":"Malla fibra vidrio 200 - 220g"},{"@type":"BreadcrumbList","@id":"https:\/\/remosa.es\/producto\/malla-de-fibra-de-vidrio-para-morteros-revocos-200-g\/#breadcrumb","itemListElement":[{"@type":"ListItem","position":1,"name":"Portada","item":"https:\/\/remosa.es\/"},{"@type":"ListItem","position":2,"name":"Productos","item":"https:\/\/remosa.es\/productos\/"},{"@type":"ListItem","position":3,"name":"Malla de fibra de vidrio para morteros-revocos 200 g"}]},{"@type":"WebSite","@id":"https:\/\/remosa.es\/#website","url":"https:\/\/remosa.es\/","name":"Remosa","description":"Tu empresa de material de construcci\u00f3n","publisher":{"@id":"https:\/\/remosa.es\/#organization"},"potentialAction":[{"@type":"SearchAction","target":{"@type":"EntryPoint","urlTemplate":"https:\/\/remosa.es\/?s={search_term_string}"},"query-input":"required name=search_term_string"}],"inLanguage":"ca"},{"@type":"Organization","@id":"https:\/\/remosa.es\/#organization","name":"Remosa","url":"https:\/\/remosa.es\/","logo":{"@type":"ImageObject","inLanguage":"ca","@id":"https:\/\/remosa.es\/#\/schema\/logo\/image\/","url":"https:\/\/remosa.es\/wp-content\/uploads\/2023\/12\/cropped-remosa-logo-trans-1.png","contentUrl":"https:\/\/remosa.es\/wp-content\/uploads\/2023\/12\/cropped-remosa-logo-trans-1.png","width":209,"height":88,"caption":"Remosa"},"image":{"@id":"https:\/\/remosa.es\/#\/schema\/logo\/image\/"}}]}},"_links":{"self":[{"href":"https:\/\/remosa.es\/ca\/wp-json\/wp\/v2\/product\/509","targetHints":{"allow":["GET"]}}],"collection":[{"href":"https:\/\/remosa.es\/ca\/wp-json\/wp\/v2\/product"}],"about":[{"href":"https:\/\/remosa.es\/ca\/wp-json\/wp\/v2\/types\/product"}],"replies":[{"embeddable":true,"href":"https:\/\/remosa.es\/ca\/wp-json\/wp\/v2\/comments?post=509"}],"version-history":[{"count":9,"href":"https:\/\/remosa.es\/ca\/wp-json\/wp\/v2\/product\/509\/revisions"}],"predecessor-version":[{"id":2091,"href":"https:\/\/remosa.es\/ca\/wp-json\/wp\/v2\/product\/509\/revisions\/2091"}],"wp:featuredmedia":[{"embeddable":true,"href":"https:\/\/remosa.es\/ca\/wp-json\/wp\/v2\/media\/576"}],"wp:attachment":[{"href":"https:\/\/remosa.es\/ca\/wp-json\/wp\/v2\/media?parent=509"}],"wp:term":[{"taxonomy":"product_cat","embeddable":true,"href":"https:\/\/remosa.es\/ca\/wp-json\/wp\/v2\/product_cat?post=509"},{"taxonomy":"product_tag","embeddable":true,"href":"https:\/\/remosa.es\/ca\/wp-json\/wp\/v2\/product_tag?post=509"}],"curies":[{"name":"wp","href":"https:\/\/api.w.org\/{rel}","templated":true}]}}