{"id":526,"date":"2024-01-29T11:43:38","date_gmt":"2024-01-29T11:43:38","guid":{"rendered":"https:\/\/remosa.w3bcn.es\/?post_type=product&#038;p=526"},"modified":"2026-04-17T10:08:43","modified_gmt":"2026-04-17T10:08:43","slug":"malla-de-fibra-de-vidrio-para-impermeabilizacion-pintura","status":"publish","type":"product","link":"https:\/\/remosa.es\/ca\/product\/malla-de-fibra-de-vidrio-para-impermeabilizacion-pintura\/","title":{"rendered":"Malla de fibra de vidrio para impermeabilizaci\u00f3n &#8211; pintura"},"content":{"rendered":"<p>Malla de fibra de vidrio para impermeabilizaci\u00f3n &#8211; pintura<\/p>\n<p>MALLATEX\u00ae\u00a0 Malla de fibra de vidrio para pinturas, disponible en varios modelos que se adaptan a sus obras<\/p>\n<p>Los modelos\u00a0<strong>MALLATEX\u00ae 73 SP y MALLATEX\u00ae 75SP\u00a0<\/strong>\u00a0 son las ideales para armar las pinturas de cubiertas, por su gran adaptaci\u00f3n.<\/p>\n<p>Estos 2 modelos son mallas especiales, en las que el apresto se le aplica por puntos, lo que les confiere a diferencia del resto de mallas, una gran adaptabilidad a las superficies donde se aplica, siendo especialmente indicada para la colocaci\u00f3n con pinturas el\u00e1sticas de cubiertas.<\/p>\n<p>Tambi\u00e9n se debe tener en cuenta que estos 2 modelos no reciben recubrimiento pl\u00e1stico antialcalino, para protegerse de los \u00e1lcalis.<\/p>\n<p>Los modelos\u00a0<strong>MALLATEX\u00ae 29 P y MALLA 12P\u00a0<\/strong> se utilizan en aplicaciones de pinturas de pavimentos.<\/p>","protected":false},"excerpt":{"rendered":"<p>Mallas de fibra de vidrio E para armar pinturas en interiores, fachadas y\/o cubiertas<\/p>\n<p>Diferente luz de malla y gramaje en funci\u00f3n de la aplicaci\u00f3n.<\/p>","protected":false},"featured_media":584,"comment_status":"open","ping_status":"closed","template":"","meta":[],"product_cat":[71],"product_tag":[],"class_list":{"0":"post-526","1":"product","2":"type-product","3":"status-publish","4":"has-post-thumbnail","6":"product_cat-impermeabilizacion-pintura","8":"first","9":"instock","10":"shipping-taxable","11":"purchasable","12":"product-type-variable"},"yoast_head":"<!-- This site is optimized with the Yoast SEO Premium plugin v22.7 (Yoast SEO v22.8) - https:\/\/yoast.com\/wordpress\/plugins\/seo\/ -->\n<title>Malla de fibra de vidrio para impermeabilizaci\u00f3n - pintura - Remosa<\/title>\n<meta name=\"description\" content=\"Malla de fibra de vidrio para impermeabilizaci\u00f3n - pintura. Luz de malla de 1x1mm \u00f3 2x2\" \/>\n<meta name=\"robots\" content=\"index, follow, max-snippet:-1, max-image-preview:large, max-video-preview:-1\" \/>\n<link rel=\"canonical\" href=\"https:\/\/remosa.es\/ca\/product\/malla-de-fibra-de-vidrio-para-impermeabilizacion-pintura\/\" \/>\n<meta property=\"og:locale\" content=\"ca_ES\" \/>\n<meta property=\"og:type\" content=\"article\" \/>\n<meta property=\"og:title\" content=\"Malla de fibra de vidrio para impermeabilizaci\u00f3n - pintura\" \/>\n<meta property=\"og:description\" content=\"Malla de fibra de vidrio para impermeabilizaci\u00f3n - pintura. Luz de malla de 1x1mm \u00f3 2x2\" \/>\n<meta property=\"og:url\" content=\"https:\/\/remosa.es\/ca\/product\/malla-de-fibra-de-vidrio-para-impermeabilizacion-pintura\/\" \/>\n<meta property=\"og:site_name\" content=\"Remosa\" \/>\n<meta property=\"article:modified_time\" content=\"2026-04-17T10:08:43+00:00\" \/>\n<meta property=\"og:image\" content=\"https:\/\/remosa.es\/wp-content\/uploads\/2024\/01\/MA042.jpg\" \/>\n\t<meta property=\"og:image:width\" content=\"924\" \/>\n\t<meta property=\"og:image:height\" content=\"924\" \/>\n\t<meta property=\"og:image:type\" content=\"image\/jpeg\" \/>\n<meta name=\"twitter:card\" content=\"summary_large_image\" \/>\n<meta name=\"twitter:label1\" content=\"Temps estimat de lectura\" \/>\n\t<meta name=\"twitter:data1\" content=\"1 minut\" \/>\n<script type=\"application\/ld+json\" class=\"yoast-schema-graph\">{\"@context\":\"https:\/\/schema.org\",\"@graph\":[{\"@type\":\"WebPage\",\"@id\":\"https:\/\/remosa.es\/producto\/malla-de-fibra-de-vidrio-para-impermeabilizacion-pintura\/\",\"url\":\"https:\/\/remosa.es\/producto\/malla-de-fibra-de-vidrio-para-impermeabilizacion-pintura\/\",\"name\":\"Malla de fibra de vidrio para impermeabilizaci\u00f3n - pintura - Remosa\",\"isPartOf\":{\"@id\":\"https:\/\/remosa.es\/#website\"},\"primaryImageOfPage\":{\"@id\":\"https:\/\/remosa.es\/producto\/malla-de-fibra-de-vidrio-para-impermeabilizacion-pintura\/#primaryimage\"},\"image\":{\"@id\":\"https:\/\/remosa.es\/producto\/malla-de-fibra-de-vidrio-para-impermeabilizacion-pintura\/#primaryimage\"},\"thumbnailUrl\":\"https:\/\/remosa.es\/wp-content\/uploads\/2024\/01\/MA042.jpg\",\"datePublished\":\"2024-01-29T11:43:38+00:00\",\"dateModified\":\"2026-04-17T10:08:43+00:00\",\"description\":\"Malla de fibra de vidrio para impermeabilizaci\u00f3n - pintura. Luz de malla de 1x1mm \u00f3 2x2\",\"breadcrumb\":{\"@id\":\"https:\/\/remosa.es\/producto\/malla-de-fibra-de-vidrio-para-impermeabilizacion-pintura\/#breadcrumb\"},\"inLanguage\":\"ca\",\"potentialAction\":[{\"@type\":\"ReadAction\",\"target\":[\"https:\/\/remosa.es\/producto\/malla-de-fibra-de-vidrio-para-impermeabilizacion-pintura\/\"]}]},{\"@type\":\"ImageObject\",\"inLanguage\":\"ca\",\"@id\":\"https:\/\/remosa.es\/producto\/malla-de-fibra-de-vidrio-para-impermeabilizacion-pintura\/#primaryimage\",\"url\":\"https:\/\/remosa.es\/wp-content\/uploads\/2024\/01\/MA042.jpg\",\"contentUrl\":\"https:\/\/remosa.es\/wp-content\/uploads\/2024\/01\/MA042.jpg\",\"width\":924,\"height\":924,\"caption\":\"Malla de fibra de vidrio para impermeabilizaci\u00f3n\"},{\"@type\":\"BreadcrumbList\",\"@id\":\"https:\/\/remosa.es\/producto\/malla-de-fibra-de-vidrio-para-impermeabilizacion-pintura\/#breadcrumb\",\"itemListElement\":[{\"@type\":\"ListItem\",\"position\":1,\"name\":\"Portada\",\"item\":\"https:\/\/remosa.es\/\"},{\"@type\":\"ListItem\",\"position\":2,\"name\":\"Productos\",\"item\":\"https:\/\/remosa.es\/productos\/\"},{\"@type\":\"ListItem\",\"position\":3,\"name\":\"Malla de fibra de vidrio para impermeabilizaci\u00f3n &#8211; pintura\"}]},{\"@type\":\"WebSite\",\"@id\":\"https:\/\/remosa.es\/#website\",\"url\":\"https:\/\/remosa.es\/\",\"name\":\"Remosa\",\"description\":\"Tu empresa de material de construcci\u00f3n\",\"publisher\":{\"@id\":\"https:\/\/remosa.es\/#organization\"},\"potentialAction\":[{\"@type\":\"SearchAction\",\"target\":{\"@type\":\"EntryPoint\",\"urlTemplate\":\"https:\/\/remosa.es\/?s={search_term_string}\"},\"query-input\":\"required name=search_term_string\"}],\"inLanguage\":\"ca\"},{\"@type\":\"Organization\",\"@id\":\"https:\/\/remosa.es\/#organization\",\"name\":\"Remosa\",\"url\":\"https:\/\/remosa.es\/\",\"logo\":{\"@type\":\"ImageObject\",\"inLanguage\":\"ca\",\"@id\":\"https:\/\/remosa.es\/#\/schema\/logo\/image\/\",\"url\":\"https:\/\/remosa.es\/wp-content\/uploads\/2023\/12\/cropped-remosa-logo-trans-1.png\",\"contentUrl\":\"https:\/\/remosa.es\/wp-content\/uploads\/2023\/12\/cropped-remosa-logo-trans-1.png\",\"width\":209,\"height\":88,\"caption\":\"Remosa\"},\"image\":{\"@id\":\"https:\/\/remosa.es\/#\/schema\/logo\/image\/\"}}]}<\/script>\n<!-- \/ Yoast SEO Premium plugin. -->","yoast_head_json":{"title":"Malla de fibra de vidrio para impermeabilizaci\u00f3n - pintura - Remosa","description":"Malla de fibra de vidrio para impermeabilizaci\u00f3n - pintura. Luz de malla de 1x1mm \u00f3 2x2","robots":{"index":"index","follow":"follow","max-snippet":"max-snippet:-1","max-image-preview":"max-image-preview:large","max-video-preview":"max-video-preview:-1"},"canonical":"https:\/\/remosa.es\/ca\/product\/malla-de-fibra-de-vidrio-para-impermeabilizacion-pintura\/","og_locale":"ca_ES","og_type":"article","og_title":"Malla de fibra de vidrio para impermeabilizaci\u00f3n - pintura","og_description":"Malla de fibra de vidrio para impermeabilizaci\u00f3n - pintura. Luz de malla de 1x1mm \u00f3 2x2","og_url":"https:\/\/remosa.es\/ca\/product\/malla-de-fibra-de-vidrio-para-impermeabilizacion-pintura\/","og_site_name":"Remosa","article_modified_time":"2026-04-17T10:08:43+00:00","og_image":[{"width":924,"height":924,"url":"https:\/\/remosa.es\/wp-content\/uploads\/2024\/01\/MA042.jpg","type":"image\/jpeg"}],"twitter_card":"summary_large_image","twitter_misc":{"Temps estimat de lectura":"1 minut"},"schema":{"@context":"https:\/\/schema.org","@graph":[{"@type":"WebPage","@id":"https:\/\/remosa.es\/producto\/malla-de-fibra-de-vidrio-para-impermeabilizacion-pintura\/","url":"https:\/\/remosa.es\/producto\/malla-de-fibra-de-vidrio-para-impermeabilizacion-pintura\/","name":"Malla de fibra de vidrio para impermeabilizaci\u00f3n - pintura - Remosa","isPartOf":{"@id":"https:\/\/remosa.es\/#website"},"primaryImageOfPage":{"@id":"https:\/\/remosa.es\/producto\/malla-de-fibra-de-vidrio-para-impermeabilizacion-pintura\/#primaryimage"},"image":{"@id":"https:\/\/remosa.es\/producto\/malla-de-fibra-de-vidrio-para-impermeabilizacion-pintura\/#primaryimage"},"thumbnailUrl":"https:\/\/remosa.es\/wp-content\/uploads\/2024\/01\/MA042.jpg","datePublished":"2024-01-29T11:43:38+00:00","dateModified":"2026-04-17T10:08:43+00:00","description":"Malla de fibra de vidrio para impermeabilizaci\u00f3n - pintura. Luz de malla de 1x1mm \u00f3 2x2","breadcrumb":{"@id":"https:\/\/remosa.es\/producto\/malla-de-fibra-de-vidrio-para-impermeabilizacion-pintura\/#breadcrumb"},"inLanguage":"ca","potentialAction":[{"@type":"ReadAction","target":["https:\/\/remosa.es\/producto\/malla-de-fibra-de-vidrio-para-impermeabilizacion-pintura\/"]}]},{"@type":"ImageObject","inLanguage":"ca","@id":"https:\/\/remosa.es\/producto\/malla-de-fibra-de-vidrio-para-impermeabilizacion-pintura\/#primaryimage","url":"https:\/\/remosa.es\/wp-content\/uploads\/2024\/01\/MA042.jpg","contentUrl":"https:\/\/remosa.es\/wp-content\/uploads\/2024\/01\/MA042.jpg","width":924,"height":924,"caption":"Malla de fibra de vidrio para impermeabilizaci\u00f3n"},{"@type":"BreadcrumbList","@id":"https:\/\/remosa.es\/producto\/malla-de-fibra-de-vidrio-para-impermeabilizacion-pintura\/#breadcrumb","itemListElement":[{"@type":"ListItem","position":1,"name":"Portada","item":"https:\/\/remosa.es\/"},{"@type":"ListItem","position":2,"name":"Productos","item":"https:\/\/remosa.es\/productos\/"},{"@type":"ListItem","position":3,"name":"Malla de fibra de vidrio para impermeabilizaci\u00f3n &#8211; pintura"}]},{"@type":"WebSite","@id":"https:\/\/remosa.es\/#website","url":"https:\/\/remosa.es\/","name":"Remosa","description":"Tu empresa de material de construcci\u00f3n","publisher":{"@id":"https:\/\/remosa.es\/#organization"},"potentialAction":[{"@type":"SearchAction","target":{"@type":"EntryPoint","urlTemplate":"https:\/\/remosa.es\/?s={search_term_string}"},"query-input":"required name=search_term_string"}],"inLanguage":"ca"},{"@type":"Organization","@id":"https:\/\/remosa.es\/#organization","name":"Remosa","url":"https:\/\/remosa.es\/","logo":{"@type":"ImageObject","inLanguage":"ca","@id":"https:\/\/remosa.es\/#\/schema\/logo\/image\/","url":"https:\/\/remosa.es\/wp-content\/uploads\/2023\/12\/cropped-remosa-logo-trans-1.png","contentUrl":"https:\/\/remosa.es\/wp-content\/uploads\/2023\/12\/cropped-remosa-logo-trans-1.png","width":209,"height":88,"caption":"Remosa"},"image":{"@id":"https:\/\/remosa.es\/#\/schema\/logo\/image\/"}}]}},"_links":{"self":[{"href":"https:\/\/remosa.es\/ca\/wp-json\/wp\/v2\/product\/526","targetHints":{"allow":["GET"]}}],"collection":[{"href":"https:\/\/remosa.es\/ca\/wp-json\/wp\/v2\/product"}],"about":[{"href":"https:\/\/remosa.es\/ca\/wp-json\/wp\/v2\/types\/product"}],"replies":[{"embeddable":true,"href":"https:\/\/remosa.es\/ca\/wp-json\/wp\/v2\/comments?post=526"}],"version-history":[{"count":4,"href":"https:\/\/remosa.es\/ca\/wp-json\/wp\/v2\/product\/526\/revisions"}],"predecessor-version":[{"id":1960,"href":"https:\/\/remosa.es\/ca\/wp-json\/wp\/v2\/product\/526\/revisions\/1960"}],"wp:featuredmedia":[{"embeddable":true,"href":"https:\/\/remosa.es\/ca\/wp-json\/wp\/v2\/media\/584"}],"wp:attachment":[{"href":"https:\/\/remosa.es\/ca\/wp-json\/wp\/v2\/media?parent=526"}],"wp:term":[{"taxonomy":"product_cat","embeddable":true,"href":"https:\/\/remosa.es\/ca\/wp-json\/wp\/v2\/product_cat?post=526"},{"taxonomy":"product_tag","embeddable":true,"href":"https:\/\/remosa.es\/ca\/wp-json\/wp\/v2\/product_tag?post=526"}],"curies":[{"name":"wp","href":"https:\/\/api.w.org\/{rel}","templated":true}]}}