{"id":548,"date":"2024-01-29T12:10:27","date_gmt":"2024-01-29T12:10:27","guid":{"rendered":"https:\/\/remosa.w3bcn.es\/?post_type=product&#038;p=548"},"modified":"2025-03-31T09:59:55","modified_gmt":"2025-03-31T09:59:55","slug":"malla-de-fibra-de-vidrio-con-geotextil-para-refuerzo-de-asfalto","status":"publish","type":"product","link":"https:\/\/remosa.es\/ca\/product\/malla-de-fibra-de-vidrio-con-geotextil-para-refuerzo-de-asfalto\/","title":{"rendered":"Malla de fibra de vidrio con geotextil para refuerzo de asfalto"},"content":{"rendered":"<p>Malla de fibra de vidrio con geotextil para refuerzo de asfalto<\/p>\n<p>Geomalla de fibra de vidrio para refuerzo de asfalto con recubrimiento polim\u00e9rico<\/p>\n<p>Desde hace ya tiempo se utilizan en todo el mundo armaduras de refuerzo para el asfalto, demostr\u00e1ndose su eficacia al alargar la vida \u00fatil de los pavimentos donde se ha aplicado en comparaci\u00f3n con los tradicionales, y\u00a0 constatando gran ahorro en el mantenimiento de estos. Nuestras geomallas a base de fibra de vidrio llevan comercializ\u00e1ndose en Europa m\u00e1s de 20 a\u00f1os con gran aceptaci\u00f3n y reconocimiento en dicho mercado.<\/p>\n<p>Las geomallas MACGRID AR de fibra de vidrio incorporan un geotextil no tejido ultraligero para facilitar la colocaci\u00f3n en obra del material.<\/p>\n<p>&nbsp;<\/p>","protected":false},"excerpt":{"rendered":"<h5>Malla de fibra de vidrio con geotextil para refuerzo de asfalto<\/h5>\n<p>Malla de fibra de vidrio de alta resistencia para refuerzo de firmes, \u00a0con recubrimiento bituminoso polim\u00e9rico<\/p>\n<p><strong>MACGRID AR5G.7 50\/50 \u2013\u00a0<\/strong>En rollos de\u00a0<strong>100\u00d72.20m<\/strong>. y rollos de\u00a0<strong>100\u00d71.10m<\/strong>.<\/p>\n<p><strong>MACGRID AR10G.7 100\/100<\/strong>\u00a0\u2013 En rollos de\u00a0<strong>100\u00d72.20m<\/strong><\/p>\n<p><span style=\"color: #3366ff;\"><strong><a style=\"color: #3366ff;\" href=\"https:\/\/remosa.es\/wp-content\/uploads\/2024\/01\/Junio-24-Macgrid-AR.pdf\" target=\"_blank\" rel=\"noopener\">Boletin Geomalla Refuerzo asfalto<\/a><\/strong><\/span><\/p>","protected":false},"featured_media":587,"comment_status":"open","ping_status":"closed","template":"","meta":[],"product_cat":[260,72],"product_tag":[],"class_list":{"0":"post-548","1":"product","2":"type-product","3":"status-publish","4":"has-post-thumbnail","6":"product_cat-asfalto-2","7":"product_cat-asfalto-pavimentos","9":"first","10":"instock","11":"shipping-taxable","12":"purchasable","13":"product-type-variable"},"yoast_head":"<!-- This site is optimized with the Yoast SEO Premium plugin v22.7 (Yoast SEO v22.8) - https:\/\/yoast.com\/wordpress\/plugins\/seo\/ -->\n<title>Malla de fibra de vidrio con geotextil para refuerzo de asfalto - Remosa<\/title>\n<meta name=\"description\" content=\"Malla de fibra de vidrio con geotextil para refuerzo de asfalto. Se presentan en rollos de 2.20m de ancho y en rollos de 1.10m de ancho.\" \/>\n<meta name=\"robots\" content=\"index, follow, max-snippet:-1, max-image-preview:large, max-video-preview:-1\" \/>\n<link rel=\"canonical\" href=\"https:\/\/remosa.es\/ca\/product\/malla-de-fibra-de-vidrio-con-geotextil-para-refuerzo-de-asfalto\/\" \/>\n<meta property=\"og:locale\" content=\"ca_ES\" \/>\n<meta property=\"og:type\" content=\"article\" \/>\n<meta property=\"og:title\" content=\"Malla de fibra de vidrio con geotextil para refuerzo de asfalto\" \/>\n<meta property=\"og:description\" content=\"Malla de fibra de vidrio con geotextil para refuerzo de asfalto. Se presentan en rollos de 2.20m de ancho y en rollos de 1.10m de ancho.\" \/>\n<meta property=\"og:url\" content=\"https:\/\/remosa.es\/ca\/product\/malla-de-fibra-de-vidrio-con-geotextil-para-refuerzo-de-asfalto\/\" \/>\n<meta property=\"og:site_name\" content=\"Remosa\" \/>\n<meta property=\"article:modified_time\" content=\"2025-03-31T09:59:55+00:00\" \/>\n<meta property=\"og:image\" content=\"https:\/\/remosa.es\/wp-content\/uploads\/2024\/01\/BI011.jpeg\" \/>\n\t<meta property=\"og:image:width\" content=\"1239\" \/>\n\t<meta property=\"og:image:height\" content=\"1190\" \/>\n\t<meta property=\"og:image:type\" content=\"image\/jpeg\" \/>\n<meta name=\"twitter:card\" content=\"summary_large_image\" \/>\n<meta name=\"twitter:label1\" content=\"Temps estimat de lectura\" \/>\n\t<meta name=\"twitter:data1\" content=\"1 minut\" \/>\n<script type=\"application\/ld+json\" class=\"yoast-schema-graph\">{\"@context\":\"https:\/\/schema.org\",\"@graph\":[{\"@type\":\"WebPage\",\"@id\":\"https:\/\/remosa.es\/producto\/malla-de-fibra-de-vidrio-con-geotextil-para-refuerzo-de-asfalto\/\",\"url\":\"https:\/\/remosa.es\/producto\/malla-de-fibra-de-vidrio-con-geotextil-para-refuerzo-de-asfalto\/\",\"name\":\"Malla de fibra de vidrio con geotextil para refuerzo de asfalto - Remosa\",\"isPartOf\":{\"@id\":\"https:\/\/remosa.es\/#website\"},\"primaryImageOfPage\":{\"@id\":\"https:\/\/remosa.es\/producto\/malla-de-fibra-de-vidrio-con-geotextil-para-refuerzo-de-asfalto\/#primaryimage\"},\"image\":{\"@id\":\"https:\/\/remosa.es\/producto\/malla-de-fibra-de-vidrio-con-geotextil-para-refuerzo-de-asfalto\/#primaryimage\"},\"thumbnailUrl\":\"https:\/\/remosa.es\/wp-content\/uploads\/2024\/01\/BI011.jpeg\",\"datePublished\":\"2024-01-29T12:10:27+00:00\",\"dateModified\":\"2025-03-31T09:59:55+00:00\",\"description\":\"Malla de fibra de vidrio con geotextil para refuerzo de asfalto. Se presentan en rollos de 2.20m de ancho y en rollos de 1.10m de ancho.\",\"breadcrumb\":{\"@id\":\"https:\/\/remosa.es\/producto\/malla-de-fibra-de-vidrio-con-geotextil-para-refuerzo-de-asfalto\/#breadcrumb\"},\"inLanguage\":\"ca\",\"potentialAction\":[{\"@type\":\"ReadAction\",\"target\":[\"https:\/\/remosa.es\/producto\/malla-de-fibra-de-vidrio-con-geotextil-para-refuerzo-de-asfalto\/\"]}]},{\"@type\":\"ImageObject\",\"inLanguage\":\"ca\",\"@id\":\"https:\/\/remosa.es\/producto\/malla-de-fibra-de-vidrio-con-geotextil-para-refuerzo-de-asfalto\/#primaryimage\",\"url\":\"https:\/\/remosa.es\/wp-content\/uploads\/2024\/01\/BI011.jpeg\",\"contentUrl\":\"https:\/\/remosa.es\/wp-content\/uploads\/2024\/01\/BI011.jpeg\",\"width\":1239,\"height\":1190,\"caption\":\"Malla de fibra de vidrio con geotextil para asfalto\"},{\"@type\":\"BreadcrumbList\",\"@id\":\"https:\/\/remosa.es\/producto\/malla-de-fibra-de-vidrio-con-geotextil-para-refuerzo-de-asfalto\/#breadcrumb\",\"itemListElement\":[{\"@type\":\"ListItem\",\"position\":1,\"name\":\"Portada\",\"item\":\"https:\/\/remosa.es\/\"},{\"@type\":\"ListItem\",\"position\":2,\"name\":\"Productos\",\"item\":\"https:\/\/remosa.es\/productos\/\"},{\"@type\":\"ListItem\",\"position\":3,\"name\":\"Malla de fibra de vidrio con geotextil para refuerzo de asfalto\"}]},{\"@type\":\"WebSite\",\"@id\":\"https:\/\/remosa.es\/#website\",\"url\":\"https:\/\/remosa.es\/\",\"name\":\"Remosa\",\"description\":\"Tu empresa de material de construcci\u00f3n\",\"publisher\":{\"@id\":\"https:\/\/remosa.es\/#organization\"},\"potentialAction\":[{\"@type\":\"SearchAction\",\"target\":{\"@type\":\"EntryPoint\",\"urlTemplate\":\"https:\/\/remosa.es\/?s={search_term_string}\"},\"query-input\":\"required name=search_term_string\"}],\"inLanguage\":\"ca\"},{\"@type\":\"Organization\",\"@id\":\"https:\/\/remosa.es\/#organization\",\"name\":\"Remosa\",\"url\":\"https:\/\/remosa.es\/\",\"logo\":{\"@type\":\"ImageObject\",\"inLanguage\":\"ca\",\"@id\":\"https:\/\/remosa.es\/#\/schema\/logo\/image\/\",\"url\":\"https:\/\/remosa.es\/wp-content\/uploads\/2023\/12\/cropped-remosa-logo-trans-1.png\",\"contentUrl\":\"https:\/\/remosa.es\/wp-content\/uploads\/2023\/12\/cropped-remosa-logo-trans-1.png\",\"width\":209,\"height\":88,\"caption\":\"Remosa\"},\"image\":{\"@id\":\"https:\/\/remosa.es\/#\/schema\/logo\/image\/\"}}]}<\/script>\n<!-- \/ Yoast SEO Premium plugin. -->","yoast_head_json":{"title":"Malla de fibra de vidrio con geotextil para refuerzo de asfalto - Remosa","description":"Malla de fibra de vidrio con geotextil para refuerzo de asfalto. Se presentan en rollos de 2.20m de ancho y en rollos de 1.10m de ancho.","robots":{"index":"index","follow":"follow","max-snippet":"max-snippet:-1","max-image-preview":"max-image-preview:large","max-video-preview":"max-video-preview:-1"},"canonical":"https:\/\/remosa.es\/ca\/product\/malla-de-fibra-de-vidrio-con-geotextil-para-refuerzo-de-asfalto\/","og_locale":"ca_ES","og_type":"article","og_title":"Malla de fibra de vidrio con geotextil para refuerzo de asfalto","og_description":"Malla de fibra de vidrio con geotextil para refuerzo de asfalto. Se presentan en rollos de 2.20m de ancho y en rollos de 1.10m de ancho.","og_url":"https:\/\/remosa.es\/ca\/product\/malla-de-fibra-de-vidrio-con-geotextil-para-refuerzo-de-asfalto\/","og_site_name":"Remosa","article_modified_time":"2025-03-31T09:59:55+00:00","og_image":[{"width":1239,"height":1190,"url":"https:\/\/remosa.es\/wp-content\/uploads\/2024\/01\/BI011.jpeg","type":"image\/jpeg"}],"twitter_card":"summary_large_image","twitter_misc":{"Temps estimat de lectura":"1 minut"},"schema":{"@context":"https:\/\/schema.org","@graph":[{"@type":"WebPage","@id":"https:\/\/remosa.es\/producto\/malla-de-fibra-de-vidrio-con-geotextil-para-refuerzo-de-asfalto\/","url":"https:\/\/remosa.es\/producto\/malla-de-fibra-de-vidrio-con-geotextil-para-refuerzo-de-asfalto\/","name":"Malla de fibra de vidrio con geotextil para refuerzo de asfalto - Remosa","isPartOf":{"@id":"https:\/\/remosa.es\/#website"},"primaryImageOfPage":{"@id":"https:\/\/remosa.es\/producto\/malla-de-fibra-de-vidrio-con-geotextil-para-refuerzo-de-asfalto\/#primaryimage"},"image":{"@id":"https:\/\/remosa.es\/producto\/malla-de-fibra-de-vidrio-con-geotextil-para-refuerzo-de-asfalto\/#primaryimage"},"thumbnailUrl":"https:\/\/remosa.es\/wp-content\/uploads\/2024\/01\/BI011.jpeg","datePublished":"2024-01-29T12:10:27+00:00","dateModified":"2025-03-31T09:59:55+00:00","description":"Malla de fibra de vidrio con geotextil para refuerzo de asfalto. Se presentan en rollos de 2.20m de ancho y en rollos de 1.10m de ancho.","breadcrumb":{"@id":"https:\/\/remosa.es\/producto\/malla-de-fibra-de-vidrio-con-geotextil-para-refuerzo-de-asfalto\/#breadcrumb"},"inLanguage":"ca","potentialAction":[{"@type":"ReadAction","target":["https:\/\/remosa.es\/producto\/malla-de-fibra-de-vidrio-con-geotextil-para-refuerzo-de-asfalto\/"]}]},{"@type":"ImageObject","inLanguage":"ca","@id":"https:\/\/remosa.es\/producto\/malla-de-fibra-de-vidrio-con-geotextil-para-refuerzo-de-asfalto\/#primaryimage","url":"https:\/\/remosa.es\/wp-content\/uploads\/2024\/01\/BI011.jpeg","contentUrl":"https:\/\/remosa.es\/wp-content\/uploads\/2024\/01\/BI011.jpeg","width":1239,"height":1190,"caption":"Malla de fibra de vidrio con geotextil para asfalto"},{"@type":"BreadcrumbList","@id":"https:\/\/remosa.es\/producto\/malla-de-fibra-de-vidrio-con-geotextil-para-refuerzo-de-asfalto\/#breadcrumb","itemListElement":[{"@type":"ListItem","position":1,"name":"Portada","item":"https:\/\/remosa.es\/"},{"@type":"ListItem","position":2,"name":"Productos","item":"https:\/\/remosa.es\/productos\/"},{"@type":"ListItem","position":3,"name":"Malla de fibra de vidrio con geotextil para refuerzo de asfalto"}]},{"@type":"WebSite","@id":"https:\/\/remosa.es\/#website","url":"https:\/\/remosa.es\/","name":"Remosa","description":"Tu empresa de material de construcci\u00f3n","publisher":{"@id":"https:\/\/remosa.es\/#organization"},"potentialAction":[{"@type":"SearchAction","target":{"@type":"EntryPoint","urlTemplate":"https:\/\/remosa.es\/?s={search_term_string}"},"query-input":"required name=search_term_string"}],"inLanguage":"ca"},{"@type":"Organization","@id":"https:\/\/remosa.es\/#organization","name":"Remosa","url":"https:\/\/remosa.es\/","logo":{"@type":"ImageObject","inLanguage":"ca","@id":"https:\/\/remosa.es\/#\/schema\/logo\/image\/","url":"https:\/\/remosa.es\/wp-content\/uploads\/2023\/12\/cropped-remosa-logo-trans-1.png","contentUrl":"https:\/\/remosa.es\/wp-content\/uploads\/2023\/12\/cropped-remosa-logo-trans-1.png","width":209,"height":88,"caption":"Remosa"},"image":{"@id":"https:\/\/remosa.es\/#\/schema\/logo\/image\/"}}]}},"_links":{"self":[{"href":"https:\/\/remosa.es\/ca\/wp-json\/wp\/v2\/product\/548","targetHints":{"allow":["GET"]}}],"collection":[{"href":"https:\/\/remosa.es\/ca\/wp-json\/wp\/v2\/product"}],"about":[{"href":"https:\/\/remosa.es\/ca\/wp-json\/wp\/v2\/types\/product"}],"replies":[{"embeddable":true,"href":"https:\/\/remosa.es\/ca\/wp-json\/wp\/v2\/comments?post=548"}],"version-history":[{"count":8,"href":"https:\/\/remosa.es\/ca\/wp-json\/wp\/v2\/product\/548\/revisions"}],"predecessor-version":[{"id":1366,"href":"https:\/\/remosa.es\/ca\/wp-json\/wp\/v2\/product\/548\/revisions\/1366"}],"wp:featuredmedia":[{"embeddable":true,"href":"https:\/\/remosa.es\/ca\/wp-json\/wp\/v2\/media\/587"}],"wp:attachment":[{"href":"https:\/\/remosa.es\/ca\/wp-json\/wp\/v2\/media?parent=548"}],"wp:term":[{"taxonomy":"product_cat","embeddable":true,"href":"https:\/\/remosa.es\/ca\/wp-json\/wp\/v2\/product_cat?post=548"},{"taxonomy":"product_tag","embeddable":true,"href":"https:\/\/remosa.es\/ca\/wp-json\/wp\/v2\/product_tag?post=548"}],"curies":[{"name":"wp","href":"https:\/\/api.w.org\/{rel}","templated":true}]}}