{"id":553,"date":"2024-01-29T12:12:47","date_gmt":"2024-01-29T12:12:47","guid":{"rendered":"https:\/\/remosa.w3bcn.es\/?post_type=product&#038;p=553"},"modified":"2026-02-26T09:39:56","modified_gmt":"2026-02-26T09:39:56","slug":"malla-para-proteccion-de-andamios","status":"publish","type":"product","link":"https:\/\/remosa.es\/ca\/product\/malla-para-proteccion-de-andamios\/","title":{"rendered":"Malla para protecci\u00f3n de andamios"},"content":{"rendered":"<p>Malla para protecci\u00f3n de andamios, formada por hilos de PEHD, est\u00e1 disponible en colores Blanco, Azul y Verde, adem\u00e1s se suministra con ojales, para facilitar la colocaci\u00f3n en el andamio<\/p>\n<p>Las mallas de andamio limitan las zonas de obra, ayudan a proteger a peatones y el pavimento de la ca\u00edda de objetos y materiales varios de obra como, pintura, polvo\u2026<\/p>\n<p>Adem\u00e1s podemos suministrar otros colores como el negro se ha de consultar a f\u00e1brica la disponibilidad y medidas<\/p>\n<p>Tambi\u00e9n suministramos medidas especiales bajo pedido en PP, para andamio.<\/p>\n<p>Dentro es esta gama de mallas pl\u00e1sticas disponemos previo pedido de mallas especiales para proteger la carga de cami\u00f3n, estas \u00faltimas incluyen pinzas y cord\u00f3n el\u00e1stico para su colocaci\u00f3n.<\/p>","protected":false},"excerpt":{"rendered":"<p>Malla para la protecci\u00f3n de los andamios<\/p>\n<p>Colores est\u00e1ndar : Verde, Azul, Blanca y Roja<\/p>\n<p>Medida est\u00e1ndar: 3\u00d720 m.<\/p>","protected":false},"featured_media":1375,"comment_status":"open","ping_status":"closed","template":"","meta":[],"product_cat":[73],"product_tag":[],"class_list":{"0":"post-553","1":"product","2":"type-product","3":"status-publish","4":"has-post-thumbnail","6":"product_cat-andamio","8":"first","9":"instock","10":"shipping-taxable","11":"purchasable","12":"product-type-variable"},"yoast_head":"<!-- This site is optimized with the Yoast SEO Premium plugin v22.7 (Yoast SEO v22.8) - https:\/\/yoast.com\/wordpress\/plugins\/seo\/ -->\n<title>Malla para protecci\u00f3n de andamios - Remosa<\/title>\n<meta name=\"description\" content=\"Malla para protecci\u00f3n de andamios . Blanca, Verde, Azul y Roja.\" \/>\n<meta name=\"robots\" content=\"index, follow, max-snippet:-1, max-image-preview:large, max-video-preview:-1\" \/>\n<link rel=\"canonical\" href=\"https:\/\/remosa.es\/ca\/product\/malla-para-proteccion-de-andamios\/\" \/>\n<meta property=\"og:locale\" content=\"ca_ES\" \/>\n<meta property=\"og:type\" content=\"article\" \/>\n<meta property=\"og:title\" content=\"Malla para protecci\u00f3n de andamios\" \/>\n<meta property=\"og:description\" content=\"Malla para protecci\u00f3n de andamios . Blanca, Verde, Azul y Roja.\" \/>\n<meta property=\"og:url\" content=\"https:\/\/remosa.es\/ca\/product\/malla-para-proteccion-de-andamios\/\" \/>\n<meta property=\"og:site_name\" content=\"Remosa\" \/>\n<meta property=\"article:modified_time\" content=\"2026-02-26T09:39:56+00:00\" \/>\n<meta property=\"og:image\" content=\"https:\/\/remosa.es\/wp-content\/uploads\/2024\/01\/MA073-1.jpg\" \/>\n\t<meta property=\"og:image:width\" content=\"839\" \/>\n\t<meta property=\"og:image:height\" content=\"808\" \/>\n\t<meta property=\"og:image:type\" content=\"image\/jpeg\" \/>\n<meta name=\"twitter:card\" content=\"summary_large_image\" \/>\n<meta name=\"twitter:label1\" content=\"Temps estimat de lectura\" \/>\n\t<meta name=\"twitter:data1\" content=\"1 minut\" \/>\n<script type=\"application\/ld+json\" class=\"yoast-schema-graph\">{\"@context\":\"https:\/\/schema.org\",\"@graph\":[{\"@type\":\"WebPage\",\"@id\":\"https:\/\/remosa.es\/producto\/malla-para-proteccion-de-andamios\/\",\"url\":\"https:\/\/remosa.es\/producto\/malla-para-proteccion-de-andamios\/\",\"name\":\"Malla para protecci\u00f3n de andamios - Remosa\",\"isPartOf\":{\"@id\":\"https:\/\/remosa.es\/#website\"},\"primaryImageOfPage\":{\"@id\":\"https:\/\/remosa.es\/producto\/malla-para-proteccion-de-andamios\/#primaryimage\"},\"image\":{\"@id\":\"https:\/\/remosa.es\/producto\/malla-para-proteccion-de-andamios\/#primaryimage\"},\"thumbnailUrl\":\"https:\/\/remosa.es\/wp-content\/uploads\/2024\/01\/MA073-1.jpg\",\"datePublished\":\"2024-01-29T12:12:47+00:00\",\"dateModified\":\"2026-02-26T09:39:56+00:00\",\"description\":\"Malla para protecci\u00f3n de andamios . Blanca, Verde, Azul y Roja.\",\"breadcrumb\":{\"@id\":\"https:\/\/remosa.es\/producto\/malla-para-proteccion-de-andamios\/#breadcrumb\"},\"inLanguage\":\"ca\",\"potentialAction\":[{\"@type\":\"ReadAction\",\"target\":[\"https:\/\/remosa.es\/producto\/malla-para-proteccion-de-andamios\/\"]}]},{\"@type\":\"ImageObject\",\"inLanguage\":\"ca\",\"@id\":\"https:\/\/remosa.es\/producto\/malla-para-proteccion-de-andamios\/#primaryimage\",\"url\":\"https:\/\/remosa.es\/wp-content\/uploads\/2024\/01\/MA073-1.jpg\",\"contentUrl\":\"https:\/\/remosa.es\/wp-content\/uploads\/2024\/01\/MA073-1.jpg\",\"width\":839,\"height\":808,\"caption\":\"MALLA ANDAMIO\"},{\"@type\":\"BreadcrumbList\",\"@id\":\"https:\/\/remosa.es\/producto\/malla-para-proteccion-de-andamios\/#breadcrumb\",\"itemListElement\":[{\"@type\":\"ListItem\",\"position\":1,\"name\":\"Portada\",\"item\":\"https:\/\/remosa.es\/\"},{\"@type\":\"ListItem\",\"position\":2,\"name\":\"Productos\",\"item\":\"https:\/\/remosa.es\/productos\/\"},{\"@type\":\"ListItem\",\"position\":3,\"name\":\"Malla para protecci\u00f3n de andamios\"}]},{\"@type\":\"WebSite\",\"@id\":\"https:\/\/remosa.es\/#website\",\"url\":\"https:\/\/remosa.es\/\",\"name\":\"Remosa\",\"description\":\"Tu empresa de material de construcci\u00f3n\",\"publisher\":{\"@id\":\"https:\/\/remosa.es\/#organization\"},\"potentialAction\":[{\"@type\":\"SearchAction\",\"target\":{\"@type\":\"EntryPoint\",\"urlTemplate\":\"https:\/\/remosa.es\/?s={search_term_string}\"},\"query-input\":\"required name=search_term_string\"}],\"inLanguage\":\"ca\"},{\"@type\":\"Organization\",\"@id\":\"https:\/\/remosa.es\/#organization\",\"name\":\"Remosa\",\"url\":\"https:\/\/remosa.es\/\",\"logo\":{\"@type\":\"ImageObject\",\"inLanguage\":\"ca\",\"@id\":\"https:\/\/remosa.es\/#\/schema\/logo\/image\/\",\"url\":\"https:\/\/remosa.es\/wp-content\/uploads\/2023\/12\/cropped-remosa-logo-trans-1.png\",\"contentUrl\":\"https:\/\/remosa.es\/wp-content\/uploads\/2023\/12\/cropped-remosa-logo-trans-1.png\",\"width\":209,\"height\":88,\"caption\":\"Remosa\"},\"image\":{\"@id\":\"https:\/\/remosa.es\/#\/schema\/logo\/image\/\"}}]}<\/script>\n<!-- \/ Yoast SEO Premium plugin. -->","yoast_head_json":{"title":"Malla para protecci\u00f3n de andamios - Remosa","description":"Malla para protecci\u00f3n de andamios . Blanca, Verde, Azul y Roja.","robots":{"index":"index","follow":"follow","max-snippet":"max-snippet:-1","max-image-preview":"max-image-preview:large","max-video-preview":"max-video-preview:-1"},"canonical":"https:\/\/remosa.es\/ca\/product\/malla-para-proteccion-de-andamios\/","og_locale":"ca_ES","og_type":"article","og_title":"Malla para protecci\u00f3n de andamios","og_description":"Malla para protecci\u00f3n de andamios . Blanca, Verde, Azul y Roja.","og_url":"https:\/\/remosa.es\/ca\/product\/malla-para-proteccion-de-andamios\/","og_site_name":"Remosa","article_modified_time":"2026-02-26T09:39:56+00:00","og_image":[{"width":839,"height":808,"url":"https:\/\/remosa.es\/wp-content\/uploads\/2024\/01\/MA073-1.jpg","type":"image\/jpeg"}],"twitter_card":"summary_large_image","twitter_misc":{"Temps estimat de lectura":"1 minut"},"schema":{"@context":"https:\/\/schema.org","@graph":[{"@type":"WebPage","@id":"https:\/\/remosa.es\/producto\/malla-para-proteccion-de-andamios\/","url":"https:\/\/remosa.es\/producto\/malla-para-proteccion-de-andamios\/","name":"Malla para protecci\u00f3n de andamios - Remosa","isPartOf":{"@id":"https:\/\/remosa.es\/#website"},"primaryImageOfPage":{"@id":"https:\/\/remosa.es\/producto\/malla-para-proteccion-de-andamios\/#primaryimage"},"image":{"@id":"https:\/\/remosa.es\/producto\/malla-para-proteccion-de-andamios\/#primaryimage"},"thumbnailUrl":"https:\/\/remosa.es\/wp-content\/uploads\/2024\/01\/MA073-1.jpg","datePublished":"2024-01-29T12:12:47+00:00","dateModified":"2026-02-26T09:39:56+00:00","description":"Malla para protecci\u00f3n de andamios . Blanca, Verde, Azul y Roja.","breadcrumb":{"@id":"https:\/\/remosa.es\/producto\/malla-para-proteccion-de-andamios\/#breadcrumb"},"inLanguage":"ca","potentialAction":[{"@type":"ReadAction","target":["https:\/\/remosa.es\/producto\/malla-para-proteccion-de-andamios\/"]}]},{"@type":"ImageObject","inLanguage":"ca","@id":"https:\/\/remosa.es\/producto\/malla-para-proteccion-de-andamios\/#primaryimage","url":"https:\/\/remosa.es\/wp-content\/uploads\/2024\/01\/MA073-1.jpg","contentUrl":"https:\/\/remosa.es\/wp-content\/uploads\/2024\/01\/MA073-1.jpg","width":839,"height":808,"caption":"MALLA ANDAMIO"},{"@type":"BreadcrumbList","@id":"https:\/\/remosa.es\/producto\/malla-para-proteccion-de-andamios\/#breadcrumb","itemListElement":[{"@type":"ListItem","position":1,"name":"Portada","item":"https:\/\/remosa.es\/"},{"@type":"ListItem","position":2,"name":"Productos","item":"https:\/\/remosa.es\/productos\/"},{"@type":"ListItem","position":3,"name":"Malla para protecci\u00f3n de andamios"}]},{"@type":"WebSite","@id":"https:\/\/remosa.es\/#website","url":"https:\/\/remosa.es\/","name":"Remosa","description":"Tu empresa de material de construcci\u00f3n","publisher":{"@id":"https:\/\/remosa.es\/#organization"},"potentialAction":[{"@type":"SearchAction","target":{"@type":"EntryPoint","urlTemplate":"https:\/\/remosa.es\/?s={search_term_string}"},"query-input":"required name=search_term_string"}],"inLanguage":"ca"},{"@type":"Organization","@id":"https:\/\/remosa.es\/#organization","name":"Remosa","url":"https:\/\/remosa.es\/","logo":{"@type":"ImageObject","inLanguage":"ca","@id":"https:\/\/remosa.es\/#\/schema\/logo\/image\/","url":"https:\/\/remosa.es\/wp-content\/uploads\/2023\/12\/cropped-remosa-logo-trans-1.png","contentUrl":"https:\/\/remosa.es\/wp-content\/uploads\/2023\/12\/cropped-remosa-logo-trans-1.png","width":209,"height":88,"caption":"Remosa"},"image":{"@id":"https:\/\/remosa.es\/#\/schema\/logo\/image\/"}}]}},"_links":{"self":[{"href":"https:\/\/remosa.es\/ca\/wp-json\/wp\/v2\/product\/553","targetHints":{"allow":["GET"]}}],"collection":[{"href":"https:\/\/remosa.es\/ca\/wp-json\/wp\/v2\/product"}],"about":[{"href":"https:\/\/remosa.es\/ca\/wp-json\/wp\/v2\/types\/product"}],"replies":[{"embeddable":true,"href":"https:\/\/remosa.es\/ca\/wp-json\/wp\/v2\/comments?post=553"}],"version-history":[{"count":3,"href":"https:\/\/remosa.es\/ca\/wp-json\/wp\/v2\/product\/553\/revisions"}],"predecessor-version":[{"id":2441,"href":"https:\/\/remosa.es\/ca\/wp-json\/wp\/v2\/product\/553\/revisions\/2441"}],"wp:featuredmedia":[{"embeddable":true,"href":"https:\/\/remosa.es\/ca\/wp-json\/wp\/v2\/media\/1375"}],"wp:attachment":[{"href":"https:\/\/remosa.es\/ca\/wp-json\/wp\/v2\/media?parent=553"}],"wp:term":[{"taxonomy":"product_cat","embeddable":true,"href":"https:\/\/remosa.es\/ca\/wp-json\/wp\/v2\/product_cat?post=553"},{"taxonomy":"product_tag","embeddable":true,"href":"https:\/\/remosa.es\/ca\/wp-json\/wp\/v2\/product_tag?post=553"}],"curies":[{"name":"wp","href":"https:\/\/api.w.org\/{rel}","templated":true}]}}