{"id":558,"date":"2024-01-29T12:14:18","date_gmt":"2024-01-29T12:14:18","guid":{"rendered":"https:\/\/remosa.w3bcn.es\/?post_type=product&#038;p=558"},"modified":"2024-06-05T11:56:02","modified_gmt":"2024-06-05T11:56:02","slug":"malla-para-cubrir-carga-de-camion","status":"publish","type":"product","link":"https:\/\/remosa.es\/ca\/product\/malla-para-cubrir-carga-de-camion\/","title":{"rendered":"Malla para cubrir carga de cami\u00f3n"},"content":{"rendered":"<p>La malla para cubrir carga de cami\u00f3n, le permite cumplir con la normativa de circulaci\u00f3n seg\u00fan el\u00a0<a href=\"https:\/\/www.boe.es\/boe\/dias\/2017\/06\/09\/pdfs\/BOE-A-2017-6512.pdf\">RD 563\/2017 de 2 de junio<\/a>\u00a0, que regula a que la mercanc\u00eda en particular de camiones, furgonetas y remolques descubiertos, vaya tapada, con el fin sobre todo de impedir la ca\u00edda de la carga a la calzada.<\/p>\n<p>Esta malla de cobertura de la carga para camiones, est\u00e1 disponible en color verde y confeccionada por una red de 6 x 11 hilos de polipropileno.<\/p>\n<p>Se presenta en paquetes que adem\u00e1s incluyen pinzas de sujeci\u00f3n y un cord\u00f3n el\u00e1stico.<\/p>\n<p>Las pinzas que se deben colocar aproximadamente a un metro de separaci\u00f3n, proporcionando as\u00ed una adecuada sujeci\u00f3n al cami\u00f3n en contraste con las empleadas com\u00fanmente no fabricadas para este fin, como pueden ser las utilizadas para\u00a0<a href=\"https:\/\/remosa.es\/ca\/producte\/b-malla-para-proteccion-de-andamios-copia\/\">andamios<\/a>.<\/p>\n<p>La malla tambi\u00e9n se suministra en medidas especiales bajo pedido, de esta forma podemos ajustarnos a sus necesidades.<\/p>\n<p>Este modelo de malla con pinzas y el\u00e1sticos, en ocasiones adem\u00e1s las hemos suministrado para cubrir peque\u00f1as balsas y piscinas.<\/p>","protected":false},"excerpt":{"rendered":"<p>Malla para cubrir carga de cami\u00f3n<\/p>\n<p>Confeccionada con hilos de polipropileno est\u00e1 reforzada para proteger las cargas en camiones.<\/p>\n<p>Se suministra con pinzas y gomas para una mejor sujeci\u00f3n. Color verde.<\/p>\n<p>La normativa de circulaci\u00f3n, obliga a que la mercanc\u00eda en camiones y furgonetas descubiertos ha de ir tapada,\u00a0 y as\u00ed, para impedir\u00a0la\u00a0ca\u00edda a la calzada de la carga.<\/p>\n<p>Bajo pedido se confeccionan piezas a medida m\u00faltiplos de 2, 3 y 4 m., cons\u00faltenos plazos de entrega.<\/p>","protected":false},"featured_media":1319,"comment_status":"open","ping_status":"closed","template":"","meta":[],"product_cat":[74],"product_tag":[],"class_list":{"0":"post-558","1":"product","2":"type-product","3":"status-publish","4":"has-post-thumbnail","6":"product_cat-camion","8":"first","9":"instock","10":"shipping-taxable","11":"purchasable","12":"product-type-simple"},"yoast_head":"<!-- This site is optimized with the Yoast SEO Premium plugin v22.7 (Yoast SEO v22.8) - https:\/\/yoast.com\/wordpress\/plugins\/seo\/ -->\n<title>Malla para cubrir carga de cami\u00f3n - Remosa<\/title>\n<meta name=\"description\" content=\"Malla para cubrir carga de cami\u00f3n con pinzas y gomas para mejor sujeci\u00f3n. Fabricaci\u00f3n bajo pedido en las medidas que se precisen.\" \/>\n<meta name=\"robots\" content=\"index, follow, max-snippet:-1, max-image-preview:large, max-video-preview:-1\" \/>\n<link rel=\"canonical\" href=\"https:\/\/remosa.es\/ca\/product\/malla-para-cubrir-carga-de-camion\/\" \/>\n<meta property=\"og:locale\" content=\"ca_ES\" \/>\n<meta property=\"og:type\" content=\"article\" \/>\n<meta property=\"og:title\" content=\"Malla para cubrir carga de cami\u00f3n\" \/>\n<meta property=\"og:description\" content=\"Malla para cubrir carga de cami\u00f3n con pinzas y gomas para mejor sujeci\u00f3n. Fabricaci\u00f3n bajo pedido en las medidas que se precisen.\" \/>\n<meta property=\"og:url\" content=\"https:\/\/remosa.es\/ca\/product\/malla-para-cubrir-carga-de-camion\/\" \/>\n<meta property=\"og:site_name\" content=\"Remosa\" \/>\n<meta property=\"article:modified_time\" content=\"2024-06-05T11:56:02+00:00\" \/>\n<meta property=\"og:image\" content=\"https:\/\/remosa.es\/wp-content\/uploads\/2024\/01\/MA084.jpg\" \/>\n\t<meta property=\"og:image:width\" content=\"1600\" \/>\n\t<meta property=\"og:image:height\" content=\"900\" \/>\n\t<meta property=\"og:image:type\" content=\"image\/jpeg\" \/>\n<meta name=\"twitter:card\" content=\"summary_large_image\" \/>\n<meta name=\"twitter:label1\" content=\"Temps estimat de lectura\" \/>\n\t<meta name=\"twitter:data1\" content=\"2 minuts\" \/>\n<script type=\"application\/ld+json\" class=\"yoast-schema-graph\">{\"@context\":\"https:\/\/schema.org\",\"@graph\":[{\"@type\":\"WebPage\",\"@id\":\"https:\/\/remosa.es\/producto\/malla-para-cubrir-carga-de-camion\/\",\"url\":\"https:\/\/remosa.es\/producto\/malla-para-cubrir-carga-de-camion\/\",\"name\":\"Malla para cubrir carga de cami\u00f3n - Remosa\",\"isPartOf\":{\"@id\":\"https:\/\/remosa.es\/#website\"},\"primaryImageOfPage\":{\"@id\":\"https:\/\/remosa.es\/producto\/malla-para-cubrir-carga-de-camion\/#primaryimage\"},\"image\":{\"@id\":\"https:\/\/remosa.es\/producto\/malla-para-cubrir-carga-de-camion\/#primaryimage\"},\"thumbnailUrl\":\"https:\/\/remosa.es\/wp-content\/uploads\/2024\/01\/MA084-e1772702600700.jpg\",\"datePublished\":\"2024-01-29T12:14:18+00:00\",\"dateModified\":\"2024-06-05T11:56:02+00:00\",\"description\":\"Malla para cubrir carga de cami\u00f3n con pinzas y gomas para mejor sujeci\u00f3n. Fabricaci\u00f3n bajo pedido en las medidas que se precisen.\",\"breadcrumb\":{\"@id\":\"https:\/\/remosa.es\/producto\/malla-para-cubrir-carga-de-camion\/#breadcrumb\"},\"inLanguage\":\"ca\",\"potentialAction\":[{\"@type\":\"ReadAction\",\"target\":[\"https:\/\/remosa.es\/producto\/malla-para-cubrir-carga-de-camion\/\"]}]},{\"@type\":\"ImageObject\",\"inLanguage\":\"ca\",\"@id\":\"https:\/\/remosa.es\/producto\/malla-para-cubrir-carga-de-camion\/#primaryimage\",\"url\":\"https:\/\/remosa.es\/wp-content\/uploads\/2024\/01\/MA084-e1772702600700.jpg\",\"contentUrl\":\"https:\/\/remosa.es\/wp-content\/uploads\/2024\/01\/MA084-e1772702600700.jpg\",\"width\":715,\"height\":715,\"caption\":\"Malla para cubrir carga de cami\u00f3n\"},{\"@type\":\"BreadcrumbList\",\"@id\":\"https:\/\/remosa.es\/producto\/malla-para-cubrir-carga-de-camion\/#breadcrumb\",\"itemListElement\":[{\"@type\":\"ListItem\",\"position\":1,\"name\":\"Portada\",\"item\":\"https:\/\/remosa.es\/\"},{\"@type\":\"ListItem\",\"position\":2,\"name\":\"Productos\",\"item\":\"https:\/\/remosa.es\/productos\/\"},{\"@type\":\"ListItem\",\"position\":3,\"name\":\"Malla para cubrir carga de cami\u00f3n\"}]},{\"@type\":\"WebSite\",\"@id\":\"https:\/\/remosa.es\/#website\",\"url\":\"https:\/\/remosa.es\/\",\"name\":\"Remosa\",\"description\":\"Tu empresa de material de construcci\u00f3n\",\"publisher\":{\"@id\":\"https:\/\/remosa.es\/#organization\"},\"potentialAction\":[{\"@type\":\"SearchAction\",\"target\":{\"@type\":\"EntryPoint\",\"urlTemplate\":\"https:\/\/remosa.es\/?s={search_term_string}\"},\"query-input\":\"required name=search_term_string\"}],\"inLanguage\":\"ca\"},{\"@type\":\"Organization\",\"@id\":\"https:\/\/remosa.es\/#organization\",\"name\":\"Remosa\",\"url\":\"https:\/\/remosa.es\/\",\"logo\":{\"@type\":\"ImageObject\",\"inLanguage\":\"ca\",\"@id\":\"https:\/\/remosa.es\/#\/schema\/logo\/image\/\",\"url\":\"https:\/\/remosa.es\/wp-content\/uploads\/2023\/12\/cropped-remosa-logo-trans-1.png\",\"contentUrl\":\"https:\/\/remosa.es\/wp-content\/uploads\/2023\/12\/cropped-remosa-logo-trans-1.png\",\"width\":209,\"height\":88,\"caption\":\"Remosa\"},\"image\":{\"@id\":\"https:\/\/remosa.es\/#\/schema\/logo\/image\/\"}}]}<\/script>\n<!-- \/ Yoast SEO Premium plugin. -->","yoast_head_json":{"title":"Malla para cubrir carga de cami\u00f3n - Remosa","description":"Malla para cubrir carga de cami\u00f3n con pinzas y gomas para mejor sujeci\u00f3n. Fabricaci\u00f3n bajo pedido en las medidas que se precisen.","robots":{"index":"index","follow":"follow","max-snippet":"max-snippet:-1","max-image-preview":"max-image-preview:large","max-video-preview":"max-video-preview:-1"},"canonical":"https:\/\/remosa.es\/ca\/product\/malla-para-cubrir-carga-de-camion\/","og_locale":"ca_ES","og_type":"article","og_title":"Malla para cubrir carga de cami\u00f3n","og_description":"Malla para cubrir carga de cami\u00f3n con pinzas y gomas para mejor sujeci\u00f3n. Fabricaci\u00f3n bajo pedido en las medidas que se precisen.","og_url":"https:\/\/remosa.es\/ca\/product\/malla-para-cubrir-carga-de-camion\/","og_site_name":"Remosa","article_modified_time":"2024-06-05T11:56:02+00:00","og_image":[{"width":1600,"height":900,"url":"https:\/\/remosa.es\/wp-content\/uploads\/2024\/01\/MA084.jpg","type":"image\/jpeg"}],"twitter_card":"summary_large_image","twitter_misc":{"Temps estimat de lectura":"2 minuts"},"schema":{"@context":"https:\/\/schema.org","@graph":[{"@type":"WebPage","@id":"https:\/\/remosa.es\/producto\/malla-para-cubrir-carga-de-camion\/","url":"https:\/\/remosa.es\/producto\/malla-para-cubrir-carga-de-camion\/","name":"Malla para cubrir carga de cami\u00f3n - Remosa","isPartOf":{"@id":"https:\/\/remosa.es\/#website"},"primaryImageOfPage":{"@id":"https:\/\/remosa.es\/producto\/malla-para-cubrir-carga-de-camion\/#primaryimage"},"image":{"@id":"https:\/\/remosa.es\/producto\/malla-para-cubrir-carga-de-camion\/#primaryimage"},"thumbnailUrl":"https:\/\/remosa.es\/wp-content\/uploads\/2024\/01\/MA084-e1772702600700.jpg","datePublished":"2024-01-29T12:14:18+00:00","dateModified":"2024-06-05T11:56:02+00:00","description":"Malla para cubrir carga de cami\u00f3n con pinzas y gomas para mejor sujeci\u00f3n. Fabricaci\u00f3n bajo pedido en las medidas que se precisen.","breadcrumb":{"@id":"https:\/\/remosa.es\/producto\/malla-para-cubrir-carga-de-camion\/#breadcrumb"},"inLanguage":"ca","potentialAction":[{"@type":"ReadAction","target":["https:\/\/remosa.es\/producto\/malla-para-cubrir-carga-de-camion\/"]}]},{"@type":"ImageObject","inLanguage":"ca","@id":"https:\/\/remosa.es\/producto\/malla-para-cubrir-carga-de-camion\/#primaryimage","url":"https:\/\/remosa.es\/wp-content\/uploads\/2024\/01\/MA084-e1772702600700.jpg","contentUrl":"https:\/\/remosa.es\/wp-content\/uploads\/2024\/01\/MA084-e1772702600700.jpg","width":715,"height":715,"caption":"Malla para cubrir carga de cami\u00f3n"},{"@type":"BreadcrumbList","@id":"https:\/\/remosa.es\/producto\/malla-para-cubrir-carga-de-camion\/#breadcrumb","itemListElement":[{"@type":"ListItem","position":1,"name":"Portada","item":"https:\/\/remosa.es\/"},{"@type":"ListItem","position":2,"name":"Productos","item":"https:\/\/remosa.es\/productos\/"},{"@type":"ListItem","position":3,"name":"Malla para cubrir carga de cami\u00f3n"}]},{"@type":"WebSite","@id":"https:\/\/remosa.es\/#website","url":"https:\/\/remosa.es\/","name":"Remosa","description":"Tu empresa de material de construcci\u00f3n","publisher":{"@id":"https:\/\/remosa.es\/#organization"},"potentialAction":[{"@type":"SearchAction","target":{"@type":"EntryPoint","urlTemplate":"https:\/\/remosa.es\/?s={search_term_string}"},"query-input":"required name=search_term_string"}],"inLanguage":"ca"},{"@type":"Organization","@id":"https:\/\/remosa.es\/#organization","name":"Remosa","url":"https:\/\/remosa.es\/","logo":{"@type":"ImageObject","inLanguage":"ca","@id":"https:\/\/remosa.es\/#\/schema\/logo\/image\/","url":"https:\/\/remosa.es\/wp-content\/uploads\/2023\/12\/cropped-remosa-logo-trans-1.png","contentUrl":"https:\/\/remosa.es\/wp-content\/uploads\/2023\/12\/cropped-remosa-logo-trans-1.png","width":209,"height":88,"caption":"Remosa"},"image":{"@id":"https:\/\/remosa.es\/#\/schema\/logo\/image\/"}}]}},"_links":{"self":[{"href":"https:\/\/remosa.es\/ca\/wp-json\/wp\/v2\/product\/558","targetHints":{"allow":["GET"]}}],"collection":[{"href":"https:\/\/remosa.es\/ca\/wp-json\/wp\/v2\/product"}],"about":[{"href":"https:\/\/remosa.es\/ca\/wp-json\/wp\/v2\/types\/product"}],"replies":[{"embeddable":true,"href":"https:\/\/remosa.es\/ca\/wp-json\/wp\/v2\/comments?post=558"}],"version-history":[{"count":3,"href":"https:\/\/remosa.es\/ca\/wp-json\/wp\/v2\/product\/558\/revisions"}],"predecessor-version":[{"id":2072,"href":"https:\/\/remosa.es\/ca\/wp-json\/wp\/v2\/product\/558\/revisions\/2072"}],"wp:featuredmedia":[{"embeddable":true,"href":"https:\/\/remosa.es\/ca\/wp-json\/wp\/v2\/media\/1319"}],"wp:attachment":[{"href":"https:\/\/remosa.es\/ca\/wp-json\/wp\/v2\/media?parent=558"}],"wp:term":[{"taxonomy":"product_cat","embeddable":true,"href":"https:\/\/remosa.es\/ca\/wp-json\/wp\/v2\/product_cat?post=558"},{"taxonomy":"product_tag","embeddable":true,"href":"https:\/\/remosa.es\/ca\/wp-json\/wp\/v2\/product_tag?post=558"}],"curies":[{"name":"wp","href":"https:\/\/api.w.org\/{rel}","templated":true}]}}