{"id":560,"date":"2024-01-29T12:15:18","date_gmt":"2024-01-29T12:15:18","guid":{"rendered":"https:\/\/remosa.w3bcn.es\/?post_type=product&#038;p=560"},"modified":"2026-04-17T10:10:34","modified_gmt":"2026-04-17T10:10:34","slug":"malla-fibra-vidrio-anti-topos","status":"publish","type":"product","link":"https:\/\/remosa.es\/ca\/product\/malla-fibra-vidrio-anti-topos\/","title":{"rendered":"Malla fibra vidrio topos"},"content":{"rendered":"<h5>Malla fibra vidrio topos<\/h5>\n<h5><strong>Malla fibra vidrio topos\u00a0. Sistema respetuoso con los animales.<\/strong><\/h5>\n<h5><strong>Impide que los topos excaven en el terreno provocando da\u00f1os en las cosechas o los antiest\u00e9ticos mont\u00edculos en jardines<\/strong><\/h5>\n<p><strong>Mallatex\u00ae<\/strong>\u00a0<strong>Anti-topos<\/strong>\u00a0ha de estar situada en toda la superficie a proteger y solapada unos 5 cm en los encuentros.<\/p>\n<p>Una colocaci\u00f3n a unos\u00a0 15 cm aprox. de la superficie ser\u00eda una buena distancia para permitir que los topos, en las zonas en las que tengan galer\u00eda, no lleguen a da\u00f1ar las ra\u00edces de las plantas. Tambi\u00e9n es aconsejable que se eleve todo el per\u00edmetro para su posible entrada por encima de la malla.<\/p>\n<p>Tras la colocaci\u00f3n, cubrir la malla con tierra hasta la altura deseada, y continuar con el proyecto de huerto \/ jard\u00edn.<\/p>\n<p>Otra opci\u00f3n en jardines \/ huertos ya construidos podr\u00eda consistir en excavar una zanja de aprox. 1,20 m alrededor de la zona a proteger (todo el per\u00edmetro) e introducir la malla en vertical, evitando as\u00ed que los topos accedan.<\/p>\n<p>Para poder distinguir los TOPOS de topillos y rata topera, les recomendamos el siguiente enlace donde podr\u00e1n ver las caracter\u00edsticas que los diferencia.\u00a0 B\u00e1sicamente se trata de analizar el agujero del t\u00fanel hecho por el topo o topillo.<\/p>\n<p><strong><a href=\"http:\/\/entrepinosysembrados.blogspot.com\/2014\/11\/monticulos-de-tierra-en-el-campo-topo.html\">http:\/\/entrepinosysembrados.blogspot.com\/2014\/11\/monticulos-de-tierra-en-el-campo-topo.html<\/a><\/strong><\/p>","protected":false},"excerpt":{"rendered":"<h5>Malla fibra vidrio anti-topos<\/h5>\n<p>La colocaci\u00f3n de\u00a0<strong>Malla de\u00a0 fibra de vidrio Anti-topos<\/strong>\u00a0impide la salida de los mismos a la superficie y dificulta su movilidad en el terreno donde se ha colocado, lo que hace que el animal busque otro terreno para habitar, evitando as\u00ed los da\u00f1os en las cosechas y los mont\u00edculos que estos generan; este impedimento les hace desistir de la incrusi\u00f3n en nuestro terreno, sin da\u00f1arles.<\/p>\n<p>A diferencia con las mallas met\u00e1licas,\u00a0<strong>Mallatex\u00ae<\/strong>\u00a0<strong>Anti-topos<\/strong>\u00a0es ligera, f\u00e1cil de transportar, manipular e instalar.<\/p>\n<ul>\n<li>Luz de malla : 3,5 x 4,2 mm que evita el paso de los topos m\u00e1s peque\u00f1os<\/li>\n<li>Peso: 150 gr\/m2 Liviana, facilita la colocaci\u00f3n<\/li>\n<li>Fibra de vidrio con recubrimiento pl\u00e1stico. No presenta oxidaci\u00f3n<\/li>\n<\/ul>\n<p><strong>NO protege ante TOPILLO ni RATA TOPERA,<\/strong>\u00a0por ser estos, roedores que pueden atravesar la malla.<\/p>\n<p><span style=\"color: #0000ff;\"><span style=\"color: #3366ff;\"><strong><a style=\"color: #3366ff;\" href=\"https:\/\/remosa.es\/wp-content\/uploads\/2024\/01\/BO-MALLATEX-ANTI-TOPOS-Abril.25-rev.01.pdf\" target=\"_blank\" rel=\"noopener\">BO MALLATEX ANTI TOPOS<\/a><\/strong><\/span><br \/>\n<\/span><\/p>","protected":false},"featured_media":593,"comment_status":"open","ping_status":"closed","template":"","meta":[],"product_cat":[28,75],"product_tag":[290,289],"class_list":{"0":"post-560","1":"product","2":"type-product","3":"status-publish","4":"has-post-thumbnail","6":"product_cat-mallatex","7":"product_cat-garden","8":"product_tag-malla-garden","9":"product_tag-malla-topos","11":"first","12":"instock","13":"shipping-taxable","14":"purchasable","15":"product-type-simple"},"yoast_head":"<!-- This site is optimized with the Yoast SEO Premium plugin v22.7 (Yoast SEO v22.8) - https:\/\/yoast.com\/wordpress\/plugins\/seo\/ -->\n<title>Malla fibra vidrio topos - Remosa<\/title>\n<meta name=\"description\" content=\"Malla fibra vidrio anti-topos. Malla de fibra de vidrio E para evitar que los topos hagan destrozos en patios y jardines.\" \/>\n<meta name=\"robots\" content=\"index, follow, max-snippet:-1, max-image-preview:large, max-video-preview:-1\" \/>\n<link rel=\"canonical\" href=\"https:\/\/remosa.es\/ca\/product\/malla-fibra-vidrio-anti-topos\/\" \/>\n<meta property=\"og:locale\" content=\"ca_ES\" \/>\n<meta property=\"og:type\" content=\"article\" \/>\n<meta property=\"og:title\" content=\"Malla fibra vidrio topos\" \/>\n<meta property=\"og:description\" content=\"Malla fibra vidrio anti-topos. Malla de fibra de vidrio E para evitar que los topos hagan destrozos en patios y jardines.\" \/>\n<meta property=\"og:url\" content=\"https:\/\/remosa.es\/ca\/product\/malla-fibra-vidrio-anti-topos\/\" \/>\n<meta property=\"og:site_name\" content=\"Remosa\" \/>\n<meta property=\"article:modified_time\" content=\"2026-04-17T10:10:34+00:00\" \/>\n<meta property=\"og:image\" content=\"https:\/\/remosa.es\/wp-content\/uploads\/2024\/01\/MA081.jpg\" \/>\n\t<meta property=\"og:image:width\" content=\"924\" \/>\n\t<meta property=\"og:image:height\" content=\"924\" \/>\n\t<meta property=\"og:image:type\" content=\"image\/jpeg\" \/>\n<meta name=\"twitter:card\" content=\"summary_large_image\" \/>\n<meta name=\"twitter:label1\" content=\"Temps estimat de lectura\" \/>\n\t<meta name=\"twitter:data1\" content=\"2 minuts\" \/>\n<script type=\"application\/ld+json\" class=\"yoast-schema-graph\">{\"@context\":\"https:\/\/schema.org\",\"@graph\":[{\"@type\":\"WebPage\",\"@id\":\"https:\/\/remosa.es\/producto\/malla-fibra-vidrio-anti-topos\/\",\"url\":\"https:\/\/remosa.es\/producto\/malla-fibra-vidrio-anti-topos\/\",\"name\":\"Malla fibra vidrio topos - Remosa\",\"isPartOf\":{\"@id\":\"https:\/\/remosa.es\/#website\"},\"primaryImageOfPage\":{\"@id\":\"https:\/\/remosa.es\/producto\/malla-fibra-vidrio-anti-topos\/#primaryimage\"},\"image\":{\"@id\":\"https:\/\/remosa.es\/producto\/malla-fibra-vidrio-anti-topos\/#primaryimage\"},\"thumbnailUrl\":\"https:\/\/remosa.es\/wp-content\/uploads\/2024\/01\/MA081.jpg\",\"datePublished\":\"2024-01-29T12:15:18+00:00\",\"dateModified\":\"2026-04-17T10:10:34+00:00\",\"description\":\"Malla fibra vidrio anti-topos. Malla de fibra de vidrio E para evitar que los topos hagan destrozos en patios y jardines.\",\"breadcrumb\":{\"@id\":\"https:\/\/remosa.es\/producto\/malla-fibra-vidrio-anti-topos\/#breadcrumb\"},\"inLanguage\":\"ca\",\"potentialAction\":[{\"@type\":\"ReadAction\",\"target\":[\"https:\/\/remosa.es\/producto\/malla-fibra-vidrio-anti-topos\/\"]}]},{\"@type\":\"ImageObject\",\"inLanguage\":\"ca\",\"@id\":\"https:\/\/remosa.es\/producto\/malla-fibra-vidrio-anti-topos\/#primaryimage\",\"url\":\"https:\/\/remosa.es\/wp-content\/uploads\/2024\/01\/MA081.jpg\",\"contentUrl\":\"https:\/\/remosa.es\/wp-content\/uploads\/2024\/01\/MA081.jpg\",\"width\":924,\"height\":924,\"caption\":\"MALLA TOPOS\"},{\"@type\":\"BreadcrumbList\",\"@id\":\"https:\/\/remosa.es\/producto\/malla-fibra-vidrio-anti-topos\/#breadcrumb\",\"itemListElement\":[{\"@type\":\"ListItem\",\"position\":1,\"name\":\"Portada\",\"item\":\"https:\/\/remosa.es\/\"},{\"@type\":\"ListItem\",\"position\":2,\"name\":\"Productos\",\"item\":\"https:\/\/remosa.es\/productos\/\"},{\"@type\":\"ListItem\",\"position\":3,\"name\":\"Malla fibra vidrio topos\"}]},{\"@type\":\"WebSite\",\"@id\":\"https:\/\/remosa.es\/#website\",\"url\":\"https:\/\/remosa.es\/\",\"name\":\"Remosa\",\"description\":\"Tu empresa de material de construcci\u00f3n\",\"publisher\":{\"@id\":\"https:\/\/remosa.es\/#organization\"},\"potentialAction\":[{\"@type\":\"SearchAction\",\"target\":{\"@type\":\"EntryPoint\",\"urlTemplate\":\"https:\/\/remosa.es\/?s={search_term_string}\"},\"query-input\":\"required name=search_term_string\"}],\"inLanguage\":\"ca\"},{\"@type\":\"Organization\",\"@id\":\"https:\/\/remosa.es\/#organization\",\"name\":\"Remosa\",\"url\":\"https:\/\/remosa.es\/\",\"logo\":{\"@type\":\"ImageObject\",\"inLanguage\":\"ca\",\"@id\":\"https:\/\/remosa.es\/#\/schema\/logo\/image\/\",\"url\":\"https:\/\/remosa.es\/wp-content\/uploads\/2023\/12\/cropped-remosa-logo-trans-1.png\",\"contentUrl\":\"https:\/\/remosa.es\/wp-content\/uploads\/2023\/12\/cropped-remosa-logo-trans-1.png\",\"width\":209,\"height\":88,\"caption\":\"Remosa\"},\"image\":{\"@id\":\"https:\/\/remosa.es\/#\/schema\/logo\/image\/\"}}]}<\/script>\n<!-- \/ Yoast SEO Premium plugin. -->","yoast_head_json":{"title":"Malla fibra vidrio topos - Remosa","description":"Malla fibra vidrio anti-topos. Malla de fibra de vidrio E para evitar que los topos hagan destrozos en patios y jardines.","robots":{"index":"index","follow":"follow","max-snippet":"max-snippet:-1","max-image-preview":"max-image-preview:large","max-video-preview":"max-video-preview:-1"},"canonical":"https:\/\/remosa.es\/ca\/product\/malla-fibra-vidrio-anti-topos\/","og_locale":"ca_ES","og_type":"article","og_title":"Malla fibra vidrio topos","og_description":"Malla fibra vidrio anti-topos. Malla de fibra de vidrio E para evitar que los topos hagan destrozos en patios y jardines.","og_url":"https:\/\/remosa.es\/ca\/product\/malla-fibra-vidrio-anti-topos\/","og_site_name":"Remosa","article_modified_time":"2026-04-17T10:10:34+00:00","og_image":[{"width":924,"height":924,"url":"https:\/\/remosa.es\/wp-content\/uploads\/2024\/01\/MA081.jpg","type":"image\/jpeg"}],"twitter_card":"summary_large_image","twitter_misc":{"Temps estimat de lectura":"2 minuts"},"schema":{"@context":"https:\/\/schema.org","@graph":[{"@type":"WebPage","@id":"https:\/\/remosa.es\/producto\/malla-fibra-vidrio-anti-topos\/","url":"https:\/\/remosa.es\/producto\/malla-fibra-vidrio-anti-topos\/","name":"Malla fibra vidrio topos - Remosa","isPartOf":{"@id":"https:\/\/remosa.es\/#website"},"primaryImageOfPage":{"@id":"https:\/\/remosa.es\/producto\/malla-fibra-vidrio-anti-topos\/#primaryimage"},"image":{"@id":"https:\/\/remosa.es\/producto\/malla-fibra-vidrio-anti-topos\/#primaryimage"},"thumbnailUrl":"https:\/\/remosa.es\/wp-content\/uploads\/2024\/01\/MA081.jpg","datePublished":"2024-01-29T12:15:18+00:00","dateModified":"2026-04-17T10:10:34+00:00","description":"Malla fibra vidrio anti-topos. Malla de fibra de vidrio E para evitar que los topos hagan destrozos en patios y jardines.","breadcrumb":{"@id":"https:\/\/remosa.es\/producto\/malla-fibra-vidrio-anti-topos\/#breadcrumb"},"inLanguage":"ca","potentialAction":[{"@type":"ReadAction","target":["https:\/\/remosa.es\/producto\/malla-fibra-vidrio-anti-topos\/"]}]},{"@type":"ImageObject","inLanguage":"ca","@id":"https:\/\/remosa.es\/producto\/malla-fibra-vidrio-anti-topos\/#primaryimage","url":"https:\/\/remosa.es\/wp-content\/uploads\/2024\/01\/MA081.jpg","contentUrl":"https:\/\/remosa.es\/wp-content\/uploads\/2024\/01\/MA081.jpg","width":924,"height":924,"caption":"MALLA TOPOS"},{"@type":"BreadcrumbList","@id":"https:\/\/remosa.es\/producto\/malla-fibra-vidrio-anti-topos\/#breadcrumb","itemListElement":[{"@type":"ListItem","position":1,"name":"Portada","item":"https:\/\/remosa.es\/"},{"@type":"ListItem","position":2,"name":"Productos","item":"https:\/\/remosa.es\/productos\/"},{"@type":"ListItem","position":3,"name":"Malla fibra vidrio topos"}]},{"@type":"WebSite","@id":"https:\/\/remosa.es\/#website","url":"https:\/\/remosa.es\/","name":"Remosa","description":"Tu empresa de material de construcci\u00f3n","publisher":{"@id":"https:\/\/remosa.es\/#organization"},"potentialAction":[{"@type":"SearchAction","target":{"@type":"EntryPoint","urlTemplate":"https:\/\/remosa.es\/?s={search_term_string}"},"query-input":"required name=search_term_string"}],"inLanguage":"ca"},{"@type":"Organization","@id":"https:\/\/remosa.es\/#organization","name":"Remosa","url":"https:\/\/remosa.es\/","logo":{"@type":"ImageObject","inLanguage":"ca","@id":"https:\/\/remosa.es\/#\/schema\/logo\/image\/","url":"https:\/\/remosa.es\/wp-content\/uploads\/2023\/12\/cropped-remosa-logo-trans-1.png","contentUrl":"https:\/\/remosa.es\/wp-content\/uploads\/2023\/12\/cropped-remosa-logo-trans-1.png","width":209,"height":88,"caption":"Remosa"},"image":{"@id":"https:\/\/remosa.es\/#\/schema\/logo\/image\/"}}]}},"_links":{"self":[{"href":"https:\/\/remosa.es\/ca\/wp-json\/wp\/v2\/product\/560","targetHints":{"allow":["GET"]}}],"collection":[{"href":"https:\/\/remosa.es\/ca\/wp-json\/wp\/v2\/product"}],"about":[{"href":"https:\/\/remosa.es\/ca\/wp-json\/wp\/v2\/types\/product"}],"replies":[{"embeddable":true,"href":"https:\/\/remosa.es\/ca\/wp-json\/wp\/v2\/comments?post=560"}],"version-history":[{"count":14,"href":"https:\/\/remosa.es\/ca\/wp-json\/wp\/v2\/product\/560\/revisions"}],"predecessor-version":[{"id":2262,"href":"https:\/\/remosa.es\/ca\/wp-json\/wp\/v2\/product\/560\/revisions\/2262"}],"wp:featuredmedia":[{"embeddable":true,"href":"https:\/\/remosa.es\/ca\/wp-json\/wp\/v2\/media\/593"}],"wp:attachment":[{"href":"https:\/\/remosa.es\/ca\/wp-json\/wp\/v2\/media?parent=560"}],"wp:term":[{"taxonomy":"product_cat","embeddable":true,"href":"https:\/\/remosa.es\/ca\/wp-json\/wp\/v2\/product_cat?post=560"},{"taxonomy":"product_tag","embeddable":true,"href":"https:\/\/remosa.es\/ca\/wp-json\/wp\/v2\/product_tag?post=560"}],"curies":[{"name":"wp","href":"https:\/\/api.w.org\/{rel}","templated":true}]}}