{"id":603,"date":"2024-03-04T09:45:34","date_gmt":"2024-03-04T09:45:34","guid":{"rendered":"https:\/\/remosa.w3bcn.es\/?post_type=product&#038;p=603"},"modified":"2025-04-08T06:35:50","modified_gmt":"2025-04-08T06:35:50","slug":"rejinox-plana-inox","status":"publish","type":"product","link":"https:\/\/remosa.es\/ca\/product\/rejinox-plana-inox\/","title":{"rendered":"Rejinox Plana Inox"},"content":{"rendered":"<h4><strong>Rejinox Plana Inox<\/strong><\/h4>\n<p>REJINOX PRODES es un sistema de antiobstrucci\u00f3n para sumideros y desag\u00fces tanto en obra nueva como en rehabilitaci\u00f3n de cubiertas, cubiertas invertidas, terrazas, fuentes, canales e industria alimentar\u00eda.<br \/>\nLas rejillas REJINOX PRODES est\u00e1n fabricadas en Acero Inoxidable que las convierte en resistentes a los agentes externos y al paso del tiempo.<br \/>\nEl peculiar dise\u00f1o y versatilidad de las rejillas REJINOX PRODES las hace muy efectivas en cualquier soluci\u00f3n constructiva y en aplicaciones en las que exista o no mantenimiento de limpieza.<\/p>\n<p><strong>Medida:<\/strong> 188 x 188 mm<br \/>\n<strong>Material:<\/strong> Acero Inoxidable Combinable con Paragravillero y Marco<\/p>","protected":false},"excerpt":{"rendered":"<h4><strong>Rejilla Plana INOX<\/strong><\/h4>\n<p><strong>Medida:<\/strong> 188 x 188 mm<br \/>\n<strong>Altura:<\/strong> 40 mm<br \/>\n<strong>Material:<\/strong> Acero Inoxidable Combinable con Paragravillero y Marco<\/p>\n<p><strong><span style=\"color: #3366ff;\"><a style=\"color: #3366ff;\" href=\"https:\/\/remosa.es\/ca\/product\/rejinox-piramidal\/\" target=\"_blank\" rel=\"noopener\">Rejinox Piramidal<\/a>\u00a0 \u00a0<a href=\"https:\/\/remosa.es\/ca\/product\/rejinox-paragravillero-inox\/\" target=\"_blank\" rel=\"noopener\">Rejinox Paragravillero Inox<\/a>\u00a0<\/span><\/strong><\/p>","protected":false},"featured_media":2251,"comment_status":"open","ping_status":"closed","template":"","meta":[],"product_cat":[94,95],"product_tag":[],"class_list":{"0":"post-603","1":"product","2":"type-product","3":"status-publish","4":"has-post-thumbnail","6":"product_cat-impermeabilizantes","7":"product_cat-cubierta","9":"first","10":"instock","11":"shipping-taxable","12":"purchasable","13":"product-type-simple"},"yoast_head":"<!-- This site is optimized with the Yoast SEO Premium plugin v22.7 (Yoast SEO v22.8) - https:\/\/yoast.com\/wordpress\/plugins\/seo\/ -->\n<title>Rejinox Plana Inox - Remosa<\/title>\n<meta name=\"description\" content=\"Rejinox Plana Inox. Anti-obstrucci\u00f3n para sumideros y desag\u00fces. Obra nueva y rehabilitaci\u00f3n de cubiertas, terrazas ...etc\" \/>\n<meta name=\"robots\" content=\"index, follow, max-snippet:-1, max-image-preview:large, max-video-preview:-1\" \/>\n<link rel=\"canonical\" href=\"https:\/\/remosa.es\/ca\/product\/rejinox-plana-inox\/\" \/>\n<meta property=\"og:locale\" content=\"ca_ES\" \/>\n<meta property=\"og:type\" content=\"article\" \/>\n<meta property=\"og:title\" content=\"Rejinox Plana Inox\" \/>\n<meta property=\"og:description\" content=\"Rejinox Plana Inox. Anti-obstrucci\u00f3n para sumideros y desag\u00fces. Obra nueva y rehabilitaci\u00f3n de cubiertas, terrazas ...etc\" \/>\n<meta property=\"og:url\" content=\"https:\/\/remosa.es\/ca\/product\/rejinox-plana-inox\/\" \/>\n<meta property=\"og:site_name\" content=\"Remosa\" \/>\n<meta property=\"article:modified_time\" content=\"2025-04-08T06:35:50+00:00\" \/>\n<meta property=\"og:image\" content=\"https:\/\/remosa.es\/wp-content\/uploads\/2025\/04\/CU00002-e1744094145721.jpg\" \/>\n\t<meta property=\"og:image:width\" content=\"400\" \/>\n\t<meta property=\"og:image:height\" content=\"401\" \/>\n\t<meta property=\"og:image:type\" content=\"image\/jpeg\" \/>\n<meta name=\"twitter:card\" content=\"summary_large_image\" \/>\n<meta name=\"twitter:label1\" content=\"Temps estimat de lectura\" \/>\n\t<meta name=\"twitter:data1\" content=\"1 minut\" \/>\n<script type=\"application\/ld+json\" class=\"yoast-schema-graph\">{\"@context\":\"https:\/\/schema.org\",\"@graph\":[{\"@type\":\"WebPage\",\"@id\":\"https:\/\/remosa.es\/producto\/rejinox-plana-inox\/\",\"url\":\"https:\/\/remosa.es\/producto\/rejinox-plana-inox\/\",\"name\":\"Rejinox Plana Inox - Remosa\",\"isPartOf\":{\"@id\":\"https:\/\/remosa.es\/#website\"},\"primaryImageOfPage\":{\"@id\":\"https:\/\/remosa.es\/producto\/rejinox-plana-inox\/#primaryimage\"},\"image\":{\"@id\":\"https:\/\/remosa.es\/producto\/rejinox-plana-inox\/#primaryimage\"},\"thumbnailUrl\":\"https:\/\/remosa.es\/wp-content\/uploads\/2025\/04\/CU00002-e1744094145721.jpg\",\"datePublished\":\"2024-03-04T09:45:34+00:00\",\"dateModified\":\"2025-04-08T06:35:50+00:00\",\"description\":\"Rejinox Plana Inox. Anti-obstrucci\u00f3n para sumideros y desag\u00fces. Obra nueva y rehabilitaci\u00f3n de cubiertas, terrazas ...etc\",\"breadcrumb\":{\"@id\":\"https:\/\/remosa.es\/producto\/rejinox-plana-inox\/#breadcrumb\"},\"inLanguage\":\"ca\",\"potentialAction\":[{\"@type\":\"ReadAction\",\"target\":[\"https:\/\/remosa.es\/producto\/rejinox-plana-inox\/\"]}]},{\"@type\":\"ImageObject\",\"inLanguage\":\"ca\",\"@id\":\"https:\/\/remosa.es\/producto\/rejinox-plana-inox\/#primaryimage\",\"url\":\"https:\/\/remosa.es\/wp-content\/uploads\/2025\/04\/CU00002-e1744094145721.jpg\",\"contentUrl\":\"https:\/\/remosa.es\/wp-content\/uploads\/2025\/04\/CU00002-e1744094145721.jpg\",\"width\":400,\"height\":401,\"caption\":\"REJINOX PLANA INOX\"},{\"@type\":\"BreadcrumbList\",\"@id\":\"https:\/\/remosa.es\/producto\/rejinox-plana-inox\/#breadcrumb\",\"itemListElement\":[{\"@type\":\"ListItem\",\"position\":1,\"name\":\"Portada\",\"item\":\"https:\/\/remosa.es\/\"},{\"@type\":\"ListItem\",\"position\":2,\"name\":\"Productos\",\"item\":\"https:\/\/remosa.es\/productos\/\"},{\"@type\":\"ListItem\",\"position\":3,\"name\":\"Rejinox Plana Inox\"}]},{\"@type\":\"WebSite\",\"@id\":\"https:\/\/remosa.es\/#website\",\"url\":\"https:\/\/remosa.es\/\",\"name\":\"Remosa\",\"description\":\"Tu empresa de material de construcci\u00f3n\",\"publisher\":{\"@id\":\"https:\/\/remosa.es\/#organization\"},\"potentialAction\":[{\"@type\":\"SearchAction\",\"target\":{\"@type\":\"EntryPoint\",\"urlTemplate\":\"https:\/\/remosa.es\/?s={search_term_string}\"},\"query-input\":\"required name=search_term_string\"}],\"inLanguage\":\"ca\"},{\"@type\":\"Organization\",\"@id\":\"https:\/\/remosa.es\/#organization\",\"name\":\"Remosa\",\"url\":\"https:\/\/remosa.es\/\",\"logo\":{\"@type\":\"ImageObject\",\"inLanguage\":\"ca\",\"@id\":\"https:\/\/remosa.es\/#\/schema\/logo\/image\/\",\"url\":\"https:\/\/remosa.es\/wp-content\/uploads\/2023\/12\/cropped-remosa-logo-trans-1.png\",\"contentUrl\":\"https:\/\/remosa.es\/wp-content\/uploads\/2023\/12\/cropped-remosa-logo-trans-1.png\",\"width\":209,\"height\":88,\"caption\":\"Remosa\"},\"image\":{\"@id\":\"https:\/\/remosa.es\/#\/schema\/logo\/image\/\"}}]}<\/script>\n<!-- \/ Yoast SEO Premium plugin. -->","yoast_head_json":{"title":"Rejinox Plana Inox - Remosa","description":"Rejinox Plana Inox. Anti-obstrucci\u00f3n para sumideros y desag\u00fces. Obra nueva y rehabilitaci\u00f3n de cubiertas, terrazas ...etc","robots":{"index":"index","follow":"follow","max-snippet":"max-snippet:-1","max-image-preview":"max-image-preview:large","max-video-preview":"max-video-preview:-1"},"canonical":"https:\/\/remosa.es\/ca\/product\/rejinox-plana-inox\/","og_locale":"ca_ES","og_type":"article","og_title":"Rejinox Plana Inox","og_description":"Rejinox Plana Inox. Anti-obstrucci\u00f3n para sumideros y desag\u00fces. Obra nueva y rehabilitaci\u00f3n de cubiertas, terrazas ...etc","og_url":"https:\/\/remosa.es\/ca\/product\/rejinox-plana-inox\/","og_site_name":"Remosa","article_modified_time":"2025-04-08T06:35:50+00:00","og_image":[{"width":400,"height":401,"url":"https:\/\/remosa.es\/wp-content\/uploads\/2025\/04\/CU00002-e1744094145721.jpg","type":"image\/jpeg"}],"twitter_card":"summary_large_image","twitter_misc":{"Temps estimat de lectura":"1 minut"},"schema":{"@context":"https:\/\/schema.org","@graph":[{"@type":"WebPage","@id":"https:\/\/remosa.es\/producto\/rejinox-plana-inox\/","url":"https:\/\/remosa.es\/producto\/rejinox-plana-inox\/","name":"Rejinox Plana Inox - Remosa","isPartOf":{"@id":"https:\/\/remosa.es\/#website"},"primaryImageOfPage":{"@id":"https:\/\/remosa.es\/producto\/rejinox-plana-inox\/#primaryimage"},"image":{"@id":"https:\/\/remosa.es\/producto\/rejinox-plana-inox\/#primaryimage"},"thumbnailUrl":"https:\/\/remosa.es\/wp-content\/uploads\/2025\/04\/CU00002-e1744094145721.jpg","datePublished":"2024-03-04T09:45:34+00:00","dateModified":"2025-04-08T06:35:50+00:00","description":"Rejinox Plana Inox. Anti-obstrucci\u00f3n para sumideros y desag\u00fces. Obra nueva y rehabilitaci\u00f3n de cubiertas, terrazas ...etc","breadcrumb":{"@id":"https:\/\/remosa.es\/producto\/rejinox-plana-inox\/#breadcrumb"},"inLanguage":"ca","potentialAction":[{"@type":"ReadAction","target":["https:\/\/remosa.es\/producto\/rejinox-plana-inox\/"]}]},{"@type":"ImageObject","inLanguage":"ca","@id":"https:\/\/remosa.es\/producto\/rejinox-plana-inox\/#primaryimage","url":"https:\/\/remosa.es\/wp-content\/uploads\/2025\/04\/CU00002-e1744094145721.jpg","contentUrl":"https:\/\/remosa.es\/wp-content\/uploads\/2025\/04\/CU00002-e1744094145721.jpg","width":400,"height":401,"caption":"REJINOX PLANA INOX"},{"@type":"BreadcrumbList","@id":"https:\/\/remosa.es\/producto\/rejinox-plana-inox\/#breadcrumb","itemListElement":[{"@type":"ListItem","position":1,"name":"Portada","item":"https:\/\/remosa.es\/"},{"@type":"ListItem","position":2,"name":"Productos","item":"https:\/\/remosa.es\/productos\/"},{"@type":"ListItem","position":3,"name":"Rejinox Plana Inox"}]},{"@type":"WebSite","@id":"https:\/\/remosa.es\/#website","url":"https:\/\/remosa.es\/","name":"Remosa","description":"Tu empresa de material de construcci\u00f3n","publisher":{"@id":"https:\/\/remosa.es\/#organization"},"potentialAction":[{"@type":"SearchAction","target":{"@type":"EntryPoint","urlTemplate":"https:\/\/remosa.es\/?s={search_term_string}"},"query-input":"required name=search_term_string"}],"inLanguage":"ca"},{"@type":"Organization","@id":"https:\/\/remosa.es\/#organization","name":"Remosa","url":"https:\/\/remosa.es\/","logo":{"@type":"ImageObject","inLanguage":"ca","@id":"https:\/\/remosa.es\/#\/schema\/logo\/image\/","url":"https:\/\/remosa.es\/wp-content\/uploads\/2023\/12\/cropped-remosa-logo-trans-1.png","contentUrl":"https:\/\/remosa.es\/wp-content\/uploads\/2023\/12\/cropped-remosa-logo-trans-1.png","width":209,"height":88,"caption":"Remosa"},"image":{"@id":"https:\/\/remosa.es\/#\/schema\/logo\/image\/"}}]}},"_links":{"self":[{"href":"https:\/\/remosa.es\/ca\/wp-json\/wp\/v2\/product\/603","targetHints":{"allow":["GET"]}}],"collection":[{"href":"https:\/\/remosa.es\/ca\/wp-json\/wp\/v2\/product"}],"about":[{"href":"https:\/\/remosa.es\/ca\/wp-json\/wp\/v2\/types\/product"}],"replies":[{"embeddable":true,"href":"https:\/\/remosa.es\/ca\/wp-json\/wp\/v2\/comments?post=603"}],"version-history":[{"count":4,"href":"https:\/\/remosa.es\/ca\/wp-json\/wp\/v2\/product\/603\/revisions"}],"predecessor-version":[{"id":2249,"href":"https:\/\/remosa.es\/ca\/wp-json\/wp\/v2\/product\/603\/revisions\/2249"}],"wp:featuredmedia":[{"embeddable":true,"href":"https:\/\/remosa.es\/ca\/wp-json\/wp\/v2\/media\/2251"}],"wp:attachment":[{"href":"https:\/\/remosa.es\/ca\/wp-json\/wp\/v2\/media?parent=603"}],"wp:term":[{"taxonomy":"product_cat","embeddable":true,"href":"https:\/\/remosa.es\/ca\/wp-json\/wp\/v2\/product_cat?post=603"},{"taxonomy":"product_tag","embeddable":true,"href":"https:\/\/remosa.es\/ca\/wp-json\/wp\/v2\/product_tag?post=603"}],"curies":[{"name":"wp","href":"https:\/\/api.w.org\/{rel}","templated":true}]}}