{"id":651,"date":"2024-03-04T10:39:01","date_gmt":"2024-03-04T10:39:01","guid":{"rendered":"https:\/\/remosa.w3bcn.es\/?post_type=product&#038;p=651"},"modified":"2025-03-10T12:12:27","modified_gmt":"2025-03-10T12:12:27","slug":"manta-de-bentonita-voltex","status":"publish","type":"product","link":"https:\/\/remosa.es\/ca\/product\/manta-de-bentonita-voltex\/","title":{"rendered":"Manta de Bentonita VOLTEX\u00ae"},"content":{"rendered":"<h1>VOLTEX Geocompuesto de bentonita para impermeabilizaci\u00f3n<\/h1>\n<p>VOLTEX Geocompuesto de bentonita para impermeabilizaci\u00f3n consta de dos geotextiles de polipropileno con un m\u00ednimo de 5 kg\/m2 de bentonita de sodio natural. La bentonita se encuentra entre los dos geotextiles, unida mediante un proceso de agujeteado que la encapsula y confina.<\/p>\n<p>Algunos de los usos de este producto son muros pantallas, muros perimetrales encofrados a una y dos caras, fosos de ascensor, bajo losa\/solera, etc.<\/p>\n<p>En cuanto a la instalaci\u00f3n, es r\u00e1pida y sencilla: se presenta el producto en el lugar requerido y se fija en el mismo, incluso puede ser colocado sobre hormig\u00f3n fresco sin necesidad de imprimaciones ni pegamentos.<\/p>\n<p>Por otra parte, este geocompuesto se corta f\u00e1cilmente a pie de obra, y su colocaci\u00f3n tambi\u00e9n resulta sencilla tanto en esquinas como en elementos pasantes.<\/p>\n<p>Producto certificado por la NSF Internacional para cumplir los est\u00e1ndares NSF61 para su uso con agua potable.<\/p>\n<p><strong>Presentaci\u00f3n en rollos de las siguientes medidas:<\/strong><br \/>\n<strong>VOLTEX<\/strong>:<br \/>\n1,15 x 5m = 5,75 m2. Peso 35 kg<br \/>\n2,5 x 40m = 100 m2. Peso 600 kg<br \/>\n<strong>VOLTEX DS\u00a0<\/strong><br \/>\n2,5 x 40m = 100 m2. Peso 600 kg<br \/>\n<strong>VOLTEX CRDS<\/strong><br \/>\n1,15 x 5m = 5,75 m2. Peso 35 kg<br \/>\n2,5 x 40m = 100 m2. Peso 600 kg<\/p>","protected":false},"excerpt":{"rendered":"<p>VOLTEX Geocompuesto de bentonita de sodio natural. Dependiendo del tipo de agua con la deba tomar contacto la l\u00e1mina se deben escoger los modelos de Voltex<\/p>\n<p>Disponemos de 3 Versiones de manta VOLTEX: B\u00e1sica, VOLTEX DS y VOLTEX CRDS<\/p>","protected":false},"featured_media":2149,"comment_status":"open","ping_status":"closed","template":"","meta":[],"product_cat":[94,98],"product_tag":[],"class_list":{"0":"post-651","1":"product","2":"type-product","3":"status-publish","4":"has-post-thumbnail","6":"product_cat-impermeabilizantes","7":"product_cat-bentonita","9":"first","10":"instock","11":"shipping-taxable","12":"purchasable","13":"product-type-variable"},"yoast_head":"<!-- This site is optimized with the Yoast SEO Premium plugin v22.7 (Yoast SEO v22.8) - https:\/\/yoast.com\/wordpress\/plugins\/seo\/ -->\n<title>Manta de Bentonita VOLTEX\u00ae - Remosa<\/title>\n<meta name=\"robots\" content=\"index, follow, max-snippet:-1, max-image-preview:large, max-video-preview:-1\" \/>\n<link rel=\"canonical\" href=\"https:\/\/remosa.es\/ca\/product\/manta-de-bentonita-voltex\/\" \/>\n<meta property=\"og:locale\" content=\"ca_ES\" \/>\n<meta property=\"og:type\" content=\"article\" \/>\n<meta property=\"og:title\" content=\"Manta de Bentonita VOLTEX\u00ae\" \/>\n<meta property=\"og:description\" content=\"VOLTEX Geocompuesto de bentonita de sodio natural. Dependiendo del tipo de agua con la deba tomar contacto la l\u00e1mina se deben escoger los modelos de Voltex  Disponemos de 3 Versiones de manta VOLTEX: B\u00e1sica, VOLTEX DS y VOLTEX CRDS\" \/>\n<meta property=\"og:url\" content=\"https:\/\/remosa.es\/ca\/product\/manta-de-bentonita-voltex\/\" \/>\n<meta property=\"og:site_name\" content=\"Remosa\" \/>\n<meta property=\"article:modified_time\" content=\"2025-03-10T12:12:27+00:00\" \/>\n<meta name=\"twitter:card\" content=\"summary_large_image\" \/>\n<meta name=\"twitter:label1\" content=\"Temps estimat de lectura\" \/>\n\t<meta name=\"twitter:data1\" content=\"1 minut\" \/>\n<script type=\"application\/ld+json\" class=\"yoast-schema-graph\">{\"@context\":\"https:\/\/schema.org\",\"@graph\":[{\"@type\":\"WebPage\",\"@id\":\"https:\/\/remosa.es\/producto\/manta-de-bentonita-voltex\/\",\"url\":\"https:\/\/remosa.es\/producto\/manta-de-bentonita-voltex\/\",\"name\":\"Manta de Bentonita VOLTEX\u00ae - Remosa\",\"isPartOf\":{\"@id\":\"https:\/\/remosa.es\/#website\"},\"primaryImageOfPage\":{\"@id\":\"https:\/\/remosa.es\/producto\/manta-de-bentonita-voltex\/#primaryimage\"},\"image\":{\"@id\":\"https:\/\/remosa.es\/producto\/manta-de-bentonita-voltex\/#primaryimage\"},\"thumbnailUrl\":\"https:\/\/remosa.es\/wp-content\/uploads\/2024\/03\/VO100-2.bmp\",\"datePublished\":\"2024-03-04T10:39:01+00:00\",\"dateModified\":\"2025-03-10T12:12:27+00:00\",\"breadcrumb\":{\"@id\":\"https:\/\/remosa.es\/producto\/manta-de-bentonita-voltex\/#breadcrumb\"},\"inLanguage\":\"ca\",\"potentialAction\":[{\"@type\":\"ReadAction\",\"target\":[\"https:\/\/remosa.es\/producto\/manta-de-bentonita-voltex\/\"]}]},{\"@type\":\"ImageObject\",\"inLanguage\":\"ca\",\"@id\":\"https:\/\/remosa.es\/producto\/manta-de-bentonita-voltex\/#primaryimage\",\"url\":\"https:\/\/remosa.es\/wp-content\/uploads\/2024\/03\/VO100-2.bmp\",\"contentUrl\":\"https:\/\/remosa.es\/wp-content\/uploads\/2024\/03\/VO100-2.bmp\",\"width\":394,\"height\":393},{\"@type\":\"BreadcrumbList\",\"@id\":\"https:\/\/remosa.es\/producto\/manta-de-bentonita-voltex\/#breadcrumb\",\"itemListElement\":[{\"@type\":\"ListItem\",\"position\":1,\"name\":\"Portada\",\"item\":\"https:\/\/remosa.es\/\"},{\"@type\":\"ListItem\",\"position\":2,\"name\":\"Productos\",\"item\":\"https:\/\/remosa.es\/productos\/\"},{\"@type\":\"ListItem\",\"position\":3,\"name\":\"Manta de Bentonita VOLTEX\u00ae\"}]},{\"@type\":\"WebSite\",\"@id\":\"https:\/\/remosa.es\/#website\",\"url\":\"https:\/\/remosa.es\/\",\"name\":\"Remosa\",\"description\":\"Tu empresa de material de construcci\u00f3n\",\"publisher\":{\"@id\":\"https:\/\/remosa.es\/#organization\"},\"potentialAction\":[{\"@type\":\"SearchAction\",\"target\":{\"@type\":\"EntryPoint\",\"urlTemplate\":\"https:\/\/remosa.es\/?s={search_term_string}\"},\"query-input\":\"required name=search_term_string\"}],\"inLanguage\":\"ca\"},{\"@type\":\"Organization\",\"@id\":\"https:\/\/remosa.es\/#organization\",\"name\":\"Remosa\",\"url\":\"https:\/\/remosa.es\/\",\"logo\":{\"@type\":\"ImageObject\",\"inLanguage\":\"ca\",\"@id\":\"https:\/\/remosa.es\/#\/schema\/logo\/image\/\",\"url\":\"https:\/\/remosa.es\/wp-content\/uploads\/2023\/12\/cropped-remosa-logo-trans-1.png\",\"contentUrl\":\"https:\/\/remosa.es\/wp-content\/uploads\/2023\/12\/cropped-remosa-logo-trans-1.png\",\"width\":209,\"height\":88,\"caption\":\"Remosa\"},\"image\":{\"@id\":\"https:\/\/remosa.es\/#\/schema\/logo\/image\/\"}}]}<\/script>\n<!-- \/ Yoast SEO Premium plugin. -->","yoast_head_json":{"title":"Manta de Bentonita VOLTEX\u00ae - Remosa","robots":{"index":"index","follow":"follow","max-snippet":"max-snippet:-1","max-image-preview":"max-image-preview:large","max-video-preview":"max-video-preview:-1"},"canonical":"https:\/\/remosa.es\/ca\/product\/manta-de-bentonita-voltex\/","og_locale":"ca_ES","og_type":"article","og_title":"Manta de Bentonita VOLTEX\u00ae","og_description":"VOLTEX Geocompuesto de bentonita de sodio natural. Dependiendo del tipo de agua con la deba tomar contacto la l\u00e1mina se deben escoger los modelos de Voltex  Disponemos de 3 Versiones de manta VOLTEX: B\u00e1sica, VOLTEX DS y VOLTEX CRDS","og_url":"https:\/\/remosa.es\/ca\/product\/manta-de-bentonita-voltex\/","og_site_name":"Remosa","article_modified_time":"2025-03-10T12:12:27+00:00","twitter_card":"summary_large_image","twitter_misc":{"Temps estimat de lectura":"1 minut"},"schema":{"@context":"https:\/\/schema.org","@graph":[{"@type":"WebPage","@id":"https:\/\/remosa.es\/producto\/manta-de-bentonita-voltex\/","url":"https:\/\/remosa.es\/producto\/manta-de-bentonita-voltex\/","name":"Manta de Bentonita VOLTEX\u00ae - Remosa","isPartOf":{"@id":"https:\/\/remosa.es\/#website"},"primaryImageOfPage":{"@id":"https:\/\/remosa.es\/producto\/manta-de-bentonita-voltex\/#primaryimage"},"image":{"@id":"https:\/\/remosa.es\/producto\/manta-de-bentonita-voltex\/#primaryimage"},"thumbnailUrl":"https:\/\/remosa.es\/wp-content\/uploads\/2024\/03\/VO100-2.bmp","datePublished":"2024-03-04T10:39:01+00:00","dateModified":"2025-03-10T12:12:27+00:00","breadcrumb":{"@id":"https:\/\/remosa.es\/producto\/manta-de-bentonita-voltex\/#breadcrumb"},"inLanguage":"ca","potentialAction":[{"@type":"ReadAction","target":["https:\/\/remosa.es\/producto\/manta-de-bentonita-voltex\/"]}]},{"@type":"ImageObject","inLanguage":"ca","@id":"https:\/\/remosa.es\/producto\/manta-de-bentonita-voltex\/#primaryimage","url":"https:\/\/remosa.es\/wp-content\/uploads\/2024\/03\/VO100-2.bmp","contentUrl":"https:\/\/remosa.es\/wp-content\/uploads\/2024\/03\/VO100-2.bmp","width":394,"height":393},{"@type":"BreadcrumbList","@id":"https:\/\/remosa.es\/producto\/manta-de-bentonita-voltex\/#breadcrumb","itemListElement":[{"@type":"ListItem","position":1,"name":"Portada","item":"https:\/\/remosa.es\/"},{"@type":"ListItem","position":2,"name":"Productos","item":"https:\/\/remosa.es\/productos\/"},{"@type":"ListItem","position":3,"name":"Manta de Bentonita VOLTEX\u00ae"}]},{"@type":"WebSite","@id":"https:\/\/remosa.es\/#website","url":"https:\/\/remosa.es\/","name":"Remosa","description":"Tu empresa de material de construcci\u00f3n","publisher":{"@id":"https:\/\/remosa.es\/#organization"},"potentialAction":[{"@type":"SearchAction","target":{"@type":"EntryPoint","urlTemplate":"https:\/\/remosa.es\/?s={search_term_string}"},"query-input":"required name=search_term_string"}],"inLanguage":"ca"},{"@type":"Organization","@id":"https:\/\/remosa.es\/#organization","name":"Remosa","url":"https:\/\/remosa.es\/","logo":{"@type":"ImageObject","inLanguage":"ca","@id":"https:\/\/remosa.es\/#\/schema\/logo\/image\/","url":"https:\/\/remosa.es\/wp-content\/uploads\/2023\/12\/cropped-remosa-logo-trans-1.png","contentUrl":"https:\/\/remosa.es\/wp-content\/uploads\/2023\/12\/cropped-remosa-logo-trans-1.png","width":209,"height":88,"caption":"Remosa"},"image":{"@id":"https:\/\/remosa.es\/#\/schema\/logo\/image\/"}}]}},"_links":{"self":[{"href":"https:\/\/remosa.es\/ca\/wp-json\/wp\/v2\/product\/651","targetHints":{"allow":["GET"]}}],"collection":[{"href":"https:\/\/remosa.es\/ca\/wp-json\/wp\/v2\/product"}],"about":[{"href":"https:\/\/remosa.es\/ca\/wp-json\/wp\/v2\/types\/product"}],"replies":[{"embeddable":true,"href":"https:\/\/remosa.es\/ca\/wp-json\/wp\/v2\/comments?post=651"}],"version-history":[{"count":2,"href":"https:\/\/remosa.es\/ca\/wp-json\/wp\/v2\/product\/651\/revisions"}],"predecessor-version":[{"id":1879,"href":"https:\/\/remosa.es\/ca\/wp-json\/wp\/v2\/product\/651\/revisions\/1879"}],"wp:featuredmedia":[{"embeddable":true,"href":"https:\/\/remosa.es\/ca\/wp-json\/wp\/v2\/media\/2149"}],"wp:attachment":[{"href":"https:\/\/remosa.es\/ca\/wp-json\/wp\/v2\/media?parent=651"}],"wp:term":[{"taxonomy":"product_cat","embeddable":true,"href":"https:\/\/remosa.es\/ca\/wp-json\/wp\/v2\/product_cat?post=651"},{"taxonomy":"product_tag","embeddable":true,"href":"https:\/\/remosa.es\/ca\/wp-json\/wp\/v2\/product_tag?post=651"}],"curies":[{"name":"wp","href":"https:\/\/api.w.org\/{rel}","templated":true}]}}