{"id":661,"date":"2024-03-04T10:47:58","date_gmt":"2024-03-04T10:47:58","guid":{"rendered":"https:\/\/remosa.w3bcn.es\/?post_type=product&#038;p=661"},"modified":"2024-09-04T09:04:14","modified_gmt":"2024-09-04T09:04:14","slug":"junta-de-bentonita-waterstop","status":"publish","type":"product","link":"https:\/\/remosa.es\/ca\/product\/junta-de-bentonita-waterstop\/","title":{"rendered":"Junta de Bentonita Waterstop\u00ae"},"content":{"rendered":"<h3>Junta de bentonita WATERSTOP RX<\/h3>\n<p>Junta de bentonita WATERSTOP RX: Cord\u00f3n de bentonita de sodio natural dise\u00f1ado para detener el paso del agua a trav\u00e9s de las juntas de hormigonado. Su 75% de contenido de bentonita de sodio le proporciona la caracter\u00edstica especial de sellado y rellenado de huecos y fisuras en el hormig\u00f3n.<\/p>\n<p>Dise\u00f1ado para uso en hormig\u00f3n armado con un recubrimiento m\u00ednimo por todos sus lados de 75mm.<\/p>\n<p>Diferentes secciones en relaci\u00f3n con el grosor del hormig\u00f3n donde se aplique:<\/p>\n<p>Modelo RX101 \u2013 Secci\u00f3n 20 x 25 mm. Caja con 30 ml<\/p>\n<p>Modelo RX102 \u2013 Secci\u00f3n 19,5 x 9,5 mm.Caja con 61 ml<\/p>\n<p>La aplicaci\u00f3n se realiza fijando la junta a la superficie con malla met\u00e1lica o con adhesivo.<\/p>\n<p>&nbsp;<\/p>","protected":false},"excerpt":{"rendered":"<p>Cord\u00f3n hidroexpansivo de bentonita de sodio natural para impermeabilizar juntas de hormigonado<\/p>\n<p>75% de contenido de bentonita de sodio<\/p>","protected":false},"featured_media":668,"comment_status":"open","ping_status":"closed","template":"","meta":[],"product_cat":[94,98],"product_tag":[],"class_list":{"0":"post-661","1":"product","2":"type-product","3":"status-publish","4":"has-post-thumbnail","6":"product_cat-impermeabilizantes","7":"product_cat-bentonita","9":"first","10":"instock","11":"shipping-taxable","12":"purchasable","13":"product-type-variable"},"yoast_head":"<!-- This site is optimized with the Yoast SEO Premium plugin v22.7 (Yoast SEO v22.8) - https:\/\/yoast.com\/wordpress\/plugins\/seo\/ -->\n<title>Junta de Bentonita Waterstop\u00ae - Remosa<\/title>\n<meta name=\"robots\" content=\"index, follow, max-snippet:-1, max-image-preview:large, max-video-preview:-1\" \/>\n<link rel=\"canonical\" href=\"https:\/\/remosa.es\/ca\/product\/junta-de-bentonita-waterstop\/\" \/>\n<meta property=\"og:locale\" content=\"ca_ES\" \/>\n<meta property=\"og:type\" content=\"article\" \/>\n<meta property=\"og:title\" content=\"Junta de Bentonita Waterstop\u00ae\" \/>\n<meta property=\"og:description\" content=\"Cord\u00f3n hidroexpansivo de bentonita de sodio natural para impermeabilizar juntas de hormigonado  75% de contenido de bentonita de sodio\" \/>\n<meta property=\"og:url\" content=\"https:\/\/remosa.es\/ca\/product\/junta-de-bentonita-waterstop\/\" \/>\n<meta property=\"og:site_name\" content=\"Remosa\" \/>\n<meta property=\"article:modified_time\" content=\"2024-09-04T09:04:14+00:00\" \/>\n<meta property=\"og:image\" content=\"https:\/\/remosa.es\/wp-content\/uploads\/2024\/03\/VO16150.jpg\" \/>\n\t<meta property=\"og:image:width\" content=\"229\" \/>\n\t<meta property=\"og:image:height\" content=\"183\" \/>\n\t<meta property=\"og:image:type\" content=\"image\/jpeg\" \/>\n<meta name=\"twitter:card\" content=\"summary_large_image\" \/>\n<meta name=\"twitter:label1\" content=\"Temps estimat de lectura\" \/>\n\t<meta name=\"twitter:data1\" content=\"1 minut\" \/>\n<script type=\"application\/ld+json\" class=\"yoast-schema-graph\">{\"@context\":\"https:\/\/schema.org\",\"@graph\":[{\"@type\":\"WebPage\",\"@id\":\"https:\/\/remosa.es\/producto\/junta-de-bentonita-waterstop\/\",\"url\":\"https:\/\/remosa.es\/producto\/junta-de-bentonita-waterstop\/\",\"name\":\"Junta de Bentonita Waterstop\u00ae - Remosa\",\"isPartOf\":{\"@id\":\"https:\/\/remosa.es\/#website\"},\"primaryImageOfPage\":{\"@id\":\"https:\/\/remosa.es\/producto\/junta-de-bentonita-waterstop\/#primaryimage\"},\"image\":{\"@id\":\"https:\/\/remosa.es\/producto\/junta-de-bentonita-waterstop\/#primaryimage\"},\"thumbnailUrl\":\"https:\/\/remosa.es\/wp-content\/uploads\/2024\/03\/VO16150.jpg\",\"datePublished\":\"2024-03-04T10:47:58+00:00\",\"dateModified\":\"2024-09-04T09:04:14+00:00\",\"breadcrumb\":{\"@id\":\"https:\/\/remosa.es\/producto\/junta-de-bentonita-waterstop\/#breadcrumb\"},\"inLanguage\":\"ca\",\"potentialAction\":[{\"@type\":\"ReadAction\",\"target\":[\"https:\/\/remosa.es\/producto\/junta-de-bentonita-waterstop\/\"]}]},{\"@type\":\"ImageObject\",\"inLanguage\":\"ca\",\"@id\":\"https:\/\/remosa.es\/producto\/junta-de-bentonita-waterstop\/#primaryimage\",\"url\":\"https:\/\/remosa.es\/wp-content\/uploads\/2024\/03\/VO16150.jpg\",\"contentUrl\":\"https:\/\/remosa.es\/wp-content\/uploads\/2024\/03\/VO16150.jpg\",\"width\":229,\"height\":183,\"caption\":\"Junta de Bentonita Waterstop\"},{\"@type\":\"BreadcrumbList\",\"@id\":\"https:\/\/remosa.es\/producto\/junta-de-bentonita-waterstop\/#breadcrumb\",\"itemListElement\":[{\"@type\":\"ListItem\",\"position\":1,\"name\":\"Portada\",\"item\":\"https:\/\/remosa.es\/\"},{\"@type\":\"ListItem\",\"position\":2,\"name\":\"Productos\",\"item\":\"https:\/\/remosa.es\/productos\/\"},{\"@type\":\"ListItem\",\"position\":3,\"name\":\"Junta de Bentonita Waterstop\u00ae\"}]},{\"@type\":\"WebSite\",\"@id\":\"https:\/\/remosa.es\/#website\",\"url\":\"https:\/\/remosa.es\/\",\"name\":\"Remosa\",\"description\":\"Tu empresa de material de construcci\u00f3n\",\"publisher\":{\"@id\":\"https:\/\/remosa.es\/#organization\"},\"potentialAction\":[{\"@type\":\"SearchAction\",\"target\":{\"@type\":\"EntryPoint\",\"urlTemplate\":\"https:\/\/remosa.es\/?s={search_term_string}\"},\"query-input\":\"required name=search_term_string\"}],\"inLanguage\":\"ca\"},{\"@type\":\"Organization\",\"@id\":\"https:\/\/remosa.es\/#organization\",\"name\":\"Remosa\",\"url\":\"https:\/\/remosa.es\/\",\"logo\":{\"@type\":\"ImageObject\",\"inLanguage\":\"ca\",\"@id\":\"https:\/\/remosa.es\/#\/schema\/logo\/image\/\",\"url\":\"https:\/\/remosa.es\/wp-content\/uploads\/2023\/12\/cropped-remosa-logo-trans-1.png\",\"contentUrl\":\"https:\/\/remosa.es\/wp-content\/uploads\/2023\/12\/cropped-remosa-logo-trans-1.png\",\"width\":209,\"height\":88,\"caption\":\"Remosa\"},\"image\":{\"@id\":\"https:\/\/remosa.es\/#\/schema\/logo\/image\/\"}}]}<\/script>\n<!-- \/ Yoast SEO Premium plugin. -->","yoast_head_json":{"title":"Junta de Bentonita Waterstop\u00ae - Remosa","robots":{"index":"index","follow":"follow","max-snippet":"max-snippet:-1","max-image-preview":"max-image-preview:large","max-video-preview":"max-video-preview:-1"},"canonical":"https:\/\/remosa.es\/ca\/product\/junta-de-bentonita-waterstop\/","og_locale":"ca_ES","og_type":"article","og_title":"Junta de Bentonita Waterstop\u00ae","og_description":"Cord\u00f3n hidroexpansivo de bentonita de sodio natural para impermeabilizar juntas de hormigonado  75% de contenido de bentonita de sodio","og_url":"https:\/\/remosa.es\/ca\/product\/junta-de-bentonita-waterstop\/","og_site_name":"Remosa","article_modified_time":"2024-09-04T09:04:14+00:00","og_image":[{"width":229,"height":183,"url":"https:\/\/remosa.es\/wp-content\/uploads\/2024\/03\/VO16150.jpg","type":"image\/jpeg"}],"twitter_card":"summary_large_image","twitter_misc":{"Temps estimat de lectura":"1 minut"},"schema":{"@context":"https:\/\/schema.org","@graph":[{"@type":"WebPage","@id":"https:\/\/remosa.es\/producto\/junta-de-bentonita-waterstop\/","url":"https:\/\/remosa.es\/producto\/junta-de-bentonita-waterstop\/","name":"Junta de Bentonita Waterstop\u00ae - Remosa","isPartOf":{"@id":"https:\/\/remosa.es\/#website"},"primaryImageOfPage":{"@id":"https:\/\/remosa.es\/producto\/junta-de-bentonita-waterstop\/#primaryimage"},"image":{"@id":"https:\/\/remosa.es\/producto\/junta-de-bentonita-waterstop\/#primaryimage"},"thumbnailUrl":"https:\/\/remosa.es\/wp-content\/uploads\/2024\/03\/VO16150.jpg","datePublished":"2024-03-04T10:47:58+00:00","dateModified":"2024-09-04T09:04:14+00:00","breadcrumb":{"@id":"https:\/\/remosa.es\/producto\/junta-de-bentonita-waterstop\/#breadcrumb"},"inLanguage":"ca","potentialAction":[{"@type":"ReadAction","target":["https:\/\/remosa.es\/producto\/junta-de-bentonita-waterstop\/"]}]},{"@type":"ImageObject","inLanguage":"ca","@id":"https:\/\/remosa.es\/producto\/junta-de-bentonita-waterstop\/#primaryimage","url":"https:\/\/remosa.es\/wp-content\/uploads\/2024\/03\/VO16150.jpg","contentUrl":"https:\/\/remosa.es\/wp-content\/uploads\/2024\/03\/VO16150.jpg","width":229,"height":183,"caption":"Junta de Bentonita Waterstop"},{"@type":"BreadcrumbList","@id":"https:\/\/remosa.es\/producto\/junta-de-bentonita-waterstop\/#breadcrumb","itemListElement":[{"@type":"ListItem","position":1,"name":"Portada","item":"https:\/\/remosa.es\/"},{"@type":"ListItem","position":2,"name":"Productos","item":"https:\/\/remosa.es\/productos\/"},{"@type":"ListItem","position":3,"name":"Junta de Bentonita Waterstop\u00ae"}]},{"@type":"WebSite","@id":"https:\/\/remosa.es\/#website","url":"https:\/\/remosa.es\/","name":"Remosa","description":"Tu empresa de material de construcci\u00f3n","publisher":{"@id":"https:\/\/remosa.es\/#organization"},"potentialAction":[{"@type":"SearchAction","target":{"@type":"EntryPoint","urlTemplate":"https:\/\/remosa.es\/?s={search_term_string}"},"query-input":"required name=search_term_string"}],"inLanguage":"ca"},{"@type":"Organization","@id":"https:\/\/remosa.es\/#organization","name":"Remosa","url":"https:\/\/remosa.es\/","logo":{"@type":"ImageObject","inLanguage":"ca","@id":"https:\/\/remosa.es\/#\/schema\/logo\/image\/","url":"https:\/\/remosa.es\/wp-content\/uploads\/2023\/12\/cropped-remosa-logo-trans-1.png","contentUrl":"https:\/\/remosa.es\/wp-content\/uploads\/2023\/12\/cropped-remosa-logo-trans-1.png","width":209,"height":88,"caption":"Remosa"},"image":{"@id":"https:\/\/remosa.es\/#\/schema\/logo\/image\/"}}]}},"_links":{"self":[{"href":"https:\/\/remosa.es\/ca\/wp-json\/wp\/v2\/product\/661","targetHints":{"allow":["GET"]}}],"collection":[{"href":"https:\/\/remosa.es\/ca\/wp-json\/wp\/v2\/product"}],"about":[{"href":"https:\/\/remosa.es\/ca\/wp-json\/wp\/v2\/types\/product"}],"replies":[{"embeddable":true,"href":"https:\/\/remosa.es\/ca\/wp-json\/wp\/v2\/comments?post=661"}],"version-history":[{"count":4,"href":"https:\/\/remosa.es\/ca\/wp-json\/wp\/v2\/product\/661\/revisions"}],"predecessor-version":[{"id":1877,"href":"https:\/\/remosa.es\/ca\/wp-json\/wp\/v2\/product\/661\/revisions\/1877"}],"wp:featuredmedia":[{"embeddable":true,"href":"https:\/\/remosa.es\/ca\/wp-json\/wp\/v2\/media\/668"}],"wp:attachment":[{"href":"https:\/\/remosa.es\/ca\/wp-json\/wp\/v2\/media?parent=661"}],"wp:term":[{"taxonomy":"product_cat","embeddable":true,"href":"https:\/\/remosa.es\/ca\/wp-json\/wp\/v2\/product_cat?post=661"},{"taxonomy":"product_tag","embeddable":true,"href":"https:\/\/remosa.es\/ca\/wp-json\/wp\/v2\/product_tag?post=661"}],"curies":[{"name":"wp","href":"https:\/\/api.w.org\/{rel}","templated":true}]}}