{"id":710,"date":"2024-03-11T08:48:10","date_gmt":"2024-03-11T08:48:10","guid":{"rendered":"https:\/\/remosa.w3bcn.es\/?post_type=product&#038;p=710"},"modified":"2025-07-17T10:57:38","modified_gmt":"2025-07-17T10:57:38","slug":"placa-eps-sate","status":"publish","type":"product","link":"https:\/\/remosa.es\/ca\/product\/placa-eps-sate\/","title":{"rendered":"PLACA EPS SATE"},"content":{"rendered":"<h4><strong>PLACA EPS SATE<\/strong><\/h4>\n<h4><strong>Placas Aislantes SATE para diferentes sistemas:<\/strong><\/h4>\n<h3 style=\"text-align: left; padding-left: 40px;\"><strong>EPS<\/strong> : Poliestireno Expandido<\/h3>\n<p style=\"padding-left: 40px;\">Placas aislantes de Poliestireno Expandido Estabilizado EPS auto extinguible. Se utiliza en los sistemas de aislamiento t\u00e9rmico exterior -SATE-\u00a0 tanto en obra nuevo como en rehabilitaci\u00f3n mejorando as\u00ed la eficiencia energ\u00e9tica del edificio. Disponemos de diversos espesores en funci\u00f3n de necesidades de obra.<\/p>\n<p style=\"padding-left: 40px;\">Placas disponibles en espesores de 20, 30, 40, 50, 60, 80 y 100 mm En stock para suministro inmediato.<\/p>\n<p style=\"padding-left: 40px;\">Placas de 20 mm para zonas de remates y ajustes. En stock.<\/p>\n<p style=\"padding-left: 40px;\"><span style=\"color: #3366ff;\">Febrero 2024 \u2013\u00a0\u00a0Ahora tambi\u00e9n disponibles <strong>Placas de 10 mm<\/strong> (sin estabilizar) para colocar en juntas<\/span><\/p>\n<h4><span style=\"color: #808080;\"><strong>Informaci\u00f3n relativa a la reacci\u00f3n al fuego:<\/strong><\/span><\/h4>\n<p><span style=\"color: #808080;\">En el <strong>SATE, e<\/strong>l <em>aislamiento queda protegido por un revestimiento totalmente adherido mejorando el comportamiento del conjunto<\/em>, sin que la capa de aislamiento quede en contacto directo con el exterior, y al igual que todos los sistemas constructivos se tiene que evaluar conjuntamente en su condici\u00f3n final de uso. Las aplicaciones habituales del EPS no son en fachada ventilada sino protegido directamente con un mortero, ladrillo (aislamiento en c\u00e1mara), \u00a0yeso o PYL (aislamiento interior).<\/span><\/p>\n<p><span style=\"color: #808080;\">La reacci\u00f3n al fuego, el comportamiento de los materiales depende directamente de la condici\u00f3n final de uso. El EPS cubierto con una placa de yeso laminado, con mortero de cemento o enlucido de yeso de espesor &gt; 15 mm, alcanza la clasificaci\u00f3n de B-s1-d0. Por lo tanto, siempre que est\u00e9 cubierto por estos materiales, que es la pr\u00e1ctica habitual, cumple los requisitos de reacci\u00f3n exigidos en el CTE, DB-SI 1, punto 4 \u201cReacci\u00f3n al fuego de los elementos constructivos, decorativos y de mobiliario\u201d, tabla 4.1. referente a propagaci\u00f3n interior.<\/span><\/p>\n<p><span style=\"color: #808080;\">En aquellas fachadas (tanto ventiladas como SATE) de altura igual o inferior a 18 metros cuyo arranque inferior sea accesible al p\u00fablico desde la rasante exterior o desde una cubierta, la clase de reacci\u00f3n al fuego, tanto de los sistemas constructivos, debe ser al menos B-s3,d0 hasta una altura de 3,5 m como m\u00ednimo.<\/span><\/p>\n<p><span style=\"color: #808080;\">Cualquier sistema de fachada con una clasificaci\u00f3n m\u00ednima B-s3,d0 puede usarse como soluci\u00f3n constructiva sin limitaci\u00f3n de altura. La mayor\u00eda de los SATE con EPS cumplen esta clasificaci\u00f3n.<\/span><\/p>","protected":false},"excerpt":{"rendered":"<h4><strong>PLACA EPS SATE<\/strong><\/h4>\n<p>Placa de EPS para sistema de aislamiento exterior (SATE)<\/p>\n<p style=\"padding-left: 40px;\">Placas aislantes de Poliestireno Expandido Estabilizado EPS auto extinguible. Se utiliza en los sistemas de aislamiento t\u00e9rmico exterior -SATE-\u00a0 tanto en obra nuevo como en rehabilitaci\u00f3n mejorando as\u00ed la eficiencia energ\u00e9tica del edificio. Disponemos de diversos espesores en funci\u00f3n de necesidades de obra.<\/p>\n<p style=\"padding-left: 40px;\">Placas disponibles en espesores de 20, 30, 40, 50, 60, 80 y 100 mm En stock para suministro inmediato.<\/p>\n<p style=\"padding-left: 40px;\">Placas de 20 mm para zonas de remates y ajustes. En stock.<\/p>","protected":false},"featured_media":2133,"comment_status":"open","ping_status":"closed","template":"","meta":[],"product_cat":[122,123],"product_tag":[],"class_list":{"0":"post-710","1":"product","2":"type-product","3":"status-publish","4":"has-post-thumbnail","6":"product_cat-aislamiento","7":"product_cat-aislante","9":"first","10":"instock","11":"shipping-taxable","12":"purchasable","13":"product-type-variable","14":"has-default-attributes"},"yoast_head":"<!-- This site is optimized with the Yoast SEO Premium plugin v22.7 (Yoast SEO v22.8) - https:\/\/yoast.com\/wordpress\/plugins\/seo\/ -->\n<title>PLACA EPS SATE - Remosa<\/title>\n<meta name=\"description\" content=\"PLACA EPS SATE. Placas de POLIESTIRENO EXPANDIDO para el Sistema de Aislamiento T\u00e9rmico Exterior. Espesores desde 20mm a 140mm en stock\" \/>\n<meta name=\"robots\" content=\"index, follow, max-snippet:-1, max-image-preview:large, max-video-preview:-1\" \/>\n<link rel=\"canonical\" href=\"https:\/\/remosa.es\/ca\/product\/placa-eps-sate\/\" \/>\n<meta property=\"og:locale\" content=\"ca_ES\" \/>\n<meta property=\"og:type\" content=\"article\" \/>\n<meta property=\"og:title\" content=\"PLACA EPS SATE\" \/>\n<meta property=\"og:description\" content=\"PLACA EPS SATE. Placas de POLIESTIRENO EXPANDIDO para el Sistema de Aislamiento T\u00e9rmico Exterior. Espesores desde 20mm a 140mm en stock\" \/>\n<meta property=\"og:url\" content=\"https:\/\/remosa.es\/ca\/product\/placa-eps-sate\/\" \/>\n<meta property=\"og:site_name\" content=\"Remosa\" \/>\n<meta property=\"article:modified_time\" content=\"2025-07-17T10:57:38+00:00\" \/>\n<meta property=\"og:image\" content=\"https:\/\/remosa.es\/wp-content\/uploads\/2024\/06\/ais78.jpg\" \/>\n\t<meta property=\"og:image:width\" content=\"446\" \/>\n\t<meta property=\"og:image:height\" content=\"446\" \/>\n\t<meta property=\"og:image:type\" content=\"image\/jpeg\" \/>\n<meta name=\"twitter:card\" content=\"summary_large_image\" \/>\n<meta name=\"twitter:label1\" content=\"Temps estimat de lectura\" \/>\n\t<meta name=\"twitter:data1\" content=\"2 minuts\" \/>\n<script type=\"application\/ld+json\" class=\"yoast-schema-graph\">{\"@context\":\"https:\/\/schema.org\",\"@graph\":[{\"@type\":\"WebPage\",\"@id\":\"https:\/\/remosa.es\/producto\/placa-eps-sate\/\",\"url\":\"https:\/\/remosa.es\/producto\/placa-eps-sate\/\",\"name\":\"PLACA EPS SATE - Remosa\",\"isPartOf\":{\"@id\":\"https:\/\/remosa.es\/#website\"},\"primaryImageOfPage\":{\"@id\":\"https:\/\/remosa.es\/producto\/placa-eps-sate\/#primaryimage\"},\"image\":{\"@id\":\"https:\/\/remosa.es\/producto\/placa-eps-sate\/#primaryimage\"},\"thumbnailUrl\":\"https:\/\/remosa.es\/wp-content\/uploads\/2024\/06\/ais78.jpg\",\"datePublished\":\"2024-03-11T08:48:10+00:00\",\"dateModified\":\"2025-07-17T10:57:38+00:00\",\"description\":\"PLACA EPS SATE. Placas de POLIESTIRENO EXPANDIDO para el Sistema de Aislamiento T\u00e9rmico Exterior. Espesores desde 20mm a 140mm en stock\",\"breadcrumb\":{\"@id\":\"https:\/\/remosa.es\/producto\/placa-eps-sate\/#breadcrumb\"},\"inLanguage\":\"ca\",\"potentialAction\":[{\"@type\":\"ReadAction\",\"target\":[\"https:\/\/remosa.es\/producto\/placa-eps-sate\/\"]}]},{\"@type\":\"ImageObject\",\"inLanguage\":\"ca\",\"@id\":\"https:\/\/remosa.es\/producto\/placa-eps-sate\/#primaryimage\",\"url\":\"https:\/\/remosa.es\/wp-content\/uploads\/2024\/06\/ais78.jpg\",\"contentUrl\":\"https:\/\/remosa.es\/wp-content\/uploads\/2024\/06\/ais78.jpg\",\"width\":446,\"height\":446,\"caption\":\"PLACA EPS JUNTAS\"},{\"@type\":\"BreadcrumbList\",\"@id\":\"https:\/\/remosa.es\/producto\/placa-eps-sate\/#breadcrumb\",\"itemListElement\":[{\"@type\":\"ListItem\",\"position\":1,\"name\":\"Portada\",\"item\":\"https:\/\/remosa.es\/\"},{\"@type\":\"ListItem\",\"position\":2,\"name\":\"Productos\",\"item\":\"https:\/\/remosa.es\/productos\/\"},{\"@type\":\"ListItem\",\"position\":3,\"name\":\"PLACA EPS SATE\"}]},{\"@type\":\"WebSite\",\"@id\":\"https:\/\/remosa.es\/#website\",\"url\":\"https:\/\/remosa.es\/\",\"name\":\"Remosa\",\"description\":\"Tu empresa de material de construcci\u00f3n\",\"publisher\":{\"@id\":\"https:\/\/remosa.es\/#organization\"},\"potentialAction\":[{\"@type\":\"SearchAction\",\"target\":{\"@type\":\"EntryPoint\",\"urlTemplate\":\"https:\/\/remosa.es\/?s={search_term_string}\"},\"query-input\":\"required name=search_term_string\"}],\"inLanguage\":\"ca\"},{\"@type\":\"Organization\",\"@id\":\"https:\/\/remosa.es\/#organization\",\"name\":\"Remosa\",\"url\":\"https:\/\/remosa.es\/\",\"logo\":{\"@type\":\"ImageObject\",\"inLanguage\":\"ca\",\"@id\":\"https:\/\/remosa.es\/#\/schema\/logo\/image\/\",\"url\":\"https:\/\/remosa.es\/wp-content\/uploads\/2023\/12\/cropped-remosa-logo-trans-1.png\",\"contentUrl\":\"https:\/\/remosa.es\/wp-content\/uploads\/2023\/12\/cropped-remosa-logo-trans-1.png\",\"width\":209,\"height\":88,\"caption\":\"Remosa\"},\"image\":{\"@id\":\"https:\/\/remosa.es\/#\/schema\/logo\/image\/\"}}]}<\/script>\n<!-- \/ Yoast SEO Premium plugin. -->","yoast_head_json":{"title":"PLACA EPS SATE - Remosa","description":"PLACA EPS SATE. Placas de POLIESTIRENO EXPANDIDO para el Sistema de Aislamiento T\u00e9rmico Exterior. Espesores desde 20mm a 140mm en stock","robots":{"index":"index","follow":"follow","max-snippet":"max-snippet:-1","max-image-preview":"max-image-preview:large","max-video-preview":"max-video-preview:-1"},"canonical":"https:\/\/remosa.es\/ca\/product\/placa-eps-sate\/","og_locale":"ca_ES","og_type":"article","og_title":"PLACA EPS SATE","og_description":"PLACA EPS SATE. Placas de POLIESTIRENO EXPANDIDO para el Sistema de Aislamiento T\u00e9rmico Exterior. Espesores desde 20mm a 140mm en stock","og_url":"https:\/\/remosa.es\/ca\/product\/placa-eps-sate\/","og_site_name":"Remosa","article_modified_time":"2025-07-17T10:57:38+00:00","og_image":[{"width":446,"height":446,"url":"https:\/\/remosa.es\/wp-content\/uploads\/2024\/06\/ais78.jpg","type":"image\/jpeg"}],"twitter_card":"summary_large_image","twitter_misc":{"Temps estimat de lectura":"2 minuts"},"schema":{"@context":"https:\/\/schema.org","@graph":[{"@type":"WebPage","@id":"https:\/\/remosa.es\/producto\/placa-eps-sate\/","url":"https:\/\/remosa.es\/producto\/placa-eps-sate\/","name":"PLACA EPS SATE - Remosa","isPartOf":{"@id":"https:\/\/remosa.es\/#website"},"primaryImageOfPage":{"@id":"https:\/\/remosa.es\/producto\/placa-eps-sate\/#primaryimage"},"image":{"@id":"https:\/\/remosa.es\/producto\/placa-eps-sate\/#primaryimage"},"thumbnailUrl":"https:\/\/remosa.es\/wp-content\/uploads\/2024\/06\/ais78.jpg","datePublished":"2024-03-11T08:48:10+00:00","dateModified":"2025-07-17T10:57:38+00:00","description":"PLACA EPS SATE. Placas de POLIESTIRENO EXPANDIDO para el Sistema de Aislamiento T\u00e9rmico Exterior. Espesores desde 20mm a 140mm en stock","breadcrumb":{"@id":"https:\/\/remosa.es\/producto\/placa-eps-sate\/#breadcrumb"},"inLanguage":"ca","potentialAction":[{"@type":"ReadAction","target":["https:\/\/remosa.es\/producto\/placa-eps-sate\/"]}]},{"@type":"ImageObject","inLanguage":"ca","@id":"https:\/\/remosa.es\/producto\/placa-eps-sate\/#primaryimage","url":"https:\/\/remosa.es\/wp-content\/uploads\/2024\/06\/ais78.jpg","contentUrl":"https:\/\/remosa.es\/wp-content\/uploads\/2024\/06\/ais78.jpg","width":446,"height":446,"caption":"PLACA EPS JUNTAS"},{"@type":"BreadcrumbList","@id":"https:\/\/remosa.es\/producto\/placa-eps-sate\/#breadcrumb","itemListElement":[{"@type":"ListItem","position":1,"name":"Portada","item":"https:\/\/remosa.es\/"},{"@type":"ListItem","position":2,"name":"Productos","item":"https:\/\/remosa.es\/productos\/"},{"@type":"ListItem","position":3,"name":"PLACA EPS SATE"}]},{"@type":"WebSite","@id":"https:\/\/remosa.es\/#website","url":"https:\/\/remosa.es\/","name":"Remosa","description":"Tu empresa de material de construcci\u00f3n","publisher":{"@id":"https:\/\/remosa.es\/#organization"},"potentialAction":[{"@type":"SearchAction","target":{"@type":"EntryPoint","urlTemplate":"https:\/\/remosa.es\/?s={search_term_string}"},"query-input":"required name=search_term_string"}],"inLanguage":"ca"},{"@type":"Organization","@id":"https:\/\/remosa.es\/#organization","name":"Remosa","url":"https:\/\/remosa.es\/","logo":{"@type":"ImageObject","inLanguage":"ca","@id":"https:\/\/remosa.es\/#\/schema\/logo\/image\/","url":"https:\/\/remosa.es\/wp-content\/uploads\/2023\/12\/cropped-remosa-logo-trans-1.png","contentUrl":"https:\/\/remosa.es\/wp-content\/uploads\/2023\/12\/cropped-remosa-logo-trans-1.png","width":209,"height":88,"caption":"Remosa"},"image":{"@id":"https:\/\/remosa.es\/#\/schema\/logo\/image\/"}}]}},"_links":{"self":[{"href":"https:\/\/remosa.es\/ca\/wp-json\/wp\/v2\/product\/710","targetHints":{"allow":["GET"]}}],"collection":[{"href":"https:\/\/remosa.es\/ca\/wp-json\/wp\/v2\/product"}],"about":[{"href":"https:\/\/remosa.es\/ca\/wp-json\/wp\/v2\/types\/product"}],"replies":[{"embeddable":true,"href":"https:\/\/remosa.es\/ca\/wp-json\/wp\/v2\/comments?post=710"}],"version-history":[{"count":6,"href":"https:\/\/remosa.es\/ca\/wp-json\/wp\/v2\/product\/710\/revisions"}],"predecessor-version":[{"id":2297,"href":"https:\/\/remosa.es\/ca\/wp-json\/wp\/v2\/product\/710\/revisions\/2297"}],"wp:featuredmedia":[{"embeddable":true,"href":"https:\/\/remosa.es\/ca\/wp-json\/wp\/v2\/media\/2133"}],"wp:attachment":[{"href":"https:\/\/remosa.es\/ca\/wp-json\/wp\/v2\/media?parent=710"}],"wp:term":[{"taxonomy":"product_cat","embeddable":true,"href":"https:\/\/remosa.es\/ca\/wp-json\/wp\/v2\/product_cat?post=710"},{"taxonomy":"product_tag","embeddable":true,"href":"https:\/\/remosa.es\/ca\/wp-json\/wp\/v2\/product_tag?post=710"}],"curies":[{"name":"wp","href":"https:\/\/api.w.org\/{rel}","templated":true}]}}