{"id":728,"date":"2024-03-11T09:16:25","date_gmt":"2024-03-11T09:16:25","guid":{"rendered":"https:\/\/remosa.w3bcn.es\/?post_type=product&#038;p=728"},"modified":"2026-02-26T12:14:23","modified_gmt":"2026-02-26T12:14:23","slug":"perfil-arranque-sate","status":"publish","type":"product","link":"https:\/\/remosa.es\/ca\/product\/perfil-arranque-sate\/","title":{"rendered":"Perfil Arranque SATE"},"content":{"rendered":"<h4>Perfil Arranque SATE<\/h4>\n<p>Perfil Arranque SATE,\u00a0 de aluminio con goter\u00f3n como base de arranque de sistema SATE con placas en fachadas<\/p>\n<p>Disponemos en nuestro almac\u00e9n stock de modelos para placa de hasta 200 mm para entrega inmediata, posiblemente la mayor gama del mercado,\u00a0 adem\u00e1s tambi\u00e9n podemos suministrar otras medidas bajo pedido<\/p>\n<p>Tambi\u00e9n podemos suministrar bajo pedido\u00a0 NUEVOS modelos en PVC blanco combinables entre s\u00ed para alcanzar medidas de placa desde 160 a 240 mm,\u00a0 estos perfiles a diferencia de los de aluminio, llevan incorporada la malla de fibra de vidrio para facilitar la adherencia de las pastas.<\/p>\n<p>Consulte en nuestras oficinas disponibilidad y precios tanto de estos nuevos modelos en PVC, aparte de estos tipos en aluminio y PVC, adem\u00e1s se puede suministrar el perfil de arranque en acero inoxidable (solo bajo pedido)<\/p>\n<p>El perfil arranque SATE se presenta Tambi\u00e9n\u00a0en versi\u00f3n \u00abPerfil arranque ESQUINA\u00bb que viene en piezas \u00abPrecortados\u00bb dando como resultado una forma m\u00e1s sencilla de formar una esquina para la base de arranque del sistema, mejorando el acabado<\/p>","protected":false},"excerpt":{"rendered":"<p>Perfil de arranque del sistema SATE en aluminio.<\/p>\n<p>Colocaci\u00f3n sencilla gracias a los complementos de arranque :<br \/>\n&#8211; Conector<br \/>\n&#8211; Pieza niveladora<br \/>\n&#8211; Tornillo de anclaje al soporte<br \/>\n&#8211; Perfil que proporciona un goter\u00f3n adicional<\/p>","protected":false},"featured_media":858,"comment_status":"open","ping_status":"closed","template":"","meta":[],"product_cat":[122,124,310],"product_tag":[],"class_list":{"0":"post-728","1":"product","2":"type-product","3":"status-publish","4":"has-post-thumbnail","6":"product_cat-aislamiento","7":"product_cat-perfiles-sate","8":"product_cat-arranque","10":"first","11":"instock","12":"shipping-taxable","13":"purchasable","14":"product-type-variable"},"yoast_head":"<!-- This site is optimized with the Yoast SEO Premium plugin v22.7 (Yoast SEO v22.8) - https:\/\/yoast.com\/wordpress\/plugins\/seo\/ -->\n<title>Perfil Arranque SATE - Remosa<\/title>\n<meta name=\"description\" content=\"Perfil de aluminio con goter\u00f3n para arrancar los sistema de aislamiento t\u00e9rmico exterior SATE. Tambi\u00e9n disponible en PVC Blanco.\" \/>\n<meta name=\"robots\" content=\"index, follow, max-snippet:-1, max-image-preview:large, max-video-preview:-1\" \/>\n<link rel=\"canonical\" href=\"https:\/\/remosa.es\/ca\/product\/perfil-arranque-sate\/\" \/>\n<meta property=\"og:locale\" content=\"ca_ES\" \/>\n<meta property=\"og:type\" content=\"article\" \/>\n<meta property=\"og:title\" content=\"Perfil Arranque SATE\" \/>\n<meta property=\"og:description\" content=\"Perfil de aluminio con goter\u00f3n para arrancar los sistema de aislamiento t\u00e9rmico exterior SATE. Tambi\u00e9n disponible en PVC Blanco.\" \/>\n<meta property=\"og:url\" content=\"https:\/\/remosa.es\/ca\/product\/perfil-arranque-sate\/\" \/>\n<meta property=\"og:site_name\" content=\"Remosa\" \/>\n<meta property=\"article:modified_time\" content=\"2026-02-26T12:14:23+00:00\" \/>\n<meta property=\"og:image\" content=\"https:\/\/remosa.es\/wp-content\/uploads\/2024\/03\/AIS251.jpg\" \/>\n\t<meta property=\"og:image:width\" content=\"702\" \/>\n\t<meta property=\"og:image:height\" content=\"768\" \/>\n\t<meta property=\"og:image:type\" content=\"image\/jpeg\" \/>\n<meta name=\"twitter:card\" content=\"summary_large_image\" \/>\n<meta name=\"twitter:label1\" content=\"Temps estimat de lectura\" \/>\n\t<meta name=\"twitter:data1\" content=\"1 minut\" \/>\n<script type=\"application\/ld+json\" class=\"yoast-schema-graph\">{\"@context\":\"https:\/\/schema.org\",\"@graph\":[{\"@type\":\"WebPage\",\"@id\":\"https:\/\/remosa.es\/producto\/perfil-arranque-sate\/\",\"url\":\"https:\/\/remosa.es\/producto\/perfil-arranque-sate\/\",\"name\":\"Perfil Arranque SATE - Remosa\",\"isPartOf\":{\"@id\":\"https:\/\/remosa.es\/#website\"},\"primaryImageOfPage\":{\"@id\":\"https:\/\/remosa.es\/producto\/perfil-arranque-sate\/#primaryimage\"},\"image\":{\"@id\":\"https:\/\/remosa.es\/producto\/perfil-arranque-sate\/#primaryimage\"},\"thumbnailUrl\":\"https:\/\/remosa.es\/wp-content\/uploads\/2024\/03\/AIS251.jpg\",\"datePublished\":\"2024-03-11T09:16:25+00:00\",\"dateModified\":\"2026-02-26T12:14:23+00:00\",\"description\":\"Perfil de aluminio con goter\u00f3n para arrancar los sistema de aislamiento t\u00e9rmico exterior SATE. Tambi\u00e9n disponible en PVC Blanco.\",\"breadcrumb\":{\"@id\":\"https:\/\/remosa.es\/producto\/perfil-arranque-sate\/#breadcrumb\"},\"inLanguage\":\"ca\",\"potentialAction\":[{\"@type\":\"ReadAction\",\"target\":[\"https:\/\/remosa.es\/producto\/perfil-arranque-sate\/\"]}]},{\"@type\":\"ImageObject\",\"inLanguage\":\"ca\",\"@id\":\"https:\/\/remosa.es\/producto\/perfil-arranque-sate\/#primaryimage\",\"url\":\"https:\/\/remosa.es\/wp-content\/uploads\/2024\/03\/AIS251.jpg\",\"contentUrl\":\"https:\/\/remosa.es\/wp-content\/uploads\/2024\/03\/AIS251.jpg\",\"width\":702,\"height\":768,\"caption\":\"Perfil Arranque SATE\"},{\"@type\":\"BreadcrumbList\",\"@id\":\"https:\/\/remosa.es\/producto\/perfil-arranque-sate\/#breadcrumb\",\"itemListElement\":[{\"@type\":\"ListItem\",\"position\":1,\"name\":\"Portada\",\"item\":\"https:\/\/remosa.es\/\"},{\"@type\":\"ListItem\",\"position\":2,\"name\":\"Productos\",\"item\":\"https:\/\/remosa.es\/productos\/\"},{\"@type\":\"ListItem\",\"position\":3,\"name\":\"Perfil Arranque SATE\"}]},{\"@type\":\"WebSite\",\"@id\":\"https:\/\/remosa.es\/#website\",\"url\":\"https:\/\/remosa.es\/\",\"name\":\"Remosa\",\"description\":\"Tu empresa de material de construcci\u00f3n\",\"publisher\":{\"@id\":\"https:\/\/remosa.es\/#organization\"},\"potentialAction\":[{\"@type\":\"SearchAction\",\"target\":{\"@type\":\"EntryPoint\",\"urlTemplate\":\"https:\/\/remosa.es\/?s={search_term_string}\"},\"query-input\":\"required name=search_term_string\"}],\"inLanguage\":\"ca\"},{\"@type\":\"Organization\",\"@id\":\"https:\/\/remosa.es\/#organization\",\"name\":\"Remosa\",\"url\":\"https:\/\/remosa.es\/\",\"logo\":{\"@type\":\"ImageObject\",\"inLanguage\":\"ca\",\"@id\":\"https:\/\/remosa.es\/#\/schema\/logo\/image\/\",\"url\":\"https:\/\/remosa.es\/wp-content\/uploads\/2023\/12\/cropped-remosa-logo-trans-1.png\",\"contentUrl\":\"https:\/\/remosa.es\/wp-content\/uploads\/2023\/12\/cropped-remosa-logo-trans-1.png\",\"width\":209,\"height\":88,\"caption\":\"Remosa\"},\"image\":{\"@id\":\"https:\/\/remosa.es\/#\/schema\/logo\/image\/\"}}]}<\/script>\n<!-- \/ Yoast SEO Premium plugin. -->","yoast_head_json":{"title":"Perfil Arranque SATE - Remosa","description":"Perfil de aluminio con goter\u00f3n para arrancar los sistema de aislamiento t\u00e9rmico exterior SATE. Tambi\u00e9n disponible en PVC Blanco.","robots":{"index":"index","follow":"follow","max-snippet":"max-snippet:-1","max-image-preview":"max-image-preview:large","max-video-preview":"max-video-preview:-1"},"canonical":"https:\/\/remosa.es\/ca\/product\/perfil-arranque-sate\/","og_locale":"ca_ES","og_type":"article","og_title":"Perfil Arranque SATE","og_description":"Perfil de aluminio con goter\u00f3n para arrancar los sistema de aislamiento t\u00e9rmico exterior SATE. Tambi\u00e9n disponible en PVC Blanco.","og_url":"https:\/\/remosa.es\/ca\/product\/perfil-arranque-sate\/","og_site_name":"Remosa","article_modified_time":"2026-02-26T12:14:23+00:00","og_image":[{"width":702,"height":768,"url":"https:\/\/remosa.es\/wp-content\/uploads\/2024\/03\/AIS251.jpg","type":"image\/jpeg"}],"twitter_card":"summary_large_image","twitter_misc":{"Temps estimat de lectura":"1 minut"},"schema":{"@context":"https:\/\/schema.org","@graph":[{"@type":"WebPage","@id":"https:\/\/remosa.es\/producto\/perfil-arranque-sate\/","url":"https:\/\/remosa.es\/producto\/perfil-arranque-sate\/","name":"Perfil Arranque SATE - Remosa","isPartOf":{"@id":"https:\/\/remosa.es\/#website"},"primaryImageOfPage":{"@id":"https:\/\/remosa.es\/producto\/perfil-arranque-sate\/#primaryimage"},"image":{"@id":"https:\/\/remosa.es\/producto\/perfil-arranque-sate\/#primaryimage"},"thumbnailUrl":"https:\/\/remosa.es\/wp-content\/uploads\/2024\/03\/AIS251.jpg","datePublished":"2024-03-11T09:16:25+00:00","dateModified":"2026-02-26T12:14:23+00:00","description":"Perfil de aluminio con goter\u00f3n para arrancar los sistema de aislamiento t\u00e9rmico exterior SATE. Tambi\u00e9n disponible en PVC Blanco.","breadcrumb":{"@id":"https:\/\/remosa.es\/producto\/perfil-arranque-sate\/#breadcrumb"},"inLanguage":"ca","potentialAction":[{"@type":"ReadAction","target":["https:\/\/remosa.es\/producto\/perfil-arranque-sate\/"]}]},{"@type":"ImageObject","inLanguage":"ca","@id":"https:\/\/remosa.es\/producto\/perfil-arranque-sate\/#primaryimage","url":"https:\/\/remosa.es\/wp-content\/uploads\/2024\/03\/AIS251.jpg","contentUrl":"https:\/\/remosa.es\/wp-content\/uploads\/2024\/03\/AIS251.jpg","width":702,"height":768,"caption":"Perfil Arranque SATE"},{"@type":"BreadcrumbList","@id":"https:\/\/remosa.es\/producto\/perfil-arranque-sate\/#breadcrumb","itemListElement":[{"@type":"ListItem","position":1,"name":"Portada","item":"https:\/\/remosa.es\/"},{"@type":"ListItem","position":2,"name":"Productos","item":"https:\/\/remosa.es\/productos\/"},{"@type":"ListItem","position":3,"name":"Perfil Arranque SATE"}]},{"@type":"WebSite","@id":"https:\/\/remosa.es\/#website","url":"https:\/\/remosa.es\/","name":"Remosa","description":"Tu empresa de material de construcci\u00f3n","publisher":{"@id":"https:\/\/remosa.es\/#organization"},"potentialAction":[{"@type":"SearchAction","target":{"@type":"EntryPoint","urlTemplate":"https:\/\/remosa.es\/?s={search_term_string}"},"query-input":"required name=search_term_string"}],"inLanguage":"ca"},{"@type":"Organization","@id":"https:\/\/remosa.es\/#organization","name":"Remosa","url":"https:\/\/remosa.es\/","logo":{"@type":"ImageObject","inLanguage":"ca","@id":"https:\/\/remosa.es\/#\/schema\/logo\/image\/","url":"https:\/\/remosa.es\/wp-content\/uploads\/2023\/12\/cropped-remosa-logo-trans-1.png","contentUrl":"https:\/\/remosa.es\/wp-content\/uploads\/2023\/12\/cropped-remosa-logo-trans-1.png","width":209,"height":88,"caption":"Remosa"},"image":{"@id":"https:\/\/remosa.es\/#\/schema\/logo\/image\/"}}]}},"_links":{"self":[{"href":"https:\/\/remosa.es\/ca\/wp-json\/wp\/v2\/product\/728","targetHints":{"allow":["GET"]}}],"collection":[{"href":"https:\/\/remosa.es\/ca\/wp-json\/wp\/v2\/product"}],"about":[{"href":"https:\/\/remosa.es\/ca\/wp-json\/wp\/v2\/types\/product"}],"replies":[{"embeddable":true,"href":"https:\/\/remosa.es\/ca\/wp-json\/wp\/v2\/comments?post=728"}],"version-history":[{"count":3,"href":"https:\/\/remosa.es\/ca\/wp-json\/wp\/v2\/product\/728\/revisions"}],"predecessor-version":[{"id":2194,"href":"https:\/\/remosa.es\/ca\/wp-json\/wp\/v2\/product\/728\/revisions\/2194"}],"wp:featuredmedia":[{"embeddable":true,"href":"https:\/\/remosa.es\/ca\/wp-json\/wp\/v2\/media\/858"}],"wp:attachment":[{"href":"https:\/\/remosa.es\/ca\/wp-json\/wp\/v2\/media?parent=728"}],"wp:term":[{"taxonomy":"product_cat","embeddable":true,"href":"https:\/\/remosa.es\/ca\/wp-json\/wp\/v2\/product_cat?post=728"},{"taxonomy":"product_tag","embeddable":true,"href":"https:\/\/remosa.es\/ca\/wp-json\/wp\/v2\/product_tag?post=728"}],"curies":[{"name":"wp","href":"https:\/\/api.w.org\/{rel}","templated":true}]}}