{"id":753,"date":"2024-03-11T11:54:20","date_gmt":"2024-03-11T11:54:20","guid":{"rendered":"https:\/\/remosa.w3bcn.es\/?post_type=product&#038;p=753"},"modified":"2026-02-26T12:14:16","modified_gmt":"2026-02-26T12:14:16","slug":"perfil-arranque-sate-pvc-combinable","status":"publish","type":"product","link":"https:\/\/remosa.es\/ca\/product\/perfil-arranque-sate-pvc-combinable\/","title":{"rendered":"Perfil Arranque SATE PVC Combinable"},"content":{"rendered":"<h4>Perfil Arranque SATE PVC Combinable<\/h4>\n<p>Perfil Arranque SATE PVC Combinable para el Sistema de Aislamiento T\u00e9rmico en color blanco.<\/p>\n<p>A diferencia de los cl\u00e1sicos perfiles en U con goter\u00f3n de aluminio en una sola pieza, este modelo consta de dos partes, una de base colocada contra el muro y una segunda que forma el goter\u00f3n con malla,\u00a0 estas piezas se presentan en varias medidas que combinadas entre s\u00ed permiten hacer trabajos de aislamientos desde 40 a 240 mm<\/p>\n<p>Adem\u00e1s, la referencia Perfil Goter\u00f3n lleva incorporada la malla de fibra de vidrio para facilitar la adherencia de las pastas.<\/p>\n<p>F\u00e1cil montaje y sujeci\u00f3n del perfil goter\u00f3n en el perfil de arranque (anclado a la fachada) gracias a la ranura del mismo.<\/p>\n<p>Formado por 2 elementos \u00abBase\u00bb (anclado a muro) y \u00abGoter\u00f3n\u00bb (encajado en base hasta ajustar medida deseada)<\/p>\n<p>Su gran ventaja es, sin duda, que con 7 referencias combinables puede llegar desde 40 mm a 240 mm,\u00a0 con el consecuente ahorro de espacio que supone en cuanto a su almacenaje la comodidad de disposici\u00f3n de mayor variedad de medidas.<\/p>\n<p>Tanto un modelo como el otro se presentan en paquetes de 10 piezas x 2 m<\/p>","protected":false},"excerpt":{"rendered":"<p>Perfil de arranque PVC + Perfil goter\u00f3n PVC con malla<\/p>\n<p>7 perfiles combinables entre si para formar arranques del sistema SATE para placa de aislamiento desde 40mm a 240mm<\/p>\n<p>Cajas de 10 perfiles x 2 ml = 20 ml<\/p>\n<p><strong><a href=\"https:\/\/remosa.es\/wp-content\/uploads\/2024\/03\/Perfil-Arranque-SATE-PVC-Combinable-2023.pdf\" target=\"_blank\" rel=\"noopener\">FO Perfil Arranque SATE PVC Combinable <\/a><\/strong><\/p>","protected":false},"featured_media":863,"comment_status":"open","ping_status":"closed","template":"","meta":[],"product_cat":[122,124,310,232],"product_tag":[],"class_list":{"0":"post-753","1":"product","2":"type-product","3":"status-publish","4":"has-post-thumbnail","6":"product_cat-aislamiento","7":"product_cat-perfiles-sate","8":"product_cat-arranque","9":"product_cat-perfileria","11":"first","12":"instock","13":"shipping-taxable","14":"purchasable","15":"product-type-variable"},"yoast_head":"<!-- This site is optimized with the Yoast SEO Premium plugin v22.7 (Yoast SEO v22.8) - https:\/\/yoast.com\/wordpress\/plugins\/seo\/ -->\n<title>Perfil Arranque SATE PVC Combinable - Remosa<\/title>\n<meta name=\"description\" content=\"Perfil de Arranque para el Sistema de Aislamiento T\u00e9rmico Exterior (SATE). En PVC blanco. Formado por 2 elementos \u00abBase\u00bb y \u00abGoter\u00f3n\u00bb\" \/>\n<meta name=\"robots\" content=\"index, follow, max-snippet:-1, max-image-preview:large, max-video-preview:-1\" \/>\n<link rel=\"canonical\" href=\"https:\/\/remosa.es\/ca\/product\/perfil-arranque-sate-pvc-combinable\/\" \/>\n<meta property=\"og:locale\" content=\"ca_ES\" \/>\n<meta property=\"og:type\" content=\"article\" \/>\n<meta property=\"og:title\" content=\"Perfil Arranque SATE PVC Combinable\" \/>\n<meta property=\"og:description\" content=\"Perfil de Arranque para el Sistema de Aislamiento T\u00e9rmico Exterior (SATE). En PVC blanco. Formado por 2 elementos \u00abBase\u00bb y \u00abGoter\u00f3n\u00bb\" \/>\n<meta property=\"og:url\" content=\"https:\/\/remosa.es\/ca\/product\/perfil-arranque-sate-pvc-combinable\/\" \/>\n<meta property=\"og:site_name\" content=\"Remosa\" \/>\n<meta property=\"article:modified_time\" content=\"2026-02-26T12:14:16+00:00\" \/>\n<meta name=\"twitter:card\" content=\"summary_large_image\" \/>\n<meta name=\"twitter:label1\" content=\"Temps estimat de lectura\" \/>\n\t<meta name=\"twitter:data1\" content=\"2 minuts\" \/>\n<script type=\"application\/ld+json\" class=\"yoast-schema-graph\">{\"@context\":\"https:\/\/schema.org\",\"@graph\":[{\"@type\":\"WebPage\",\"@id\":\"https:\/\/remosa.es\/producto\/perfil-arranque-sate-pvc-combinable\/\",\"url\":\"https:\/\/remosa.es\/producto\/perfil-arranque-sate-pvc-combinable\/\",\"name\":\"Perfil Arranque SATE PVC Combinable - Remosa\",\"isPartOf\":{\"@id\":\"https:\/\/remosa.es\/#website\"},\"primaryImageOfPage\":{\"@id\":\"https:\/\/remosa.es\/producto\/perfil-arranque-sate-pvc-combinable\/#primaryimage\"},\"image\":{\"@id\":\"https:\/\/remosa.es\/producto\/perfil-arranque-sate-pvc-combinable\/#primaryimage\"},\"thumbnailUrl\":\"https:\/\/remosa.es\/wp-content\/uploads\/2024\/03\/AIS265.bmp\",\"datePublished\":\"2024-03-11T11:54:20+00:00\",\"dateModified\":\"2026-02-26T12:14:16+00:00\",\"description\":\"Perfil de Arranque para el Sistema de Aislamiento T\u00e9rmico Exterior (SATE). En PVC blanco. Formado por 2 elementos \u00abBase\u00bb y \u00abGoter\u00f3n\u00bb\",\"breadcrumb\":{\"@id\":\"https:\/\/remosa.es\/producto\/perfil-arranque-sate-pvc-combinable\/#breadcrumb\"},\"inLanguage\":\"ca\",\"potentialAction\":[{\"@type\":\"ReadAction\",\"target\":[\"https:\/\/remosa.es\/producto\/perfil-arranque-sate-pvc-combinable\/\"]}]},{\"@type\":\"ImageObject\",\"inLanguage\":\"ca\",\"@id\":\"https:\/\/remosa.es\/producto\/perfil-arranque-sate-pvc-combinable\/#primaryimage\",\"url\":\"https:\/\/remosa.es\/wp-content\/uploads\/2024\/03\/AIS265.bmp\",\"contentUrl\":\"https:\/\/remosa.es\/wp-content\/uploads\/2024\/03\/AIS265.bmp\",\"width\":568,\"height\":419,\"caption\":\"Perfil COMBINABLE Arranque SATE\"},{\"@type\":\"BreadcrumbList\",\"@id\":\"https:\/\/remosa.es\/producto\/perfil-arranque-sate-pvc-combinable\/#breadcrumb\",\"itemListElement\":[{\"@type\":\"ListItem\",\"position\":1,\"name\":\"Portada\",\"item\":\"https:\/\/remosa.es\/\"},{\"@type\":\"ListItem\",\"position\":2,\"name\":\"Productos\",\"item\":\"https:\/\/remosa.es\/productos\/\"},{\"@type\":\"ListItem\",\"position\":3,\"name\":\"Perfil Arranque SATE PVC Combinable\"}]},{\"@type\":\"WebSite\",\"@id\":\"https:\/\/remosa.es\/#website\",\"url\":\"https:\/\/remosa.es\/\",\"name\":\"Remosa\",\"description\":\"Tu empresa de material de construcci\u00f3n\",\"publisher\":{\"@id\":\"https:\/\/remosa.es\/#organization\"},\"potentialAction\":[{\"@type\":\"SearchAction\",\"target\":{\"@type\":\"EntryPoint\",\"urlTemplate\":\"https:\/\/remosa.es\/?s={search_term_string}\"},\"query-input\":\"required name=search_term_string\"}],\"inLanguage\":\"ca\"},{\"@type\":\"Organization\",\"@id\":\"https:\/\/remosa.es\/#organization\",\"name\":\"Remosa\",\"url\":\"https:\/\/remosa.es\/\",\"logo\":{\"@type\":\"ImageObject\",\"inLanguage\":\"ca\",\"@id\":\"https:\/\/remosa.es\/#\/schema\/logo\/image\/\",\"url\":\"https:\/\/remosa.es\/wp-content\/uploads\/2023\/12\/cropped-remosa-logo-trans-1.png\",\"contentUrl\":\"https:\/\/remosa.es\/wp-content\/uploads\/2023\/12\/cropped-remosa-logo-trans-1.png\",\"width\":209,\"height\":88,\"caption\":\"Remosa\"},\"image\":{\"@id\":\"https:\/\/remosa.es\/#\/schema\/logo\/image\/\"}}]}<\/script>\n<!-- \/ Yoast SEO Premium plugin. -->","yoast_head_json":{"title":"Perfil Arranque SATE PVC Combinable - Remosa","description":"Perfil de Arranque para el Sistema de Aislamiento T\u00e9rmico Exterior (SATE). En PVC blanco. Formado por 2 elementos \u00abBase\u00bb y \u00abGoter\u00f3n\u00bb","robots":{"index":"index","follow":"follow","max-snippet":"max-snippet:-1","max-image-preview":"max-image-preview:large","max-video-preview":"max-video-preview:-1"},"canonical":"https:\/\/remosa.es\/ca\/product\/perfil-arranque-sate-pvc-combinable\/","og_locale":"ca_ES","og_type":"article","og_title":"Perfil Arranque SATE PVC Combinable","og_description":"Perfil de Arranque para el Sistema de Aislamiento T\u00e9rmico Exterior (SATE). En PVC blanco. Formado por 2 elementos \u00abBase\u00bb y \u00abGoter\u00f3n\u00bb","og_url":"https:\/\/remosa.es\/ca\/product\/perfil-arranque-sate-pvc-combinable\/","og_site_name":"Remosa","article_modified_time":"2026-02-26T12:14:16+00:00","twitter_card":"summary_large_image","twitter_misc":{"Temps estimat de lectura":"2 minuts"},"schema":{"@context":"https:\/\/schema.org","@graph":[{"@type":"WebPage","@id":"https:\/\/remosa.es\/producto\/perfil-arranque-sate-pvc-combinable\/","url":"https:\/\/remosa.es\/producto\/perfil-arranque-sate-pvc-combinable\/","name":"Perfil Arranque SATE PVC Combinable - Remosa","isPartOf":{"@id":"https:\/\/remosa.es\/#website"},"primaryImageOfPage":{"@id":"https:\/\/remosa.es\/producto\/perfil-arranque-sate-pvc-combinable\/#primaryimage"},"image":{"@id":"https:\/\/remosa.es\/producto\/perfil-arranque-sate-pvc-combinable\/#primaryimage"},"thumbnailUrl":"https:\/\/remosa.es\/wp-content\/uploads\/2024\/03\/AIS265.bmp","datePublished":"2024-03-11T11:54:20+00:00","dateModified":"2026-02-26T12:14:16+00:00","description":"Perfil de Arranque para el Sistema de Aislamiento T\u00e9rmico Exterior (SATE). En PVC blanco. Formado por 2 elementos \u00abBase\u00bb y \u00abGoter\u00f3n\u00bb","breadcrumb":{"@id":"https:\/\/remosa.es\/producto\/perfil-arranque-sate-pvc-combinable\/#breadcrumb"},"inLanguage":"ca","potentialAction":[{"@type":"ReadAction","target":["https:\/\/remosa.es\/producto\/perfil-arranque-sate-pvc-combinable\/"]}]},{"@type":"ImageObject","inLanguage":"ca","@id":"https:\/\/remosa.es\/producto\/perfil-arranque-sate-pvc-combinable\/#primaryimage","url":"https:\/\/remosa.es\/wp-content\/uploads\/2024\/03\/AIS265.bmp","contentUrl":"https:\/\/remosa.es\/wp-content\/uploads\/2024\/03\/AIS265.bmp","width":568,"height":419,"caption":"Perfil COMBINABLE Arranque SATE"},{"@type":"BreadcrumbList","@id":"https:\/\/remosa.es\/producto\/perfil-arranque-sate-pvc-combinable\/#breadcrumb","itemListElement":[{"@type":"ListItem","position":1,"name":"Portada","item":"https:\/\/remosa.es\/"},{"@type":"ListItem","position":2,"name":"Productos","item":"https:\/\/remosa.es\/productos\/"},{"@type":"ListItem","position":3,"name":"Perfil Arranque SATE PVC Combinable"}]},{"@type":"WebSite","@id":"https:\/\/remosa.es\/#website","url":"https:\/\/remosa.es\/","name":"Remosa","description":"Tu empresa de material de construcci\u00f3n","publisher":{"@id":"https:\/\/remosa.es\/#organization"},"potentialAction":[{"@type":"SearchAction","target":{"@type":"EntryPoint","urlTemplate":"https:\/\/remosa.es\/?s={search_term_string}"},"query-input":"required name=search_term_string"}],"inLanguage":"ca"},{"@type":"Organization","@id":"https:\/\/remosa.es\/#organization","name":"Remosa","url":"https:\/\/remosa.es\/","logo":{"@type":"ImageObject","inLanguage":"ca","@id":"https:\/\/remosa.es\/#\/schema\/logo\/image\/","url":"https:\/\/remosa.es\/wp-content\/uploads\/2023\/12\/cropped-remosa-logo-trans-1.png","contentUrl":"https:\/\/remosa.es\/wp-content\/uploads\/2023\/12\/cropped-remosa-logo-trans-1.png","width":209,"height":88,"caption":"Remosa"},"image":{"@id":"https:\/\/remosa.es\/#\/schema\/logo\/image\/"}}]}},"_links":{"self":[{"href":"https:\/\/remosa.es\/ca\/wp-json\/wp\/v2\/product\/753","targetHints":{"allow":["GET"]}}],"collection":[{"href":"https:\/\/remosa.es\/ca\/wp-json\/wp\/v2\/product"}],"about":[{"href":"https:\/\/remosa.es\/ca\/wp-json\/wp\/v2\/types\/product"}],"replies":[{"embeddable":true,"href":"https:\/\/remosa.es\/ca\/wp-json\/wp\/v2\/comments?post=753"}],"version-history":[{"count":7,"href":"https:\/\/remosa.es\/ca\/wp-json\/wp\/v2\/product\/753\/revisions"}],"predecessor-version":[{"id":2157,"href":"https:\/\/remosa.es\/ca\/wp-json\/wp\/v2\/product\/753\/revisions\/2157"}],"wp:featuredmedia":[{"embeddable":true,"href":"https:\/\/remosa.es\/ca\/wp-json\/wp\/v2\/media\/863"}],"wp:attachment":[{"href":"https:\/\/remosa.es\/ca\/wp-json\/wp\/v2\/media?parent=753"}],"wp:term":[{"taxonomy":"product_cat","embeddable":true,"href":"https:\/\/remosa.es\/ca\/wp-json\/wp\/v2\/product_cat?post=753"},{"taxonomy":"product_tag","embeddable":true,"href":"https:\/\/remosa.es\/ca\/wp-json\/wp\/v2\/product_tag?post=753"}],"curies":[{"name":"wp","href":"https:\/\/api.w.org\/{rel}","templated":true}]}}