{"id":807,"date":"2024-03-11T15:37:35","date_gmt":"2024-03-11T15:37:35","guid":{"rendered":"https:\/\/remosa.w3bcn.es\/?post_type=product&#038;p=807"},"modified":"2026-02-26T12:25:32","modified_gmt":"2026-02-26T12:25:32","slug":"perfil-limite-sate-pvc-malla","status":"publish","type":"product","link":"https:\/\/remosa.es\/ca\/product\/perfil-limite-sate-pvc-malla\/","title":{"rendered":"Perfil Limite SATE PVC+ MALLA"},"content":{"rendered":"<h5>Perfil Limite SATE PVC+ MALLA<\/h5>\n<p>L\u00edmite SATE, perfil de PVC con malla fibra de vidrio\u00a0 que ayuda a formar l\u00edmites en la pasta adem\u00e1s de despieces<\/p>\n<p>Disponibles en varias medidas seg\u00fan el grueso de capa de acabado<\/p>\n<p>Con este perfil tambi\u00e9n se puede llegar a formar una junta de dilataci\u00f3n sencilla, colocando uno contra otro y con un m\u00e1stic en el centro.<\/p>","protected":false},"excerpt":{"rendered":"<p>Perfil de PVC + MALLA de fibra de vidrio ETAG04 para formar limites o despieces en los sistemas de Aislamiento T\u00e9rmico Exterior (SATE)<\/p>\n<p>Disponible para 6, 8 y 10mm<\/p>\n<p><strong><span style=\"color: #0000ff;\"><a style=\"color: #0000ff;\" href=\"https:\/\/remosa.es\/ca\/product\/perfil-despiece-entrecalles-pvc-malla-fibra-vidrio\/\" target=\"_blank\" rel=\"noopener\">Despiece Entrecalles SATE<\/a><\/span><\/strong><\/p>","protected":false},"featured_media":1157,"comment_status":"open","ping_status":"closed","template":"","meta":[],"product_cat":[122,124,313,232],"product_tag":[],"class_list":{"0":"post-807","1":"product","2":"type-product","3":"status-publish","4":"has-post-thumbnail","6":"product_cat-aislamiento","7":"product_cat-perfiles-sate","8":"product_cat-cierre","9":"product_cat-perfileria","11":"first","12":"instock","13":"shipping-taxable","14":"purchasable","15":"product-type-variable"},"yoast_head":"<!-- This site is optimized with the Yoast SEO Premium plugin v22.7 (Yoast SEO v22.8) - https:\/\/yoast.com\/wordpress\/plugins\/seo\/ -->\n<title>Perfil Limite SATE PVC+ MALLA - Remosa<\/title>\n<meta name=\"description\" content=\"Perfil Limite PVC + Malla de fibra de vidrio ETAG04 para Sistema SATE. Para realizar despieces delimitando zonas de trabajo.\" \/>\n<meta name=\"robots\" content=\"index, follow, max-snippet:-1, max-image-preview:large, max-video-preview:-1\" \/>\n<link rel=\"canonical\" href=\"https:\/\/remosa.es\/ca\/product\/perfil-limite-sate-pvc-malla\/\" \/>\n<meta property=\"og:locale\" content=\"ca_ES\" \/>\n<meta property=\"og:type\" content=\"article\" \/>\n<meta property=\"og:title\" content=\"Perfil Limite SATE PVC+ MALLA\" \/>\n<meta property=\"og:description\" content=\"Perfil Limite PVC + Malla de fibra de vidrio ETAG04 para Sistema SATE. Para realizar despieces delimitando zonas de trabajo.\" \/>\n<meta property=\"og:url\" content=\"https:\/\/remosa.es\/ca\/product\/perfil-limite-sate-pvc-malla\/\" \/>\n<meta property=\"og:site_name\" content=\"Remosa\" \/>\n<meta property=\"article:modified_time\" content=\"2026-02-26T12:25:32+00:00\" \/>\n<meta property=\"og:image\" content=\"https:\/\/remosa.es\/wp-content\/uploads\/2024\/03\/PEW202.jpg\" \/>\n\t<meta property=\"og:image:width\" content=\"1200\" \/>\n\t<meta property=\"og:image:height\" content=\"1200\" \/>\n\t<meta property=\"og:image:type\" content=\"image\/jpeg\" \/>\n<meta name=\"twitter:card\" content=\"summary_large_image\" \/>\n<meta name=\"twitter:label1\" content=\"Temps estimat de lectura\" \/>\n\t<meta name=\"twitter:data1\" content=\"1 minut\" \/>\n<script type=\"application\/ld+json\" class=\"yoast-schema-graph\">{\"@context\":\"https:\/\/schema.org\",\"@graph\":[{\"@type\":\"WebPage\",\"@id\":\"https:\/\/remosa.es\/producto\/perfil-limite-sate-pvc-malla\/\",\"url\":\"https:\/\/remosa.es\/producto\/perfil-limite-sate-pvc-malla\/\",\"name\":\"Perfil Limite SATE PVC+ MALLA - Remosa\",\"isPartOf\":{\"@id\":\"https:\/\/remosa.es\/#website\"},\"primaryImageOfPage\":{\"@id\":\"https:\/\/remosa.es\/producto\/perfil-limite-sate-pvc-malla\/#primaryimage\"},\"image\":{\"@id\":\"https:\/\/remosa.es\/producto\/perfil-limite-sate-pvc-malla\/#primaryimage\"},\"thumbnailUrl\":\"https:\/\/remosa.es\/wp-content\/uploads\/2024\/03\/PEW202.jpg\",\"datePublished\":\"2024-03-11T15:37:35+00:00\",\"dateModified\":\"2026-02-26T12:25:32+00:00\",\"description\":\"Perfil Limite PVC + Malla de fibra de vidrio ETAG04 para Sistema SATE. Para realizar despieces delimitando zonas de trabajo.\",\"breadcrumb\":{\"@id\":\"https:\/\/remosa.es\/producto\/perfil-limite-sate-pvc-malla\/#breadcrumb\"},\"inLanguage\":\"ca\",\"potentialAction\":[{\"@type\":\"ReadAction\",\"target\":[\"https:\/\/remosa.es\/producto\/perfil-limite-sate-pvc-malla\/\"]}]},{\"@type\":\"ImageObject\",\"inLanguage\":\"ca\",\"@id\":\"https:\/\/remosa.es\/producto\/perfil-limite-sate-pvc-malla\/#primaryimage\",\"url\":\"https:\/\/remosa.es\/wp-content\/uploads\/2024\/03\/PEW202.jpg\",\"contentUrl\":\"https:\/\/remosa.es\/wp-content\/uploads\/2024\/03\/PEW202.jpg\",\"width\":1200,\"height\":1200,\"caption\":\"Perfil limite despiece PVC + Malla fibra de vidrio\"},{\"@type\":\"BreadcrumbList\",\"@id\":\"https:\/\/remosa.es\/producto\/perfil-limite-sate-pvc-malla\/#breadcrumb\",\"itemListElement\":[{\"@type\":\"ListItem\",\"position\":1,\"name\":\"Portada\",\"item\":\"https:\/\/remosa.es\/\"},{\"@type\":\"ListItem\",\"position\":2,\"name\":\"Productos\",\"item\":\"https:\/\/remosa.es\/productos\/\"},{\"@type\":\"ListItem\",\"position\":3,\"name\":\"Perfil Limite SATE PVC+ MALLA\"}]},{\"@type\":\"WebSite\",\"@id\":\"https:\/\/remosa.es\/#website\",\"url\":\"https:\/\/remosa.es\/\",\"name\":\"Remosa\",\"description\":\"Tu empresa de material de construcci\u00f3n\",\"publisher\":{\"@id\":\"https:\/\/remosa.es\/#organization\"},\"potentialAction\":[{\"@type\":\"SearchAction\",\"target\":{\"@type\":\"EntryPoint\",\"urlTemplate\":\"https:\/\/remosa.es\/?s={search_term_string}\"},\"query-input\":\"required name=search_term_string\"}],\"inLanguage\":\"ca\"},{\"@type\":\"Organization\",\"@id\":\"https:\/\/remosa.es\/#organization\",\"name\":\"Remosa\",\"url\":\"https:\/\/remosa.es\/\",\"logo\":{\"@type\":\"ImageObject\",\"inLanguage\":\"ca\",\"@id\":\"https:\/\/remosa.es\/#\/schema\/logo\/image\/\",\"url\":\"https:\/\/remosa.es\/wp-content\/uploads\/2023\/12\/cropped-remosa-logo-trans-1.png\",\"contentUrl\":\"https:\/\/remosa.es\/wp-content\/uploads\/2023\/12\/cropped-remosa-logo-trans-1.png\",\"width\":209,\"height\":88,\"caption\":\"Remosa\"},\"image\":{\"@id\":\"https:\/\/remosa.es\/#\/schema\/logo\/image\/\"}}]}<\/script>\n<!-- \/ Yoast SEO Premium plugin. -->","yoast_head_json":{"title":"Perfil Limite SATE PVC+ MALLA - Remosa","description":"Perfil Limite PVC + Malla de fibra de vidrio ETAG04 para Sistema SATE. Para realizar despieces delimitando zonas de trabajo.","robots":{"index":"index","follow":"follow","max-snippet":"max-snippet:-1","max-image-preview":"max-image-preview:large","max-video-preview":"max-video-preview:-1"},"canonical":"https:\/\/remosa.es\/ca\/product\/perfil-limite-sate-pvc-malla\/","og_locale":"ca_ES","og_type":"article","og_title":"Perfil Limite SATE PVC+ MALLA","og_description":"Perfil Limite PVC + Malla de fibra de vidrio ETAG04 para Sistema SATE. Para realizar despieces delimitando zonas de trabajo.","og_url":"https:\/\/remosa.es\/ca\/product\/perfil-limite-sate-pvc-malla\/","og_site_name":"Remosa","article_modified_time":"2026-02-26T12:25:32+00:00","og_image":[{"width":1200,"height":1200,"url":"https:\/\/remosa.es\/wp-content\/uploads\/2024\/03\/PEW202.jpg","type":"image\/jpeg"}],"twitter_card":"summary_large_image","twitter_misc":{"Temps estimat de lectura":"1 minut"},"schema":{"@context":"https:\/\/schema.org","@graph":[{"@type":"WebPage","@id":"https:\/\/remosa.es\/producto\/perfil-limite-sate-pvc-malla\/","url":"https:\/\/remosa.es\/producto\/perfil-limite-sate-pvc-malla\/","name":"Perfil Limite SATE PVC+ MALLA - Remosa","isPartOf":{"@id":"https:\/\/remosa.es\/#website"},"primaryImageOfPage":{"@id":"https:\/\/remosa.es\/producto\/perfil-limite-sate-pvc-malla\/#primaryimage"},"image":{"@id":"https:\/\/remosa.es\/producto\/perfil-limite-sate-pvc-malla\/#primaryimage"},"thumbnailUrl":"https:\/\/remosa.es\/wp-content\/uploads\/2024\/03\/PEW202.jpg","datePublished":"2024-03-11T15:37:35+00:00","dateModified":"2026-02-26T12:25:32+00:00","description":"Perfil Limite PVC + Malla de fibra de vidrio ETAG04 para Sistema SATE. Para realizar despieces delimitando zonas de trabajo.","breadcrumb":{"@id":"https:\/\/remosa.es\/producto\/perfil-limite-sate-pvc-malla\/#breadcrumb"},"inLanguage":"ca","potentialAction":[{"@type":"ReadAction","target":["https:\/\/remosa.es\/producto\/perfil-limite-sate-pvc-malla\/"]}]},{"@type":"ImageObject","inLanguage":"ca","@id":"https:\/\/remosa.es\/producto\/perfil-limite-sate-pvc-malla\/#primaryimage","url":"https:\/\/remosa.es\/wp-content\/uploads\/2024\/03\/PEW202.jpg","contentUrl":"https:\/\/remosa.es\/wp-content\/uploads\/2024\/03\/PEW202.jpg","width":1200,"height":1200,"caption":"Perfil limite despiece PVC + Malla fibra de vidrio"},{"@type":"BreadcrumbList","@id":"https:\/\/remosa.es\/producto\/perfil-limite-sate-pvc-malla\/#breadcrumb","itemListElement":[{"@type":"ListItem","position":1,"name":"Portada","item":"https:\/\/remosa.es\/"},{"@type":"ListItem","position":2,"name":"Productos","item":"https:\/\/remosa.es\/productos\/"},{"@type":"ListItem","position":3,"name":"Perfil Limite SATE PVC+ MALLA"}]},{"@type":"WebSite","@id":"https:\/\/remosa.es\/#website","url":"https:\/\/remosa.es\/","name":"Remosa","description":"Tu empresa de material de construcci\u00f3n","publisher":{"@id":"https:\/\/remosa.es\/#organization"},"potentialAction":[{"@type":"SearchAction","target":{"@type":"EntryPoint","urlTemplate":"https:\/\/remosa.es\/?s={search_term_string}"},"query-input":"required name=search_term_string"}],"inLanguage":"ca"},{"@type":"Organization","@id":"https:\/\/remosa.es\/#organization","name":"Remosa","url":"https:\/\/remosa.es\/","logo":{"@type":"ImageObject","inLanguage":"ca","@id":"https:\/\/remosa.es\/#\/schema\/logo\/image\/","url":"https:\/\/remosa.es\/wp-content\/uploads\/2023\/12\/cropped-remosa-logo-trans-1.png","contentUrl":"https:\/\/remosa.es\/wp-content\/uploads\/2023\/12\/cropped-remosa-logo-trans-1.png","width":209,"height":88,"caption":"Remosa"},"image":{"@id":"https:\/\/remosa.es\/#\/schema\/logo\/image\/"}}]}},"_links":{"self":[{"href":"https:\/\/remosa.es\/ca\/wp-json\/wp\/v2\/product\/807","targetHints":{"allow":["GET"]}}],"collection":[{"href":"https:\/\/remosa.es\/ca\/wp-json\/wp\/v2\/product"}],"about":[{"href":"https:\/\/remosa.es\/ca\/wp-json\/wp\/v2\/types\/product"}],"replies":[{"embeddable":true,"href":"https:\/\/remosa.es\/ca\/wp-json\/wp\/v2\/comments?post=807"}],"version-history":[{"count":4,"href":"https:\/\/remosa.es\/ca\/wp-json\/wp\/v2\/product\/807\/revisions"}],"predecessor-version":[{"id":2126,"href":"https:\/\/remosa.es\/ca\/wp-json\/wp\/v2\/product\/807\/revisions\/2126"}],"wp:featuredmedia":[{"embeddable":true,"href":"https:\/\/remosa.es\/ca\/wp-json\/wp\/v2\/media\/1157"}],"wp:attachment":[{"href":"https:\/\/remosa.es\/ca\/wp-json\/wp\/v2\/media?parent=807"}],"wp:term":[{"taxonomy":"product_cat","embeddable":true,"href":"https:\/\/remosa.es\/ca\/wp-json\/wp\/v2\/product_cat?post=807"},{"taxonomy":"product_tag","embeddable":true,"href":"https:\/\/remosa.es\/ca\/wp-json\/wp\/v2\/product_tag?post=807"}],"curies":[{"name":"wp","href":"https:\/\/api.w.org\/{rel}","templated":true}]}}