{"id":906,"date":"2024-03-13T12:17:57","date_gmt":"2024-03-13T12:17:57","guid":{"rendered":"https:\/\/remosa.w3bcn.es\/?post_type=product&#038;p=906"},"modified":"2025-09-26T10:24:33","modified_gmt":"2025-09-26T10:24:33","slug":"cantonera-angular-de-pvc","status":"publish","type":"product","link":"https:\/\/remosa.es\/ca\/product\/cantonera-angular-de-pvc\/","title":{"rendered":"Cantonera Monocapa  \/ Angular de PVC"},"content":{"rendered":"<h5>Cantonera \/ Angular de PVC<\/h5>\n<p>Guardavivo PVC para dar protecci\u00f3n a las esquinas en el exterior de la obra.<\/p>\n<p>Disponible en canto visto color blanco, canto visto en colores y canto oculto\/arista<\/p>\n<p><a href=\"http:\/\/Cantonera Monocapa Arista o Canto Oculto\" target=\"_blank\" rel=\"noopener\">Cantonera Monocapa Arista o Canto Oculto<\/a><\/p>","protected":false},"excerpt":{"rendered":"<p>Cantonera Monocapa PVC \/ Angular PVC<\/p>\n<p>Guardavivo exterior de PVC para facilitar y proteger la formaci\u00f3n de aristas en todo tipo de morteros.<\/p>","protected":false},"featured_media":2365,"comment_status":"open","ping_status":"closed","template":"","meta":[],"product_cat":[232,233],"product_tag":[],"class_list":{"0":"post-906","1":"product","2":"type-product","3":"status-publish","4":"has-post-thumbnail","6":"product_cat-perfileria","7":"product_cat-exterior","9":"first","10":"instock","11":"shipping-taxable","12":"purchasable","13":"product-type-variable"},"yoast_head":"<!-- This site is optimized with the Yoast SEO Premium plugin v22.7 (Yoast SEO v22.8) - https:\/\/yoast.com\/wordpress\/plugins\/seo\/ -->\n<title>Cantonera Monocapa \/ Angular de PVC - Remosa<\/title>\n<meta name=\"description\" content=\"Cantonera \/ Angular de PVC. Para formaci\u00f3n de esquina en fachada. Disponibles en blanco, color. Tambi\u00e9n con canto arista para que quede pr\u00e1cticamente oculta\" \/>\n<meta name=\"robots\" content=\"index, follow, max-snippet:-1, max-image-preview:large, max-video-preview:-1\" \/>\n<link rel=\"canonical\" href=\"https:\/\/remosa.es\/ca\/product\/cantonera-angular-de-pvc\/\" \/>\n<meta property=\"og:locale\" content=\"ca_ES\" \/>\n<meta property=\"og:type\" content=\"article\" \/>\n<meta property=\"og:title\" content=\"Cantonera Monocapa \/ Angular de PVC\" \/>\n<meta property=\"og:description\" content=\"Cantonera \/ Angular de PVC. Para formaci\u00f3n de esquina en fachada. Disponibles en blanco, color. Tambi\u00e9n con canto arista para que quede pr\u00e1cticamente oculta\" \/>\n<meta property=\"og:url\" content=\"https:\/\/remosa.es\/ca\/product\/cantonera-angular-de-pvc\/\" \/>\n<meta property=\"og:site_name\" content=\"Remosa\" \/>\n<meta property=\"article:modified_time\" content=\"2025-09-26T10:24:33+00:00\" \/>\n<meta property=\"og:image\" content=\"https:\/\/remosa.es\/wp-content\/uploads\/2024\/03\/PEAR001-e1758877885133.jpg\" \/>\n\t<meta property=\"og:image:width\" content=\"1018\" \/>\n\t<meta property=\"og:image:height\" content=\"1018\" \/>\n\t<meta property=\"og:image:type\" content=\"image\/jpeg\" \/>\n<meta name=\"twitter:card\" content=\"summary_large_image\" \/>\n<meta name=\"twitter:label1\" content=\"Temps estimat de lectura\" \/>\n\t<meta name=\"twitter:data1\" content=\"1 minut\" \/>\n<script type=\"application\/ld+json\" class=\"yoast-schema-graph\">{\"@context\":\"https:\/\/schema.org\",\"@graph\":[{\"@type\":\"WebPage\",\"@id\":\"https:\/\/remosa.es\/producto\/cantonera-angular-de-pvc\/\",\"url\":\"https:\/\/remosa.es\/producto\/cantonera-angular-de-pvc\/\",\"name\":\"Cantonera Monocapa \/ Angular de PVC - Remosa\",\"isPartOf\":{\"@id\":\"https:\/\/remosa.es\/#website\"},\"primaryImageOfPage\":{\"@id\":\"https:\/\/remosa.es\/producto\/cantonera-angular-de-pvc\/#primaryimage\"},\"image\":{\"@id\":\"https:\/\/remosa.es\/producto\/cantonera-angular-de-pvc\/#primaryimage\"},\"thumbnailUrl\":\"https:\/\/remosa.es\/wp-content\/uploads\/2024\/03\/PEAR001-e1758877885133.jpg\",\"datePublished\":\"2024-03-13T12:17:57+00:00\",\"dateModified\":\"2025-09-26T10:24:33+00:00\",\"description\":\"Cantonera \/ Angular de PVC. Para formaci\u00f3n de esquina en fachada. Disponibles en blanco, color. Tambi\u00e9n con canto arista para que quede pr\u00e1cticamente oculta\",\"breadcrumb\":{\"@id\":\"https:\/\/remosa.es\/producto\/cantonera-angular-de-pvc\/#breadcrumb\"},\"inLanguage\":\"ca\",\"potentialAction\":[{\"@type\":\"ReadAction\",\"target\":[\"https:\/\/remosa.es\/producto\/cantonera-angular-de-pvc\/\"]}]},{\"@type\":\"ImageObject\",\"inLanguage\":\"ca\",\"@id\":\"https:\/\/remosa.es\/producto\/cantonera-angular-de-pvc\/#primaryimage\",\"url\":\"https:\/\/remosa.es\/wp-content\/uploads\/2024\/03\/PEAR001-e1758877885133.jpg\",\"contentUrl\":\"https:\/\/remosa.es\/wp-content\/uploads\/2024\/03\/PEAR001-e1758877885133.jpg\",\"width\":1018,\"height\":1018,\"caption\":\"CANTONERA MONOCAPA\"},{\"@type\":\"BreadcrumbList\",\"@id\":\"https:\/\/remosa.es\/producto\/cantonera-angular-de-pvc\/#breadcrumb\",\"itemListElement\":[{\"@type\":\"ListItem\",\"position\":1,\"name\":\"Portada\",\"item\":\"https:\/\/remosa.es\/\"},{\"@type\":\"ListItem\",\"position\":2,\"name\":\"Productos\",\"item\":\"https:\/\/remosa.es\/productos\/\"},{\"@type\":\"ListItem\",\"position\":3,\"name\":\"Cantonera Monocapa \/ Angular de PVC\"}]},{\"@type\":\"WebSite\",\"@id\":\"https:\/\/remosa.es\/#website\",\"url\":\"https:\/\/remosa.es\/\",\"name\":\"Remosa\",\"description\":\"Tu empresa de material de construcci\u00f3n\",\"publisher\":{\"@id\":\"https:\/\/remosa.es\/#organization\"},\"potentialAction\":[{\"@type\":\"SearchAction\",\"target\":{\"@type\":\"EntryPoint\",\"urlTemplate\":\"https:\/\/remosa.es\/?s={search_term_string}\"},\"query-input\":\"required name=search_term_string\"}],\"inLanguage\":\"ca\"},{\"@type\":\"Organization\",\"@id\":\"https:\/\/remosa.es\/#organization\",\"name\":\"Remosa\",\"url\":\"https:\/\/remosa.es\/\",\"logo\":{\"@type\":\"ImageObject\",\"inLanguage\":\"ca\",\"@id\":\"https:\/\/remosa.es\/#\/schema\/logo\/image\/\",\"url\":\"https:\/\/remosa.es\/wp-content\/uploads\/2023\/12\/cropped-remosa-logo-trans-1.png\",\"contentUrl\":\"https:\/\/remosa.es\/wp-content\/uploads\/2023\/12\/cropped-remosa-logo-trans-1.png\",\"width\":209,\"height\":88,\"caption\":\"Remosa\"},\"image\":{\"@id\":\"https:\/\/remosa.es\/#\/schema\/logo\/image\/\"}}]}<\/script>\n<!-- \/ Yoast SEO Premium plugin. -->","yoast_head_json":{"title":"Cantonera Monocapa \/ Angular de PVC - Remosa","description":"Cantonera \/ Angular de PVC. Para formaci\u00f3n de esquina en fachada. Disponibles en blanco, color. Tambi\u00e9n con canto arista para que quede pr\u00e1cticamente oculta","robots":{"index":"index","follow":"follow","max-snippet":"max-snippet:-1","max-image-preview":"max-image-preview:large","max-video-preview":"max-video-preview:-1"},"canonical":"https:\/\/remosa.es\/ca\/product\/cantonera-angular-de-pvc\/","og_locale":"ca_ES","og_type":"article","og_title":"Cantonera Monocapa \/ Angular de PVC","og_description":"Cantonera \/ Angular de PVC. Para formaci\u00f3n de esquina en fachada. Disponibles en blanco, color. Tambi\u00e9n con canto arista para que quede pr\u00e1cticamente oculta","og_url":"https:\/\/remosa.es\/ca\/product\/cantonera-angular-de-pvc\/","og_site_name":"Remosa","article_modified_time":"2025-09-26T10:24:33+00:00","og_image":[{"width":1018,"height":1018,"url":"https:\/\/remosa.es\/wp-content\/uploads\/2024\/03\/PEAR001-e1758877885133.jpg","type":"image\/jpeg"}],"twitter_card":"summary_large_image","twitter_misc":{"Temps estimat de lectura":"1 minut"},"schema":{"@context":"https:\/\/schema.org","@graph":[{"@type":"WebPage","@id":"https:\/\/remosa.es\/producto\/cantonera-angular-de-pvc\/","url":"https:\/\/remosa.es\/producto\/cantonera-angular-de-pvc\/","name":"Cantonera Monocapa \/ Angular de PVC - Remosa","isPartOf":{"@id":"https:\/\/remosa.es\/#website"},"primaryImageOfPage":{"@id":"https:\/\/remosa.es\/producto\/cantonera-angular-de-pvc\/#primaryimage"},"image":{"@id":"https:\/\/remosa.es\/producto\/cantonera-angular-de-pvc\/#primaryimage"},"thumbnailUrl":"https:\/\/remosa.es\/wp-content\/uploads\/2024\/03\/PEAR001-e1758877885133.jpg","datePublished":"2024-03-13T12:17:57+00:00","dateModified":"2025-09-26T10:24:33+00:00","description":"Cantonera \/ Angular de PVC. Para formaci\u00f3n de esquina en fachada. Disponibles en blanco, color. Tambi\u00e9n con canto arista para que quede pr\u00e1cticamente oculta","breadcrumb":{"@id":"https:\/\/remosa.es\/producto\/cantonera-angular-de-pvc\/#breadcrumb"},"inLanguage":"ca","potentialAction":[{"@type":"ReadAction","target":["https:\/\/remosa.es\/producto\/cantonera-angular-de-pvc\/"]}]},{"@type":"ImageObject","inLanguage":"ca","@id":"https:\/\/remosa.es\/producto\/cantonera-angular-de-pvc\/#primaryimage","url":"https:\/\/remosa.es\/wp-content\/uploads\/2024\/03\/PEAR001-e1758877885133.jpg","contentUrl":"https:\/\/remosa.es\/wp-content\/uploads\/2024\/03\/PEAR001-e1758877885133.jpg","width":1018,"height":1018,"caption":"CANTONERA MONOCAPA"},{"@type":"BreadcrumbList","@id":"https:\/\/remosa.es\/producto\/cantonera-angular-de-pvc\/#breadcrumb","itemListElement":[{"@type":"ListItem","position":1,"name":"Portada","item":"https:\/\/remosa.es\/"},{"@type":"ListItem","position":2,"name":"Productos","item":"https:\/\/remosa.es\/productos\/"},{"@type":"ListItem","position":3,"name":"Cantonera Monocapa \/ Angular de PVC"}]},{"@type":"WebSite","@id":"https:\/\/remosa.es\/#website","url":"https:\/\/remosa.es\/","name":"Remosa","description":"Tu empresa de material de construcci\u00f3n","publisher":{"@id":"https:\/\/remosa.es\/#organization"},"potentialAction":[{"@type":"SearchAction","target":{"@type":"EntryPoint","urlTemplate":"https:\/\/remosa.es\/?s={search_term_string}"},"query-input":"required name=search_term_string"}],"inLanguage":"ca"},{"@type":"Organization","@id":"https:\/\/remosa.es\/#organization","name":"Remosa","url":"https:\/\/remosa.es\/","logo":{"@type":"ImageObject","inLanguage":"ca","@id":"https:\/\/remosa.es\/#\/schema\/logo\/image\/","url":"https:\/\/remosa.es\/wp-content\/uploads\/2023\/12\/cropped-remosa-logo-trans-1.png","contentUrl":"https:\/\/remosa.es\/wp-content\/uploads\/2023\/12\/cropped-remosa-logo-trans-1.png","width":209,"height":88,"caption":"Remosa"},"image":{"@id":"https:\/\/remosa.es\/#\/schema\/logo\/image\/"}}]}},"_links":{"self":[{"href":"https:\/\/remosa.es\/ca\/wp-json\/wp\/v2\/product\/906","targetHints":{"allow":["GET"]}}],"collection":[{"href":"https:\/\/remosa.es\/ca\/wp-json\/wp\/v2\/product"}],"about":[{"href":"https:\/\/remosa.es\/ca\/wp-json\/wp\/v2\/types\/product"}],"replies":[{"embeddable":true,"href":"https:\/\/remosa.es\/ca\/wp-json\/wp\/v2\/comments?post=906"}],"version-history":[{"count":7,"href":"https:\/\/remosa.es\/ca\/wp-json\/wp\/v2\/product\/906\/revisions"}],"predecessor-version":[{"id":2366,"href":"https:\/\/remosa.es\/ca\/wp-json\/wp\/v2\/product\/906\/revisions\/2366"}],"wp:featuredmedia":[{"embeddable":true,"href":"https:\/\/remosa.es\/ca\/wp-json\/wp\/v2\/media\/2365"}],"wp:attachment":[{"href":"https:\/\/remosa.es\/ca\/wp-json\/wp\/v2\/media?parent=906"}],"wp:term":[{"taxonomy":"product_cat","embeddable":true,"href":"https:\/\/remosa.es\/ca\/wp-json\/wp\/v2\/product_cat?post=906"},{"taxonomy":"product_tag","embeddable":true,"href":"https:\/\/remosa.es\/ca\/wp-json\/wp\/v2\/product_tag?post=906"}],"curies":[{"name":"wp","href":"https:\/\/api.w.org\/{rel}","templated":true}]}}