{"id":916,"date":"2024-03-13T12:23:31","date_gmt":"2024-03-13T12:23:31","guid":{"rendered":"https:\/\/remosa.w3bcn.es\/?post_type=product&#038;p=916"},"modified":"2025-09-17T10:35:54","modified_gmt":"2025-09-17T10:35:54","slug":"cantonera-angular-oculto-de-pvc","status":"publish","type":"product","link":"https:\/\/remosa.es\/ca\/product\/cantonera-angular-oculto-de-pvc\/","title":{"rendered":"Cantonera \/ Angular OCULTO de PVC"},"content":{"rendered":"<h5>Cantonera \/ Angular OCULTO de PVC<\/h5>\n<p>Guardavivo invisible,\u00a0 tambi\u00e9n conocido como oculto o arista, facilita y agiliza la formaci\u00f3n de aristas en fachadas, as\u00ed como mejorando el acabado de estas.<\/p>\n<p>Disponemos de varios modelos y medidas en funci\u00f3n del grueso del revestimiento, para que sea sin duda m\u00e1s sencilla la aplicaci\u00f3n. Tambi\u00e9n puede escoger el guardavivo con o sin malla de fibra de vidrio<\/p>","protected":false},"excerpt":{"rendered":"<h5>Cantonera \/ Angular OCULTO de PVC<\/h5>\n<p><span style=\"color: #26d17b;\"><strong>Novedad! NUEVA GAMA ECO PROTEKTOR 31410<\/strong>\u00a0<span style=\"color: #000000;\">Cantonera fabricada con materiales reciclados y procesos de fabricaci\u00f3n sostenibles. Sustituye a la ref. 37410<\/span><\/span><\/p>\n<p>Guardavivo invisible,\u00a0 tambi\u00e9n conocido como oculto o arista, facilita y agiliza la formaci\u00f3n de aristas en fachadas, as\u00ed como mejorando el acabado de estas.<\/p>\n<p>Disponemos de varios modelos y medidas en funci\u00f3n del grueso del revestimiento, para que sea sin duda m\u00e1s sencilla la aplicaci\u00f3n. Tambi\u00e9n puede escoger el guardavivo con o sin malla de fibra de vidrio<\/p>\n<p><strong><a href=\"https:\/\/remosa.es\/wp-content\/uploads\/2025\/09\/FO-ESQUINEROS-Ene.25.pdf\">FO ESQUINEROS Ene.25<\/a><\/strong><\/p>","protected":false},"featured_media":1124,"comment_status":"open","ping_status":"closed","template":"","meta":[],"product_cat":[232,233],"product_tag":[],"class_list":{"0":"post-916","1":"product","2":"type-product","3":"status-publish","4":"has-post-thumbnail","6":"product_cat-perfileria","7":"product_cat-exterior","9":"first","10":"instock","11":"shipping-taxable","12":"purchasable","13":"product-type-variable"},"yoast_head":"<!-- This site is optimized with the Yoast SEO Premium plugin v22.7 (Yoast SEO v22.8) - https:\/\/yoast.com\/wordpress\/plugins\/seo\/ -->\n<title>Cantonera \/ Angular OCULTO de PVC - Remosa<\/title>\n<meta name=\"description\" content=\"Cantonera \/ Angular OCULTO de PVC para la formaci\u00f3n perfecta de aristas. En largos de 2.25 - 2.60 y 3ml. Tambi\u00e9n llamado perfil arista o en &quot;Y&quot;\" \/>\n<meta name=\"robots\" content=\"index, follow, max-snippet:-1, max-image-preview:large, max-video-preview:-1\" \/>\n<link rel=\"canonical\" href=\"https:\/\/remosa.es\/ca\/product\/cantonera-angular-oculto-de-pvc\/\" \/>\n<meta property=\"og:locale\" content=\"ca_ES\" \/>\n<meta property=\"og:type\" content=\"article\" \/>\n<meta property=\"og:title\" content=\"Cantonera \/ Angular OCULTO de PVC\" \/>\n<meta property=\"og:description\" content=\"Cantonera \/ Angular OCULTO de PVC para la formaci\u00f3n perfecta de aristas. En largos de 2.25 - 2.60 y 3ml. Tambi\u00e9n llamado perfil arista o en &quot;Y&quot;\" \/>\n<meta property=\"og:url\" content=\"https:\/\/remosa.es\/ca\/product\/cantonera-angular-oculto-de-pvc\/\" \/>\n<meta property=\"og:site_name\" content=\"Remosa\" \/>\n<meta property=\"article:modified_time\" content=\"2025-09-17T10:35:54+00:00\" \/>\n<meta name=\"twitter:card\" content=\"summary_large_image\" \/>\n<meta name=\"twitter:label1\" content=\"Temps estimat de lectura\" \/>\n\t<meta name=\"twitter:data1\" content=\"1 minut\" \/>\n<script type=\"application\/ld+json\" class=\"yoast-schema-graph\">{\"@context\":\"https:\/\/schema.org\",\"@graph\":[{\"@type\":\"WebPage\",\"@id\":\"https:\/\/remosa.es\/producto\/cantonera-angular-oculto-de-pvc\/\",\"url\":\"https:\/\/remosa.es\/producto\/cantonera-angular-oculto-de-pvc\/\",\"name\":\"Cantonera \/ Angular OCULTO de PVC - Remosa\",\"isPartOf\":{\"@id\":\"https:\/\/remosa.es\/#website\"},\"primaryImageOfPage\":{\"@id\":\"https:\/\/remosa.es\/producto\/cantonera-angular-oculto-de-pvc\/#primaryimage\"},\"image\":{\"@id\":\"https:\/\/remosa.es\/producto\/cantonera-angular-oculto-de-pvc\/#primaryimage\"},\"thumbnailUrl\":\"https:\/\/remosa.es\/wp-content\/uploads\/2024\/03\/PEPK160.bmp\",\"datePublished\":\"2024-03-13T12:23:31+00:00\",\"dateModified\":\"2025-09-17T10:35:54+00:00\",\"description\":\"Cantonera \/ Angular OCULTO de PVC para la formaci\u00f3n perfecta de aristas. En largos de 2.25 - 2.60 y 3ml. Tambi\u00e9n llamado perfil arista o en \\\"Y\\\"\",\"breadcrumb\":{\"@id\":\"https:\/\/remosa.es\/producto\/cantonera-angular-oculto-de-pvc\/#breadcrumb\"},\"inLanguage\":\"ca\",\"potentialAction\":[{\"@type\":\"ReadAction\",\"target\":[\"https:\/\/remosa.es\/producto\/cantonera-angular-oculto-de-pvc\/\"]}]},{\"@type\":\"ImageObject\",\"inLanguage\":\"ca\",\"@id\":\"https:\/\/remosa.es\/producto\/cantonera-angular-oculto-de-pvc\/#primaryimage\",\"url\":\"https:\/\/remosa.es\/wp-content\/uploads\/2024\/03\/PEPK160.bmp\",\"contentUrl\":\"https:\/\/remosa.es\/wp-content\/uploads\/2024\/03\/PEPK160.bmp\",\"width\":682,\"height\":500,\"caption\":\"Cantonera \/ Angular OCULTO de PVC\"},{\"@type\":\"BreadcrumbList\",\"@id\":\"https:\/\/remosa.es\/producto\/cantonera-angular-oculto-de-pvc\/#breadcrumb\",\"itemListElement\":[{\"@type\":\"ListItem\",\"position\":1,\"name\":\"Portada\",\"item\":\"https:\/\/remosa.es\/\"},{\"@type\":\"ListItem\",\"position\":2,\"name\":\"Productos\",\"item\":\"https:\/\/remosa.es\/productos\/\"},{\"@type\":\"ListItem\",\"position\":3,\"name\":\"Cantonera \/ Angular OCULTO de PVC\"}]},{\"@type\":\"WebSite\",\"@id\":\"https:\/\/remosa.es\/#website\",\"url\":\"https:\/\/remosa.es\/\",\"name\":\"Remosa\",\"description\":\"Tu empresa de material de construcci\u00f3n\",\"publisher\":{\"@id\":\"https:\/\/remosa.es\/#organization\"},\"potentialAction\":[{\"@type\":\"SearchAction\",\"target\":{\"@type\":\"EntryPoint\",\"urlTemplate\":\"https:\/\/remosa.es\/?s={search_term_string}\"},\"query-input\":\"required name=search_term_string\"}],\"inLanguage\":\"ca\"},{\"@type\":\"Organization\",\"@id\":\"https:\/\/remosa.es\/#organization\",\"name\":\"Remosa\",\"url\":\"https:\/\/remosa.es\/\",\"logo\":{\"@type\":\"ImageObject\",\"inLanguage\":\"ca\",\"@id\":\"https:\/\/remosa.es\/#\/schema\/logo\/image\/\",\"url\":\"https:\/\/remosa.es\/wp-content\/uploads\/2023\/12\/cropped-remosa-logo-trans-1.png\",\"contentUrl\":\"https:\/\/remosa.es\/wp-content\/uploads\/2023\/12\/cropped-remosa-logo-trans-1.png\",\"width\":209,\"height\":88,\"caption\":\"Remosa\"},\"image\":{\"@id\":\"https:\/\/remosa.es\/#\/schema\/logo\/image\/\"}}]}<\/script>\n<!-- \/ Yoast SEO Premium plugin. -->","yoast_head_json":{"title":"Cantonera \/ Angular OCULTO de PVC - Remosa","description":"Cantonera \/ Angular OCULTO de PVC para la formaci\u00f3n perfecta de aristas. En largos de 2.25 - 2.60 y 3ml. Tambi\u00e9n llamado perfil arista o en \"Y\"","robots":{"index":"index","follow":"follow","max-snippet":"max-snippet:-1","max-image-preview":"max-image-preview:large","max-video-preview":"max-video-preview:-1"},"canonical":"https:\/\/remosa.es\/ca\/product\/cantonera-angular-oculto-de-pvc\/","og_locale":"ca_ES","og_type":"article","og_title":"Cantonera \/ Angular OCULTO de PVC","og_description":"Cantonera \/ Angular OCULTO de PVC para la formaci\u00f3n perfecta de aristas. En largos de 2.25 - 2.60 y 3ml. Tambi\u00e9n llamado perfil arista o en \"Y\"","og_url":"https:\/\/remosa.es\/ca\/product\/cantonera-angular-oculto-de-pvc\/","og_site_name":"Remosa","article_modified_time":"2025-09-17T10:35:54+00:00","twitter_card":"summary_large_image","twitter_misc":{"Temps estimat de lectura":"1 minut"},"schema":{"@context":"https:\/\/schema.org","@graph":[{"@type":"WebPage","@id":"https:\/\/remosa.es\/producto\/cantonera-angular-oculto-de-pvc\/","url":"https:\/\/remosa.es\/producto\/cantonera-angular-oculto-de-pvc\/","name":"Cantonera \/ Angular OCULTO de PVC - Remosa","isPartOf":{"@id":"https:\/\/remosa.es\/#website"},"primaryImageOfPage":{"@id":"https:\/\/remosa.es\/producto\/cantonera-angular-oculto-de-pvc\/#primaryimage"},"image":{"@id":"https:\/\/remosa.es\/producto\/cantonera-angular-oculto-de-pvc\/#primaryimage"},"thumbnailUrl":"https:\/\/remosa.es\/wp-content\/uploads\/2024\/03\/PEPK160.bmp","datePublished":"2024-03-13T12:23:31+00:00","dateModified":"2025-09-17T10:35:54+00:00","description":"Cantonera \/ Angular OCULTO de PVC para la formaci\u00f3n perfecta de aristas. En largos de 2.25 - 2.60 y 3ml. Tambi\u00e9n llamado perfil arista o en \"Y\"","breadcrumb":{"@id":"https:\/\/remosa.es\/producto\/cantonera-angular-oculto-de-pvc\/#breadcrumb"},"inLanguage":"ca","potentialAction":[{"@type":"ReadAction","target":["https:\/\/remosa.es\/producto\/cantonera-angular-oculto-de-pvc\/"]}]},{"@type":"ImageObject","inLanguage":"ca","@id":"https:\/\/remosa.es\/producto\/cantonera-angular-oculto-de-pvc\/#primaryimage","url":"https:\/\/remosa.es\/wp-content\/uploads\/2024\/03\/PEPK160.bmp","contentUrl":"https:\/\/remosa.es\/wp-content\/uploads\/2024\/03\/PEPK160.bmp","width":682,"height":500,"caption":"Cantonera \/ Angular OCULTO de PVC"},{"@type":"BreadcrumbList","@id":"https:\/\/remosa.es\/producto\/cantonera-angular-oculto-de-pvc\/#breadcrumb","itemListElement":[{"@type":"ListItem","position":1,"name":"Portada","item":"https:\/\/remosa.es\/"},{"@type":"ListItem","position":2,"name":"Productos","item":"https:\/\/remosa.es\/productos\/"},{"@type":"ListItem","position":3,"name":"Cantonera \/ Angular OCULTO de PVC"}]},{"@type":"WebSite","@id":"https:\/\/remosa.es\/#website","url":"https:\/\/remosa.es\/","name":"Remosa","description":"Tu empresa de material de construcci\u00f3n","publisher":{"@id":"https:\/\/remosa.es\/#organization"},"potentialAction":[{"@type":"SearchAction","target":{"@type":"EntryPoint","urlTemplate":"https:\/\/remosa.es\/?s={search_term_string}"},"query-input":"required name=search_term_string"}],"inLanguage":"ca"},{"@type":"Organization","@id":"https:\/\/remosa.es\/#organization","name":"Remosa","url":"https:\/\/remosa.es\/","logo":{"@type":"ImageObject","inLanguage":"ca","@id":"https:\/\/remosa.es\/#\/schema\/logo\/image\/","url":"https:\/\/remosa.es\/wp-content\/uploads\/2023\/12\/cropped-remosa-logo-trans-1.png","contentUrl":"https:\/\/remosa.es\/wp-content\/uploads\/2023\/12\/cropped-remosa-logo-trans-1.png","width":209,"height":88,"caption":"Remosa"},"image":{"@id":"https:\/\/remosa.es\/#\/schema\/logo\/image\/"}}]}},"_links":{"self":[{"href":"https:\/\/remosa.es\/ca\/wp-json\/wp\/v2\/product\/916","targetHints":{"allow":["GET"]}}],"collection":[{"href":"https:\/\/remosa.es\/ca\/wp-json\/wp\/v2\/product"}],"about":[{"href":"https:\/\/remosa.es\/ca\/wp-json\/wp\/v2\/types\/product"}],"replies":[{"embeddable":true,"href":"https:\/\/remosa.es\/ca\/wp-json\/wp\/v2\/comments?post=916"}],"version-history":[{"count":9,"href":"https:\/\/remosa.es\/ca\/wp-json\/wp\/v2\/product\/916\/revisions"}],"predecessor-version":[{"id":2363,"href":"https:\/\/remosa.es\/ca\/wp-json\/wp\/v2\/product\/916\/revisions\/2363"}],"wp:featuredmedia":[{"embeddable":true,"href":"https:\/\/remosa.es\/ca\/wp-json\/wp\/v2\/media\/1124"}],"wp:attachment":[{"href":"https:\/\/remosa.es\/ca\/wp-json\/wp\/v2\/media?parent=916"}],"wp:term":[{"taxonomy":"product_cat","embeddable":true,"href":"https:\/\/remosa.es\/ca\/wp-json\/wp\/v2\/product_cat?post=916"},{"taxonomy":"product_tag","embeddable":true,"href":"https:\/\/remosa.es\/ca\/wp-json\/wp\/v2\/product_tag?post=916"}],"curies":[{"name":"wp","href":"https:\/\/api.w.org\/{rel}","templated":true}]}}