{"id":923,"date":"2024-03-13T13:10:35","date_gmt":"2024-03-13T13:10:35","guid":{"rendered":"https:\/\/remosa.w3bcn.es\/?post_type=product&#038;p=923"},"modified":"2025-11-11T09:42:22","modified_gmt":"2025-11-11T09:42:22","slug":"guardavivo-exterior","status":"publish","type":"product","link":"https:\/\/remosa.es\/ca\/product\/guardavivo-exterior\/","title":{"rendered":"Guardavivo exterior"},"content":{"rendered":"<h2>Guardavivo exterior<\/h2>\n<p>Cantonera \/ Angular Acero galvanizado + PVC Blanco o Color. Disponible para rectas y arcos (precortado)<\/p>\n<p>Conocido coloquialmente como esquinero o cantonera met\u00e1lica, facilita y protege la formaci\u00f3n de aristas en todo tipo de morteros<\/p>\n<p>Disponemos de 2 modelos seg\u00fan el grueso de capa que se aplique, 1020 y 1013,\u00a0 as\u00ed como de una tercera referencia 1041 que se presenta ya precortado para la f\u00e1cil formaci\u00f3n de curvas y\/o arcos.<\/p>\n<p>Esquinero para mortero est\u00e1 formado en\u00a0<a href=\"https:\/\/www.protektor.de\/?eID=pimPdf&amp;type=pdfFile&amp;path=share%2Fpublic%2FProduktdatenblatt%2F1020_de_201901200201.pdf\">acero galvanizado + arista de PVC<\/a>\u00a0en varios colores, sin duda disponemos de la mayor gama de color en este tipo de modelo<\/p>\n<p>Los colores del PVC en el modelo 1020 que disponemos en stock son:\u00a0 Blanco \u2013 Marfil \u2013 Gris \u2013 Marr\u00f3n Claro \u2013 Camel<\/p>\n<p>El color para las dem\u00e1s referencias debemos consultar a f\u00e1brica plazos y m\u00ednimos<\/p>","protected":false},"excerpt":{"rendered":"<p>Guardavivo exterior<\/p>\n<p>Guardavivo exterior de acero galvanizado + PVC para facilitar y proteger la formaci\u00f3n de aristas en todo tipo de morteros.<\/p>\n<p>Disponible en blanco y colores<\/p>\n<p>Disponible tamb\u00ed\u00e9n precortado para curvas. Blanco y Colores.<\/p>","protected":false},"featured_media":2197,"comment_status":"open","ping_status":"closed","template":"","meta":[],"product_cat":[232,233],"product_tag":[288],"class_list":{"0":"post-923","1":"product","2":"type-product","3":"status-publish","4":"has-post-thumbnail","6":"product_cat-perfileria","7":"product_cat-exterior","8":"product_tag-guardavivo-exterior","10":"first","11":"instock","12":"shipping-taxable","13":"purchasable","14":"product-type-variable"},"yoast_head":"<!-- This site is optimized with the Yoast SEO Premium plugin v22.7 (Yoast SEO v22.8) - https:\/\/yoast.com\/wordpress\/plugins\/seo\/ -->\n<title>Guardavivo exterior - Remosa<\/title>\n<meta name=\"description\" content=\"Guardavivo exterior. Disponible en acero galvanizado con pvc blanco o color y todo en pvc. Con canto visto o canto oculto. Para rectas y curvas.\" \/>\n<meta name=\"robots\" content=\"index, follow, max-snippet:-1, max-image-preview:large, max-video-preview:-1\" \/>\n<link rel=\"canonical\" href=\"https:\/\/remosa.es\/ca\/product\/guardavivo-exterior\/\" \/>\n<meta property=\"og:locale\" content=\"ca_ES\" \/>\n<meta property=\"og:type\" content=\"article\" \/>\n<meta property=\"og:title\" content=\"Guardavivo exterior\" \/>\n<meta property=\"og:description\" content=\"Guardavivo exterior. Disponible en acero galvanizado con pvc blanco o color y todo en pvc. Con canto visto o canto oculto. Para rectas y curvas.\" \/>\n<meta property=\"og:url\" content=\"https:\/\/remosa.es\/ca\/product\/guardavivo-exterior\/\" \/>\n<meta property=\"og:site_name\" content=\"Remosa\" \/>\n<meta property=\"article:modified_time\" content=\"2025-11-11T09:42:22+00:00\" \/>\n<meta property=\"og:image\" content=\"https:\/\/remosa.es\/wp-content\/uploads\/2024\/03\/PEPK100.jpg\" \/>\n\t<meta property=\"og:image:width\" content=\"489\" \/>\n\t<meta property=\"og:image:height\" content=\"488\" \/>\n\t<meta property=\"og:image:type\" content=\"image\/jpeg\" \/>\n<meta name=\"twitter:card\" content=\"summary_large_image\" \/>\n<meta name=\"twitter:label1\" content=\"Temps estimat de lectura\" \/>\n\t<meta name=\"twitter:data1\" content=\"1 minut\" \/>\n<script type=\"application\/ld+json\" class=\"yoast-schema-graph\">{\"@context\":\"https:\/\/schema.org\",\"@graph\":[{\"@type\":\"WebPage\",\"@id\":\"https:\/\/remosa.es\/producto\/guardavivo-exterior\/\",\"url\":\"https:\/\/remosa.es\/producto\/guardavivo-exterior\/\",\"name\":\"Guardavivo exterior - Remosa\",\"isPartOf\":{\"@id\":\"https:\/\/remosa.es\/#website\"},\"primaryImageOfPage\":{\"@id\":\"https:\/\/remosa.es\/producto\/guardavivo-exterior\/#primaryimage\"},\"image\":{\"@id\":\"https:\/\/remosa.es\/producto\/guardavivo-exterior\/#primaryimage\"},\"thumbnailUrl\":\"https:\/\/remosa.es\/wp-content\/uploads\/2024\/03\/PEPK100.jpg\",\"datePublished\":\"2024-03-13T13:10:35+00:00\",\"dateModified\":\"2025-11-11T09:42:22+00:00\",\"description\":\"Guardavivo exterior. Disponible en acero galvanizado con pvc blanco o color y todo en pvc. Con canto visto o canto oculto. Para rectas y curvas.\",\"breadcrumb\":{\"@id\":\"https:\/\/remosa.es\/producto\/guardavivo-exterior\/#breadcrumb\"},\"inLanguage\":\"ca\",\"potentialAction\":[{\"@type\":\"ReadAction\",\"target\":[\"https:\/\/remosa.es\/producto\/guardavivo-exterior\/\"]}]},{\"@type\":\"ImageObject\",\"inLanguage\":\"ca\",\"@id\":\"https:\/\/remosa.es\/producto\/guardavivo-exterior\/#primaryimage\",\"url\":\"https:\/\/remosa.es\/wp-content\/uploads\/2024\/03\/PEPK100.jpg\",\"contentUrl\":\"https:\/\/remosa.es\/wp-content\/uploads\/2024\/03\/PEPK100.jpg\",\"width\":489,\"height\":488},{\"@type\":\"BreadcrumbList\",\"@id\":\"https:\/\/remosa.es\/producto\/guardavivo-exterior\/#breadcrumb\",\"itemListElement\":[{\"@type\":\"ListItem\",\"position\":1,\"name\":\"Portada\",\"item\":\"https:\/\/remosa.es\/\"},{\"@type\":\"ListItem\",\"position\":2,\"name\":\"Productos\",\"item\":\"https:\/\/remosa.es\/productos\/\"},{\"@type\":\"ListItem\",\"position\":3,\"name\":\"Guardavivo exterior\"}]},{\"@type\":\"WebSite\",\"@id\":\"https:\/\/remosa.es\/#website\",\"url\":\"https:\/\/remosa.es\/\",\"name\":\"Remosa\",\"description\":\"Tu empresa de material de construcci\u00f3n\",\"publisher\":{\"@id\":\"https:\/\/remosa.es\/#organization\"},\"potentialAction\":[{\"@type\":\"SearchAction\",\"target\":{\"@type\":\"EntryPoint\",\"urlTemplate\":\"https:\/\/remosa.es\/?s={search_term_string}\"},\"query-input\":\"required name=search_term_string\"}],\"inLanguage\":\"ca\"},{\"@type\":\"Organization\",\"@id\":\"https:\/\/remosa.es\/#organization\",\"name\":\"Remosa\",\"url\":\"https:\/\/remosa.es\/\",\"logo\":{\"@type\":\"ImageObject\",\"inLanguage\":\"ca\",\"@id\":\"https:\/\/remosa.es\/#\/schema\/logo\/image\/\",\"url\":\"https:\/\/remosa.es\/wp-content\/uploads\/2023\/12\/cropped-remosa-logo-trans-1.png\",\"contentUrl\":\"https:\/\/remosa.es\/wp-content\/uploads\/2023\/12\/cropped-remosa-logo-trans-1.png\",\"width\":209,\"height\":88,\"caption\":\"Remosa\"},\"image\":{\"@id\":\"https:\/\/remosa.es\/#\/schema\/logo\/image\/\"}}]}<\/script>\n<!-- \/ Yoast SEO Premium plugin. -->","yoast_head_json":{"title":"Guardavivo exterior - Remosa","description":"Guardavivo exterior. Disponible en acero galvanizado con pvc blanco o color y todo en pvc. Con canto visto o canto oculto. Para rectas y curvas.","robots":{"index":"index","follow":"follow","max-snippet":"max-snippet:-1","max-image-preview":"max-image-preview:large","max-video-preview":"max-video-preview:-1"},"canonical":"https:\/\/remosa.es\/ca\/product\/guardavivo-exterior\/","og_locale":"ca_ES","og_type":"article","og_title":"Guardavivo exterior","og_description":"Guardavivo exterior. Disponible en acero galvanizado con pvc blanco o color y todo en pvc. Con canto visto o canto oculto. Para rectas y curvas.","og_url":"https:\/\/remosa.es\/ca\/product\/guardavivo-exterior\/","og_site_name":"Remosa","article_modified_time":"2025-11-11T09:42:22+00:00","og_image":[{"width":489,"height":488,"url":"https:\/\/remosa.es\/wp-content\/uploads\/2024\/03\/PEPK100.jpg","type":"image\/jpeg"}],"twitter_card":"summary_large_image","twitter_misc":{"Temps estimat de lectura":"1 minut"},"schema":{"@context":"https:\/\/schema.org","@graph":[{"@type":"WebPage","@id":"https:\/\/remosa.es\/producto\/guardavivo-exterior\/","url":"https:\/\/remosa.es\/producto\/guardavivo-exterior\/","name":"Guardavivo exterior - Remosa","isPartOf":{"@id":"https:\/\/remosa.es\/#website"},"primaryImageOfPage":{"@id":"https:\/\/remosa.es\/producto\/guardavivo-exterior\/#primaryimage"},"image":{"@id":"https:\/\/remosa.es\/producto\/guardavivo-exterior\/#primaryimage"},"thumbnailUrl":"https:\/\/remosa.es\/wp-content\/uploads\/2024\/03\/PEPK100.jpg","datePublished":"2024-03-13T13:10:35+00:00","dateModified":"2025-11-11T09:42:22+00:00","description":"Guardavivo exterior. Disponible en acero galvanizado con pvc blanco o color y todo en pvc. Con canto visto o canto oculto. Para rectas y curvas.","breadcrumb":{"@id":"https:\/\/remosa.es\/producto\/guardavivo-exterior\/#breadcrumb"},"inLanguage":"ca","potentialAction":[{"@type":"ReadAction","target":["https:\/\/remosa.es\/producto\/guardavivo-exterior\/"]}]},{"@type":"ImageObject","inLanguage":"ca","@id":"https:\/\/remosa.es\/producto\/guardavivo-exterior\/#primaryimage","url":"https:\/\/remosa.es\/wp-content\/uploads\/2024\/03\/PEPK100.jpg","contentUrl":"https:\/\/remosa.es\/wp-content\/uploads\/2024\/03\/PEPK100.jpg","width":489,"height":488},{"@type":"BreadcrumbList","@id":"https:\/\/remosa.es\/producto\/guardavivo-exterior\/#breadcrumb","itemListElement":[{"@type":"ListItem","position":1,"name":"Portada","item":"https:\/\/remosa.es\/"},{"@type":"ListItem","position":2,"name":"Productos","item":"https:\/\/remosa.es\/productos\/"},{"@type":"ListItem","position":3,"name":"Guardavivo exterior"}]},{"@type":"WebSite","@id":"https:\/\/remosa.es\/#website","url":"https:\/\/remosa.es\/","name":"Remosa","description":"Tu empresa de material de construcci\u00f3n","publisher":{"@id":"https:\/\/remosa.es\/#organization"},"potentialAction":[{"@type":"SearchAction","target":{"@type":"EntryPoint","urlTemplate":"https:\/\/remosa.es\/?s={search_term_string}"},"query-input":"required name=search_term_string"}],"inLanguage":"ca"},{"@type":"Organization","@id":"https:\/\/remosa.es\/#organization","name":"Remosa","url":"https:\/\/remosa.es\/","logo":{"@type":"ImageObject","inLanguage":"ca","@id":"https:\/\/remosa.es\/#\/schema\/logo\/image\/","url":"https:\/\/remosa.es\/wp-content\/uploads\/2023\/12\/cropped-remosa-logo-trans-1.png","contentUrl":"https:\/\/remosa.es\/wp-content\/uploads\/2023\/12\/cropped-remosa-logo-trans-1.png","width":209,"height":88,"caption":"Remosa"},"image":{"@id":"https:\/\/remosa.es\/#\/schema\/logo\/image\/"}}]}},"_links":{"self":[{"href":"https:\/\/remosa.es\/ca\/wp-json\/wp\/v2\/product\/923","targetHints":{"allow":["GET"]}}],"collection":[{"href":"https:\/\/remosa.es\/ca\/wp-json\/wp\/v2\/product"}],"about":[{"href":"https:\/\/remosa.es\/ca\/wp-json\/wp\/v2\/types\/product"}],"replies":[{"embeddable":true,"href":"https:\/\/remosa.es\/ca\/wp-json\/wp\/v2\/comments?post=923"}],"version-history":[{"count":5,"href":"https:\/\/remosa.es\/ca\/wp-json\/wp\/v2\/product\/923\/revisions"}],"predecessor-version":[{"id":2198,"href":"https:\/\/remosa.es\/ca\/wp-json\/wp\/v2\/product\/923\/revisions\/2198"}],"wp:featuredmedia":[{"embeddable":true,"href":"https:\/\/remosa.es\/ca\/wp-json\/wp\/v2\/media\/2197"}],"wp:attachment":[{"href":"https:\/\/remosa.es\/ca\/wp-json\/wp\/v2\/media?parent=923"}],"wp:term":[{"taxonomy":"product_cat","embeddable":true,"href":"https:\/\/remosa.es\/ca\/wp-json\/wp\/v2\/product_cat?post=923"},{"taxonomy":"product_tag","embeddable":true,"href":"https:\/\/remosa.es\/ca\/wp-json\/wp\/v2\/product_tag?post=923"}],"curies":[{"name":"wp","href":"https:\/\/api.w.org\/{rel}","templated":true}]}}