{"id":998,"date":"2024-03-19T10:27:29","date_gmt":"2024-03-19T10:27:29","guid":{"rendered":"https:\/\/remosa.w3bcn.es\/?post_type=product&#038;p=998"},"modified":"2025-02-17T11:17:25","modified_gmt":"2025-02-17T11:17:25","slug":"junta-dilatacion-fachada-galvanizado","status":"publish","type":"product","link":"https:\/\/remosa.es\/ca\/product\/junta-dilatacion-fachada-galvanizado\/","title":{"rendered":"Junta dilataci\u00f3n fachada &#8211; Galvanizado"},"content":{"rendered":"<p><span style=\"color: #333333;\"><strong>Junta dilataci\u00f3n fachada &#8211; Galvanizado<\/strong><\/span><\/p>\n<p>Perfil en acero galvanizado + PVC blanco para la formaci\u00f3n de juntas de dilataci\u00f3n en fachada.<\/p>\n<p>Dise\u00f1ada para absorber los movimientos de expansi\u00f3n y contracci\u00f3n que sufren los materiales debido a los cambios de temperatura, la humedad y otros factores ambientales.<\/p>\n<p>Disponible tambi\u00e9n para rincones<\/p>\n<p>&nbsp;<\/p>","protected":false},"excerpt":{"rendered":"<p><span style=\"color: #333333;\"><strong>Junta dilataci\u00f3n fachada &#8211; Galvanizado<\/strong><\/span><\/p>\n<p>Perfil en acero galvanizado + PVC blanco para la formaci\u00f3n de juntas de dilataci\u00f3n en fachada.<\/p>\n<p>Dise\u00f1ada para absorber los movimientos de expansi\u00f3n y contracci\u00f3n que sufren los materiales debido a los cambios de temperatura, la humedad y otros factores ambientales.<\/p>\n<p>Disponible tambi\u00e9n para rincones<\/p>\n<p><span style=\"color: #3366ff;\"><strong><a style=\"color: #3366ff;\" href=\"https:\/\/youtu.be\/klw1G8k3oU0?si=fcVa4AHLj6Es1bNC\" target=\"_blank\" rel=\"noopener\">Video exterior fachada<\/a><\/strong><\/span><\/p>","protected":false},"featured_media":1165,"comment_status":"open","ping_status":"closed","template":"","meta":[],"product_cat":[232,233],"product_tag":[],"class_list":{"0":"post-998","1":"product","2":"type-product","3":"status-publish","4":"has-post-thumbnail","6":"product_cat-perfileria","7":"product_cat-exterior","9":"first","10":"instock","11":"shipping-taxable","12":"purchasable","13":"product-type-variable"},"yoast_head":"<!-- This site is optimized with the Yoast SEO Premium plugin v22.7 (Yoast SEO v22.8) - https:\/\/yoast.com\/wordpress\/plugins\/seo\/ -->\n<title>Junta dilataci\u00f3n fachada - Galvanizado - Remosa<\/title>\n<meta name=\"description\" content=\"Junta de dilataci\u00f3n de acero galvanizado + PVC blanco dise\u00f1ada para absorver los movimientos de dilatacion en fachada exterior\" \/>\n<meta name=\"robots\" content=\"index, follow, max-snippet:-1, max-image-preview:large, max-video-preview:-1\" \/>\n<link rel=\"canonical\" href=\"https:\/\/remosa.es\/ca\/product\/junta-dilatacion-fachada-galvanizado\/\" \/>\n<meta property=\"og:locale\" content=\"ca_ES\" \/>\n<meta property=\"og:type\" content=\"article\" \/>\n<meta property=\"og:title\" content=\"Junta dilataci\u00f3n fachada - Galvanizado\" \/>\n<meta property=\"og:description\" content=\"Junta de dilataci\u00f3n de acero galvanizado + PVC blanco dise\u00f1ada para absorver los movimientos de dilatacion en fachada exterior\" \/>\n<meta property=\"og:url\" content=\"https:\/\/remosa.es\/ca\/product\/junta-dilatacion-fachada-galvanizado\/\" \/>\n<meta property=\"og:site_name\" content=\"Remosa\" \/>\n<meta property=\"article:modified_time\" content=\"2025-02-17T11:17:25+00:00\" \/>\n<meta property=\"og:image\" content=\"https:\/\/remosa.es\/wp-content\/uploads\/2024\/03\/pepk300.jpg\" \/>\n\t<meta property=\"og:image:width\" content=\"850\" \/>\n\t<meta property=\"og:image:height\" content=\"850\" \/>\n\t<meta property=\"og:image:type\" content=\"image\/jpeg\" \/>\n<meta name=\"twitter:card\" content=\"summary_large_image\" \/>\n<meta name=\"twitter:label1\" content=\"Temps estimat de lectura\" \/>\n\t<meta name=\"twitter:data1\" content=\"1 minut\" \/>\n<script type=\"application\/ld+json\" class=\"yoast-schema-graph\">{\"@context\":\"https:\/\/schema.org\",\"@graph\":[{\"@type\":\"WebPage\",\"@id\":\"https:\/\/remosa.es\/producto\/junta-dilatacion-fachada-galvanizado\/\",\"url\":\"https:\/\/remosa.es\/producto\/junta-dilatacion-fachada-galvanizado\/\",\"name\":\"Junta dilataci\u00f3n fachada - Galvanizado - Remosa\",\"isPartOf\":{\"@id\":\"https:\/\/remosa.es\/#website\"},\"primaryImageOfPage\":{\"@id\":\"https:\/\/remosa.es\/producto\/junta-dilatacion-fachada-galvanizado\/#primaryimage\"},\"image\":{\"@id\":\"https:\/\/remosa.es\/producto\/junta-dilatacion-fachada-galvanizado\/#primaryimage\"},\"thumbnailUrl\":\"https:\/\/remosa.es\/wp-content\/uploads\/2024\/03\/pepk300.jpg\",\"datePublished\":\"2024-03-19T10:27:29+00:00\",\"dateModified\":\"2025-02-17T11:17:25+00:00\",\"description\":\"Junta de dilataci\u00f3n de acero galvanizado + PVC blanco dise\u00f1ada para absorver los movimientos de dilatacion en fachada exterior\",\"breadcrumb\":{\"@id\":\"https:\/\/remosa.es\/producto\/junta-dilatacion-fachada-galvanizado\/#breadcrumb\"},\"inLanguage\":\"ca\",\"potentialAction\":[{\"@type\":\"ReadAction\",\"target\":[\"https:\/\/remosa.es\/producto\/junta-dilatacion-fachada-galvanizado\/\"]}]},{\"@type\":\"ImageObject\",\"inLanguage\":\"ca\",\"@id\":\"https:\/\/remosa.es\/producto\/junta-dilatacion-fachada-galvanizado\/#primaryimage\",\"url\":\"https:\/\/remosa.es\/wp-content\/uploads\/2024\/03\/pepk300.jpg\",\"contentUrl\":\"https:\/\/remosa.es\/wp-content\/uploads\/2024\/03\/pepk300.jpg\",\"width\":850,\"height\":850,\"caption\":\"Junta dilatacion fachada\"},{\"@type\":\"BreadcrumbList\",\"@id\":\"https:\/\/remosa.es\/producto\/junta-dilatacion-fachada-galvanizado\/#breadcrumb\",\"itemListElement\":[{\"@type\":\"ListItem\",\"position\":1,\"name\":\"Portada\",\"item\":\"https:\/\/remosa.es\/\"},{\"@type\":\"ListItem\",\"position\":2,\"name\":\"Productos\",\"item\":\"https:\/\/remosa.es\/productos\/\"},{\"@type\":\"ListItem\",\"position\":3,\"name\":\"Junta dilataci\u00f3n fachada &#8211; Galvanizado\"}]},{\"@type\":\"WebSite\",\"@id\":\"https:\/\/remosa.es\/#website\",\"url\":\"https:\/\/remosa.es\/\",\"name\":\"Remosa\",\"description\":\"Tu empresa de material de construcci\u00f3n\",\"publisher\":{\"@id\":\"https:\/\/remosa.es\/#organization\"},\"potentialAction\":[{\"@type\":\"SearchAction\",\"target\":{\"@type\":\"EntryPoint\",\"urlTemplate\":\"https:\/\/remosa.es\/?s={search_term_string}\"},\"query-input\":\"required name=search_term_string\"}],\"inLanguage\":\"ca\"},{\"@type\":\"Organization\",\"@id\":\"https:\/\/remosa.es\/#organization\",\"name\":\"Remosa\",\"url\":\"https:\/\/remosa.es\/\",\"logo\":{\"@type\":\"ImageObject\",\"inLanguage\":\"ca\",\"@id\":\"https:\/\/remosa.es\/#\/schema\/logo\/image\/\",\"url\":\"https:\/\/remosa.es\/wp-content\/uploads\/2023\/12\/cropped-remosa-logo-trans-1.png\",\"contentUrl\":\"https:\/\/remosa.es\/wp-content\/uploads\/2023\/12\/cropped-remosa-logo-trans-1.png\",\"width\":209,\"height\":88,\"caption\":\"Remosa\"},\"image\":{\"@id\":\"https:\/\/remosa.es\/#\/schema\/logo\/image\/\"}}]}<\/script>\n<!-- \/ Yoast SEO Premium plugin. -->","yoast_head_json":{"title":"Junta dilataci\u00f3n fachada - Galvanizado - Remosa","description":"Junta de dilataci\u00f3n de acero galvanizado + PVC blanco dise\u00f1ada para absorver los movimientos de dilatacion en fachada exterior","robots":{"index":"index","follow":"follow","max-snippet":"max-snippet:-1","max-image-preview":"max-image-preview:large","max-video-preview":"max-video-preview:-1"},"canonical":"https:\/\/remosa.es\/ca\/product\/junta-dilatacion-fachada-galvanizado\/","og_locale":"ca_ES","og_type":"article","og_title":"Junta dilataci\u00f3n fachada - Galvanizado","og_description":"Junta de dilataci\u00f3n de acero galvanizado + PVC blanco dise\u00f1ada para absorver los movimientos de dilatacion en fachada exterior","og_url":"https:\/\/remosa.es\/ca\/product\/junta-dilatacion-fachada-galvanizado\/","og_site_name":"Remosa","article_modified_time":"2025-02-17T11:17:25+00:00","og_image":[{"width":850,"height":850,"url":"https:\/\/remosa.es\/wp-content\/uploads\/2024\/03\/pepk300.jpg","type":"image\/jpeg"}],"twitter_card":"summary_large_image","twitter_misc":{"Temps estimat de lectura":"1 minut"},"schema":{"@context":"https:\/\/schema.org","@graph":[{"@type":"WebPage","@id":"https:\/\/remosa.es\/producto\/junta-dilatacion-fachada-galvanizado\/","url":"https:\/\/remosa.es\/producto\/junta-dilatacion-fachada-galvanizado\/","name":"Junta dilataci\u00f3n fachada - Galvanizado - Remosa","isPartOf":{"@id":"https:\/\/remosa.es\/#website"},"primaryImageOfPage":{"@id":"https:\/\/remosa.es\/producto\/junta-dilatacion-fachada-galvanizado\/#primaryimage"},"image":{"@id":"https:\/\/remosa.es\/producto\/junta-dilatacion-fachada-galvanizado\/#primaryimage"},"thumbnailUrl":"https:\/\/remosa.es\/wp-content\/uploads\/2024\/03\/pepk300.jpg","datePublished":"2024-03-19T10:27:29+00:00","dateModified":"2025-02-17T11:17:25+00:00","description":"Junta de dilataci\u00f3n de acero galvanizado + PVC blanco dise\u00f1ada para absorver los movimientos de dilatacion en fachada exterior","breadcrumb":{"@id":"https:\/\/remosa.es\/producto\/junta-dilatacion-fachada-galvanizado\/#breadcrumb"},"inLanguage":"ca","potentialAction":[{"@type":"ReadAction","target":["https:\/\/remosa.es\/producto\/junta-dilatacion-fachada-galvanizado\/"]}]},{"@type":"ImageObject","inLanguage":"ca","@id":"https:\/\/remosa.es\/producto\/junta-dilatacion-fachada-galvanizado\/#primaryimage","url":"https:\/\/remosa.es\/wp-content\/uploads\/2024\/03\/pepk300.jpg","contentUrl":"https:\/\/remosa.es\/wp-content\/uploads\/2024\/03\/pepk300.jpg","width":850,"height":850,"caption":"Junta dilatacion fachada"},{"@type":"BreadcrumbList","@id":"https:\/\/remosa.es\/producto\/junta-dilatacion-fachada-galvanizado\/#breadcrumb","itemListElement":[{"@type":"ListItem","position":1,"name":"Portada","item":"https:\/\/remosa.es\/"},{"@type":"ListItem","position":2,"name":"Productos","item":"https:\/\/remosa.es\/productos\/"},{"@type":"ListItem","position":3,"name":"Junta dilataci\u00f3n fachada &#8211; Galvanizado"}]},{"@type":"WebSite","@id":"https:\/\/remosa.es\/#website","url":"https:\/\/remosa.es\/","name":"Remosa","description":"Tu empresa de material de construcci\u00f3n","publisher":{"@id":"https:\/\/remosa.es\/#organization"},"potentialAction":[{"@type":"SearchAction","target":{"@type":"EntryPoint","urlTemplate":"https:\/\/remosa.es\/?s={search_term_string}"},"query-input":"required name=search_term_string"}],"inLanguage":"ca"},{"@type":"Organization","@id":"https:\/\/remosa.es\/#organization","name":"Remosa","url":"https:\/\/remosa.es\/","logo":{"@type":"ImageObject","inLanguage":"ca","@id":"https:\/\/remosa.es\/#\/schema\/logo\/image\/","url":"https:\/\/remosa.es\/wp-content\/uploads\/2023\/12\/cropped-remosa-logo-trans-1.png","contentUrl":"https:\/\/remosa.es\/wp-content\/uploads\/2023\/12\/cropped-remosa-logo-trans-1.png","width":209,"height":88,"caption":"Remosa"},"image":{"@id":"https:\/\/remosa.es\/#\/schema\/logo\/image\/"}}]}},"_links":{"self":[{"href":"https:\/\/remosa.es\/ca\/wp-json\/wp\/v2\/product\/998","targetHints":{"allow":["GET"]}}],"collection":[{"href":"https:\/\/remosa.es\/ca\/wp-json\/wp\/v2\/product"}],"about":[{"href":"https:\/\/remosa.es\/ca\/wp-json\/wp\/v2\/types\/product"}],"replies":[{"embeddable":true,"href":"https:\/\/remosa.es\/ca\/wp-json\/wp\/v2\/comments?post=998"}],"version-history":[{"count":4,"href":"https:\/\/remosa.es\/ca\/wp-json\/wp\/v2\/product\/998\/revisions"}],"predecessor-version":[{"id":2071,"href":"https:\/\/remosa.es\/ca\/wp-json\/wp\/v2\/product\/998\/revisions\/2071"}],"wp:featuredmedia":[{"embeddable":true,"href":"https:\/\/remosa.es\/ca\/wp-json\/wp\/v2\/media\/1165"}],"wp:attachment":[{"href":"https:\/\/remosa.es\/ca\/wp-json\/wp\/v2\/media?parent=998"}],"wp:term":[{"taxonomy":"product_cat","embeddable":true,"href":"https:\/\/remosa.es\/ca\/wp-json\/wp\/v2\/product_cat?post=998"},{"taxonomy":"product_tag","embeddable":true,"href":"https:\/\/remosa.es\/ca\/wp-json\/wp\/v2\/product_tag?post=998"}],"curies":[{"name":"wp","href":"https:\/\/api.w.org\/{rel}","templated":true}]}}